{"id":8137,"date":"2025-10-14T08:16:51","date_gmt":"2025-10-14T06:16:51","guid":{"rendered":"https:\/\/demo3.bigdigital.gr\/index.php\/product\/uriage-deodorant-fraisheur-sp-dioieoeeth-oa-spray-125ml\/"},"modified":"2025-11-04T11:06:16","modified_gmt":"2025-11-04T09:06:16","slug":"uriage-deodorant-fraisheur-sp-dioieoeeth-oa-spray-125ml","status":"publish","type":"product","link":"https:\/\/demo3.bigdigital.gr\/index.php\/product\/uriage-deodorant-fraisheur-sp-dioieoeeth-oa-spray-125ml\/","title":{"rendered":"URIAGE Deodorant Fraisheur SP \u00b0\u00f0\u00ef\u00f3\u00ed\u00e8\u00f4\u00e9\u00eb\u00de \u00f3\u00e5 Spray 125ml"},"content":{"rendered":"","protected":false},"excerpt":{"rendered":"<p>URIAGE Deodorant Fraisheur SP \u00b0\u00f0\u00ef\u00f3\u00ed\u00e8\u00f4\u00e9\u00eb\u00de \u00f3\u00e5 Spray 125ml<\/p>\n<p>\u00c6\u00ef \u00f0\u00f2\u00f1\u00f4\u00ef \u00f9\u00f0\u00ef\u00e1\u00ec\u00ec\u00e5\u00f2\u00e7\u00e9\u00eb\u00de \u00e1\u00f0\u00ef\u00f3\u00ed\u00e8\u00f4\u00e9\u00eb\u00de \u00ee\u00e1&nbsp;\u00f4\u00f9\u00f0\u00ef\u00f0\u00ef\u00e9\u00e8\u00ed\u00db\u00ee\u00e8&nbsp;\u00f0\u00db\u00f4\u00f2\u00e1&nbsp;alum \u00f0\u00ef\u00f9 \u00f0\u00f2\u00ef\u00f3\u00e6\u00db\u00f2\u00e5\u00e9 \u00e4\u00e9\u00f0\u00ec\u00dc&nbsp;24\u00f6\u00f2\u00e8&nbsp;\u00e1\u00f0\u00ef\u00f4\u00e5\u00ec\u00e5\u00f3\u00ed\u00e1\u00f4\u00e9\u00eb\u00de\u00f4\u00e8\u00f4\u00e1 \u00eb\u00e1\u00f4\u00c0 \u00f4\u00f6\u00ee&nbsp;\u00ef\u00f3\u00ed\u00f1\u00ee&nbsp;\u00eb\u00e1\u00e9 \u00f4\u00e8\u00ee&nbsp;\u00e5\u00e6\u00dd\u00e4\u00f2\u00f6\u00f3\u00e8.<\/p>\n<p>\u00b0\u00f0\u00ef\u00f2\u00f2\u00ef\u00e6\u00c0&nbsp;\u00f4\u00ef\u00ee \u00e9\u00e4\u00f2\u00f1\u00f4\u00e1.<\/p>\n<p>\u00b8 \u00f0\u00db\u00f4\u00f2\u00e1 Alum \u00f0\u00e1\u00f2\u00db\u00f8\u00e5\u00e9 \u00e9\u00f3\u00f8\u00f9\u00f2\u00ef\u00e0\u00f7 \u00e1\u00ee\u00f4\u00e9\u00e2\u00e1\u00eb\u00f4\u00e8\u00f2\u00e9\u00e1\u00eb\u00ef\u00e0\u00f7, \u00e1\u00f0\u00ef\u00f3\u00ed\u00e8\u00f4\u00e9\u00eb\u00ef\u00e0\u00f7 \u00eb\u00e1\u00e9 \u00f3\u00f4\u00f9\u00f0\u00f4\u00e9\u00eb\u00ef\u00e0\u00f7 \u00f0\u00e1\u00f2\u00c0\u00e7\u00ef\u00ee\u00f4\u00e5\u00f7.<\/p>\n<p>\u00b0\u00f9\u00f4\u00de \u00f4\u00ef \u00e1\u00f0\u00ef\u00f3\u00ed\u00e8\u00f4\u00e9\u00eb\u00de \u00e1\u00f0\u00ef\u00f2\u00f2\u00ef\u00e6\u00c0 \u00e7\u00f2\u00dc\u00e7\u00ef\u00f2\u00e1 \u00f4\u00ef\u00ee \u00e9\u00e4\u00f2\u00f1\u00f4\u00e1, \u00e1\u00e6\u00dc\u00ee\u00ef\u00ee\u00f4\u00e1\u00f7 \u00db\u00ee\u00e1 \u00ed\u00e5\u00f4\u00e1\u00ea\u00db\u00ee\u00e9\u00ef \u00e6\u00e9\u00ee\u00dd\u00f2\u00e9\u00f3\u00ed\u00e1 \u00f0\u00c0\u00ee\u00f6 \u00e1\u00f0\u00de \u00f4\u00ef \u00e4\u00db\u00f2\u00ed\u00e1.<\/p>\n<p>\n\u00aa\u00f9\u00f3\u00eb\u00e5\u00f9\u00e1\u00f3\u00dd\u00e1:&nbsp;125ml<\/p>\n<p>&nbsp;<\/p>\n","protected":false},"featured_media":0,"comment_status":"closed","ping_status":"closed","template":"","meta":{"_monsterinsights_skip_tracking":false,"_monsterinsights_sitenote_active":false,"_monsterinsights_sitenote_note":"","_monsterinsights_sitenote_category":0},"product_brand":[],"product_cat":[1180],"product_tag":[],"class_list":{"0":"post-8137","1":"product","2":"type-product","3":"status-publish","5":"product_cat-katalogos","7":"first","8":"outofstock","9":"sale","10":"purchasable","11":"product-type-simple"},"aioseo_notices":[],"jetpack_sharing_enabled":true,"_links":{"self":[{"href":"https:\/\/demo3.bigdigital.gr\/index.php\/wp-json\/wp\/v2\/product\/8137","targetHints":{"allow":["GET"]}}],"collection":[{"href":"https:\/\/demo3.bigdigital.gr\/index.php\/wp-json\/wp\/v2\/product"}],"about":[{"href":"https:\/\/demo3.bigdigital.gr\/index.php\/wp-json\/wp\/v2\/types\/product"}],"replies":[{"embeddable":true,"href":"https:\/\/demo3.bigdigital.gr\/index.php\/wp-json\/wp\/v2\/comments?post=8137"}],"wp:attachment":[{"href":"https:\/\/demo3.bigdigital.gr\/index.php\/wp-json\/wp\/v2\/media?parent=8137"}],"wp:term":[{"taxonomy":"product_brand","embeddable":true,"href":"https:\/\/demo3.bigdigital.gr\/index.php\/wp-json\/wp\/v2\/product_brand?post=8137"},{"taxonomy":"product_cat","embeddable":true,"href":"https:\/\/demo3.bigdigital.gr\/index.php\/wp-json\/wp\/v2\/product_cat?post=8137"},{"taxonomy":"product_tag","embeddable":true,"href":"https:\/\/demo3.bigdigital.gr\/index.php\/wp-json\/wp\/v2\/product_tag?post=8137"}],"curies":[{"name":"wp","href":"https:\/\/api.w.org\/{rel}","templated":true}]}}