{"id":8162,"date":"2025-10-14T08:16:54","date_gmt":"2025-10-14T06:16:54","guid":{"rendered":"https:\/\/demo3.bigdigital.gr\/index.php\/product\/varousderm-aloe-gel-organic-97-5-100ml-2\/"},"modified":"2025-11-04T10:47:10","modified_gmt":"2025-11-04T08:47:10","slug":"varousderm-aloe-gel-organic-97-5-100ml-2","status":"publish","type":"product","link":"https:\/\/demo3.bigdigital.gr\/index.php\/product\/varousderm-aloe-gel-organic-97-5-100ml-2\/","title":{"rendered":"VarousDerm Aloe gel organic 97.5% 100ml"},"content":{"rendered":"","protected":false},"excerpt":{"rendered":"<p>VarousDerm Aloe gel organic 97.5% 100ml<\/p>\n<p>\u00b0\u00ee\u00f4\u00e9\u00ed\u00e5\u00f4\u00f6\u00f0\u00dd\u00fa\u00e5\u00e9 \u00f4\u00e1 \u00db\u00e7\u00eb\u00e1\u00f9\u00ed\u00e1 \u00f0\u00f2\u00f1\u00f4\u00ef\u00f9 &amp; \u00e4\u00e5\u00f9\u00f4\u00db\u00f2\u00ef\u00f9 \u00e2\u00e1\u00f5\u00ed\u00ef\u00e0 \u00eb\u00e1\u00f5\u00f1\u00f7 \u00eb\u00e1\u00e9 \u00f4\u00e1 \u00e8\u00ec\u00e9\u00e1\u00eb\u00c0 \u00e5\u00e7\u00eb\u00e1\u00e0\u00ed\u00e1\u00f4\u00e1<\/p>\n<p>\u00bb\u00e9\u00eb\u00f2\u00c0 \u00eb\u00ef\u00e3\u00dd\u00ed\u00e1\u00f4\u00e1 \u00eb\u00e1\u00e9 \u00e5\u00eb\u00e4\u00ef\u00f2\u00db\u00f7<\/p>\n<p>\u00b6\u00eb\u00fa\u00db\u00ed\u00e1\u00f4\u00e1<\/p>\n<p>\u00b0\u00ee\u00f4\u00e9\u00ed\u00e5\u00f4\u00f6\u00f0\u00dd\u00fa\u00e5\u00e9 \u00f4\u00e8\u00ee \u00e1\u00eb\u00ed\u00dc<\/p>\n<p>\u00a4\u00e5\u00e9\u00f4\u00ef\u00f9\u00f2\u00e7\u00e5\u00dd \u00eb\u00e1\u00e9 \u00f6\u00f7 \u00e5\u00ee\u00f9\u00e4\u00e1\u00f4\u00e9\u00eb\u00dc \u00eb\u00f2\u00db\u00ed\u00e1<\/p>\n<p>\u00bb\u00e5\u00e9\u00f1\u00ee\u00e5\u00e9 \u00f4\u00e9\u00f7 \u00f2\u00e1\u00e7\u00c0\u00e4\u00e5\u00f7<\/p>\n<p>I\u00e4\u00e1\u00ee\u00e9\u00eb\u00de \u00e7\u00e9\u00e1 \u00e2\u00c0\u00f3\u00e8 \u00ed\u00e1\u00eb\u00e9\u00e7\u00e9\u00c0\u00fa<\/p>\n<p>\u00c6\u00e9\u00f7 \u00f0\u00e5\u00f2\u00e9\u00f3\u00f3\u00de\u00f4\u00e5\u00f2\u00e5\u00f7 \u00e6\u00ef\u00f2\u00db\u00f7 \u00e8 \u00e7\u00db\u00ec\u00e8 \u00e1\u00ec\u00de\u00e8\u00f7 \u00f8\u00f2\u00e8\u00f3\u00e9\u00ed\u00ef\u00f0\u00ef\u00e9\u00e5\u00dd\u00f4\u00e1\u00e9 \u00f6\u00f7\u00a0\u00eb\u00e1\u00f4\u00e1\u00f0\u00f2\u00e1\u00fc\u00ee\u00f4\u00e9\u00eb\u00de \u00f3\u00e5 \u00e4\u00e9\u00c0\u00e6\u00ef\u00f2\u00ef\u00f9\u00f7 \u00e5\u00f2\u00e5\u00f5\u00e9\u00f3\u00ed\u00ef\u00e0\u00f7 \u00f4\u00ef\u00f9 \u00e4\u00db\u00f2\u00ed\u00e1\u00f4\u00ef\u00f7\u00a0\u00de\u00f0\u00f6\u00f7 \u00e5\u00e7\u00eb\u00e1\u00e0\u00ed\u00e1\u00f4\u00e1, \u00eb\u00c0\u00ec\u00ef\u00f9\u00f7, \u00ef\u00f9\u00ec\u00db\u00f7, \u00db\u00f2\u00f0\u00e8. \u00b8 \u00e1\u00ec\u00de\u00e8 \u00e1\u00f0\u00ef\u00f2\u00f2\u00ef\u00e6\u00c0\u00f4\u00e1\u00e9 \u00e7\u00f2\u00e8\u00e7\u00ef\u00f2\u00de\u00f4\u00e5\u00f2\u00e1 \u00e1\u00f0\u00de \u00f4\u00ef \u00ee\u00e5\u00f2\u00de \u00eb\u00e1\u00e9 \u00db\u00f4\u00f3\u00e9 \u00f4\u00ef \u00e4\u00db\u00f2\u00ed\u00e1 \u00e5\u00f0\u00ef\u00f9\u00ec\u00f1\u00ee\u00e5\u00f4\u00e1\u00e9 \u00e7\u00f2\u00dc\u00e7\u00ef\u00f2\u00e1. \u00b6\u00f0\u00e9\u00f0\u00ec\u00db\u00ef\u00ee, \u00e8 \u00e1\u00ec\u00de\u00e8\u00a0\u00eb\u00f2\u00e1\u00f4\u00c0 \u00f4\u00ef \u00e4\u00db\u00f2\u00ed\u00e1 \u00e1\u00f0\u00e1\u00ec\u00de\u00a0\u00eb\u00e1\u00e9 \u00f8\u00f2\u00e8\u00f3\u00e9\u00ed\u00ef\u00f0\u00ef\u00e9\u00e5\u00dd\u00f4\u00e1\u00e9 \u00e7\u00e9\u00e1 \u00f4\u00e8\u00ee \u00f0\u00e5\u00f2\u00e9\u00f0\u00ef\u00dd\u00e8\u00f3\u00e8 \u00f4\u00ef\u00f9 \u00f3\u00f1\u00ed\u00e1\u00f4\u00ef\u00f7 \u00eb\u00e1\u00e9 \u00f4\u00f6\u00ee \u00ed\u00e1\u00ec\u00ec\u00e9\u00f1\u00ee, \u00eb\u00e1\u00f5\u00f1\u00f7 \u00e5\u00ee\u00f9\u00e4\u00e1\u00f4\u00f1\u00ee\u00e5\u00e9, \u00e1\u00f9\u00ea\u00c0\u00ee\u00e5\u00e9 \u00f4\u00e8\u00ee \u00f0\u00e1\u00f2\u00e1\u00e7\u00f6\u00e7\u00dc \u00eb\u00ef\u00ec\u00ec\u00e1\u00e7\u00de\u00ee\u00ef\u00f9 \u00eb\u00e1\u00e9 \u00e5\u00ee\u00e9\u00f3\u00f8\u00e0\u00e5\u00e9 \u00f4\u00e8 \u00e6\u00f9\u00f3\u00e9\u00eb\u00dc \u00f4\u00ef\u00f9\u00f7 \u00c0\u00ed\u00f9\u00ee\u00e1.<\/p>\n<p>\u00a3\u00e5\u00f6\u00f2\u00e5\u00dd\u00f4\u00e1\u00e9\u00a0\u00e1\u00f0\u00ef\u00f4\u00e5\u00ec\u00e5\u00f3\u00ed\u00e1\u00f4\u00e9\u00eb\u00dc \u00f5\u00e5\u00f2\u00e1\u00f0\u00e5\u00dd\u00e1 \u00e7\u00e9\u00e1 \u00f4\u00e8\u00ee \u00e1\u00ee\u00f4\u00e9\u00ed\u00e5\u00f4\u00f1\u00f0\u00e9\u00f3\u00e8 \u00f4\u00e8\u00f7 \u00e1\u00eb\u00ed\u00dc\u00f7.\u00a0\u00b6\u00f0\u00e9\u00e2\u00f2\u00e1\u00e4\u00e0\u00ee\u00e5\u00e9 \u00f4\u00e8 \u00e7\u00dc\u00f2\u00e1\u00ee\u00f3\u00e8\u00a0\u00f4\u00ef\u00f9 \u00e4\u00db\u00f2\u00ed\u00e1\u00f4\u00ef\u00f7 \u00eb\u00e1\u00e9 \u00eb\u00e1\u00f4\u00e1\u00f0\u00ef\u00ec\u00e5\u00ed\u00c0 \u00f4\u00e8 \u00e6\u00e1\u00e7\u00ef\u00e0\u00f2\u00e1 \u00eb\u00e1\u00e9 \u00f4\u00e9\u00f7 \u00e4\u00e5\u00f2\u00ed\u00e1\u00f4\u00e9\u00eb\u00db\u00f7 \u00e1\u00ec\u00ec\u00e5\u00f2\u00e7\u00dd\u00e5\u00f7. \u00ba\u00e1\u00f4\u00e1\u00f0\u00ef\u00ec\u00e5\u00ed\u00c0 \u00f4\u00e1 \u00f4\u00f3\u00e9\u00ed\u00f0\u00dc\u00ed\u00e1\u00f4\u00e1 \u00f4\u00f6\u00ee \u00e5\u00ee\u00f4\u00de\u00ed\u00f6\u00ee, \u00f4\u00e1 \u00e5\u00eb\u00fa\u00db\u00ed\u00e1\u00f4\u00e1 \u00eb\u00e1\u00e9 \u00f4\u00e9\u00f7 \u00ed\u00f9\u00eb\u00e8\u00f4\u00e9\u00c0\u00f3\u00e5\u00e9\u00f7, \u00e5\u00ee\u00f1 \u00ed\u00f0\u00ef\u00f2\u00e5\u00dd \u00ee\u00e1 \u00f0\u00e5\u00f2\u00e9\u00ef\u00f2\u00dd\u00f3\u00e5\u00e9 \u00e1\u00eb\u00de\u00ed\u00e1 \u00eb\u00e1\u00e9 \u00f4\u00e8\u00ee \u00e3\u00f6\u00f2\u00dd\u00e1\u00f3\u00e8. \u00bb\u00e5\u00e9\u00f1\u00ee\u00e5\u00e9 \u00f3\u00e8\u00ed\u00e1\u00ee\u00f4\u00e9\u00eb\u00c0 \u00f4\u00e9\u00f7 \u00f2\u00e1\u00e7\u00c0\u00e4\u00e5\u00f7 \u00eb\u00e1\u00e9 \u00f4\u00e9\u00f7 \u00eb\u00e8\u00ec\u00dd\u00e4\u00e5\u00f7 \u00f4\u00ef\u00f9 \u00e4\u00db\u00f2\u00ed\u00e1\u00f4\u00ef\u00f7.<\/p>\n","protected":false},"featured_media":0,"comment_status":"closed","ping_status":"open","template":"","meta":{"_monsterinsights_skip_tracking":false,"_monsterinsights_sitenote_active":false,"_monsterinsights_sitenote_note":"","_monsterinsights_sitenote_category":0},"product_brand":[],"product_cat":[1180,97,58,248],"product_tag":[],"class_list":{"0":"post-8162","1":"product","2":"type-product","3":"status-publish","5":"product_cat-katalogos","6":"product_cat-97","7":"product_cat-58","8":"product_cat-248","10":"first","11":"outofstock","12":"purchasable","13":"product-type-simple"},"aioseo_notices":[],"jetpack_sharing_enabled":true,"_links":{"self":[{"href":"https:\/\/demo3.bigdigital.gr\/index.php\/wp-json\/wp\/v2\/product\/8162","targetHints":{"allow":["GET"]}}],"collection":[{"href":"https:\/\/demo3.bigdigital.gr\/index.php\/wp-json\/wp\/v2\/product"}],"about":[{"href":"https:\/\/demo3.bigdigital.gr\/index.php\/wp-json\/wp\/v2\/types\/product"}],"replies":[{"embeddable":true,"href":"https:\/\/demo3.bigdigital.gr\/index.php\/wp-json\/wp\/v2\/comments?post=8162"}],"wp:attachment":[{"href":"https:\/\/demo3.bigdigital.gr\/index.php\/wp-json\/wp\/v2\/media?parent=8162"}],"wp:term":[{"taxonomy":"product_brand","embeddable":true,"href":"https:\/\/demo3.bigdigital.gr\/index.php\/wp-json\/wp\/v2\/product_brand?post=8162"},{"taxonomy":"product_cat","embeddable":true,"href":"https:\/\/demo3.bigdigital.gr\/index.php\/wp-json\/wp\/v2\/product_cat?post=8162"},{"taxonomy":"product_tag","embeddable":true,"href":"https:\/\/demo3.bigdigital.gr\/index.php\/wp-json\/wp\/v2\/product_tag?post=8162"}],"curies":[{"name":"wp","href":"https:\/\/api.w.org\/{rel}","templated":true}]}}