{"id":8169,"date":"2025-10-14T08:16:57","date_gmt":"2025-10-14T06:16:57","guid":{"rendered":"https:\/\/demo3.bigdigital.gr\/index.php\/product\/intermed-eva-intima-mycosis-ovules-disorders-vaginal-ovules-10oio\/"},"modified":"2025-11-04T10:21:13","modified_gmt":"2025-11-04T08:21:13","slug":"intermed-eva-intima-mycosis-ovules-disorders-vaginal-ovules-10oio","status":"publish","type":"product","link":"https:\/\/demo3.bigdigital.gr\/index.php\/product\/intermed-eva-intima-mycosis-ovules-disorders-vaginal-ovules-10oio\/","title":{"rendered":"Intermed Eva Intima Mycosis Ovules Disorders Vaginal Ovules 10\u00f4\u00ed\u00f8"},"content":{"rendered":"","protected":false},"excerpt":{"rendered":"<p>\u03a4\u03bf EVA mycosis \u03b5\u03af\u03bd\u03b1\u03b9 \u03ad\u03bd\u03b1 \u03b9\u03b1\u03c4\u03c1\u03bf\u03c4\u03b5\u03c7\u03bd\u03bf\u03bb\u03bf\u03b3\u03b9\u03ba\u03cc \u03c0\u03c1\u03bf\u03ca\u03cc\u03bd \u03b5\u03b9\u03b4\u03b9\u03ba\u03ac \u03c3\u03c7\u03b5\u03b4\u03b9\u03b1\u03c3\u03bc\u03ad\u03bd\u03bf \u03b3\u03b9\u03b1 \u03c4\u03bf\u03bd \u03ad\u03bb\u03b5\u03b3\u03c7\u03bf \u03c4\u03c9\u03bd \u03bc\u03c5\u03ba\u03b7\u03c4\u03b9\u03b1\u03c3\u03b9\u03ba\u03ce\u03bd \u03bb\u03bf\u03b9\u03bc\u03ce\u03be\u03b5\u03c9\u03bd \u03bf\u03c0\u03bf\u03b9\u03b1\u03c3\u03b4\u03ae\u03c0\u03bf\u03c4\u03b5 \u03b1\u03b9\u03c4\u03b9\u03bf\u03bb\u03bf\u03b3\u03af\u03b1\u03c2. \u03a7\u03ac\u03c1\u03b7 \u03c3\u03c4\u03bf\u03bd \u03c3\u03c5\u03bd\u03b4\u03c5\u03b1\u03c3\u03bc\u03cc \u03c4\u03bf\u03c5 \u03b2\u03bf\u03c1\u03b9\u03ba\u03bf\u03cd \u03bf\u03be\u03ad\u03bf\u03c2, \u03c4\u03bf\u03c5 tea tree oil \u03ba\u03b1\u03b9 \u03c4\u03bf\u03c5 \u03b3\u03b1\u03bb\u03b1\u03ba\u03c4\u03b9\u03ba\u03bf\u03cd \u03bf\u03be\u03ad\u03bf\u03c2, \u03c4\u03bf EVA mycosis \u03b1\u03bd\u03b1\u03c3\u03c4\u03ad\u03bb\u03bb\u03b5\u03b9 \u03c4\u03b7\u03bd \u03b1\u03bd\u03ac\u03c0\u03c4\u03c5\u03be\u03b7 \u03c4\u03c9\u03bd \u03bc\u03c5\u03ba\u03ae\u03c4\u03c9\u03bd \u03bc\u03ad\u03c3\u03b1 \u03c3\u03b5 48 \u03ce\u03c1\u03b5\u03c2 \u03ba\u03b1\u03b9 \u03c3\u03b5 \u03c0\u03bf\u03c3\u03bf\u03c3\u03c4\u03cc \u03c0\u03ac\u03bd\u03c9 \u03b1\u03c0\u03cc 90% \u03b5\u03bd\u03ce \u03c0\u03b1\u03c1\u03ac\u03bb\u03bb\u03b7\u03bb\u03b1 \u03b5\u03be\u03b9\u03c3\u03bf\u03c1\u03c1\u03bf\u03c0\u03b5\u03af \u03c4\u03bf \u03ba\u03bf\u03bb\u03c0\u03b9\u03ba\u03cc \u03c0\u03b5\u03c1\u03b9\u03b2\u03ac\u03bb\u03bb\u03bf\u03bd. \u0397 \u03b5\u03bc\u03c0\u03bb\u03bf\u03c5\u03c4\u03b9\u03c3\u03bc\u03ad\u03bd\u03b7 \u03c3\u03cd\u03bd\u03b8\u03b5\u03c3\u03ae \u03c4\u03bf\u03c5 \u03c3\u03b5 \u03b5\u03ba\u03c7\u03cd\u03bb\u03b9\u03c3\u03bc\u03b1 \u03c7\u03b1\u03bc\u03bf\u03bc\u03b7\u03bb\u03b9\u03bf\u03cd \u03ba\u03b1\u03b9 \u03c0\u03b1\u03bd\u03b8\u03b5\u03bd\u03cc\u03bb\u03b7 \u03b1\u03bd\u03b1\u03ba\u03bf\u03c5\u03c6\u03af\u03b6\u03b5\u03b9 \u03b1\u03c0\u03cc \u03c4\u03bf \u03b1\u03af\u03c3\u03b8\u03b7\u03bc\u03b1 \u03ba\u03b1\u03cd\u03c3\u03bf\u03c5 \u03ba\u03b1\u03b9 \u03b5\u03c1\u03b5\u03b8\u03b9\u03c3\u03bc\u03bf\u03cd \u03ba\u03b1\u03b9 \u03c0\u03b5\u03c1\u03b9\u03c0\u03bf\u03b9\u03b5\u03af\u03c4\u03b1\u03b9 \u03c4\u03bf\u03bd \u03c4\u03b1\u03bb\u03b1\u03b9\u03c0\u03c9\u03c1\u03b7\u03bc\u03ad\u03bd\u03bf \u03ba\u03bf\u03bb\u03c0\u03b9\u03ba\u03cc \u03b2\u03bb\u03b5\u03bd\u03bd\u03bf\u03b3\u03cc\u03bd\u03bf.<\/p>\n<p>\u0395\u039d\u0394\u0395\u0399\u039e\u0395\u0399\u03a3<\/p>\n<p>\u0395\u03bd\u03b4\u03b5\u03af\u03ba\u03bd\u03c5\u03c4\u03b1\u03b9 \u03b3\u03b9\u03b1 \u03ba\u03bf\u03bb\u03c0\u03b9\u03ba\u03ad\u03c2 \u03bb\u03bf\u03b9\u03bc\u03ce\u03be\u03b5\u03b9\u03c2 \u03b1\u03c0\u03cc \u03bc\u03cd\u03ba\u03b7\u03c4\u03b5\u03c2 Candida albicans \u03ba\u03b1\u03b8\u03ce\u03c2 \u03ba\u03b1\u03b9 \u03b1\u03c0\u03cc Candida non- albicans \u03c3\u03c4\u03b5\u03bb\u03ad\u03c7\u03b7 \u03c3\u03b5:<\/p>\n<p>\u039b\u03bf\u03b9\u03bc\u03ce\u03be\u03b5\u03b9\u03c2 \u03b1\u03c0\u03cc Candida albicans \u03c0\u03bf\u03c5 \u03b4\u03b5\u03bd \u03b1\u03bd\u03c4\u03b1\u03c0\u03bf\u03ba\u03c1\u03af\u03bd\u03bf\u03bd\u03c4\u03b1\u03b9 \u03ae \u03bc\u03c0\u03bf\u03c1\u03b5\u03af \u03bd\u03b1 \u03bc\u03b7\u03bd \u03b1\u03bd\u03c4\u03b1\u03c0\u03bf\u03ba\u03c1\u03b9\u03b8\u03bf\u03cd\u03bd (\u03c0.\u03c7. \u03b3\u03c5\u03bd\u03b1\u03af\u03ba\u03b5\u03c2 \u03bc\u03b5 \u03c3\u03b1\u03ba\u03c7\u03b1\u03c1\u03ce\u03b4\u03b7 \u03b4\u03b9\u03b1\u03b2\u03ae\u03c4\u03b7, \u03b1\u03bd\u03bf\u03c3\u03bf\u03ba\u03b1\u03c4\u03b5\u03c3\u03c4\u03b1\u03bb\u03bc\u03ad\u03bd\u03b5\u03c2) \u03c3\u03c4\u03b7 \u03c3\u03c5\u03bd\u03ae\u03b8\u03b7 \u03b1\u03b3\u03c9\u03b3\u03ae \u03bc\u03b5 \u03b1\u03b6\u03cc\u03bb\u03b5\u03c2.<\/p>\n<p>\u0391\u03c3\u03b8\u03b5\u03bd\u03b5\u03af\u03c2 \u03c0\u03bf\u03c5 \u03b5\u03bc\u03c6\u03b1\u03bd\u03af\u03b6\u03bf\u03c5\u03bd \u03b5\u03c0\u03b1\u03bd\u03b1\u03bb\u03b1\u03bc\u03b2\u03b1\u03bd\u03cc\u03bc\u03b5\u03bd\u03b5\u03c2 \u03c5\u03c0\u03bf\u03c4\u03c1\u03bf\u03c0\u03ad\u03c2 (\u03b5\u03bc\u03bc\u03ad\u03bd\u03bf\u03c5\u03c3\u03b5\u03c2 \u03ba\u03bf\u03bb\u03c0\u03af\u03c4\u03b9\u03b4\u03b5\u03c2)<\/p>\n<p>\u039b\u03bf\u03b9\u03bc\u03ce\u03be\u03b5\u03b9\u03c2 \u03b1\u03c0\u03cc Candida non-albicans sp<\/p>\n<p>\u03a4\u03bf Eva Mycosis \u03b1\u03c0\u03bf\u03c4\u03b5\u03bb\u03b5\u03af \u03b8\u03b5\u03c1\u03b1\u03c0\u03b5\u03c5\u03c4\u03b9\u03ba\u03ae \u03b5\u03c0\u03b9\u03bb\u03bf\u03b3\u03ae:<\/p>\n<p>1.\u00a0\u03a9\u03c2 \u03c3\u03c5\u03bc\u03c0\u03bb\u03b7\u03c1\u03c9\u03bc\u03b1\u03c4\u03b9\u03ba\u03ae \u03b1\u03b3\u03c9\u03b3\u03ae\u00a0\u03c3\u03b5 \u03c0\u03b5\u03c1\u03b9\u03c0\u03c4\u03ce\u03c3\u03b5\u03b9\u03c2 \u03c0\u03bf\u03c5 \u03b4\u03b5\u03bd \u03b8\u03b1 \u03c0\u03c1\u03b1\u03b3\u03bc\u03b1\u03c4\u03bf\u03c0\u03bf\u03b9\u03b7\u03b8\u03b5\u03af \u03bc\u03c5\u03ba\u03b7\u03c4\u03cc\u03b3\u03c1\u03b1\u03bc\u03bc\u03b1 \u03c0\u03c1\u03bf\u03ba\u03b5\u03b9\u03bc\u03ad\u03bd\u03bf\u03c5 \u03bd\u03b1 \u03b5\u03be\u03b1\u03c3\u03c6\u03b1\u03bb\u03af\u03c3\u03bf\u03c5\u03bc\u03b5 \u03c4\u03bf \u03bc\u03ad\u03b3\u03b9\u03c3\u03c4\u03bf \u03b8\u03b5\u03c1\u03b1\u03c0\u03b5\u03c5\u03c4\u03b9\u03ba\u03cc \u03b1\u03c0\u03bf\u03c4\u03ad\u03bb\u03b5\u03c3\u03bc\u03b1<br \/>\n2.\u00a0\u03a9\u03c2 \u03bc\u03bf\u03bd\u03bf\u03b8\u03b5\u03c1\u03b1\u03c0\u03b5\u03af\u03b1 \u03c3\u03b5 \u03c0\u03b5\u03c1\u03b9\u03c0\u03c4\u03ce\u03c3\u03b5\u03b9\u03c2 \u03b5\u03c0\u03b1\u03bd\u03b1\u03bb\u03b1\u03bc\u03b2\u03b1\u03bd\u03cc\u03bc\u03b5\u03bd\u03c9\u03bd \u03c5\u03c0\u03bf\u03c4\u03c1\u03bf\u03c0\u03ce\u03bd\u00a0\u03b1\u03bd\u03b5\u03be\u03ac\u03c1\u03c4\u03b7\u03c4\u03b1 \u03b1\u03c0\u03cc \u03c4\u03bf\u03bd \u03b1\u03b9\u03c4\u03b9\u03bf\u03bb\u03bf\u03b3\u03b9\u03ba\u03cc \u03c0\u03b1\u03c1\u03ac\u03b3\u03bf\u03bd\u03c4\u03b1 (\u03c3\u03c4\u03b5\u03bb\u03ad\u03c7\u03b7 Candida albicans &amp; Candida non-albicans)<br \/>\n3.\u00a0\u03a9\u03c2 \u03bc\u03bf\u03bd\u03bf\u03b8\u03b5\u03c1\u03b1\u03c0\u03b5\u03af\u03b1\u00a0\u03c3\u03b5 \u03c0\u03b5\u03c1\u03b9\u03c0\u03c4\u03ce\u03c3\u03b5\u03b9\u03c2 \u03c0\u03bf\u03c5 \u03bc\u03b5\u03c4\u03ac \u03b1\u03c0\u03cc \u03bc\u03c5\u03ba\u03b7\u03c4\u03cc\u03b3\u03c1\u03b1\u03bc\u03bc\u03b1 \u03b4\u03b9\u03b1\u03c0\u03b9\u03c3\u03c4\u03ce\u03b8\u03b7\u03ba\u03b5 \u03cc\u03c4\u03b9 \u03bf \u03b1\u03b9\u03c4\u03b9\u03bf\u03bb\u03bf\u03b3\u03b9\u03ba\u03cc\u03c2 \u03c0\u03b1\u03c1\u03ac\u03b3\u03bf\u03bd\u03c4\u03b1\u03c2 \u03b5\u03af\u03bd\u03b1\u03b9 \u03c3\u03c4\u03b5\u03bb\u03ad\u03c7\u03b7 Candida non-albicans \u03cc\u03c0\u03c9\u03c2 Candida glabrata \u03ba.\u03b1.<\/p>\n<p>\u039c\u03b5 \u03b2\u03bf\u03c1\u03b9\u03ba\u03cc \u03bf\u03be\u03cd, tea<\/p>\n","protected":false},"featured_media":0,"comment_status":"closed","ping_status":"open","template":"","meta":{"_monsterinsights_skip_tracking":false,"_monsterinsights_sitenote_active":false,"_monsterinsights_sitenote_note":"","_monsterinsights_sitenote_category":0},"product_brand":[],"product_cat":[1180,54,159,71],"product_tag":[],"class_list":{"0":"post-8169","1":"product","2":"type-product","3":"status-publish","5":"product_cat-katalogos","6":"product_cat-54","7":"product_cat-159","8":"product_cat-71","10":"first","11":"instock","12":"sale","13":"purchasable","14":"product-type-simple"},"aioseo_notices":[],"jetpack_sharing_enabled":true,"_links":{"self":[{"href":"https:\/\/demo3.bigdigital.gr\/index.php\/wp-json\/wp\/v2\/product\/8169","targetHints":{"allow":["GET"]}}],"collection":[{"href":"https:\/\/demo3.bigdigital.gr\/index.php\/wp-json\/wp\/v2\/product"}],"about":[{"href":"https:\/\/demo3.bigdigital.gr\/index.php\/wp-json\/wp\/v2\/types\/product"}],"replies":[{"embeddable":true,"href":"https:\/\/demo3.bigdigital.gr\/index.php\/wp-json\/wp\/v2\/comments?post=8169"}],"wp:attachment":[{"href":"https:\/\/demo3.bigdigital.gr\/index.php\/wp-json\/wp\/v2\/media?parent=8169"}],"wp:term":[{"taxonomy":"product_brand","embeddable":true,"href":"https:\/\/demo3.bigdigital.gr\/index.php\/wp-json\/wp\/v2\/product_brand?post=8169"},{"taxonomy":"product_cat","embeddable":true,"href":"https:\/\/demo3.bigdigital.gr\/index.php\/wp-json\/wp\/v2\/product_cat?post=8169"},{"taxonomy":"product_tag","embeddable":true,"href":"https:\/\/demo3.bigdigital.gr\/index.php\/wp-json\/wp\/v2\/product_tag?post=8169"}],"curies":[{"name":"wp","href":"https:\/\/api.w.org\/{rel}","templated":true}]}}