{"id":8274,"date":"2025-10-14T08:17:10","date_gmt":"2025-10-14T06:17:10","guid":{"rendered":"https:\/\/demo3.bigdigital.gr\/index.php\/product\/dettol-l-s-sensitive-ref-750-ml-2\/"},"modified":"2025-10-14T08:17:11","modified_gmt":"2025-10-14T06:17:11","slug":"dettol-l-s-sensitive-ref-750-ml-2","status":"publish","type":"product","link":"https:\/\/demo3.bigdigital.gr\/index.php\/product\/dettol-l-s-sensitive-ref-750-ml-2\/","title":{"rendered":"DETTOL L\/S SENSITIVE REF .750 ML"},"content":{"rendered":"","protected":false},"excerpt":{"rendered":"<p>DETTOL L\/S SENSITIVE REF .750 ML<\/p>\n<p>\u00c6\u00ef \u00cb\u00e7\u00f2\u00de \u00ba\u00f2\u00e5\u00ed\u00ef\u00f3\u00c0\u00f0\u00ef\u00f9\u00ee\u00ef Dettol \u00f0\u00e1\u00f2\u00db\u00f8\u00e5\u00e9 \u00f3\u00f4\u00ef \u00e4\u00db\u00f2\u00ed\u00e1 \u00f3\u00e1\u00f7 \u00ed\u00e9\u00e1 \u00e1\u00f0\u00e1\u00ec\u00dc \u00e1\u00dd\u00f3\u00f5\u00e8\u00f3\u00e8 \u00eb\u00e1\u00f5\u00e1\u00f2\u00e9\u00de\u00f4\u00e8\u00f4\u00e1\u00f7 .&nbsp;\u00b8 \u00ed\u00ef\u00ee\u00e1\u00e4\u00e9\u00eb\u00dc \u00f3\u00e0\u00ee\u00f5\u00e5\u00f3\u00dc \u00f4\u00ef\u00f9 \u00e7\u00e9\u00e1 \u00e5\u00f9\u00e1\u00dd\u00f3\u00f5\u00e8\u00f4\u00e5\u00f7 \u00e5\u00f0\u00e9\u00e4\u00e5\u00f2\u00ed\u00e9\u00e4\u00e5\u00f7 \u00e1\u00e6\u00dc\u00ee\u00e5\u00e9 \u00f3\u00f4\u00e1 \u00f8\u00db\u00f2\u00e9\u00e1 \u00f3\u00e1\u00f7 \u00ed\u00e9\u00e1 \u00e1\u00dd\u00f3\u00f5\u00e8\u00f3\u00e8 \u00e1\u00f0\u00e1\u00ec\u00de\u00f4\u00e8\u00f4\u00e1\u00f7 \u00eb\u00e1\u00e9 \u00e5\u00ee\u00f9\u00e4\u00c0\u00f4\u00f6\u00f3\u00e8\u00f7. \u00b6\u00dd\u00ee\u00e1\u00e9 \u00f3\u00e8\u00ed\u00e1\u00ee\u00f4\u00e9\u00eb\u00de \u00f4\u00ef \u00f3\u00f8\u00ef\u00ec\u00e1\u00f3\u00f4\u00e9\u00eb\u00de \u00f0\u00ec\u00e0\u00f3\u00e9\u00ed\u00ef \u00f4\u00f6\u00ee \u00f8\u00e5\u00f2\u00e9\u00f1\u00ee \u00eb\u00e1\u00f5\u00e8\u00ed\u00e5\u00f2\u00e9\u00ee\u00c0. \u00cc\u00f2\u00e8\u00f3\u00e9\u00ed\u00ef\u00f0\u00ef\u00e9\u00dc\u00f3\u00f4\u00e5 \u00f4\u00ef Dettol \u00e5\u00ee\u00f9\u00e4\u00e1\u00f4\u00e9\u00eb\u00de \u00eb\u00f2\u00e5\u00ed\u00ef\u00f3\u00c0\u00f0\u00ef\u00f9\u00ee\u00ef \u00eb\u00e1\u00e9 \u00e1\u00e6\u00dc\u00f3\u00f4\u00e5 \u00f4\u00e1 \u00f8\u00db\u00f2\u00e9\u00e1 \u00f3\u00e1\u00f7 \u00ee\u00e1 \u00ee\u00e9\u00f1\u00f3\u00ef\u00f9\u00ee \u00e5\u00ee\u00f9\u00e4\u00e1\u00f4\u00f6\u00ed\u00db\u00ee\u00e1 \u00eb\u00e1\u00e9 \u00eb\u00e1\u00f5\u00e1\u00f2\u00c0.<\/p>\n<p>\u00b0\u00f0\u00ef\u00f4\u00e5\u00ec\u00e5\u00f3\u00ed\u00e1\u00f4\u00e9\u00eb\u00de\u00f7 \u00eb\u00e1\u00f5\u00e1\u00f2\u00e9\u00f3\u00ed\u00de\u00f7 \u00f4\u00f6\u00ee \u00f8\u00e5\u00f2\u00e9\u00f1\u00ee \u00f3\u00e1\u00f7<\/p>\n<p>\u00b6\u00e9\u00e4\u00e9\u00eb\u00dc \u00e6\u00de\u00f2\u00ed\u00ef\u00f9\u00ec\u00e1 \u00e7\u00e9\u00e1 \u00f9\u00e7\u00e9\u00e5\u00e9\u00ee\u00c0 \u00eb\u00e1\u00f5\u00e1\u00f2\u00c0 \u00f8\u00db\u00f2\u00e9\u00e1<\/p>\n<p>\u00ba\u00e1\u00f4\u00c0\u00ec\u00e8\u00ec\u00ef \u00e7\u00e9\u00e1 \u00e5\u00f9\u00e1\u00dd\u00f3\u00f5\u00e8\u00f4\u00e5\u00f7 \u00e5\u00f0\u00e9\u00e4\u00e5\u00f2\u00ed\u00dd\u00e4\u00e5\u00f7<\/p>\n<p>\u00b0\u00f0\u00e1\u00ec\u00de \u00ed\u00e5 \u00f4\u00ef \u00e4\u00db\u00f2\u00ed\u00e1<\/p>\n<p>\u00a2\u00e5\u00f2\u00ed\u00e1\u00f4\u00ef\u00ec\u00ef\u00e7\u00e9\u00eb\u00c0 \u00e5\u00ec\u00e5\u00e7\u00ed\u00db\u00ee\u00ef<\/p>\n<p>\u00b6\u00f9\u00f8\u00c0\u00f2\u00e9\u00f3\u00f4\u00ef \u00c0\u00f2\u00f6\u00ed\u00e1&nbsp;<\/p>\n","protected":false},"featured_media":0,"comment_status":"closed","ping_status":"open","template":"","meta":{"_monsterinsights_skip_tracking":false,"_monsterinsights_sitenote_active":false,"_monsterinsights_sitenote_note":"","_monsterinsights_sitenote_category":0},"product_brand":[],"product_cat":[15],"product_tag":[],"class_list":{"0":"post-8274","1":"product","2":"type-product","3":"status-publish","5":"product_cat-uncategorized","7":"first","8":"outofstock","9":"purchasable","10":"product-type-simple"},"aioseo_notices":[],"jetpack_sharing_enabled":true,"_links":{"self":[{"href":"https:\/\/demo3.bigdigital.gr\/index.php\/wp-json\/wp\/v2\/product\/8274","targetHints":{"allow":["GET"]}}],"collection":[{"href":"https:\/\/demo3.bigdigital.gr\/index.php\/wp-json\/wp\/v2\/product"}],"about":[{"href":"https:\/\/demo3.bigdigital.gr\/index.php\/wp-json\/wp\/v2\/types\/product"}],"replies":[{"embeddable":true,"href":"https:\/\/demo3.bigdigital.gr\/index.php\/wp-json\/wp\/v2\/comments?post=8274"}],"wp:attachment":[{"href":"https:\/\/demo3.bigdigital.gr\/index.php\/wp-json\/wp\/v2\/media?parent=8274"}],"wp:term":[{"taxonomy":"product_brand","embeddable":true,"href":"https:\/\/demo3.bigdigital.gr\/index.php\/wp-json\/wp\/v2\/product_brand?post=8274"},{"taxonomy":"product_cat","embeddable":true,"href":"https:\/\/demo3.bigdigital.gr\/index.php\/wp-json\/wp\/v2\/product_cat?post=8274"},{"taxonomy":"product_tag","embeddable":true,"href":"https:\/\/demo3.bigdigital.gr\/index.php\/wp-json\/wp\/v2\/product_tag?post=8274"}],"curies":[{"name":"wp","href":"https:\/\/api.w.org\/{rel}","templated":true}]}}