{"id":8349,"date":"2025-10-14T08:17:23","date_gmt":"2025-10-14T06:17:23","guid":{"rendered":"https:\/\/demo3.bigdigital.gr\/index.php\/product\/uriage-bariederm-dermatological-cica-oil-100ml-2\/"},"modified":"2025-10-14T08:17:23","modified_gmt":"2025-10-14T06:17:23","slug":"uriage-bariederm-dermatological-cica-oil-100ml-2","status":"publish","type":"product","link":"https:\/\/demo3.bigdigital.gr\/index.php\/product\/uriage-bariederm-dermatological-cica-oil-100ml-2\/","title":{"rendered":"Uriage Bariederm Dermatological Cica Oil 100ml"},"content":{"rendered":"","protected":false},"excerpt":{"rendered":"<p>Uriage Bariederm Dermatological Cica Oil 100ml<\/p>\n<p>\u00c6\u00ef DermatologicalCICA-OIL\u00db\u00f8\u00e5\u00e9 \u00f3\u00f8\u00e5\u00e4\u00e9\u00e1\u00f3\u00f4\u00e5\u00dd \u00e7\u00e9\u00e1 \u00ed\u00e1\u00f3\u00c0\u00fa \u00f3\u00f4\u00e9\u00f7 \u00f0\u00f2\u00de\u00f3\u00e6\u00e1\u00f4\u00e5\u00f7 \u00f2\u00e1\u00e7\u00c0\u00e4\u00e5\u00f7 \u00eb\u00e1\u00e9 \u00ef\u00f9\u00ec\u00db\u00f7. \u00b9\u00e4\u00e1\u00ee\u00e9\u00eb\u00de \u00e7\u00e9\u00e1 \u00de\u00ec\u00e5\u00f7 \u00f4\u00e9\u00f7 \u00e1\u00ec\u00ec\u00e1\u00e7\u00db\u00f7 \u00f0\u00ef\u00f9 \u00e7\u00dd\u00ee\u00ef\u00ee\u00f4\u00e1\u00e9 \u00f3\u00f4\u00ef \u00f3\u00f1\u00ed\u00e1 \u00f3\u00ef\u00f9(\u00e5\u00e7\u00eb\u00f9\u00ed\u00ef\u00f3\u00e0\u00ee\u00e8, \u00e1\u00f9\u00ea\u00ef\u00ed\u00e5\u00dd\u00f6\u00f3\u00e8 \u00e2\u00c0\u00f2\u00ef\u00f9\u00f7, \u00ed\u00e5\u00f4\u00e5\u00e7\u00f8\u00e5\u00e9\u00f2\u00e8\u00f4\u00e9\u00eb\u00db\u00f7 \u00ef\u00f9\u00ec\u00db\u00f7). \u00b8 \u00f3\u00e0\u00ee\u00f5\u00e5\u00f3\u00e8 \u00f4\u00ef\u00f9 \u00e1\u00f0\u00ef\u00f4\u00e5\u00ec\u00e5\u00dd\u00f4\u00e1\u00e9 \u00e1\u00f0\u00de 99.9% \u00f3\u00f9\u00f3\u00f4\u00e1\u00f4\u00e9\u00eb\u00c0 \u00e6\u00f9\u00f3\u00e9\u00eb\u00dc\u00f7 \u00f0\u00f2\u00ef\u00db\u00ec\u00e5\u00f9\u00f3\u00e8\u00f7.<br \/>\n&nbsp;<\/p>\n<p>\u00a6\u00f2\u00ef\u00ec\u00e1\u00ed\u00e2\u00c0\u00ee\u00e5\u00e9, \u00a2\u00e9\u00ef\u00f2\u00f5\u00f1\u00ee\u00e5\u00e9, \u00b0\u00f0\u00e1\u00ec\u00e0\u00ee\u00e5\u00e9 \u00f0\u00f2\u00de\u00f3\u00e6\u00e1\u00f4\u00e5\u00f7 \u00f2\u00e1\u00e7\u00c0\u00e4\u00e5\u00f7 \u00eb\u00e1\u00e9 \u00ef\u00f9\u00ec\u00db\u00f7.<\/p>\n<p>&#8211;&nbsp;&nbsp;&nbsp;&nbsp;&nbsp;&nbsp;&nbsp;&nbsp;&nbsp; \u00a1\u00e9\u00e1 \u00eb\u00c0\u00f5\u00e5 \u00f4\u00e0\u00f0\u00ef \u00e5\u00f0\u00e9\u00e4\u00e5\u00f2\u00ed\u00dd\u00e4\u00e1\u00f7, \u00e1\u00eb\u00de\u00ed\u00e1 \u00eb\u00e1\u00e9 \u00e5\u00f9\u00e1\u00dd\u00f3\u00f5\u00e8\u00f4\u00e8\u00f7.<\/p>\n<p>&#8211;&nbsp;&nbsp;&nbsp;&nbsp;&nbsp;&nbsp;&nbsp;&nbsp;&nbsp; \u00a6\u00f2\u00de\u00f3\u00f6\u00f0\u00ef-\u00aa\u00f1\u00ed\u00e1<\/p>\n<p>&#8211;&nbsp;&nbsp;&nbsp;&nbsp;&nbsp;&nbsp;&nbsp;&nbsp;&nbsp; \u00a6\u00e1\u00e9\u00e4\u00e9\u00c0 &ndash; \u00b6\u00ee\u00dc\u00ec\u00e9\u00eb\u00e5\u00f7<\/p>\n<p>\u00a2\u00b9\u00c3\u00c4\u00a3\u00bf\u00aa\u00b8:<\/p>\n<p>&#8211;&nbsp;&nbsp;&nbsp;&nbsp;&nbsp;&nbsp;&nbsp;&nbsp;&nbsp; \u00b6\u00f9\u00f2\u00e5\u00f3\u00e9\u00f4\u00e5\u00f8\u00ee\u00dd\u00e1 GF-repair: \u00e1\u00f0\u00ef\u00e4\u00e5\u00e4\u00e5\u00e9\u00e7\u00ed\u00db\u00ee\u00e8 \u00e1\u00f0\u00ef\u00f4\u00e5\u00ec\u00e5\u00f3\u00ed\u00e1\u00f4\u00e9\u00eb\u00de\u00f4\u00e8\u00f4\u00e1.<\/p>\n<p>&#8211;&nbsp;&nbsp;&nbsp;&nbsp;&nbsp;&nbsp;&nbsp;&nbsp;&nbsp; \u00ce\u00ec\u00e1\u00e9\u00ef Tamanu: \u00f0\u00ec\u00ef\u00e0\u00f3\u00e9\u00ef \u00f3\u00e5 \u00f0\u00ef\u00ec\u00f9\u00e6\u00e1\u00e9\u00ee\u00de\u00ec\u00e5\u00f7, \u00f0\u00f2\u00ef\u00c0\u00e7\u00e5\u00e9 \u00f4\u00e8\u00ee \u00e1\u00ee\u00c0\u00f0\u00ec\u00e1\u00f3\u00e8 \u00f4\u00e8\u00f7 \u00e5\u00f0\u00e9\u00e4\u00e5\u00f2\u00ed\u00dd\u00e4\u00e1\u00f7.<\/p>\n<p>&#8211;&nbsp;&nbsp;&nbsp;&nbsp;&nbsp;&nbsp;&nbsp;&nbsp;&nbsp; \u00bc\u00f9\u00f4\u00e9\u00eb\u00de \u00aa\u00eb\u00ef\u00f9\u00e1\u00ec\u00db\u00ee\u00e9\u00ef: \u00e4\u00f2\u00c0\u00f3\u00e8 \u00e1\u00ee\u00c0\u00f0\u00ec\u00e1\u00f3\u00e8\u00f7 \u00f3\u00f4\u00ef \u00f9\u00e4\u00f2\u00ef\u00ec\u00e9\u00f0\u00e9\u00e4\u00e9\u00eb\u00de \u00e6\u00e9\u00ec\u00ed.<\/p>\n<p>\u00a6\u00c4\u00c3\u00a4\u00b8\u00be\u00b8 :<\/p>\n<p>&#8211;&nbsp;&nbsp;&nbsp;&nbsp;&nbsp;&nbsp;&nbsp;&nbsp;&nbsp; \u00ce\u00ec\u00e1\u00e9\u00ef Jojoba: \u00f0\u00ec\u00ef\u00e0\u00f3\u00e9\u00ef\u00f3\u00e5\u00ec\u00e9\u00f0\u00e1\u00f2\u00c0\u00ef\u00ea\u00db\u00e1, \u00f0\u00f2\u00ef\u00f3\u00f4\u00e1\u00f4\u00e5\u00e0\u00e5\u00e9\u00eb\u00e1\u00e9\u00f5\u00f2\u00db\u00e6\u00e5\u00e9\u00f4\u00e8\u00ee\u00e5\u00f0\u00e9\u00e4\u00e5\u00f2\u00ed\u00dd\u00e4\u00e1.<\/p>\n<p>&#8211;&nbsp;&nbsp;&nbsp;&nbsp;&nbsp;&nbsp;&nbsp;&nbsp;&nbsp; \u00ce\u00ec\u00e1\u00e9\u00ef Avocado: \u00f0\u00ec\u00ef\u00e0\u00f3\u00e9\u00ef\u00f3\u00e5\u00eb\u00e1\u00f2\u00ef\u00f4\u00e5\u00ee\u00ef\u00e5\u00e9\u00e4\u00dc, \u00b5\u00e9\u00f4\u00e1\u00ed\u00dd\u00ee\u00e5\u00f7 C &amp; E, \u00e1\u00f0\u00e1\u00ec\u00e0\u00ee\u00e5\u00e9\u00f4\u00e8\u00ee\u00e5\u00f0\u00e9\u00e4\u00e5\u00f2\u00ed\u00dd\u00e4\u00e1.<\/p>\n<p>&#8211;&nbsp;&nbsp;&nbsp;&nbsp;&nbsp;&nbsp;&nbsp;&nbsp;&nbsp; \u00b8\u00ec\u00e9\u00db\u00ec\u00e1\u00e9\u00ef: \u00e5\u00ed\u00f0\u00ec\u00ef\u00f9\u00f4\u00e9\u00f3\u00ed\u00db\u00ee\u00ef\u00ed\u00e5\u00f6\u00ed\u00db\u00e7\u00e1-6 \u00eb\u00e1\u00e9\u00e2\u00e9\u00f4\u00e1\u00ed\u00dd\u00ee\u00e8 E, \u00f5\u00f2\u00db\u00e6\u00e5\u00e9\u00e5\u00ee\u00f4\u00e1\u00f4\u00e9\u00eb\u00c0\u00f4\u00e8\u00ee\u00e5\u00f0\u00e9\u00e4\u00e5\u00f2\u00ed\u00dd\u00e4\u00e1.<\/p>\n<p>&nbsp;<\/p>\n","protected":false},"featured_media":0,"comment_status":"closed","ping_status":"open","template":"","meta":{"_monsterinsights_skip_tracking":false,"_monsterinsights_sitenote_active":false,"_monsterinsights_sitenote_note":"","_monsterinsights_sitenote_category":0},"product_brand":[],"product_cat":[15],"product_tag":[],"class_list":{"0":"post-8349","1":"product","2":"type-product","3":"status-publish","5":"product_cat-uncategorized","7":"first","8":"instock","9":"purchasable","10":"product-type-simple"},"aioseo_notices":[],"jetpack_sharing_enabled":true,"_links":{"self":[{"href":"https:\/\/demo3.bigdigital.gr\/index.php\/wp-json\/wp\/v2\/product\/8349","targetHints":{"allow":["GET"]}}],"collection":[{"href":"https:\/\/demo3.bigdigital.gr\/index.php\/wp-json\/wp\/v2\/product"}],"about":[{"href":"https:\/\/demo3.bigdigital.gr\/index.php\/wp-json\/wp\/v2\/types\/product"}],"replies":[{"embeddable":true,"href":"https:\/\/demo3.bigdigital.gr\/index.php\/wp-json\/wp\/v2\/comments?post=8349"}],"wp:attachment":[{"href":"https:\/\/demo3.bigdigital.gr\/index.php\/wp-json\/wp\/v2\/media?parent=8349"}],"wp:term":[{"taxonomy":"product_brand","embeddable":true,"href":"https:\/\/demo3.bigdigital.gr\/index.php\/wp-json\/wp\/v2\/product_brand?post=8349"},{"taxonomy":"product_cat","embeddable":true,"href":"https:\/\/demo3.bigdigital.gr\/index.php\/wp-json\/wp\/v2\/product_cat?post=8349"},{"taxonomy":"product_tag","embeddable":true,"href":"https:\/\/demo3.bigdigital.gr\/index.php\/wp-json\/wp\/v2\/product_tag?post=8349"}],"curies":[{"name":"wp","href":"https:\/\/api.w.org\/{rel}","templated":true}]}}