{"id":8350,"date":"2025-10-14T08:17:23","date_gmt":"2025-10-14T06:17:23","guid":{"rendered":"https:\/\/demo3.bigdigital.gr\/index.php\/product\/uriage-hyseac-purifying-toner-250ml-2\/"},"modified":"2025-10-14T08:17:23","modified_gmt":"2025-10-14T06:17:23","slug":"uriage-hyseac-purifying-toner-250ml-2","status":"publish","type":"product","link":"https:\/\/demo3.bigdigital.gr\/index.php\/product\/uriage-hyseac-purifying-toner-250ml-2\/","title":{"rendered":"Uriage Hyseac Purifying Toner 250ml"},"content":{"rendered":"","protected":false},"excerpt":{"rendered":"<p>Uriage Hyseac Purifying Toner 250ml<\/p>\n<p>\u00b6\u00ea\u00f9\u00e7\u00dd\u00e1\u00ee\u00f3\u00e8 \u00eb\u00e1\u00e9 \u00aa\u00e0\u00f3\u00e6\u00e9\u00ea\u00e8<\/p>\n<p>A\u00e6\u00dc\u00ee\u00e5\u00e9 \u00f4\u00ef \u00e4\u00db\u00f2\u00ed\u00e1 \u00e6\u00f2\u00db\u00f3\u00eb\u00ef, \u00eb\u00e1\u00f5\u00e1\u00f2\u00de, \u00eb\u00e1\u00e9 \u00ef\u00f2\u00e1\u00f4\u00c0 \u00e1\u00f0\u00e1\u00ec\u00ec\u00e1\u00e7\u00ed\u00db\u00ee\u00ef \u00e1\u00f0\u00de \u00e1\u00f4\u00db\u00ec\u00e5\u00e9\u00e5\u00f7. \u00c6\u00ef purifying toner \u00f3\u00f9\u00f3\u00e6\u00dd\u00e7\u00e7\u00e5\u00e9 \u00f4\u00ef\u00f9\u00f7 \u00f0\u00de\u00f2\u00ef\u00f9\u00f7, \u00f8\u00e1\u00f2\u00dd\u00fa\u00e5\u00e9 \u00ed\u00e1\u00f4 \u00e1\u00f0\u00ef\u00f4\u00db\u00ec\u00e5\u00f3\u00ed\u00e1 \u00e2\u00e5\u00ec\u00f4\u00e9\u00f1\u00ee\u00ef\u00ee\u00f4\u00e1\u00f7 \u00f4\u00e8\u00ee \u00f9\u00e6\u00dc \u00f4\u00ef\u00f9 \u00e4\u00db\u00f2\u00ed\u00e1\u00f4\u00ef\u00f7 \u00f8\u00f6\u00f2\u00dd\u00f7 \u00ee\u00e1 \u00e1\u00e6\u00f9\u00e4\u00e1\u00f4\u00f1\u00ee\u00e5\u00e9 \u00f4\u00ef \u00e4\u00db\u00f2\u00ed\u00e1. \u00b0\u00f0\u00ef\u00e4\u00e5\u00e4\u00e5\u00e9\u00e7\u00ed\u00db\u00ee\u00e8 \u00e1\u00f0\u00ef\u00f4\u00e5\u00ec\u00e5\u00f3\u00ed\u00e1\u00f4\u00e9\u00eb\u00de\u00f4\u00e8\u00f4\u00e1 \u00f3\u00e5 \u00e4\u00db\u00f2\u00ed\u00e1 \u00ed\u00e5 \u00f4\u00c0\u00f3\u00e8 \u00e7\u00e9\u00e1 \u00e1\u00eb\u00ed\u00dc.<\/p>\n<p>\u00a2\u00c4\u00b0\u00aa\u00b6\u00b9\u00aa:<\/p>\n<p>\u00b6\u00a5\u00cb\u00a1\u00b9\u00b0\u00b9\u00c1\u00b6\u00b9 &amp; \u00aa\u00cb\u00aa\u00bc\u00b9\u00a1\u00a1\u00b6\u00b9 \u00c6\u00c3\u00cb\u00aa \u00a6\u00c3\u00c4\u00c3\u00cb\u00aa<\/p>\n<p>\u00b8 \u00f3\u00e0\u00ee\u00f5\u00e5\u00f3\u00e8 \u00f4\u00ef\u00f9 \u00ed\u00e5 \u00b6\u00eb\u00f8\u00e0\u00ec\u00e9\u00f3\u00ed\u00e1 \u00e6\u00f9\u00f4\u00ef\u00e0 Pore Refiner, \u00e5\u00ea\u00f9\u00e7\u00e9\u00e1\u00dd\u00ee\u00e5\u00e9 \u00eb\u00e1\u00e9 \u00f3\u00f9\u00f3\u00e6\u00dd\u00e7\u00e7\u00e5\u00e9 \u00f4\u00ef\u00f9\u00f7 \u00f0\u00de\u00f2\u00ef\u00f9\u00f7 \u00ef\u00f2\u00e1\u00f4\u00c0.<\/p>\n<p>\u00b6\u00a6\u00b0\u00c1\u00b0\u00bc\u00b6\u00c4\u00b6\u00b9 \u00c6\u00b8\u00c1 \u00c3\u00be\u00b8 \u00c6\u00b8\u00aa \u00b6\u00a6\u00b9\u00a2\u00b6\u00c4\u00bb\u00b9\u00a2\u00b0\u00aa<\/p>\n<p>\u00bb\u00e5 \u00f4\u00e1 \u00f4\u00f2\u00dd\u00e1 \u00ed\u00e9\u00eb\u00f2\u00ef-\u00e1\u00f0\u00ef\u00ec\u00e5\u00f0\u00e9\u00f3\u00f4\u00e9\u00eb\u00c0 \u00ef\u00ea\u00db\u00e1 AHA [\u00bb\u00e8\u00ec\u00e9\u00eb\u00de + \u00a1\u00e1\u00ec\u00e1\u00eb\u00f4\u00e9\u00eb\u00de + \u00a1\u00ec\u00f9\u00eb\u00ef\u00ec\u00e9\u00eb\u00ef], \u00f4\u00ef \u00e4\u00db\u00f2\u00ed\u00e1 \u00e5\u00dd\u00ee\u00e1\u00e9 \u00e1\u00f0\u00e1\u00ec\u00de\u00f4\u00e5\u00f2\u00ef \u00eb\u00e1\u00e9 \u00f0\u00e9\u00ef \u00eb\u00e1\u00f5\u00e1\u00f2\u00de.<\/p>\n<p>\u00bb\u00b6\u00b9\u00bf\u00aa\u00b8 \u00a1\u00cb\u00b0\u00a4\u00b0\u00a2\u00b0\u00aa<\/p>\n<p>\u00b8 \u00e6\u00f2\u00db\u00f3\u00eb\u00e9\u00e1 \u00f4\u00ef\u00ee\u00f6\u00f4\u00e9\u00eb\u00dc \u00f3\u00e5 \u00ee\u00e5\u00f2\u00de \u00f9\u00e6\u00dc \u00f4\u00ef\u00f9, \u00ed\u00e5\u00e9\u00f1\u00ee\u00e5\u00e9 \u00f4\u00e8 \u00e7\u00f9\u00e1\u00ec\u00c0\u00e4\u00e1. \u00cc\u00e1\u00f2\u00dd\u00fa\u00e5\u00e9 \u00ed\u00e1\u00f4 \u00e5\u00f0\u00e9\u00e4\u00e5\u00f2\u00ed\u00dd\u00e4\u00e1 \u00de\u00ec\u00e8 \u00f4\u00e8\u00ee \u00e8\u00ed\u00db\u00f2\u00e1 \u00eb\u00e1\u00e9 \u00e5\u00f0\u00e9\u00e4\u00e5\u00f2\u00ed\u00dd\u00e4\u00e1 \u00f0\u00e1\u00f2\u00e1\u00ed\u00db\u00ee\u00e5\u00e9 \u00eb\u00e1\u00f5\u00e1\u00f2\u00dc \u00eb\u00e1\u00e9 \u00e6\u00f2\u00db\u00f3\u00eb\u00e9\u00e1.<\/p>\n<p>\u00cd\u00eb\u00f2\u00f6\u00f7 \u00e6\u00f2\u00db\u00f3\u00eb\u00e9\u00e1 \u00f9\u00e6\u00dc \u00e8 \u00ef\u00f0\u00ef\u00dd\u00e1 \u00f3\u00f9\u00ee\u00e4\u00f9\u00c0\u00fa\u00e5\u00e9 \u00e5\u00ea\u00e1\u00e9\u00f2\u00e5\u00f4\u00e9\u00eb\u00dc \u00e1\u00ee\u00ef\u00f8\u00dc.<\/p>\n<p>\u00aa\u00e5 \u00f0\u00ef\u00ec\u00e0 \u00ed\u00e5\u00e7\u00c0\u00ec\u00ef \u00ed\u00db\u00e7\u00e5\u00f5\u00ef\u00f7!<\/p>\n<p>\u00b0\u00f0\u00ef\u00f4\u00db\u00ec\u00e5\u00f3\u00ed\u00e1<\/p>\n<p>30% \u00bb\u00e5\u00dd\u00f6\u00f3\u00e8 \u00f4\u00e8\u00f7 \u00e7\u00f9\u00e1\u00ec\u00c0\u00e4\u00e1\u00f7, -29% \u00bb\u00e5\u00dd\u00f6\u00f3\u00e8 \u00f4\u00f6\u00ee \u00e1\u00f4\u00e5\u00ec\u00e5\u00e9\u00f1\u00ee (1)<\/p>\n<p>(1) \u00ba\u00ec\u00e9\u00ee\u00e9\u00eb\u00dc \u00ed\u00e5\u00ec\u00db\u00f4\u00e8 \u00f3\u00e5 22 \u00e5\u00f5\u00e5\u00ec\u00ef\u00ee\u00f4\u00db\u00f7. \u00b6\u00e6\u00e1\u00f2\u00ed\u00ef\u00e7\u00dc \u00ed\u00e9\u00e1 \u00e6\u00ef\u00f2\u00c0 \u00f4\u00e8\u00ee \u00e8\u00ed\u00db\u00f2\u00e1 \u00e7\u00e9\u00e1 1 \u00ed\u00dc\u00ee\u00e1.<\/p>\n<p>\u00b6\u00c1\u00b6\u00c4\u00a1\u00b0 \u00aa\u00cb\u00aa\u00c6\u00b0\u00c6\u00b9\u00ba\u00b0&nbsp;:<\/p>\n<p>\u00aa\u00e0\u00ed\u00f0\u00ec\u00ef\u00eb\u00ef&nbsp;AHA&nbsp;2,9% (\u00bb\u00e8\u00ec\u00e9\u00eb\u00de, \u00a1\u00e1\u00ec\u00e1\u00eb\u00f4\u00e9\u00eb\u00de, \u00a1\u00ec\u00f9\u00eb\u00ef\u00ec\u00e9\u00eb\u00ef)<\/p>\n<p>\u00b6\u00eb\u00f8\u00e0\u00ec\u00e9\u00f3\u00ed\u00e1 \u00e6\u00f9\u00f4\u00ef\u00e0&nbsp;Pore&nbsp;Refiner<\/p>\n<p>\u00b9\u00e1\u00ed\u00e1\u00f4\u00e9\u00eb\u00de \u00c1\u00e5\u00f2\u00de&nbsp;Uriage<\/p>\n<p>INCI<\/p>\n<p>AQUA (WATER, EAU) &#8211; ALCOHOL &ndash; GLYCERIN &ndash; GLYCOLIC ACID &ndash;MALIC ACID &ndash; SODIUM HYDROXIDE &ndash; LACTIC ACID &#8211; GLYCIN &#8211; PEG-40 HYDROGENATED CASTOR OIL &ndash; PENTYLENE GLYCOL &ndash; LENS ESCULENTA (LENTIL) SEED EXTRACTS &#8211; PARFUM (FRAGRANCE) &#8211; SODIUM BENZOATE<\/p>\n<p>\u00c3\u00a2\u00b8\u00a1\u00b9\u00b6\u00aa \u00cc\u00c4\u00b8\u00aa\u00b8\u00aa :<\/p>\n<p>\u00bb\u00e5\u00f4\u00c0 \u00f4\u00ef\u00ee \u00eb\u00e1\u00f5\u00e1\u00f2\u00e9\u00f3\u00ed\u00de \u00eb\u00e1\u00e9 \u00f0\u00f2\u00e9\u00ee \u00f4\u00e8 \u00eb\u00e1\u00f5\u00e8\u00ed\u00e5\u00f2\u00e9\u00ee\u00dc \u00f2\u00ef\u00f9\u00f4\u00dd\u00ee\u00e1. \u00b6\u00e6\u00e1\u00f2\u00ed\u00de\u00f3\u00f4\u00e5 \u00f4\u00e8 \u00ec\u00ef\u00f3\u00e9\u00de\u00ee \u00f3\u00e5 \u00de\u00ec\u00ef \u00f4\u00ef \u00f0\u00f2\u00de\u00f3\u00f6\u00f0\u00ef \u00f8\u00f2\u00e8\u00f3\u00e9\u00ed\u00ef\u00f0\u00ef\u00e9\u00f1\u00ee\u00f4\u00e1\u00f7 \u00e2\u00e1\u00ed\u00e2\u00c0\u00eb\u00e9 \u00e4\u00dd\u00ee\u00ef\u00ee\u00f4\u00e1\u00f7 \u00e9\u00e4\u00e9\u00e1\u00dd\u00f4\u00e5\u00f2\u00e8 \u00f0\u00f2\u00ef\u00f3\u00ef\u00f8\u00dc \u00f3\u00f4\u00e8 \u00f0\u00e5\u00f2\u00e9\u00ef\u00f8\u00dc \u00f4\u00ef\u00f9 \u00c6 \u00eb\u00e1\u00e9 \u00f3\u00f4\u00ef \u00ed\u00db\u00f4\u00f6\u00f0\u00ef. \u00b0\u00f0\u00ef\u00e6\u00e0\u00e7\u00e5\u00f4\u00e5 \u00f4\u00e8\u00ee \u00e5\u00f0\u00e1\u00e6\u00dc \u00ed\u00e5 \u00f4\u00e1 \u00ed\u00c0\u00f4\u00e9\u00e1. \u00a2\u00e5\u00ee \u00ea\u00e5\u00f0\u00ec\u00db\u00ee\u00e5\u00f4\u00e5. \u00cc\u00f2\u00dc\u00f3\u00e8 \u00ed\u00e9\u00e1 \u00e6\u00ef\u00f2\u00c0 \u00f4\u00e8\u00ee \u00e8\u00ed\u00db\u00f2\u00e1.<\/p>\n","protected":false},"featured_media":0,"comment_status":"closed","ping_status":"open","template":"","meta":{"_monsterinsights_skip_tracking":false,"_monsterinsights_sitenote_active":false,"_monsterinsights_sitenote_note":"","_monsterinsights_sitenote_category":0},"product_brand":[],"product_cat":[15],"product_tag":[],"class_list":{"0":"post-8350","1":"product","2":"type-product","3":"status-publish","5":"product_cat-uncategorized","7":"first","8":"instock","9":"sale","10":"purchasable","11":"product-type-simple"},"aioseo_notices":[],"jetpack_sharing_enabled":true,"_links":{"self":[{"href":"https:\/\/demo3.bigdigital.gr\/index.php\/wp-json\/wp\/v2\/product\/8350","targetHints":{"allow":["GET"]}}],"collection":[{"href":"https:\/\/demo3.bigdigital.gr\/index.php\/wp-json\/wp\/v2\/product"}],"about":[{"href":"https:\/\/demo3.bigdigital.gr\/index.php\/wp-json\/wp\/v2\/types\/product"}],"replies":[{"embeddable":true,"href":"https:\/\/demo3.bigdigital.gr\/index.php\/wp-json\/wp\/v2\/comments?post=8350"}],"wp:attachment":[{"href":"https:\/\/demo3.bigdigital.gr\/index.php\/wp-json\/wp\/v2\/media?parent=8350"}],"wp:term":[{"taxonomy":"product_brand","embeddable":true,"href":"https:\/\/demo3.bigdigital.gr\/index.php\/wp-json\/wp\/v2\/product_brand?post=8350"},{"taxonomy":"product_cat","embeddable":true,"href":"https:\/\/demo3.bigdigital.gr\/index.php\/wp-json\/wp\/v2\/product_cat?post=8350"},{"taxonomy":"product_tag","embeddable":true,"href":"https:\/\/demo3.bigdigital.gr\/index.php\/wp-json\/wp\/v2\/product_tag?post=8350"}],"curies":[{"name":"wp","href":"https:\/\/api.w.org\/{rel}","templated":true}]}}