{"id":8353,"date":"2025-10-14T08:17:23","date_gmt":"2025-10-14T06:17:23","guid":{"rendered":"https:\/\/demo3.bigdigital.gr\/index.php\/product\/potema-mattress-clean-spray-ioeaaeoeoeaeaeth-adoue-oaoa-ooi-eaoaoi-500ml\/"},"modified":"2025-10-14T08:17:23","modified_gmt":"2025-10-14T06:17:23","slug":"potema-mattress-clean-spray-ioeaaeoeoeaeaeth-adoue-oaoa-ooi-eaoaoi-500ml","status":"publish","type":"product","link":"https:\/\/demo3.bigdigital.gr\/index.php\/product\/potema-mattress-clean-spray-ioeaaeoeoeaeaeth-adoue-oaoa-ooi-eaoaoi-500ml\/","title":{"rendered":"POTEMA Mattress Clean Spray \u00b0\u00ee\u00f4\u00e9\u00e2\u00e1\u00eb\u00f4\u00e8\u00f2\u00e9\u00e4\u00e9\u00e1\u00eb\u00de \u00aa\u00f0\u00f2\u00db\u00e9 \u00ba\u00e1\u00f4\u00c0 \u00f4\u00f6\u00ee \u00b0\u00eb\u00c0\u00f2\u00e5\u00f6\u00ee 500ml"},"content":{"rendered":"","protected":false},"excerpt":{"rendered":"<p>POTEMA Mattress Clean Spray \u00b0\u00ee\u00f4\u00e9\u00e2\u00e1\u00eb\u00f4\u00e8\u00f2\u00e9\u00e4\u00e9\u00e1\u00eb\u00de \u00aa\u00f0\u00f2\u00db\u00e9 \u00ba\u00e1\u00f4\u00c0 \u00f4\u00f6\u00ee \u00b0\u00eb\u00c0\u00f2\u00e5\u00f6\u00ee 500ml<\/p>\n<p>Mattress Clean Spray \u00b0\u00ee\u00f4\u00e9\u00e2\u00e1\u00eb\u00f4\u00e8\u00f2\u00e9\u00e4\u00e9\u00e1\u00eb\u00de \u00aa\u00f0\u00f2\u00db\u00e9 \u00ba\u00e1\u00f4\u00c0 \u00f4\u00f6\u00ee \u00b0\u00eb\u00c0\u00f2\u00e5\u00f6\u00ee 500ml<\/p>\n<p>\u00a2\u00dd\u00ee\u00e5\u00e9 \u00e6\u00f2\u00e5\u00f3\u00eb\u00c0\u00e4\u00e1 \u00eb\u00e1\u00e9 \u00eb\u00e1\u00f5\u00e1\u00f2\u00e9\u00de\u00f4\u00e8\u00f4\u00e1, \u00e5\u00ea\u00ef\u00f9\u00e4\u00e5\u00f4\u00e5\u00f2\u00f1\u00ee\u00ef\u00ee\u00f4\u00e1\u00f7 \u00ed\u00f9\u00f2\u00f6\u00e4\u00e9\u00db\u00f7 \u00e1\u00f0\u00de \u00f4\u00e1 \u00f0\u00e5\u00f2\u00e9\u00f4\u00f4\u00f1\u00ed\u00e1\u00f4\u00e1 \u00f4\u00f6\u00ee \u00e1\u00eb\u00c0\u00f2\u00e9\u00f6\u00ee \u00f3\u00eb\u00de\u00ee\u00e8\u00f7, \u00e1\u00e6\u00dc\u00ee\u00ef\u00ee\u00f4\u00e1\u00f7 \u00db\u00ee\u00e1 \u00e4\u00e9\u00e1\u00eb\u00f2\u00e9\u00f4\u00e9\u00eb\u00de \u00c0\u00f2\u00f6\u00ed\u00e1 \u00f0\u00ef\u00f2\u00f4\u00ef\u00eb\u00e1\u00ec\u00e9\u00ef\u00e0.<\/p>\n<p>POTEMA&reg;&nbsp;Mattress Clean Spray,&nbsp;\u00db\u00ee\u00e1 \u00ed\u00ef\u00ee\u00e1\u00e4\u00e9\u00eb\u00de \u00e2\u00e9\u00ef\u00ec\u00ef\u00e7\u00e9\u00eb\u00de \u00f0\u00f2\u00ef\u00fb\u00de\u00ee \u00e4\u00e9\u00e5\u00f5\u00ee\u00f1\u00f7 \u00e1\u00ee\u00e1\u00e7\u00ee\u00f6\u00f2\u00e9\u00f3\u00ed\u00db\u00ee\u00ef (\u00a1\u00e5\u00f2\u00ed\u00e1\u00ee\u00e9\u00eb\u00dc \u00f0\u00e1\u00f4\u00db\u00ee\u00f4\u00e1) \u00f0\u00ef\u00f9 \u00e4\u00e8\u00ed\u00e9\u00ef\u00f9\u00f2\u00e7\u00dc\u00f5\u00e8\u00eb\u00e5 \u00e5\u00e9\u00e4\u00e9\u00eb\u00c0 \u00e7\u00e9\u00e1 \u00f4\u00e8\u00ee \u00e1\u00f0\u00ef\u00ec\u00e0\u00ed\u00e1\u00ee\u00f3\u00e8 \u00f4\u00f6\u00ee \u00f3\u00f4\u00f2\u00f6\u00ed\u00c0\u00f4\u00f6\u00ee.&nbsp;\u00b0\u00ee\u00f4\u00e9\u00e2\u00e1\u00eb\u00f4\u00e8\u00f2\u00e9\u00e4\u00e9\u00e1\u00eb\u00de \u00f0\u00f2\u00ef\u00fb\u00de\u00ee \u00e4\u00dd\u00ee\u00e5\u00e9 \u00e6\u00f2\u00e5\u00f3\u00eb\u00c0\u00e4\u00e1 \u00eb\u00e1\u00e9 \u00eb\u00e1\u00f5\u00e1\u00f2\u00e9\u00de\u00f4\u00e8\u00f4\u00e1 \u00e1\u00f0\u00ef\u00ec\u00f9\u00ed\u00e1\u00dd\u00ee\u00ef\u00ee\u00f4\u00e1\u00f7 \u00eb\u00e1\u00e9 \u00e1\u00e6\u00dc\u00ee\u00ef\u00ee\u00f4\u00e1\u00f7 \u00db\u00ee\u00e1 \u00e4\u00e9\u00e1\u00eb\u00f2\u00e9\u00f4\u00e9\u00eb\u00de \u00c0\u00f2\u00f6\u00ed\u00e1 \u00f0\u00ef\u00f2\u00f4\u00ef\u00eb\u00e1\u00ec\u00e9\u00ef\u00e0.&nbsp;\u00b5\u00ef\u00e8\u00f5\u00c0 \u00f3\u00f4\u00e8\u00ee \u00e1\u00e4\u00f2\u00e1\u00ee\u00ef\u00f0\u00ef\u00dd\u00e8\u00f3\u00e8 \u00f4\u00f6\u00ee \u00e1\u00ec\u00ec\u00e5\u00f2\u00e7\u00e9\u00ef\u00e7\u00de\u00ee\u00f6\u00ee \u00ef\u00f9\u00f3\u00e9\u00f1\u00ee \u00f0\u00ef\u00f9 \u00f0\u00e5\u00f2\u00e9\u00db\u00f8\u00ef\u00ee\u00f4\u00e1\u00e9 \u00f3\u00f4\u00e1 \u00e1\u00f0\u00ef\u00f2\u00f2\u00dd\u00ed\u00ed\u00e1\u00f4\u00e1 \u00f4\u00f6\u00ee \u00e1\u00eb\u00c0\u00f2\u00e5\u00f6\u00ee, \u00e2\u00ef\u00e8\u00f5\u00c0 \u00f3\u00f4\u00e8\u00ee \u00e1\u00f0\u00ef\u00ed\u00c0\u00eb\u00f2\u00f9\u00ee\u00f3\u00e8 \u00f4\u00f6\u00ee \u00ed\u00f9\u00eb\u00dc\u00f4\u00f6\u00ee, \u00f4\u00e1 \u00e2\u00e1\u00eb\u00f4\u00dc\u00f2\u00e9\u00e1 \u00eb\u00e1\u00e9 \u00c0\u00ec\u00ec\u00e1 \u00f0\u00e1\u00f5\u00ef\u00e7\u00de\u00ee\u00e1 \u00ed\u00e9\u00eb\u00f2\u00de\u00e2\u00e9\u00e1,\u00e2\u00ef\u00e8\u00f5\u00c0 \u00f3\u00f4\u00e8\u00ee \u00ed\u00e5\u00dd\u00f6\u00f3\u00e8 \u00f4\u00f6\u00ee \u00e1\u00ec\u00ec\u00e5\u00f2\u00e7\u00e9\u00f1\u00ee \u00e5\u00ea\u00e1\u00e6\u00e1\u00ee\u00dd\u00fa\u00e5\u00e9 \u00de\u00ec\u00e5\u00f7 \u00f4\u00e9\u00f7 \u00e4\u00f9\u00f3\u00c0\u00f2\u00e5\u00f3\u00f4\u00e5\u00f7 \u00ed\u00f9\u00f2\u00f6\u00e4\u00e9\u00db\u00f7 (\u00e1\u00eb\u00de\u00ed\u00e8 \u00eb\u00e1\u00e9 \u00f4\u00ef\u00f9 \u00f4\u00f3\u00e9\u00e7\u00c0\u00f2\u00ef\u00f9).<\/p>\n<p>\u00b6\u00e6\u00e1\u00f2\u00ed\u00ef\u00e7\u00dc \u00f3\u00e5 \u00de\u00ec\u00e1 \u00f4\u00e1 \u00eb\u00ec\u00f6\u00f3\u00f4\u00ef\u00fc\u00e6\u00e1\u00ee\u00f4\u00ef\u00f9\u00f2\u00e7\u00e9\u00eb\u00c0 \u00f0\u00f2\u00ef\u00fb\u00de\u00ee\u00f4\u00e1 \u00f0\u00ef\u00f9 \u00e4\u00e5\u00ee \u00ed\u00f0\u00ef\u00f2\u00ef\u00e0\u00ee \u00ee\u00e1 \u00f0\u00ec\u00e8\u00f5\u00ef\u00e0\u00ee \u00e5\u00e0\u00eb\u00ef\u00ec\u00e1:<br \/>\n\u00bb\u00f0\u00ef\u00f2\u00e5\u00dd \u00ee\u00e1 \u00f8\u00f2\u00e8\u00f3\u00e9\u00ed\u00ef\u00f0\u00ef\u00e9\u00e8\u00f5\u00e5\u00dd \u00e5\u00e9\u00e4\u00e9\u00eb\u00c0 \u00f3\u00f4\u00e1 \u00f9\u00f0\u00e5\u00f2\u00e2\u00ef\u00ec\u00e9\u00eb\u00c0 \u00ed\u00e5\u00e7\u00c0\u00ec\u00e1 \u00dc \u00f3\u00f4\u00e1 \u00ed\u00e8 \u00f0\u00ec\u00e5\u00ee\u00de\u00ed\u00e5\u00ee\u00e1 \u00eb\u00ec\u00f6\u00f3\u00f4\u00ef\u00fc\u00e6\u00e1\u00ee\u00f4\u00ef\u00f9\u00f2\u00e7\u00e9\u00eb\u00c0 \u00f0\u00f2\u00ef\u00fb\u00de\u00ee\u00f4\u00e1 \u00de\u00f0\u00f6\u00f7: \u00de\u00ec\u00e1 \u00f4\u00e1 \u00f3\u00f4\u00f2\u00f1\u00ed\u00e1\u00f4\u00e1, \u00f4\u00e9\u00f7 \u00eb\u00e1\u00ec\u00e0\u00e3\u00e5\u00e9\u00f7 \u00f3\u00f4\u00f2\u00f6\u00ed\u00c0\u00f4\u00f6\u00ee, \u00f4\u00e1 \u00f0\u00ec\u00e1\u00dd\u00f3\u00e9\u00e1 \u00eb\u00f2\u00e5\u00e2\u00e1\u00f4\u00e9\u00f1\u00ee, \u00f4\u00ef\u00f9\u00f7 \u00eb\u00e1\u00ee\u00e1\u00f0\u00db\u00e4\u00e5\u00f7, \u00f4\u00ef\u00f9\u00f7 \u00f9\u00f0\u00ee\u00de\u00f3\u00e1\u00eb\u00ef\u00f9\u00f7, \u00f4\u00e1 \u00ed\u00c0\u00ec\u00ec\u00e9\u00ee\u00e1 \u00eb\u00e1\u00ec\u00e0\u00ed\u00ed\u00e1\u00f4\u00e1, \u00f4\u00e1 \u00ed\u00e1\u00ea\u00e9\u00ec\u00c0\u00f2\u00e9\u00e1, \u00de\u00ec\u00e1 \u00f4\u00e1 \u00e5\u00dd\u00e4\u00e8 \u00ed\u00e1\u00ea\u00e9\u00ec\u00e1\u00f2\u00e9\u00f1\u00ee, \u00f4\u00e1 \u00eb\u00e1\u00f2\u00ef\u00f4\u00f3\u00c0\u00eb\u00e9\u00e1 \u00ed\u00f6\u00f2\u00f1\u00ee, \u00f4\u00e1 \u00ec\u00ef\u00e0\u00f4\u00f2\u00e9\u00ee\u00e1 \u00fa\u00f6\u00c0\u00eb\u00e9\u00e1, \u00f4\u00e1 \u00f0\u00e1\u00e9\u00f8\u00ee\u00dd\u00e4\u00e9\u00e1, \u00f4\u00e9\u00f7 \u00e5\u00f0\u00e5\u00ee\u00e4\u00e0\u00f3\u00e5\u00e9\u00f7 \u00f4\u00f6\u00ee \u00e2\u00e1\u00ec\u00e9\u00f4\u00f3\u00f1\u00ee \u00eb\u00e1\u00e9 \u00f4\u00f6\u00ee \u00f4\u00f3\u00e1\u00ee\u00f4\u00f1\u00ee, \u00f4\u00ef\u00f9\u00f7 \u00f4\u00c0\u00f0\u00e8\u00f4\u00e5\u00f7, \u00f4\u00e1 \u00ed\u00c0\u00ec\u00ec\u00e9\u00ee\u00e1 \u00f0\u00e1\u00f0\u00ef\u00e0\u00f4\u00f3\u00e9\u00e1, \u00f4\u00e1 \u00ed\u00c0\u00ec\u00ec\u00e9\u00ee\u00e1 \u00eb\u00e1\u00f0\u00db\u00ec\u00e1 \u00eb\u00e1\u00e9 \u00f4\u00e1 \u00f0\u00e1\u00ec\u00f4\u00c0 \u00eb.\u00ec\u00f0.<\/p>\n<p>\u00b6\u00f0\u00dd\u00e4\u00f2\u00e1\u00f3\u00e8:<br \/>\n\u00c6\u00ef&nbsp;SPRAY MATTRESS CLEANING \u00f4\u00e8\u00f7 POTEMA&reg;&nbsp;\u00ec\u00e5\u00e9\u00f4\u00ef\u00f9\u00f2\u00e7\u00e5\u00dd \u00e1\u00ed\u00db\u00f3\u00f6\u00f7 \u00e5\u00ee\u00c0\u00ee\u00f4\u00e9\u00e1 \u00f3\u00f4\u00e9\u00f7 \u00ed\u00f9\u00f2\u00f6\u00e4\u00e9\u00db\u00f7 \u00eb\u00e1\u00e9 \u00e5\u00ea\u00ef\u00f9\u00e4\u00e5\u00f4\u00e5\u00f2\u00f1\u00ee\u00e5\u00e9 \u00f4\u00e1 \u00e1\u00ec\u00ec\u00e5\u00f2\u00e7\u00e9\u00ef\u00e7\u00de\u00ee\u00e1 \u00f0\u00ef\u00f9 \u00f0\u00e5\u00f2\u00e9\u00db\u00f8\u00ef\u00f9\u00ee \u00f4\u00e1 \u00f0\u00e5\u00f2\u00e9\u00f4\u00f4\u00f1\u00ed\u00e1\u00f4\u00e1 \u00f4\u00f6\u00ee \u00e1\u00eb\u00c0\u00f2\u00e9\u00f6\u00ee \u00f3\u00eb\u00de\u00ee\u00e8\u00f7. \u00bb\u00f0\u00ef\u00f2\u00e5\u00dd\u00f4\u00e5 \u00ee\u00e1 \u00f4\u00ef \u00f8\u00f2\u00e8\u00f3\u00e9\u00ed\u00ef\u00f0\u00ef\u00e9\u00e5\u00dd\u00f4\u00e5 \u00f4\u00e1\u00eb\u00f4\u00e9\u00eb\u00c0 \u00f0\u00e5\u00f2\u00dd\u00f0\u00ef\u00f9 \u00eb\u00c0\u00f5\u00e5 \u00e4\u00e5\u00eb\u00e1\u00f0\u00e5\u00ee\u00f5\u00dc\u00ed\u00e5\u00f2\u00ef \u00de\u00f4\u00e1\u00ee \u00e1\u00ec\u00ec\u00c0\u00fa\u00e5\u00f4\u00e5 \u00f4\u00e1 \u00e5\u00ee\u00e4\u00e0\u00ed\u00e1\u00f4\u00e1 \u00eb\u00f2\u00e5\u00e2\u00e1\u00f4\u00e9\u00f1\u00ee \u00dc \u00de\u00f4\u00e1\u00ee \u00e1\u00ec\u00ec\u00c0\u00fa\u00ef\u00f9\u00ee \u00ef\u00e9 \u00e6\u00e9\u00ec\u00ef\u00ea\u00e5\u00ee\u00ef\u00e0\u00ed\u00e5\u00ee\u00ef\u00e9. \u00bb\u00e5\u00f4\u00c0 \u00e1\u00f0\u00de \u00db\u00ee\u00e1\u00ee \u00e3\u00e5\u00eb\u00e1\u00f3\u00ed\u00de \u00f3\u00f4\u00f2\u00f1\u00ed\u00e1\u00f4\u00ef\u00f7 \u00f0\u00f2\u00db\u00f0\u00e5\u00e9 \u00ee\u00e1 \u00f0\u00e5\u00f2\u00e9\u00ed\u00db\u00ee\u00e5\u00f4\u00e5 \u00f0\u00e5\u00f2\u00dd\u00f0\u00ef\u00f9 10 \u00ec\u00e5\u00f0\u00f4\u00c0 \u00e7\u00e9\u00e1 \u00ee\u00e1 \u00e4\u00f2\u00c0\u00f3\u00e5\u00e9.<\/p>\n<p>\u00a6\u00f2\u00de\u00f3\u00f5\u00e5\u00f4\u00e8 \u00e5\u00f0\u00dd\u00e4\u00f2\u00e1\u00f3\u00e8:<\/p>\n<p>\u00c3\u00f9\u00e4\u00e5\u00f4\u00e5\u00f2\u00ef\u00f0\u00ef\u00dd\u00e8\u00f3\u00e8 \u00f4\u00e8\u00f7 \u00ed\u00f9\u00f2\u00f6\u00e4\u00e9\u00c0\u00f7 \u00f3\u00f4\u00ef\u00ee \u00eb\u00c0\u00e4\u00ef \u00f3\u00eb\u00ef\u00f9\u00f0\u00e9\u00e4\u00e9\u00f1\u00ee, \u00f4\u00e9\u00f7 \u00f0\u00e1\u00f0\u00ef\u00f9\u00f4\u00f3\u00e9\u00f6\u00f5\u00dc\u00eb\u00e5\u00f7, \u00f4\u00e9\u00f7 \u00f4\u00ef\u00f9\u00e1\u00ec\u00db\u00f4\u00e5\u00f7 \u00eb\u00e1\u00e9 \u00f3\u00f4\u00ef \u00eb\u00e1\u00ec\u00c0\u00f5\u00e9 \u00ed\u00e5 \u00f4\u00e1 \u00c0\u00f0\u00ec\u00f9\u00f4\u00e1. \u00b0\u00e6\u00e1\u00e9\u00f2\u00e5\u00dd \u00e1\u00eb\u00de\u00ed\u00e8 \u00eb\u00e1\u00e9 \u00f4\u00ef\u00ee \u00eb\u00e1\u00f0\u00ee\u00de \u00f4\u00f3\u00e9\u00e7\u00c0\u00f2\u00f6\u00ee \u00e1\u00f0\u00de \u00f4\u00e1 \u00e5\u00ee\u00e4\u00e0\u00ed\u00e1\u00f4\u00e1 \u00eb\u00ec\u00f6\u00f3\u00f4\u00ef\u00fc\u00e6\u00e1\u00ee\u00f4\u00ef\u00f9\u00f2\u00e7\u00e9\u00eb\u00f1\u00ee \u00f0\u00f2\u00ef\u00fb\u00de\u00ee\u00f4\u00f6\u00ee \u00f0.\u00f8., \u00f4\u00e9\u00f7 \u00eb\u00ef\u00f9\u00f2\u00f4\u00dd\u00ee\u00e5\u00f7, \u00f4\u00ef \u00ed\u00e1\u00ea\u00e9\u00ec\u00c0\u00f2\u00e9 \u00eb\u00e1\u00e9 \u00f4\u00ef\u00f9\u00f7 \u00f4\u00c0\u00f0\u00e8\u00f4\u00e5\u00f7 \u00eb\u00e1\u00f5\u00f1\u00f7 \u00e5\u00f0\u00dd\u00f3\u00e8\u00f7 \u00eb\u00e1\u00e9 \u00f4\u00e9\u00f7 \u00db\u00ee\u00f4\u00ef\u00ee\u00e5\u00f7 \u00fa\u00f6\u00e9\u00eb\u00db\u00f7 \u00ed\u00f9\u00f2\u00f6\u00e4\u00e9\u00db\u00f7.<\/p>\n<p>\u00cc\u00f2\u00e8\u00f3\u00e9\u00ed\u00ef\u00f0\u00ef\u00e9\u00e5\u00dd\u00f4\u00e1\u00e9 \u00e1\u00eb\u00de\u00ed\u00e8 \u00eb\u00e1\u00e9 \u00e7\u00e9\u00e1 \u00f4\u00e8\u00ee \u00e1\u00e6\u00e1\u00dd\u00f2\u00e5\u00f3\u00e8 \u00ec\u00e5\u00eb\u00db\u00e4\u00f6\u00ee. \u00b0\u00f0\u00ec\u00c0 \u00e5\u00e6\u00e1\u00f2\u00ed\u00de\u00f3\u00f4\u00e5 \u00f4\u00ef\u00ee \u00e3\u00e5\u00eb\u00e1\u00f3\u00ed\u00de \u00f3\u00e5 \u00db\u00ee\u00e1\u00ee \u00e6\u00f2\u00db\u00f3\u00eb\u00ef \u00ec\u00e5\u00eb\u00db \u00eb\u00e1\u00e9 \u00f3\u00eb\u00ef\u00f9\u00f0\u00dd\u00f3\u00f4\u00e5 \u00ed\u00e5 \u00ed\u00e9\u00e1 \u00f0\u00e5\u00f4\u00f3\u00db\u00f4\u00e1 \u00ed\u00e5 \u00ed\u00e9\u00e1 \u00f0\u00e5\u00f2\u00e9\u00f3\u00f4\u00f2\u00ef\u00e6\u00e9\u00eb\u00dc \u00ed\u00e5\u00f4\u00e1\u00eb\u00dd\u00ee\u00e8\u00f3\u00e8 \u00e1\u00f0\u00de \u00f4\u00ef \u00e5\u00ea\u00f6\u00f4\u00e5\u00f2\u00e9\u00eb\u00de \u00f3\u00f4\u00ef \u00e5\u00f3\u00f6\u00f4\u00e5\u00f2\u00e9\u00eb\u00de \u00f4\u00ef\u00f9 \u00ec\u00e5\u00eb\u00db.<\/p>\n<p>\u00c6\u00ef Mattress Clean Spray \u00e4\u00e9\u00e1\u00f4\u00dd\u00f5\u00e5\u00f4\u00e1\u00e9 \u00f3\u00e5 \u00f3\u00f9\u00f3\u00eb\u00e5\u00f9\u00e1\u00f3\u00dd\u00e1:<\/p>\n<p>100ml.<\/p>\n<p>500ml.<\/p>\n","protected":false},"featured_media":0,"comment_status":"closed","ping_status":"open","template":"","meta":{"_monsterinsights_skip_tracking":false,"_monsterinsights_sitenote_active":false,"_monsterinsights_sitenote_note":"","_monsterinsights_sitenote_category":0},"product_brand":[],"product_cat":[15],"product_tag":[],"class_list":{"0":"post-8353","1":"product","2":"type-product","3":"status-publish","5":"product_cat-uncategorized","7":"first","8":"outofstock","9":"purchasable","10":"product-type-simple"},"aioseo_notices":[],"jetpack_sharing_enabled":true,"_links":{"self":[{"href":"https:\/\/demo3.bigdigital.gr\/index.php\/wp-json\/wp\/v2\/product\/8353","targetHints":{"allow":["GET"]}}],"collection":[{"href":"https:\/\/demo3.bigdigital.gr\/index.php\/wp-json\/wp\/v2\/product"}],"about":[{"href":"https:\/\/demo3.bigdigital.gr\/index.php\/wp-json\/wp\/v2\/types\/product"}],"replies":[{"embeddable":true,"href":"https:\/\/demo3.bigdigital.gr\/index.php\/wp-json\/wp\/v2\/comments?post=8353"}],"wp:attachment":[{"href":"https:\/\/demo3.bigdigital.gr\/index.php\/wp-json\/wp\/v2\/media?parent=8353"}],"wp:term":[{"taxonomy":"product_brand","embeddable":true,"href":"https:\/\/demo3.bigdigital.gr\/index.php\/wp-json\/wp\/v2\/product_brand?post=8353"},{"taxonomy":"product_cat","embeddable":true,"href":"https:\/\/demo3.bigdigital.gr\/index.php\/wp-json\/wp\/v2\/product_cat?post=8353"},{"taxonomy":"product_tag","embeddable":true,"href":"https:\/\/demo3.bigdigital.gr\/index.php\/wp-json\/wp\/v2\/product_tag?post=8353"}],"curies":[{"name":"wp","href":"https:\/\/api.w.org\/{rel}","templated":true}]}}