{"id":8354,"date":"2025-10-14T08:17:23","date_gmt":"2025-10-14T06:17:23","guid":{"rendered":"https:\/\/demo3.bigdigital.gr\/index.php\/product\/samcos-tea-4-beauty-otheeeii-ooau-auiaoeoia-200gr\/"},"modified":"2025-10-14T08:17:23","modified_gmt":"2025-10-14T06:17:23","slug":"samcos-tea-4-beauty-otheeeii-ooau-auiaoeoia-200gr","status":"publish","type":"product","link":"https:\/\/demo3.bigdigital.gr\/index.php\/product\/samcos-tea-4-beauty-otheeeii-ooau-auiaoeoia-200gr\/","title":{"rendered":"Samcos Tea 4 Beauty, \u00ba\u00de\u00eb\u00eb\u00e9\u00ee\u00ef \u00f4\u00f3\u00c0\u00fb -\u00b0\u00e4\u00f9\u00ee\u00c0\u00f4\u00e9\u00f3\u00ed\u00e1 200gr"},"content":{"rendered":"","protected":false},"excerpt":{"rendered":"<p>Samcos Tea 4 Beauty, \u00ba\u00de\u00eb\u00eb\u00e9\u00ee\u00ef \u00f4\u00f3\u00c0\u00fb -\u00b0\u00e4\u00f9\u00ee\u00c0\u00f4\u00e9\u00f3\u00ed\u00e1 200gr<\/p>\n<p>\u00a1\u00e9\u00e1 \u00f4\u00ef\u00ee \u00db\u00ec\u00e5\u00e7\u00f8\u00ef \u00f4\u00ef\u00f9 \u00f3\u00f6\u00ed\u00e1\u00f4\u00e9\u00eb\u00ef\u00e0 \u00e2\u00c0\u00f2\u00ef\u00f9\u00f7, \u00e1\u00f0\u00ef\u00f4\u00ef\u00ea\u00e9\u00ee\u00f6\u00f4\u00e9\u00eb\u00de, \u00f8\u00f6\u00ee\u00e5\u00f9\u00f4\u00e9\u00eb\u00de<\/p>\n<p>To \u00f3\u00f4\u00e9\u00e7\u00ed\u00e9\u00e1\u00dd\u00ef \u00f2\u00de\u00e6\u00e8\u00ed\u00e1 \u00eb\u00de\u00eb\u00eb\u00e9\u00ee\u00ef\u00f9 \u00f4\u00f3\u00e1\u00e7\u00e9\u00ef\u00e0 (\u00f0\u00ef\u00e9\u00eb\u00e9\u00ec\u00dd\u00e1 PU-ERH), \u00e5\u00dd\u00ee\u00e1\u00e9 \u00e7\u00ee\u00f6\u00f3\u00f4\u00de \u00f6\u00f7 &laquo;\u00e6\u00e1\u00f2\u00ed\u00e1\u00eb\u00e5\u00f9\u00f4\u00e9\u00eb\u00de \u00f2\u00de\u00e6\u00e8\u00ed\u00e1&raquo; \u00f0\u00ef\u00f9 \u00e2\u00ef\u00e8\u00f5\u00c0 \u00f3\u00f4\u00e8 \u00e4\u00e9\u00e1\u00f4\u00dc\u00f2\u00e8\u00f3\u00e8 \u00f4\u00e8\u00f7 \u00eb\u00e1\u00ec\u00dc\u00f7 \u00f9\u00e7\u00e5\u00dd\u00e1\u00f7. \u00b6\u00ea\u00e1\u00e9\u00f2\u00e5\u00f4\u00e9\u00eb\u00de \u00f3\u00f9\u00ed\u00f0\u00ec\u00dc\u00f2\u00f6\u00ed\u00e1 \u00f3\u00f4\u00ef\u00ee \u00db\u00ec\u00e5\u00e7\u00f8\u00ef \u00f4\u00ef\u00f9 \u00f3\u00f6\u00ed\u00e1\u00f4\u00e9\u00eb\u00ef\u00e0 \u00e2\u00c0\u00f2\u00ef\u00f9\u00f7, \u00e1\u00f0\u00ef\u00f4\u00ef\u00ea\u00e9\u00ee\u00f6\u00f4\u00e9\u00eb\u00de, \u00f8\u00f6\u00ee\u00e5\u00f9\u00f4\u00e9\u00eb\u00de, \u00eb\u00e1\u00f5\u00e1\u00f2\u00f4\u00e9\u00eb\u00de. \u00a2\u00e5\u00ee \u00e5\u00f2\u00e5\u00f5\u00dd\u00fa\u00e5\u00e9 \u00f4\u00ef \u00f3\u00f4\u00ef\u00ed\u00c0\u00f8\u00e9 \u00ec\u00de\u00e7\u00f6 \u00f4\u00e8\u00f7 \u00f8\u00e1\u00ed\u00e8\u00ec\u00dc\u00f7 \u00f0\u00e5\u00f2\u00e9\u00e5\u00eb\u00f4\u00e9\u00eb\u00de\u00f4\u00e8\u00f4\u00e1\u00f7 \u00f4\u00ef\u00f9 \u00f3\u00e5 \u00f4\u00e1\u00ee\u00dd\u00ee\u00e5\u00f7.<\/p>\n<p>\u00b6\u00ed\u00f0\u00ec\u00ef\u00f9\u00f4\u00e9\u00f3\u00ed\u00db\u00ee\u00ef \u00ed\u00e5 CLA (\u00f3\u00f9\u00fa\u00e5\u00f9\u00e7\u00ed\u00db\u00ee\u00ef \u00ec\u00e9\u00ee\u00ef\u00ec\u00e5\u00fb\u00eb\u00de \u00ef\u00ea\u00e0), \u00e7\u00ee\u00f6\u00f3\u00f4\u00de \u00e7\u00e9\u00e1 \u00f4\u00e8\u00ee \u00e9\u00eb\u00e1\u00ee\u00de\u00f4\u00e8\u00f4\u00e1 \u00f4\u00ef\u00f9 \u00ee\u00e1 \u00ed\u00e5\u00e9\u00f1\u00ee\u00e5\u00e9 \u00f4\u00ef \u00f3\u00f9\u00f3\u00f3\u00f6\u00f2\u00e5\u00f9\u00ed\u00db\u00ee\u00ef \u00ec\u00dd\u00f0\u00ef\u00f7 \u00e7\u00e0\u00f2\u00f6 \u00e1\u00f0\u00de \u00f4\u00e8 \u00ed\u00db\u00f3\u00e8, \u00f4\u00e8\u00ee \u00f0\u00e5\u00f2\u00e9\u00e6\u00db\u00f2\u00e5\u00e9\u00e1, \u00f4\u00ef\u00f9\u00f7 \u00e7\u00ef\u00e6\u00ef\u00e0\u00f7. \u00c6\u00ef CLA \u00e5\u00dd\u00ee\u00e1\u00e9 \u00e1\u00f0\u00e1\u00f2\u00e1\u00dd\u00f4\u00e8\u00f4\u00ef \u00de\u00f4\u00e1\u00ee \u00eb\u00e1\u00ee\u00e5\u00dd\u00f7 \u00e1\u00eb\u00ef\u00ec\u00ef\u00f9\u00f5\u00e5\u00dd \u00eb\u00e1\u00eb\u00db\u00f7 \u00e4\u00e9\u00e1\u00f4\u00f2\u00ef\u00e6\u00e9\u00eb\u00db\u00f7 \u00f3\u00f9\u00ee\u00dc\u00f5\u00e5\u00e9\u00e5\u00f7. \u00b6\u00ee\u00e9\u00f3\u00f8\u00e0\u00e5\u00e9 \u00f4\u00ef \u00ed\u00e5\u00f4\u00e1\u00e2\u00ef\u00ec\u00e9\u00f3\u00ed\u00de \u00f0\u00e5\u00f2\u00e9\u00f3\u00f3\u00de\u00f4\u00e5\u00f2\u00ef \u00e1\u00f0&rsquo; \u00de\u00f4\u00e9 \u00f4\u00ef \u00f6\u00ed\u00db\u00e7\u00e1-3, \u00ed\u00e5\u00f4\u00e1\u00f4\u00f2\u00db\u00f0\u00e5\u00e9 \u00f4\u00ef \u00e1\u00f0\u00ef\u00f5\u00e8\u00eb\u00e5\u00f9\u00ed\u00db\u00ee\u00ef \u00ec\u00dd\u00f0\u00ef\u00f7 \u00f3\u00e5 \u00e5\u00ee\u00db\u00f2\u00e7\u00e5\u00e9\u00e1, \u00e5\u00ee\u00f1 \u00f0\u00e1\u00f2\u00c0\u00ec\u00ec\u00e8\u00ec\u00e1 \u00e1\u00f0\u00ef\u00f4\u00f2\u00db\u00f0\u00e5\u00e9 \u00f4\u00e8\u00ee \u00e1\u00f0\u00ef\u00f5\u00dc\u00eb\u00e5\u00f9\u00f3\u00e8 \u00f4\u00ef\u00f9 \u00f3\u00f4\u00e1 \u00ec\u00e9\u00f0\u00ef\u00eb\u00e0\u00f4\u00f4\u00e1\u00f2\u00e1.<\/p>\n<p>\u00b6\u00f0\u00e9\u00f0\u00ec\u00db\u00ef\u00ee, \u00f0\u00e5\u00f2\u00e9\u00db\u00f8\u00e5\u00e9 L-CARNITIN, \u00e8 \u00ef\u00f0\u00ef\u00dd\u00e1 \u00f3\u00f9\u00ed\u00e2\u00c0\u00ec\u00ec\u00e5\u00e9 \u00f3\u00f4\u00ef \u00ed\u00e5\u00f4\u00e1\u00e2\u00ef\u00ec\u00e9\u00f3\u00ed\u00de \u00f4\u00f6\u00ee \u00ec\u00e9\u00f0\u00e1\u00f2\u00f1\u00ee \u00ef\u00ea\u00db\u00f6\u00ee, \u00f0\u00f2\u00ef\u00f3\u00f4\u00e1\u00f4\u00e5\u00e0\u00e5\u00e9 \u00f4\u00e8\u00ee \u00eb\u00e1\u00f2\u00e4\u00e9\u00c0 \u00eb\u00e1\u00e9 \u00f4\u00ef \u00eb\u00f9\u00eb\u00ec\u00ef\u00e6\u00ef\u00f2\u00e9\u00eb\u00de \u00f3\u00e0\u00f3\u00f4\u00e8\u00ed\u00e1, \u00eb\u00e1\u00f5\u00f1\u00f7 \u00eb\u00e1\u00e9 \u00e5\u00eb\u00f8\u00e0\u00ec\u00e9\u00f3\u00ed\u00e1 \u00e9\u00e2\u00dd\u00f3\u00eb\u00ef\u00f9 \u00f0\u00ec\u00ef\u00e0\u00f3\u00e9\u00ef \u00f3\u00e5 \u00f0\u00ef\u00ec\u00f9\u00f3\u00e1\u00eb\u00f8\u00e1\u00f2\u00dd\u00f4\u00e5\u00f7 \u00eb\u00e1\u00e9 \u00e6\u00ec\u00e1\u00e2\u00ef\u00ee\u00ef\u00e5\u00e9\u00e4\u00dc, \u00e7\u00ee\u00f6\u00f3\u00f4\u00de \u00e4\u00e9\u00ef\u00f9\u00f2\u00e8\u00f4\u00e9\u00eb\u00de, \u00eb\u00e1\u00f5\u00e1\u00f2\u00f4\u00e9\u00eb\u00de, \u00e2\u00e5\u00ec\u00f4\u00e9\u00f6\u00f4\u00e9\u00eb\u00de \u00f4\u00e8\u00f7 \u00f0\u00db\u00e3\u00e8\u00f7, \u00f0\u00f2\u00ef\u00f3\u00f4\u00e1\u00f4\u00e5\u00f9\u00f4\u00e9\u00eb\u00de \u00f4\u00f6\u00ee \u00e1\u00e7\u00e7\u00e5\u00dd\u00f6\u00ee.<\/p>\n<p>\u00bb\u00e5 \u00f4\u00ef \u00eb\u00de\u00eb\u00eb\u00e9\u00ee\u00ef \u00f4\u00f3\u00c0\u00e9 PU-ERH \u00e5\u00f0\u00e9\u00f4\u00f9\u00e7\u00f8\u00c0\u00ee\u00e5\u00f4\u00e1\u00e9:<\/p>\n<p>&#8211; \u00bb\u00e5\u00dd\u00f6\u00f3\u00e8 \u00f4\u00f6\u00ee \u00f0\u00de\u00ee\u00f4\u00f6\u00ee \u00f3\u00f4\u00e8 \u00ed\u00db\u00f3\u00e8, \u00f3\u00f4\u00e8\u00ee \u00f0\u00e5\u00f2\u00e9\u00e6\u00db\u00f2\u00e5\u00e9\u00e1 \u00eb\u00e1\u00e9 \u00f3\u00f4\u00ef\u00f9\u00f7 \u00e7\u00ef\u00e6\u00ef\u00e0\u00f7.<br \/>\n&#8211; \u00b0\u00f0\u00ef\u00f4\u00ef\u00ea\u00dd\u00ee\u00f6\u00f3\u00e8 \u00f4\u00ef\u00f9 \u00ef\u00f2\u00e7\u00e1\u00ee\u00e9\u00f3\u00ed\u00ef\u00e0.<br \/>\n&#8211; \u00a2\u00e9\u00e5\u00f9\u00eb\u00de\u00ec\u00f9\u00ee\u00f3\u00e8 \u00f4\u00e8\u00f7 \u00ec\u00e5\u00e9\u00f4\u00ef\u00f9\u00f2\u00e7\u00dd\u00e1\u00f7 \u00f4\u00e8\u00f7 \u00f0\u00db\u00e3\u00e8\u00f7.<br \/>\n&#8211; \u00b6\u00ee\u00dd\u00f3\u00f8\u00f9\u00f3\u00e8 \u00f4\u00e8\u00f7 \u00c0\u00ed\u00f9\u00ee\u00e1\u00f7 \u00f4\u00ef\u00f9 \u00ef\u00f2\u00e7\u00e1\u00ee\u00e9\u00f3\u00ed\u00ef\u00e0 \u00ed\u00db\u00f3\u00f6 \u00f4\u00f6\u00ee \u00e1\u00ee\u00f4\u00e9\u00ef\u00ea\u00e5\u00e9\u00e4\u00f6\u00f4\u00e9\u00eb\u00f1\u00ee \u00f4\u00ef\u00f9 \u00e9\u00e4\u00e9\u00ef\u00f4\u00dc\u00f4\u00f6\u00ee.<br \/>\n&#8211; \u00b6\u00ee\u00dd\u00f3\u00f8\u00f9\u00f3\u00e8 \u00f4\u00ef\u00f9 \u00f3\u00f6\u00ed\u00e1\u00f4\u00e9\u00eb\u00ef\u00e0 \u00f4\u00de\u00ee\u00ef\u00f9 \u00eb\u00e1\u00e9 \u00f4\u00e8\u00f7 \u00ed\u00f9\u00fb\u00eb\u00dc\u00f7 \u00ed\u00c0\u00fa\u00e1\u00f7.<\/p>\n<p>\u00cc\u00e1\u00f2\u00e1\u00eb\u00f4\u00e8\u00f2\u00e9\u00f3\u00f4\u00e9\u00eb\u00c0<\/p>\n<p>\u00b6\u00ed\u00f0\u00ec\u00ef\u00f9\u00f4\u00e9\u00f3\u00ed\u00db\u00ee\u00ef \u00ed\u00e5 CLA (\u00f3\u00f9\u00fa\u00e5\u00f9\u00e7\u00ed\u00db\u00ee\u00ef \u00ec\u00e9\u00ee\u00ef\u00ec\u00e5\u00fb\u00eb\u00de \u00ef\u00ea\u00e0), \u00e7\u00ee\u00f6\u00f3\u00f4\u00de \u00e7\u00e9\u00e1 \u00f4\u00e8\u00ee \u00e9\u00eb\u00e1\u00ee\u00de\u00f4\u00e8\u00f4\u00e1 \u00f4\u00ef\u00f9 \u00ee\u00e1 \u00ed\u00e5\u00e9\u00f1\u00ee\u00e5\u00e9 \u00f4\u00ef \u00f3\u00f9\u00f3\u00f3\u00f6\u00f2\u00e5\u00f9\u00ed\u00db\u00ee\u00ef \u00ec\u00dd\u00f0\u00ef\u00f7 \u00e7\u00e0\u00f2\u00f6 \u00e1\u00f0\u00de \u00f4\u00e8 \u00ed\u00db\u00f3\u00e8, \u00f4\u00e8\u00ee \u00f0\u00e5\u00f2\u00e9\u00e6\u00db\u00f2\u00e5\u00e9\u00e1, \u00f4\u00ef\u00f9\u00f7 \u00e7\u00ef\u00e6\u00ef\u00e0\u00f7. \u00c6\u00ef CLA \u00e5\u00dd\u00ee\u00e1\u00e9 \u00e1\u00f0\u00e1\u00f2\u00e1\u00dd\u00f4\u00e8\u00f4\u00ef \u00de\u00f4\u00e1\u00ee \u00eb\u00e1\u00ee\u00e5\u00dd\u00f7 \u00e1\u00eb\u00ef\u00ec\u00ef\u00f9\u00f5\u00e5\u00dd \u00eb\u00e1\u00eb\u00db\u00f7 \u00e4\u00e9\u00e1\u00f4\u00f2\u00ef\u00e6\u00e9\u00eb\u00db\u00f7 \u00f3\u00f9\u00ee\u00dc\u00f5\u00e5\u00e9\u00e5\u00f7. \u00b6\u00ee\u00e9\u00f3\u00f8\u00e0\u00e5\u00e9 \u00f4\u00ef \u00ed\u00e5\u00f4\u00e1\u00e2\u00ef\u00ec\u00e9\u00f3\u00ed\u00de \u00f0\u00e5\u00f2\u00e9\u00f3\u00f3\u00de\u00f4\u00e5\u00f2\u00ef \u00e1\u00f0&rsquo; \u00de\u00f4\u00e9 \u00f4\u00ef \u00f6\u00ed\u00db\u00e7\u00e1-3, \u00ed\u00e5\u00f4\u00e1\u00f4\u00f2\u00db\u00f0\u00e5\u00e9 \u00f4\u00ef \u00e1\u00f0\u00ef\u00f5\u00e8\u00eb\u00e5\u00f9\u00ed\u00db\u00ee\u00ef \u00ec\u00dd\u00f0\u00ef\u00f7 \u00f3\u00e5 \u00e5\u00ee\u00db\u00f2\u00e7\u00e5\u00e9\u00e1, \u00e5\u00ee\u00f1 \u00f0\u00e1\u00f2\u00c0\u00ec\u00ec\u00e8\u00ec\u00e1 \u00e1\u00f0\u00ef\u00f4\u00f2\u00db\u00f0\u00e5\u00e9 \u00f4\u00e8\u00ee \u00e1\u00f0\u00ef\u00f5\u00dc\u00eb\u00e5\u00f9\u00f3\u00e8 \u00f4\u00ef\u00f9 \u00f3\u00f4\u00e1 \u00ec\u00e9\u00f0\u00ef\u00eb\u00e0\u00f4\u00f4\u00e1\u00f2\u00e1.<\/p>\n<p>\u00b6\u00f0\u00e9\u00f0\u00ec\u00db\u00ef\u00ee, \u00f0\u00e5\u00f2\u00e9\u00db\u00f8\u00e5\u00e9 L-CARNITIN, \u00e8 \u00ef\u00f0\u00ef\u00dd\u00e1 \u00f3\u00f9\u00ed\u00e2\u00c0\u00ec\u00ec\u00e5\u00e9 \u00f3\u00f4\u00ef \u00ed\u00e5\u00f4\u00e1\u00e2\u00ef\u00ec\u00e9\u00f3\u00ed\u00de \u00f4\u00f6\u00ee \u00ec\u00e9\u00f0\u00e1\u00f2\u00f1\u00ee \u00ef\u00ea\u00db\u00f6\u00ee, \u00f0\u00f2\u00ef\u00f3\u00f4\u00e1\u00f4\u00e5\u00e0\u00e5\u00e9 \u00f4\u00e8\u00ee \u00eb\u00e1\u00f2\u00e4\u00e9\u00c0 \u00eb\u00e1\u00e9 \u00f4\u00ef \u00eb\u00f9\u00eb\u00ec\u00ef\u00e6\u00ef\u00f2\u00e9\u00eb\u00de \u00f3\u00e0\u00f3\u00f4\u00e8\u00ed\u00e1, \u00eb\u00e1\u00f5\u00f1\u00f7 \u00eb\u00e1\u00e9 \u00e5\u00eb\u00f8\u00e0\u00ec\u00e9\u00f3\u00ed\u00e1 \u00e9\u00e2\u00dd\u00f3\u00eb\u00ef\u00f9 \u00f0\u00ec\u00ef\u00e0\u00f3\u00e9\u00ef \u00f3\u00e5 \u00f0\u00ef\u00ec\u00f9\u00f3\u00e1\u00eb\u00f8\u00e1\u00f2\u00dd\u00f4\u00e5\u00f7 \u00eb\u00e1\u00e9 \u00e6\u00ec\u00e1\u00e2\u00ef\u00ee\u00ef\u00e5\u00e9\u00e4\u00dc, \u00e7\u00ee\u00f6\u00f3\u00f4\u00de \u00e4\u00e9\u00ef\u00f9\u00f2\u00e8\u00f4\u00e9\u00eb\u00de, \u00eb\u00e1\u00f5\u00e1\u00f2\u00f4\u00e9\u00eb\u00de, \u00e2\u00e5\u00ec\u00f4\u00e9\u00f6\u00f4\u00e9\u00eb\u00de \u00f4\u00e8\u00f7 \u00f0\u00db\u00e3\u00e8\u00f7, \u00f0\u00f2\u00ef\u00f3\u00f4\u00e1\u00f4\u00e5\u00f9\u00f4\u00e9\u00eb\u00de \u00f4\u00f6\u00ee \u00e1\u00e7\u00e7\u00e5\u00dd\u00f6\u00ee.<\/p>\n<p>&nbsp;<\/p>\n","protected":false},"featured_media":0,"comment_status":"closed","ping_status":"open","template":"","meta":{"_monsterinsights_skip_tracking":false,"_monsterinsights_sitenote_active":false,"_monsterinsights_sitenote_note":"","_monsterinsights_sitenote_category":0},"product_brand":[],"product_cat":[15],"product_tag":[],"class_list":{"0":"post-8354","1":"product","2":"type-product","3":"status-publish","5":"product_cat-uncategorized","7":"first","8":"outofstock","9":"sale","10":"purchasable","11":"product-type-simple"},"aioseo_notices":[],"jetpack_sharing_enabled":true,"_links":{"self":[{"href":"https:\/\/demo3.bigdigital.gr\/index.php\/wp-json\/wp\/v2\/product\/8354","targetHints":{"allow":["GET"]}}],"collection":[{"href":"https:\/\/demo3.bigdigital.gr\/index.php\/wp-json\/wp\/v2\/product"}],"about":[{"href":"https:\/\/demo3.bigdigital.gr\/index.php\/wp-json\/wp\/v2\/types\/product"}],"replies":[{"embeddable":true,"href":"https:\/\/demo3.bigdigital.gr\/index.php\/wp-json\/wp\/v2\/comments?post=8354"}],"wp:attachment":[{"href":"https:\/\/demo3.bigdigital.gr\/index.php\/wp-json\/wp\/v2\/media?parent=8354"}],"wp:term":[{"taxonomy":"product_brand","embeddable":true,"href":"https:\/\/demo3.bigdigital.gr\/index.php\/wp-json\/wp\/v2\/product_brand?post=8354"},{"taxonomy":"product_cat","embeddable":true,"href":"https:\/\/demo3.bigdigital.gr\/index.php\/wp-json\/wp\/v2\/product_cat?post=8354"},{"taxonomy":"product_tag","embeddable":true,"href":"https:\/\/demo3.bigdigital.gr\/index.php\/wp-json\/wp\/v2\/product_tag?post=8354"}],"curies":[{"name":"wp","href":"https:\/\/api.w.org\/{rel}","templated":true}]}}