{"id":8355,"date":"2025-10-14T08:17:23","date_gmt":"2025-10-14T06:17:23","guid":{"rendered":"https:\/\/demo3.bigdigital.gr\/index.php\/product\/aboca-bianacid-neo-15tabs-2\/"},"modified":"2025-10-14T08:17:23","modified_gmt":"2025-10-14T06:17:23","slug":"aboca-bianacid-neo-15tabs-2","status":"publish","type":"product","link":"https:\/\/demo3.bigdigital.gr\/index.php\/product\/aboca-bianacid-neo-15tabs-2\/","title":{"rendered":"Aboca Bianacid Neo 15tabs"},"content":{"rendered":"","protected":false},"excerpt":{"rendered":"<p>\u00a6\u00e5\u00f2\u00e9\u00e7\u00f2\u00e1\u00e6\u00dc<\/p>\n<p>\u00b6\u00dd\u00ee\u00e1\u00e9 \u00db\u00ee\u00e1 \u00f3\u00f9\u00ed\u00f0\u00ec\u00dc\u00f2\u00f6\u00ed\u00e1 \u00e4\u00e9\u00e1\u00f4\u00f2\u00ef\u00e6\u00dc\u00f7 \u00e7\u00e9\u00e1 \u00f4\u00e8\u00ee \u00e1\u00ee\u00f4\u00e9\u00ed\u00e5\u00f4\u00f1\u00f0\u00e9\u00f3\u00e8 \u00f4\u00e8\u00f7&nbsp;\u00e7\u00e1\u00f3\u00f4\u00f2\u00ef\u00ef\u00e9\u00f3\u00ef\u00e6\u00e1\u00e7\u00e9\u00eb\u00dc\u00f7 \u00f0\u00e1\u00ec\u00e9\u00ee\u00e4\u00f2\u00de\u00ed\u00e8\u00f3\u00e8\u00f7&nbsp;\u00eb\u00e1\u00e9 \u00f4\u00e8\u00f7&nbsp;\u00eb\u00e1\u00ef\u00e0\u00f2\u00e1\u00f7. \u00a6\u00f2\u00ef\u00f3\u00f4\u00e1\u00f4\u00e5\u00e0\u00e5\u00e9 \u00f4\u00ef \u00e2\u00ec\u00e5\u00ee\u00ef\u00e7\u00de\u00ee\u00ee\u00ef \u00f4\u00ef\u00f9 \u00f3\u00f4\u00ef\u00ed\u00c0\u00f8\u00ef\u00f9 \u00e4\u00e8\u00ed\u00e9\u00ef\u00f9\u00f2\u00e7\u00f1\u00ee\u00f4\u00e1\u00f7 \u00db\u00ee\u00e1 \u00f0\u00f2\u00ef\u00f3\u00f4\u00e1\u00f4\u00e5\u00f9\u00f4\u00e9\u00eb\u00de \u00f3\u00f4\u00f2\u00f1\u00ed\u00e1 \u00eb\u00e1\u00f4\u00c0 \u00f4\u00e8\u00f7 \u00f9\u00f0\u00e5\u00f2\u00ef\u00ea\u00e0\u00f4\u00e8\u00f4\u00e1\u00f7, \u00eb\u00e1\u00e9 \u00e4\u00f2\u00e1 \u00eb\u00e1\u00f4\u00c0 \u00f4\u00e8\u00f7&nbsp;\u00e7\u00e1\u00f3\u00f4\u00f2\u00e9\u00f4\u00e9\u00e4\u00e1\u00f7, \u00f4\u00e8\u00f7 \u00e7\u00e1\u00f3\u00f4\u00f2\u00e1\u00ec\u00e7\u00dd\u00e1\u00f7 \u00eb\u00e1\u00e9 \u00f4\u00ef\u00f9 \u00eb\u00ef\u00e9\u00ec\u00e9\u00e1\u00eb\u00ef\u00e0 \u00e6\u00ef\u00f9\u00f3\u00eb\u00f1\u00ed\u00e1\u00f4\u00ef\u00f7. \u00a2\u00e9\u00e1\u00f4\u00e8\u00f2\u00e5\u00dd \u00f4\u00ef \u00e6\u00f9\u00f3\u00e9\u00ef\u00ec\u00ef\u00e7\u00e9\u00eb\u00de&nbsp;pH&nbsp;\u00f4\u00ef\u00f9 \u00f3\u00f4\u00ef\u00ed\u00c0\u00f8\u00ef\u00f9.&nbsp;\u00a6\u00e5\u00f2\u00e9\u00db\u00f8\u00e5\u00e9 \u00e6\u00f9\u00f3\u00e9\u00eb\u00c0 \u00e2\u00e9\u00ef\u00ec\u00ef\u00e7\u00e9\u00eb\u00c0 \u00f3\u00f9\u00f3\u00f4\u00e1\u00f4\u00e9\u00eb\u00c0 \u00de\u00f0\u00f6\u00f7 \u00e8&nbsp;\u00e1\u00ec\u00de\u00e8 \u00e2\u00db\u00f2\u00e1, \u00e8&nbsp;\u00e7\u00ec\u00f9\u00eb\u00dd\u00f2\u00e9\u00fa\u00e1, \u00f4\u00ef&nbsp;\u00f8\u00e1\u00ed\u00ef\u00ed\u00dc\u00ec\u00e9, \u00e8&nbsp;\u00ed\u00db\u00ee\u00f4\u00e1&nbsp;\u00eb\u00e1\u00e9 \u00f4\u00e1&nbsp;\u00e6\u00f9\u00f3\u00e9\u00eb\u00c0 \u00ef\u00f2\u00f9\u00eb\u00f4\u00c0&nbsp;(\u00e1\u00ee\u00f5\u00f2\u00e1\u00eb\u00e9\u00eb\u00de \u00e1\u00f3\u00e2\u00db\u00f3\u00f4\u00e9\u00ef, \u00e4\u00e9\u00f4\u00f4\u00e1\u00ee\u00f5\u00f2\u00e1\u00eb\u00e9\u00eb\u00de \u00ee\u00c0\u00f4\u00f2\u00e9\u00ef). \u00bb\u00f0\u00ef\u00f2\u00e5\u00dd \u00ee\u00e1 \u00f8\u00f2\u00e8\u00f3\u00e9\u00ed\u00ef\u00f0\u00ef\u00e9\u00e8\u00f5\u00e5\u00dd \u00f3\u00e5 \u00f3\u00f9\u00ee\u00e4\u00e9\u00e1\u00f3\u00ed\u00de \u00ed\u00e5 \u00e6\u00e1\u00f2\u00ed\u00e1\u00eb\u00e5\u00f9\u00f4\u00e9\u00eb\u00db\u00f7 \u00e1\u00e7\u00f6\u00e7\u00db\u00f7 \u00e7\u00e9\u00e1 \u00f4\u00e8 \u00e7\u00e1\u00f3\u00f4\u00f2\u00dd\u00f4\u00e9\u00e4\u00e1, \u00f4\u00e8 \u00e7\u00e1\u00f3\u00f4\u00f2\u00ef\u00e4\u00f6\u00e4\u00e5\u00eb\u00e1\u00eb\u00f4\u00f9\u00ec\u00dd\u00f4\u00e9\u00e4\u00e1, \u00f4\u00e8 \u00e7\u00e1\u00f3\u00f4\u00f2\u00ef\u00ef\u00e9\u00f3\u00ef\u00e6\u00e1\u00e7\u00e9\u00eb\u00dc \u00f0\u00e1\u00ec\u00e9\u00ee\u00e4\u00de\u00ed\u00e8\u00f3\u00e8 \u00eb\u00e1\u00e9 \u00f4\u00ef \u00db\u00ec\u00eb\u00ef\u00f7. \u00bb\u00f0\u00ef\u00f2\u00e5\u00dd \u00e5\u00f0\u00dd\u00f3\u00e8\u00f7 \u00ee\u00e1 \u00f8\u00f2\u00e8\u00f3\u00e9\u00ed\u00ef\u00f0\u00ef\u00e9\u00e8\u00f5\u00e5\u00dd \u00eb\u00e1\u00f4\u00c0 \u00f4\u00e8 \u00e4\u00e9\u00c0\u00f2\u00eb\u00e5\u00e9\u00e1 \u00f4\u00e8\u00f7 \u00e5\u00e7\u00eb\u00f9\u00ed\u00ef\u00f3\u00e0\u00ee\u00e8\u00f7 \u00eb\u00e1\u00e9 \u00f4\u00ef\u00f9 \u00f5\u00e8\u00ec\u00e1\u00f3\u00ed\u00ef\u00e0.<\/p>\n","protected":false},"featured_media":0,"comment_status":"closed","ping_status":"open","template":"","meta":{"_monsterinsights_skip_tracking":false,"_monsterinsights_sitenote_active":false,"_monsterinsights_sitenote_note":"","_monsterinsights_sitenote_category":0},"product_brand":[],"product_cat":[15],"product_tag":[],"class_list":{"0":"post-8355","1":"product","2":"type-product","3":"status-publish","5":"product_cat-uncategorized","7":"first","8":"outofstock","9":"sale","10":"purchasable","11":"product-type-simple"},"aioseo_notices":[],"jetpack_sharing_enabled":true,"_links":{"self":[{"href":"https:\/\/demo3.bigdigital.gr\/index.php\/wp-json\/wp\/v2\/product\/8355","targetHints":{"allow":["GET"]}}],"collection":[{"href":"https:\/\/demo3.bigdigital.gr\/index.php\/wp-json\/wp\/v2\/product"}],"about":[{"href":"https:\/\/demo3.bigdigital.gr\/index.php\/wp-json\/wp\/v2\/types\/product"}],"replies":[{"embeddable":true,"href":"https:\/\/demo3.bigdigital.gr\/index.php\/wp-json\/wp\/v2\/comments?post=8355"}],"wp:attachment":[{"href":"https:\/\/demo3.bigdigital.gr\/index.php\/wp-json\/wp\/v2\/media?parent=8355"}],"wp:term":[{"taxonomy":"product_brand","embeddable":true,"href":"https:\/\/demo3.bigdigital.gr\/index.php\/wp-json\/wp\/v2\/product_brand?post=8355"},{"taxonomy":"product_cat","embeddable":true,"href":"https:\/\/demo3.bigdigital.gr\/index.php\/wp-json\/wp\/v2\/product_cat?post=8355"},{"taxonomy":"product_tag","embeddable":true,"href":"https:\/\/demo3.bigdigital.gr\/index.php\/wp-json\/wp\/v2\/product_tag?post=8355"}],"curies":[{"name":"wp","href":"https:\/\/api.w.org\/{rel}","templated":true}]}}