{"id":8370,"date":"2025-10-14T08:17:25","date_gmt":"2025-10-14T06:17:25","guid":{"rendered":"https:\/\/demo3.bigdigital.gr\/index.php\/product\/la-roche-posay-hydraphase-ha-intense-rich-moisturiser-50ml-2\/"},"modified":"2025-11-03T16:29:26","modified_gmt":"2025-11-03T14:29:26","slug":"la-roche-posay-hydraphase-ha-intense-rich-moisturiser-50ml-2","status":"publish","type":"product","link":"https:\/\/demo3.bigdigital.gr\/index.php\/product\/la-roche-posay-hydraphase-ha-intense-rich-moisturiser-50ml-2\/","title":{"rendered":"La Roche Posay Hydraphase HA Intense Rich Moisturiser 50ml"},"content":{"rendered":"","protected":false},"excerpt":{"rendered":"<p>La Roche Posay Hydraphase HA Intense Rich Moisturiser 50ml<\/p>\n<p>\u00a6\u00e1\u00f2\u00c0\u00e7\u00e5\u00f4\u00e1\u00e9 \u00ed\u00db\u00f3\u00f6 \u00f0\u00f2\u00c0\u00f3\u00e9\u00ee\u00e8\u00f7 \u00e2\u00e9\u00ef\u00f4\u00e5\u00f8\u00ee\u00ef\u00ec\u00ef\u00e7\u00dd\u00e1\u00f7, \u00f0\u00f2\u00ef\u00f3\u00e6\u00db\u00f2\u00e5\u00e9 \u00e5\u00ee\u00f4\u00e1\u00f4\u00e9\u00eb\u00dc \u00e5\u00ee\u00f9\u00e4\u00c0\u00f4\u00f6\u00f3\u00e8 72 \u00f6\u00f2\u00f1\u00ee. \u00b8 \u00e5\u00f0\u00e9\u00e4\u00e5\u00f2\u00ed\u00dd\u00e4\u00e1 \u2018\u00e7\u00e5\u00ed\u00dd\u00fa\u00e5\u00e9\u2019 \u00eb\u00e1\u00e9 \u00e6\u00e1\u00dd\u00ee\u00e5\u00f4\u00e1\u00e9 \u00f0\u00e9\u00ef \u00ec\u00e1\u00ed\u00f0\u00e5\u00f2\u00dc.<\/p>\n<p>\u00b6\u00ee\u00f9\u00e4\u00e1\u00f4\u00f1\u00ee\u00e5\u00e9 \u00f3\u00e5 \u00e2\u00c0\u00f5\u00ef\u00f7 \u00f4\u00e8\u00ee \u00e5\u00f0\u00e9\u00e4\u00e5\u00f2\u00ed\u00dd\u00e4\u00e1 \u00e7\u00e9\u00e1 72 \u00f1\u00f2\u00e5\u00f7 \u00e5\u00ee\u00f1 \u00f0\u00e1\u00f2\u00c0\u00ec\u00ec\u00e8\u00ec\u00e1 \u00f4\u00e8\u00ee \u008b\u00e7\u00e5\u00ed\u00dd\u00fa\u00e5\u00e9\u2019 \u00eb\u00e1\u00e9 \u00f0\u00f2\u00ef\u00f3\u00e6\u00db\u00f2\u00e5\u00e9 \u00ec\u00c0\u00ed\u00e3\u00e8.<\/p>\n<p>\u00b8 \u00f3\u00e0\u00ee\u00f5\u00e5\u00f3\u00dc \u00f4\u00e8\u00f7 \u00e1\u00f0\u00ef\u00f4\u00e5\u00ec\u00e5\u00dd\u00f4\u00e1\u00e9 \u00e1\u00f0\u00de \u00db\u00ee\u00e1\u00ee \u00ed\u00ef\u00ee\u00e1\u00e4\u00e9\u00eb\u00de \u00f3\u00f9\u00ee\u00e4\u00f9\u00e1\u00f3\u00ed\u00de \u00b9\u00e1\u00ed\u00e1\u00f4\u00e9\u00eb\u00ef\u00e0 \u00ee\u00e5\u00f2\u00ef\u00e0 \u00f4\u00e8\u00f7 La Roche-Posay, \u00e7\u00ee\u00f6\u00f3\u00f4\u00de \u00e7\u00e9\u00e1 \u00f4\u00e9\u00f7 \u00e6\u00f9\u00f3\u00e9\u00eb\u00db\u00f7 \u00eb\u00e1\u00e9 \u00eb\u00e1\u00f4\u00e1\u00f0\u00f2\u00e1\u00fc\u00ee\u00f4\u00e9\u00eb\u00db\u00f7 \u00f4\u00ef\u00f9 \u00e9\u00e4\u00e9\u00de\u00f4\u00e8\u00f4\u00e5\u00f7 \u00eb\u00e1\u00f5\u00f1\u00f7 \u00eb\u00e1\u00e9 \u00f9\u00e1\u00ec\u00ef\u00f9\u00f2\u00ef\u00ee\u00e9\u00eb\u00de \u00ef\u00ea\u00e0 \u00f0\u00ef\u00f9 \u00f0\u00f2\u00ef\u00db\u00f2\u00f8\u00e5\u00f4\u00e1\u00e9 \u00e1\u00f0\u00de \u00f0\u00f2\u00c0\u00f3\u00e9\u00ee\u00e8 \u00e2\u00e9\u00ef\u00f4\u00e5\u00f8\u00ee\u00ef\u00ec\u00ef\u00e7\u00dd\u00e1: \u00e4\u00e9\u00e1\u00e4\u00e9\u00eb\u00e1\u00f3\u00dd\u00e1 \u00e2\u00e9\u00ef-\u00fa\u00e0\u00ed\u00f6\u00f3\u00e8\u00f7 \u00ed\u00e5 \u00f8\u00f2\u00dc\u00f3\u00e8 \u00e6\u00f9\u00f4\u00e9\u00eb\u00f1\u00ee \u00f3\u00e1\u00eb\u00f8\u00c0\u00f2\u00f6\u00ee.<br \/>\n\u00b0\u00ee\u00ef\u00f8\u00dc \u00e4\u00ef\u00eb\u00e9\u00ed\u00e1\u00f3\u00ed\u00db\u00ee\u00e8 \u00f9\u00f0\u00de \u00e4\u00e5\u00f2\u00ed\u00e1\u00f4\u00ef\u00ec\u00ef\u00e7\u00e9\u00eb\u00de \u00db\u00ec\u00e5\u00e7\u00f8\u00ef.<\/p>\n<p>\u00a6\u00ec\u00ef\u00e0\u00f3\u00e9\u00e1, \u00eb\u00f2\u00e5\u00ed\u00f1\u00e4\u00e8\u00f7 \u00f9\u00e6\u00dc.<br \/>\n\u00bb\u00e5 \u00b9\u00e1\u00ed\u00e1\u00f4\u00e9\u00eb\u00de \u00c1\u00e5\u00f2\u00de La Roche-Posay.<\/p>\n<p>\u00cb\u00b0\u00a4\u00c3\u00cb\u00c4\u00c3\u00c1\u00b9\u00ba\u00c3 \u00c3\u00a5\u00cb<br \/>\n\u00bc\u00f9\u00f3\u00e9\u00eb\u00dc\u00f7 \u00f0\u00f2\u00ef\u00db\u00ec\u00e5\u00f9\u00f3\u00e8\u00f7 \u00cb\u00e1\u00ec\u00ef\u00f9\u00f2\u00ef\u00ee\u00e9\u00eb\u00de \u00c3\u00ea\u00e0 \u00f0\u00ef\u00f9 \u00f0\u00f2\u00ef\u00db\u00f2\u00f8\u00e5\u00f4\u00e1\u00e9 \u00e1\u00f0\u00de \u00f0\u00f2\u00c0\u00f3\u00e9\u00ee\u00e8 \u00e2\u00e9\u00ef\u00f4\u00e5\u00f8\u00ee\u00ef\u00ec\u00ef\u00e7\u00dd\u00e1: \u00e4\u00e9\u00e1\u00e4\u00e9\u00eb\u00e1\u00f3\u00dd\u00e1 \u00e2\u00e9\u00ef-\u00fa\u00e0\u00ed\u00f6\u00f3\u00e8\u00f7 \u00ed\u00e5 \u00f8\u00f2\u00dc\u00f3\u00e8 \u00e6\u00f9\u00f4\u00e9\u00eb\u00f1\u00ee \u00f3\u00e1\u00eb\u00f8\u00c0\u00f2\u00f6\u00ee.<br \/>\n\u00b9\u00b0\u00bb\u00b0\u00c6\u00b9\u00ba\u00c3 \u00c1\u00b6\u00c4\u00c3 LA ROCHE-POSAY<br \/>\n\u00ba\u00e1\u00f4\u00e1\u00f0\u00f2\u00e1\u00fe\u00ee\u00e5\u00e9. \u00a2\u00e9\u00e1\u00f8\u00db\u00e5\u00e9 \u00ee\u00e5\u00f2\u00de \u00e2\u00e1\u00f5\u00e9\u00c0 \u00f3\u00f4\u00ef \u00e5\u00f3\u00f6\u00f4\u00e5\u00f2\u00e9\u00eb\u00de \u00f4\u00ef\u00f9 \u00e4\u00db\u00f2\u00ed\u00e1\u00f4\u00ef\u00f7.<br \/>\nAQUA \/WATER \/ EAU \u2022 GLYCERIN \u2022 ISOPROPYL PALMITATE \u2022 BUTYROSPERMUM PARKII BUTTER \/ SHEA BUTTER \u2022 LAUROYL LYSINE \u2022 CETYL ALCOHOL \u2022 UREA \u2022 PEG-100 STEARATE \u2022 GLYCERYL STEARATE \u2022 CERA ALBA \/ BEESWAX \/ C IRE DABEILLE \u2022 PENTYLENE GLYCOL \u2022 STEARIC ACID \u2022 CARBOMER \u2022 GLYCERYL ACRYLATE\/ACRYLIC ACID COPOLYMER \u2022 SODIUM HYALURONATE \u2022 SODIUM HYDROXIDE \u2022 MYRISTIC ACID \u2022 PALMITIC ACID \u2022 HYDROLYZED HYALURONIC ACID \u2022 CAPRYLYL GLYCOL \u2022 CITRIC ACID \u2022 TRISODIUM ETHYLENEDIAMINE DISUCCINATE \u2022 XANTHAN GUM \u2022 POLYSORBATE 60 \u2022 PENTAERYTHRITYL TETRA-DI-T-BUTYL H Y D R OX Y H Y D R O C I NNAMAT E \u2022 CHLORPHENESIN \u2022 PARFUM \/ FRAGRANCE.<\/p>\n<p>\u00b6\u00e6\u00e1\u00f2\u00ed\u00de\u00f3\u00f4\u00e5 \u00eb\u00e1\u00f5\u00e8\u00ed\u00e5\u00f2\u00e9\u00ee\u00c0, \u00f0\u00f2\u00f6\u00dd \u00eb\u00e1\u00e9 \u00e2\u00f2\u00c0\u00e4\u00f9. \u00b0\u00ee\u00f4\u00ec\u00dd\u00e1 \u00f8\u00f6\u00f2\u00dd\u00f7 \u00e1\u00db\u00f2\u00e1 \u00e7\u00e9\u00e1 \u00e2\u00db\u00ec\u00f4\u00e9\u00f3\u00f4\u00e8 \u00f3\u00f9\u00ee\u00f4\u00dc\u00f2\u00e8\u00f3\u00e8 \u00f4\u00e8\u00f7 \u00f3\u00e0\u00ee\u00f5\u00e5\u00f3\u00e8\u00f7.<\/p>\n<p>&nbsp;<\/p>\n","protected":false},"featured_media":0,"comment_status":"closed","ping_status":"open","template":"","meta":{"_monsterinsights_skip_tracking":false,"_monsterinsights_sitenote_active":false,"_monsterinsights_sitenote_note":"","_monsterinsights_sitenote_category":0},"product_brand":[388],"product_cat":[1180,54,110,64],"product_tag":[],"class_list":{"0":"post-8370","1":"product","2":"type-product","3":"status-publish","5":"product_brand-la-roche-posay","6":"product_cat-katalogos","7":"product_cat-54","8":"product_cat-110","9":"product_cat-64","11":"first","12":"instock","13":"sale","14":"purchasable","15":"product-type-simple"},"aioseo_notices":[],"jetpack_sharing_enabled":true,"_links":{"self":[{"href":"https:\/\/demo3.bigdigital.gr\/index.php\/wp-json\/wp\/v2\/product\/8370","targetHints":{"allow":["GET"]}}],"collection":[{"href":"https:\/\/demo3.bigdigital.gr\/index.php\/wp-json\/wp\/v2\/product"}],"about":[{"href":"https:\/\/demo3.bigdigital.gr\/index.php\/wp-json\/wp\/v2\/types\/product"}],"replies":[{"embeddable":true,"href":"https:\/\/demo3.bigdigital.gr\/index.php\/wp-json\/wp\/v2\/comments?post=8370"}],"wp:attachment":[{"href":"https:\/\/demo3.bigdigital.gr\/index.php\/wp-json\/wp\/v2\/media?parent=8370"}],"wp:term":[{"taxonomy":"product_brand","embeddable":true,"href":"https:\/\/demo3.bigdigital.gr\/index.php\/wp-json\/wp\/v2\/product_brand?post=8370"},{"taxonomy":"product_cat","embeddable":true,"href":"https:\/\/demo3.bigdigital.gr\/index.php\/wp-json\/wp\/v2\/product_cat?post=8370"},{"taxonomy":"product_tag","embeddable":true,"href":"https:\/\/demo3.bigdigital.gr\/index.php\/wp-json\/wp\/v2\/product_tag?post=8370"}],"curies":[{"name":"wp","href":"https:\/\/api.w.org\/{rel}","templated":true}]}}