{"id":8385,"date":"2025-10-14T08:17:25","date_gmt":"2025-10-14T06:17:25","guid":{"rendered":"https:\/\/demo3.bigdigital.gr\/index.php\/product\/korres-aeothiiuooi-eaoaiy-250-ml\/"},"modified":"2025-10-14T08:17:26","modified_gmt":"2025-10-14T06:17:26","slug":"korres-aeothiiuooi-eaoaiy-250-ml","status":"publish","type":"product","link":"https:\/\/demo3.bigdigital.gr\/index.php\/product\/korres-aeothiiuooi-eaoaiy-250-ml\/","title":{"rendered":"Korres \u00b0\u00e6\u00f2\u00de\u00ec\u00ef\u00f9\u00f4\u00f2\u00ef \u00a1\u00e9\u00e1\u00f3\u00e5\u00ed\u00dd 250 ml"},"content":{"rendered":"","protected":false},"excerpt":{"rendered":"<p>Korres \u00b0\u00e6\u00f2\u00de\u00ec\u00ef\u00f9\u00f4\u00f2\u00ef \u00a1\u00e9\u00e1\u00f3\u00e5\u00ed\u00dd 250 ml<\/p>\n<p>\u00b0\u00e6\u00f2\u00de\u00ec\u00ef\u00f9\u00f4\u00f2\u00ef \u00ed\u00e5 \u00f0\u00f2\u00f6\u00f4\u00e5\u00fd\u00ee\u00e5\u00f7 \u00aa\u00e9\u00f4\u00e1\u00f2\u00e9\u00ef\u00e0 \u00eb\u00e1\u00e9 \u00e2\u00e9\u00ef\u00ec\u00ef\u00e7\u00e9\u00eb\u00de \u00e5\u00eb\u00f8\u00e0\u00ec\u00e9\u00f3\u00ed\u00e1 \u00b0\u00ec\u00f5\u00e1\u00dd\u00e1\u00f7, \u00f0\u00ef\u00f9 \u00e4\u00e9\u00e1\u00f4\u00e8\u00f2\u00e5\u00dd \u00f3\u00f4\u00e1\u00f5\u00e5\u00f2\u00c0 \u00f4\u00e1 \u00e5\u00f0\u00dd\u00f0\u00e5\u00e4\u00e1 \u00e5\u00ee\u00f9\u00e4\u00c0\u00f4\u00f6\u00f3\u00e8\u00f7, \u00e9\u00e4\u00e1\u00ee\u00e9\u00eb\u00de \u00e7\u00e9\u00e1 \u00eb\u00e1\u00f5\u00e8\u00ed\u00e5\u00f2\u00e9\u00ee\u00dc \u00f8\u00f2\u00dc\u00f3\u00e8.<\/p>\n","protected":false},"featured_media":0,"comment_status":"closed","ping_status":"open","template":"","meta":{"_monsterinsights_skip_tracking":false,"_monsterinsights_sitenote_active":false,"_monsterinsights_sitenote_note":"","_monsterinsights_sitenote_category":0},"product_brand":[],"product_cat":[15],"product_tag":[],"class_list":{"0":"post-8385","1":"product","2":"type-product","3":"status-publish","5":"product_cat-uncategorized","7":"first","8":"instock","9":"sale","10":"purchasable","11":"product-type-simple"},"aioseo_notices":[],"jetpack_sharing_enabled":true,"_links":{"self":[{"href":"https:\/\/demo3.bigdigital.gr\/index.php\/wp-json\/wp\/v2\/product\/8385","targetHints":{"allow":["GET"]}}],"collection":[{"href":"https:\/\/demo3.bigdigital.gr\/index.php\/wp-json\/wp\/v2\/product"}],"about":[{"href":"https:\/\/demo3.bigdigital.gr\/index.php\/wp-json\/wp\/v2\/types\/product"}],"replies":[{"embeddable":true,"href":"https:\/\/demo3.bigdigital.gr\/index.php\/wp-json\/wp\/v2\/comments?post=8385"}],"wp:attachment":[{"href":"https:\/\/demo3.bigdigital.gr\/index.php\/wp-json\/wp\/v2\/media?parent=8385"}],"wp:term":[{"taxonomy":"product_brand","embeddable":true,"href":"https:\/\/demo3.bigdigital.gr\/index.php\/wp-json\/wp\/v2\/product_brand?post=8385"},{"taxonomy":"product_cat","embeddable":true,"href":"https:\/\/demo3.bigdigital.gr\/index.php\/wp-json\/wp\/v2\/product_cat?post=8385"},{"taxonomy":"product_tag","embeddable":true,"href":"https:\/\/demo3.bigdigital.gr\/index.php\/wp-json\/wp\/v2\/product_tag?post=8385"}],"curies":[{"name":"wp","href":"https:\/\/api.w.org\/{rel}","templated":true}]}}