{"id":8393,"date":"2025-10-14T08:17:28","date_gmt":"2025-10-14T06:17:28","guid":{"rendered":"https:\/\/demo3.bigdigital.gr\/index.php\/product\/korff-essential-all-in-one-milk-cleanser-make-up-remover-toner-aoaiaeeceau-200ml\/"},"modified":"2025-11-03T15:18:15","modified_gmt":"2025-11-03T13:18:15","slug":"korff-essential-all-in-one-milk-cleanser-make-up-remover-toner-aoaiaeeceau-200ml","status":"publish","type":"product","link":"https:\/\/demo3.bigdigital.gr\/index.php\/product\/korff-essential-all-in-one-milk-cleanser-make-up-remover-toner-aoaiaeeceau-200ml\/","title":{"rendered":"Korff Essential All In One Milk Cleanser Make Up Remover &#038; Toner \u00c1\u00f4\u00e5\u00ed\u00e1\u00eb\u00e9\u00e7\u00e9\u00c0\u00fa 200ml"},"content":{"rendered":"","protected":false},"excerpt":{"rendered":"<p>Korff Essential All In One Milk Cleanser Make Up Remover &amp; Toner \u00c1\u00f4\u00e5\u00ed\u00e1\u00eb\u00e9\u00e7\u00e9\u00c0\u00fa 200ml<\/p>\n<p>\u00ba\u00f2\u00db\u00ed\u00e1 \u00ee\u00f4\u00e5\u00ed\u00e1\u00eb\u00e9\u00e7\u00e9\u00c0\u00fa \u00f0\u00f2\u00ef\u00f3\u00f1\u00f0\u00ef\u00f9 \u00f4\u00e8\u00f7 Korff, \u00eb\u00e1\u00f4\u00c0\u00ec\u00ec\u00e8\u00ec\u00e8 \u00e7\u00e9\u00e1 \u00de\u00ec\u00ef\u00f9\u00f7 \u00f4\u00ef\u00f9\u00f7 \u00f4\u00e0\u00f0\u00ef\u00f9\u00f7 \u00e5\u00f0\u00e9\u00e4\u00e5\u00f2\u00ed\u00dd\u00e4\u00e1\u00f7. \u00b0\u00e6\u00e1\u00e9\u00f2\u00e5\u00dd \u00f4\u00e1 \u00f9\u00f0\u00ef\u00ec\u00e5\u00dd\u00ed\u00ed\u00e1\u00f4\u00e1 \u00f0\u00ef\u00f9 \u00e1\u00e6\u00dc\u00ee\u00e5\u00e9 \u00f4\u00ef \u00ed\u00e1\u00eb\u00e9\u00e7\u00e9\u00c0\u00fa \u00f3\u00f4\u00ef \u00e4\u00db\u00f2\u00ed\u00e1, \u00e1\u00f0\u00ef\u00f4\u00f2\u00db\u00f0\u00ef\u00ee\u00f4\u00e1\u00f7 \u00f4\u00ef \u00e6\u00f2\u00c0\u00ea\u00e9\u00ed\u00ef \u00f4\u00f6\u00ee \u00f0\u00de\u00f2\u00f6\u00ee \u00eb\u00e1\u00e9 \u00e2\u00ef\u00e8\u00f5\u00f1\u00ee\u00f4\u00e1\u00f7 \u00f4\u00ef \u00ee\u00e1 \u00e1\u00ee\u00e1\u00f0\u00ee\u00e5\u00e0\u00f3\u00e5\u00e9 \u00eb\u00e1\u00ec\u00e0\u00f4\u00e5\u00f2\u00e1. \u00c6\u00e1\u00f9\u00f4\u00de\u00f8\u00f2\u00ef\u00ee\u00e1 \u00e1\u00f0\u00ef\u00e6\u00e5\u00e0\u00e7\u00e5\u00f4\u00e1\u00e9 \u00e8 \u00f0\u00f2\u00de\u00eb\u00ec\u00e8\u00f3\u00e8 \u00e6\u00e1\u00e7\u00ef\u00e0\u00f2\u00e1\u00f7, \u00e5\u00f2\u00e5\u00f5\u00e9\u00f3\u00ed\u00f1\u00ee, \u00e5\u00f2\u00f9\u00f5\u00f2\u00de\u00f4\u00e8\u00f4\u00e1\u00f7 \u00eb\u00e1\u00f5\u00f1\u00f7 \u00eb\u00e1\u00e9 \u00e4\u00e9\u00e1\u00e6\u00de\u00f2\u00f6\u00ee \u00c0\u00ec\u00ec\u00f6\u00ee \u00e4\u00f9\u00f3\u00c0\u00f2\u00e5\u00f3\u00f4\u00f6\u00ee \u00e7\u00e9\u00e1 \u00f4\u00e8\u00ee \u00e5\u00f0\u00e9\u00e4\u00e5\u00f2\u00ed\u00dd\u00e4\u00e1 \u00f3\u00f9\u00ee\u00e5\u00f0\u00e5\u00e9\u00f1\u00ee.<\/p>\n<p>\u00c6\u00e0\u00f0\u00ef\u00f7: \u00ba\u00f2\u00db\u00ed\u00e1<\/p>\n<p>\u00a6\u00e5\u00f2\u00e9\u00ef\u00f8\u00dc \u00cc\u00f2\u00dc\u00f3\u00e8\u00f7: \u00a6\u00f2\u00de\u00f3\u00f6\u00f0\u00ef<\/p>\n<p>\u00cc\u00f2\u00dc\u00f3\u00e8: \u00c1\u00f4\u00e5\u00ed\u00e1\u00eb\u00e9\u00e7\u00e9\u00c0\u00fa<\/p>\n<p>\u00c6\u00e0\u00f0\u00ef\u00f7 \u00b6\u00f0\u00e9\u00e4\u00e5\u00f2\u00ed\u00dd\u00e4\u00e1\u00f7: \u00d9\u00ec\u00ef\u00e9 \u00ef\u00e9 \u00c6\u00e0\u00f0\u00ef\u00e9<\/p>\n","protected":false},"featured_media":0,"comment_status":"closed","ping_status":"open","template":"","meta":{"_monsterinsights_skip_tracking":false,"_monsterinsights_sitenote_active":false,"_monsterinsights_sitenote_note":"","_monsterinsights_sitenote_category":0},"product_brand":[622],"product_cat":[1180,54,85,64],"product_tag":[],"class_list":{"0":"post-8393","1":"product","2":"type-product","3":"status-publish","5":"product_brand-korff","6":"product_cat-katalogos","7":"product_cat-54","8":"product_cat-85","9":"product_cat-64","11":"first","12":"instock","13":"purchasable","14":"product-type-simple"},"aioseo_notices":[],"jetpack_sharing_enabled":true,"_links":{"self":[{"href":"https:\/\/demo3.bigdigital.gr\/index.php\/wp-json\/wp\/v2\/product\/8393","targetHints":{"allow":["GET"]}}],"collection":[{"href":"https:\/\/demo3.bigdigital.gr\/index.php\/wp-json\/wp\/v2\/product"}],"about":[{"href":"https:\/\/demo3.bigdigital.gr\/index.php\/wp-json\/wp\/v2\/types\/product"}],"replies":[{"embeddable":true,"href":"https:\/\/demo3.bigdigital.gr\/index.php\/wp-json\/wp\/v2\/comments?post=8393"}],"wp:attachment":[{"href":"https:\/\/demo3.bigdigital.gr\/index.php\/wp-json\/wp\/v2\/media?parent=8393"}],"wp:term":[{"taxonomy":"product_brand","embeddable":true,"href":"https:\/\/demo3.bigdigital.gr\/index.php\/wp-json\/wp\/v2\/product_brand?post=8393"},{"taxonomy":"product_cat","embeddable":true,"href":"https:\/\/demo3.bigdigital.gr\/index.php\/wp-json\/wp\/v2\/product_cat?post=8393"},{"taxonomy":"product_tag","embeddable":true,"href":"https:\/\/demo3.bigdigital.gr\/index.php\/wp-json\/wp\/v2\/product_tag?post=8393"}],"curies":[{"name":"wp","href":"https:\/\/api.w.org\/{rel}","templated":true}]}}