{"id":8394,"date":"2025-10-14T08:17:28","date_gmt":"2025-10-14T06:17:28","guid":{"rendered":"https:\/\/demo3.bigdigital.gr\/index.php\/product\/genecom-terra-vitamin-c-1000mg-zinc-ia-caaoe-eaoaoe-20-aiaaoauiioa-aeoeya\/"},"modified":"2025-11-03T15:43:18","modified_gmt":"2025-11-03T13:43:18","slug":"genecom-terra-vitamin-c-1000mg-zinc-ia-caaoe-eaoaoe-20-aiaaoauiioa-aeoeya","status":"publish","type":"product","link":"https:\/\/demo3.bigdigital.gr\/index.php\/product\/genecom-terra-vitamin-c-1000mg-zinc-ia-caaoe-eaoaoe-20-aiaaoauiioa-aeoeya\/","title":{"rendered":"Genecom Terra Vitamin C 1000mg + Zinc, \u00ed\u00e5 \u00e7\u00e5\u00e0\u00f3\u00e8 \u00eb\u00e5\u00f2\u00c0\u00f3\u00e9, 20 \u00e1\u00ee\u00e1\u00e2\u00f2\u00c0\u00fa\u00ef\u00ee\u00f4\u00e1 \u00e4\u00e9\u00f3\u00eb\u00dd\u00e1"},"content":{"rendered":"","protected":false},"excerpt":{"rendered":"<p>Genecom Terra Vitamin C 1000mg + Zinc, \u00ed\u00e5 \u00e7\u00e5\u00e0\u00f3\u00e8 \u00eb\u00e5\u00f2\u00c0\u00f3\u00e9, 20 \u00e1\u00ee\u00e1\u00e2\u00f2\u00c0\u00fa\u00ef\u00ee\u00f4\u00e1 \u00e4\u00e9\u00f3\u00eb\u00dd\u00e1<\/p>\n<p>\u00a6\u00e5\u00f2\u00e9\u00e7\u00f2\u00e1\u00e6\u00dc<\/p>\n<p>\u00b6\u00dd\u00ee\u00e1\u00e9 \u00db\u00ee\u00e1 \u00f3\u00f9\u00ed\u00f0\u00ec\u00dc\u00f2\u00f6\u00ed\u00e1 \u00e4\u00e9\u00e1\u00f4\u00f2\u00ef\u00e6\u00dc\u00f7 \u00f3\u00e5 \u00e1\u00ee\u00e1\u00e2\u00f2\u00c0\u00fa\u00ef\u00ee\u00f4\u00e1 \u00e4\u00e9\u00f3\u00eb\u00dd\u00e1 \u00f0\u00ef\u00f9 \u00f3\u00f9\u00ee\u00e4\u00f9\u00c0\u00fa\u00e5\u00e9 \u00f4\u00e1 \u00ed\u00ef\u00ee\u00e1\u00e4\u00e9\u00eb\u00c0 \u00ef\u00e6\u00db\u00ec\u00e8 \u00f4\u00e8\u00f7 \u00e2\u00e9\u00f4\u00e1\u00ed\u00dd\u00ee\u00e8\u00f7 C \u00ed\u00e5 \u00e5\u00eb\u00e5\u00dd\u00ee\u00e1 \u00f4\u00ef\u00f9 \u00e3\u00e5\u00f9\u00e4\u00e1\u00f2\u00e7\u00e0\u00f2\u00ef\u00f9 \u00e7\u00e9\u00e1 \u00e1\u00eb\u00de\u00ed\u00e8 \u00eb\u00e1\u00ec\u00e0\u00f4\u00e5\u00f2\u00e1 \u00e1\u00f0\u00ef\u00f4\u00e5\u00ec\u00db\u00f3\u00ed\u00e1\u00f4\u00e1. \u00b6\u00f0\u00dd\u00f3\u00e8\u00f7 \u00f4\u00ef \u00e9\u00f8\u00ee\u00ef\u00f3\u00f4\u00ef\u00e9\u00f8\u00e5\u00dd\u00ef \u00f4\u00ef\u00f9 \u00e3\u00e5\u00f9\u00e4\u00e1\u00f2\u00e7\u00e0\u00f2\u00ef\u00f9 \u00e2\u00f2\u00dd\u00f3\u00eb\u00e5\u00f4\u00e1\u00e9 \u00f3\u00f4\u00e8\u00ee \u00f9\u00e3\u00e8\u00ec\u00c0 \u00e1\u00f0\u00ef\u00f2\u00f2\u00ef\u00e6\u00dc\u00f3\u00e9\u00ed\u00e8 \u00ed\u00ef\u00f2\u00e6\u00dc \u00f4\u00ef\u00f9 \u00eb\u00e9\u00f4\u00f2\u00e9\u00eb\u00ef\u00e0 \u00c0\u00ec\u00e1\u00f4\u00ef\u00f7, \u00f1\u00f3\u00f4\u00e5 \u00ee\u00e1 \u00e4\u00e9\u00e1\u00f3\u00e6\u00e1\u00ec\u00e9\u00f3\u00f4\u00e5\u00dd \u00e8 \u00ed\u00db\u00e7\u00e9\u00f3\u00f4\u00e8 \u00e1\u00f0\u00ef\u00f2\u00f2\u00de\u00e6\u00e8\u00f3\u00dc \u00f4\u00ef\u00f9.<\/p>\n<p>\u00b8\u00a0\u00e2\u00e9\u00f4\u00e1\u00ed\u00dd\u00ee\u00e8 C\u00a0\u00f3\u00f9\u00ed\u00e2\u00c0\u00ec\u00ec\u00e5\u00e9 :<\/p>\n<p>\u00f3\u00f4\u00e8 \u00e4\u00e9\u00e1\u00f4\u00dc\u00f2\u00e8\u00f3\u00e8 \u00f4\u00e8\u00f7 \u00e6\u00f9\u00f3\u00e9\u00ef\u00ec\u00ef\u00e7\u00e9\u00eb\u00dc\u00f7 \u00ec\u00e5\u00e9\u00f4\u00ef\u00f9\u00f2\u00e7\u00dd\u00e1\u00f7 \u00f4\u00ef\u00f9 \u00e1\u00ee\u00ef\u00f3\u00ef\u00f0\u00ef\u00e9\u00e8\u00f4\u00e9\u00eb\u00ef\u00e0 \u00f3\u00f9\u00f3\u00f4\u00dc\u00b5\u00e1\u00f4\u00ef\u00f7 \u00eb\u00e1\u00f4\u00c0 \u00f4\u00e8 \u00e4\u00e9\u00c0\u00f2\u00eb\u00e5\u00e9\u00e1 &amp; \u00b5\u00e5\u00f4\u00c0 \u00e1\u00f0\u00de \u00db\u00ee\u00f4\u00ef\u00ee\u00e8 \u00f3\u00f6\u00b5\u00e1\u00f4\u00e9\u00eb\u00dc \u00c0\u00f3\u00eb\u00e8\u00f3\u00e8<\/p>\n<p>\u00f3\u00f4\u00ef\u00ee \u00eb\u00e1\u00ee\u00ef\u00ee\u00e9\u00eb\u00de \u00f3\u00f8\u00e8\u00b5\u00e1\u00f4\u00e9\u00f3\u00b5\u00de \u00eb\u00ef\u00ec\u00ec\u00e1\u00e7\u00de\u00ee\u00ef\u00f9 \u00e7\u00e9\u00e1 \u00f4\u00e8\u00ee \u00eb\u00e1\u00ee\u00ef\u00ee\u00e9\u00eb\u00dc \u00ec\u00e5\u00e9\u00f4\u00ef\u00f9\u00f2\u00e7\u00dd\u00e1 \u00f4\u00f6\u00ee \u00e1\u00e9\u00b5\u00ef\u00e6\u00de\u00f2\u00f6\u00ee \u00e1\u00e7\u00e7\u00e5\u00dd\u00f6\u00ee, \u00f4\u00f6\u00ee \u00ef\u00f3\u00f4\u00f1\u00ee, \u00f4\u00ef\u00f9 \u00f8\u00de\u00ee\u00e4\u00f2\u00ef\u00f9, \u00f4\u00ef\u00f9 \u00e4\u00db\u00f2\u00b5\u00e1\u00f4\u00ef\u00f7 \u00eb\u00e1\u00e9 \u00f4\u00f6\u00ee \u00e4\u00ef\u00ee\u00f4\u00e9\u00f1\u00ee<\/p>\n<p>\u00f3\u00f4\u00e8\u00ee \u00e1\u00e0\u00ea\u00e8\u00f3\u00e8 \u00f4\u00e8\u00f7 \u00e1\u00f0\u00ef\u00f2\u00f2\u00de\u00e6\u00e8\u00f3\u00e8\u00f7 \u00f4\u00ef\u00f9 \u00f3\u00e9\u00e4\u00dc\u00f2\u00ef\u00f9<\/p>\n<p>\u00f3\u00f4\u00e8 \u00e6\u00f9\u00f3\u00e9\u00ef\u00ec\u00ef\u00e7\u00e9\u00eb\u00dc \u00ec\u00e5\u00e9\u00f4\u00ef\u00f9\u00f2\u00e7\u00dd\u00e1 \u00f4\u00ef\u00f9 \u00ee\u00e5\u00f9\u00f2\u00e9\u00eb\u00ef\u00e0 \u00f3\u00f9\u00f3\u00f4\u00dc\u00ed\u00e1\u00f4\u00ef\u00f7<\/p>\n<p>\u00f3\u00f4\u00e8 \u00e6\u00f9\u00f3\u00e9\u00ef\u00ec\u00ef\u00e7\u00e9\u00eb\u00dc \u00e3\u00f9\u00f8\u00ef\u00ec\u00ef\u00e7\u00e9\u00eb\u00dc \u00ec\u00e5\u00e9\u00f4\u00ef\u00f9\u00f2\u00e7\u00dd\u00e1<\/p>\n<p>\u00f3\u00f4\u00e8 \u00b5\u00e5\u00dd\u00f6\u00f3\u00e8 \u00f4\u00e8\u00f7 \u00eb\u00ef\u00e0\u00f2\u00e1\u00f3\u00e8\u00f7 \u00eb\u00e1\u00e9 \u00f4\u00e8\u00f7 \u00eb\u00de\u00f0\u00f6\u00f3\u00e8\u00f7<\/p>\n<p>\u00c3 \u00e3\u00e5\u00f9\u00e4\u00c0\u00f2\u00e7\u00f9\u00f2\u00ef\u00f7 \u00e5\u00dd\u00ee\u00e1\u00e9 \u00db\u00ee\u00e1 \u00e1\u00f0\u00de \u00f4\u00e1 \u00f0\u00e9\u00ef \u00f3\u00e8\u00ed\u00e1\u00ee\u00f4\u00e9\u00eb\u00c0 \u00e9\u00f8\u00ee\u00ef\u00f3\u00f4\u00ef\u00e9\u00f8\u00e5\u00dd\u00e1 \u00f4\u00ef\u00f9 \u00e1\u00ee\u00f5\u00f2\u00f1\u00f0\u00e9\u00ee\u00ef\u00f9 \u00ef\u00f2\u00e7\u00e1\u00ee\u00e9\u00f3\u00ed\u00ef\u00e0, \u00eb\u00e1\u00f5\u00f1\u00f7 \u00e5\u00dd\u00ee\u00e1\u00e9 \u00e1\u00f0\u00e1\u00f2\u00e1\u00dd\u00f4\u00e8\u00f4\u00ef\u00f7 \u00e7\u00e9\u00e1 \u00f4\u00e8\u00ee \u00eb\u00e1\u00ec\u00dc \u00ec\u00e5\u00e9\u00f4\u00ef\u00f9\u00f2\u00e7\u00dd\u00e1 \u00eb\u00c0\u00f5\u00e5 \u00eb\u00f9\u00f4\u00f4\u00c0\u00f2\u00ef\u00f9. \u00aa\u00f9\u00ee\u00e4\u00e9\u00e1\u00f3\u00f4\u00e9\u00eb\u00c0 \u00ed\u00e5 \u00f4\u00e8\u00ee \u00e2\u00e9\u00f4\u00e1\u00ed\u00dd\u00ee\u00e8 C \u00f3\u00f9\u00ed\u00e2\u00c0\u00ec\u00ec\u00e5\u00e9 \u00f3\u00f4\u00e8\u00a0\u00e6\u00f9\u00f3\u00e9\u00ef\u00ec\u00ef\u00e7\u00e9\u00eb\u00dc \u00ec\u00e5\u00e9\u00f4\u00ef\u00f9\u00f2\u00e7\u00dd\u00e1 \u00f4\u00ef\u00f9 \u00e1\u00ee\u00ef\u00f3\u00ef\u00f0\u00ef\u00e9\u00e8\u00f4\u00e9\u00eb\u00ef\u00e0 \u00f3\u00f9\u00f3\u00f4\u00dc\u00ed\u00e1\u00f4\u00ef\u00f7\u00a0\u00eb\u00e1\u00e9 \u00f3\u00f4\u00e8\u00ee\u00a0\u00f0\u00f2\u00ef\u00f3\u00f4\u00e1\u00f3\u00dd\u00e1 \u00f4\u00f6\u00ee \u00eb\u00f9\u00f4\u00f4\u00c0\u00f2\u00f6\u00ee \u00e1\u00f0\u00de \u00f4\u00ef \u00ef\u00ea\u00e5\u00e9\u00e4\u00f6\u00f4\u00e9\u00eb\u00de \u00f3\u00f4\u00f2\u00e5\u00f7.<\/p>\n<p>\u00a6\u00e9\u00ef \u00f3\u00f9\u00e7\u00eb\u00e5\u00eb\u00f2\u00e9\u00ed\u00db\u00ee\u00e1 \u00ef \u00e3\u00e5\u00f9\u00e4\u00c0\u00f2\u00e7\u00f9\u00f2\u00ef\u00f7\u00a0\u00f3\u00f9\u00ed\u00e2\u00c0\u00ec\u00ec\u00e5\u00e9 :<\/p>\n<p>\u00f3\u00f4\u00e8 \u00e6\u00f9\u00f3\u00e9\u00ef\u00ec\u00ef\u00e7\u00e9\u00eb\u00dc \u00e7\u00ee\u00f6\u00f3\u00e9\u00e1\u00eb\u00dc \u00ec\u00e5\u00e9\u00f4\u00ef\u00f9\u00f2\u00e7\u00dd\u00e1<\/p>\n<p>\u00f3\u00f4\u00e8 \u00e6\u00f9\u00f3\u00e9\u00ef\u00ec\u00ef\u00e7\u00e9\u00eb\u00dc \u00f3\u00e0\u00ee\u00f5\u00e5\u00f3\u00e8 \u00f4\u00f6\u00ee \u00f0\u00f2\u00f6\u00f4\u00e5\u00fb\u00ee\u00f1\u00ee \u00eb\u00e1\u00e9 \u00f4\u00ef\u00f9 DNA<\/p>\n<p>\u00f3\u00f4\u00e8 \u00e6\u00f9\u00f3\u00e9\u00ef\u00ec\u00ef\u00e7\u00e9\u00eb\u00dc \u00e7\u00ef\u00ee\u00e9\u00ed\u00de\u00f4\u00e8\u00f4\u00e1 \u00eb\u00e1\u00e9 \u00e1\u00ee\u00e1\u00f0\u00e1\u00f2\u00e1\u00e7\u00f6\u00e7\u00dc<\/p>\n<p>\u00f3\u00f4\u00ef \u00e6\u00f9\u00f3\u00e9\u00ef\u00ec\u00ef\u00e7\u00e9\u00eb\u00de \u00ed\u00e5\u00f4\u00e1\u00e2\u00ef\u00ec\u00e9\u00f3\u00ed\u00de \u00ef\u00ea\u00db\u00f6\u00ee \u00eb\u00e1\u00e9 \u00e2\u00c0\u00f3\u00e5\u00f6\u00ee, \u00f4\u00f6\u00ee \u00ed\u00e1\u00eb\u00f2\u00ef\u00f5\u00f2\u00e5\u00f0\u00f4\u00e9\u00eb\u00f1\u00ee \u00f3\u00f9\u00f3\u00f4\u00e1\u00f4\u00e9\u00eb\u00f1\u00ee, \u00f4\u00f6\u00ee \u00ec\u00e9\u00f0\u00e1\u00f2\u00f1\u00ee \u00ef\u00ea\u00db\u00f6\u00ee &amp; \u00f4\u00e8\u00f7 \u00e2\u00e9\u00f4\u00e1\u00ed\u00dd\u00ee\u00e8\u00f7 \u00b0<\/p>\n<p>\u00f3\u00f4\u00e8 \u00e4\u00e9\u00e1\u00f4\u00dc\u00f2\u00e8\u00f3\u00e8 \u00f4\u00e8\u00f7 \u00e6\u00f9\u00f3\u00e9\u00ef\u00ec\u00ef\u00e7\u00e9\u00eb\u00dc\u00f7 \u00eb\u00e1\u00f4\u00c0\u00f3\u00f4\u00e1\u00f3\u00e8\u00f7 \u00f4\u00f6\u00ee \u00ef\u00f3\u00f4\u00f1\u00ee, \u00f4\u00f6\u00ee \u00ed\u00e1\u00ec\u00ec\u00e9\u00f1\u00ee, \u00f4\u00f6\u00ee \u00ee\u00f9\u00f8\u00e9\u00f1\u00ee \u00eb\u00e1\u00e9 \u00f4\u00ef\u00f9 \u00e4\u00db\u00f2\u00ed\u00e1\u00f4\u00ef\u00f7<\/p>\n<p>\u00f3\u00f4\u00e8 \u00e4\u00e9\u00e1\u00f4\u00dc\u00f2\u00e8\u00f3\u00e8 \u00f4\u00f6\u00ee \u00e6\u00f9\u00f3\u00e9\u00ef\u00ec\u00ef\u00e7\u00e9\u00eb\u00f1\u00ee \u00e5\u00f0\u00e9\u00f0\u00db\u00e4\u00f6\u00ee \u00f4\u00e5\u00f3\u00f4\u00ef\u00f3\u00f4\u00e5\u00f2\u00de\u00ee\u00e8\u00f7 \u00f3\u00f4\u00ef \u00e1\u00dd\u00ed\u00e1<\/p>\n<p>\u00f3\u00f4\u00e8 \u00e4\u00e9\u00e1\u00f4\u00dc\u00f2\u00e8\u00f3\u00e8 \u00f4\u00e8\u00f7 \u00e6\u00f9\u00f3\u00e9\u00ef\u00ec\u00ef\u00e7\u00e9\u00eb\u00dc\u00f7 \u00de\u00f2\u00e1\u00f3\u00e8\u00f7<\/p>\n<p>\u00c3\u00e4\u00e8\u00e7\u00dd\u00e5\u00f7 \u00cc\u00f2\u00dc\u00f3\u00e8\u00f7:\u00a01 \u00e1\u00ee\u00e1\u00e2\u00f2\u00c0\u00fa\u00ef\u00ee \u00e4\u00e9\u00f3\u00eb\u00dd\u00ef \u00f4\u00e8\u00ee \u00e8\u00ed\u00db\u00f2\u00e1.\u00c1\u00e1 \u00ec\u00e1\u00ed\u00e2\u00c0\u00ee\u00e5\u00f4\u00e1\u00e9 \u00e4\u00e9\u00e1\u00ec\u00f9\u00ed\u00db\u00ee\u00ef \u00f3\u00e5 \u00db\u00ee\u00e1 \u00f0\u00ef\u00f4\u00dc\u00f2\u00e9 \u00ee\u00e5\u00f2\u00de, \u00eb\u00e1\u00f4\u00c0 \u00f0\u00f2\u00ef\u00f4\u00dd\u00ed\u00e8\u00f3\u00e8 \u00f4\u00ef \u00f0\u00f2\u00f6\u00dd \u00ed\u00e5\u00f4\u00c0 \u00f4\u00ef \u00f0\u00f2\u00de\u00e7\u00e5\u00f9\u00ed\u00e1, \u00dc \u00f3\u00e0\u00ed\u00e6\u00f6\u00ee\u00e1 \u00ed\u00e5 \u00f4\u00e9\u00f7 \u00ef\u00e4\u00e8\u00e7\u00dd\u00e5\u00f7 \u00f4\u00ef\u00f9 \u00e9\u00e1\u00f4\u00f2\u00ef\u00e0.<\/p>\n","protected":false},"featured_media":0,"comment_status":"closed","ping_status":"open","template":"","meta":{"_monsterinsights_skip_tracking":false,"_monsterinsights_sitenote_active":false,"_monsterinsights_sitenote_note":"","_monsterinsights_sitenote_category":0},"product_brand":[556],"product_cat":[1180,90,182],"product_tag":[],"class_list":{"0":"post-8394","1":"product","2":"type-product","3":"status-publish","5":"product_brand-terra","6":"product_cat-katalogos","7":"product_cat-90","8":"product_cat-182","10":"first","11":"outofstock","12":"purchasable","13":"product-type-simple"},"aioseo_notices":[],"jetpack_sharing_enabled":true,"_links":{"self":[{"href":"https:\/\/demo3.bigdigital.gr\/index.php\/wp-json\/wp\/v2\/product\/8394","targetHints":{"allow":["GET"]}}],"collection":[{"href":"https:\/\/demo3.bigdigital.gr\/index.php\/wp-json\/wp\/v2\/product"}],"about":[{"href":"https:\/\/demo3.bigdigital.gr\/index.php\/wp-json\/wp\/v2\/types\/product"}],"replies":[{"embeddable":true,"href":"https:\/\/demo3.bigdigital.gr\/index.php\/wp-json\/wp\/v2\/comments?post=8394"}],"wp:attachment":[{"href":"https:\/\/demo3.bigdigital.gr\/index.php\/wp-json\/wp\/v2\/media?parent=8394"}],"wp:term":[{"taxonomy":"product_brand","embeddable":true,"href":"https:\/\/demo3.bigdigital.gr\/index.php\/wp-json\/wp\/v2\/product_brand?post=8394"},{"taxonomy":"product_cat","embeddable":true,"href":"https:\/\/demo3.bigdigital.gr\/index.php\/wp-json\/wp\/v2\/product_cat?post=8394"},{"taxonomy":"product_tag","embeddable":true,"href":"https:\/\/demo3.bigdigital.gr\/index.php\/wp-json\/wp\/v2\/product_tag?post=8394"}],"curies":[{"name":"wp","href":"https:\/\/api.w.org\/{rel}","templated":true}]}}