{"id":8400,"date":"2025-10-14T08:17:28","date_gmt":"2025-10-14T06:17:28","guid":{"rendered":"https:\/\/demo3.bigdigital.gr\/index.php\/product\/aboca-fitonasal-nasal-spray-30ml-2\/"},"modified":"2025-11-03T15:58:28","modified_gmt":"2025-11-03T13:58:28","slug":"aboca-fitonasal-nasal-spray-30ml-2","status":"publish","type":"product","link":"https:\/\/demo3.bigdigital.gr\/index.php\/product\/aboca-fitonasal-nasal-spray-30ml-2\/","title":{"rendered":"Aboca Fitonasal Nasal Spray 30ml"},"content":{"rendered":"","protected":false},"excerpt":{"rendered":"<p>Aboca Fitonasal Nasal Spray 30ml<\/p>\n<p>\u00a6\u00e5\u00f2\u00e9\u00e7\u00f2\u00e1\u00e6\u00dc<\/p>\n<p>\u00c6\u00ef Aboca Fitonasal Spray \u00e5\u00dd\u00ee\u00e1\u00e9 \u00db\u00ee\u00e1 \u00f3\u00f9\u00ed\u00f0\u00f9\u00eb\u00ee\u00f6\u00ed\u00db\u00ee\u00ef \u00e1\u00f0\u00ef\u00f3\u00f9\u00ed\u00e6\u00ef\u00f2\u00e8\u00f4\u00e9\u00eb\u00de \u00f3\u00f0\u00f2\u00db\u00e9 \u00eb\u00e1\u00f4\u00c0\u00ec\u00ec\u00e8\u00ec\u00ef \u00e7\u00e9\u00e1 \u00de\u00ec\u00ef\u00f9\u00f7 \u00f4\u00ef\u00f9\u00f7 \u00f4\u00e0\u00f0\u00ef\u00f9\u00f7 \u00eb\u00f2\u00f9\u00ef\u00ec\u00ef\u00e7\u00dc\u00ed\u00e1\u00f4\u00ef\u00f7, \u00e1\u00ec\u00ec\u00e5\u00f2\u00e7\u00dd\u00e1\u00f7 \u00dc \u00e5\u00f2\u00e5\u00f5\u00e9\u00f3\u00ed\u00ef\u00e0 \u00f4\u00e8\u00f7 \u00f2\u00e9\u00ee\u00e9\u00eb\u00dc\u00f7 \u00eb\u00ef\u00e9\u00ec\u00de\u00f4\u00e8\u00f4\u00e1\u00f7 \u00ec\u00de\u00e7\u00f6 \u00f8\u00f2\u00de\u00ee\u00e9\u00ef\u00f9 \u00dc \u00ef\u00ea\u00db\u00ef\u00f7 \u00f0\u00f2\u00ef\u00e2\u00ec\u00dc\u00ed\u00e1\u00f4\u00ef\u00f7. \u00b8 \u00e1\u00f0\u00ef\u00f4\u00e5\u00ec\u00e5\u00f3\u00ed\u00e1\u00f4\u00e9\u00eb\u00dc \u00eb\u00e1\u00e9 \u00ed\u00e8 \u00e6\u00e1\u00f2\u00ed\u00e1\u00eb\u00ef\u00ec\u00ef\u00e7\u00e9\u00eb\u00dc \u00f4\u00ef\u00f9 \u00e4\u00f2\u00c0\u00f3\u00e8 \u00ef\u00e6\u00e5\u00dd\u00ec\u00e5\u00f4\u00e1\u00e9 \u00f3\u00f4\u00ef \u00f3\u00e0\u00ed\u00f0\u00ec\u00ef\u00eb\u00ef TANNISAL-FL \u00f0\u00ef\u00f9 \u00e1\u00f0\u00ef\u00f4\u00e5\u00ec\u00e5\u00dd\u00f4\u00e1\u00e9 \u00e1\u00f0\u00de \u00c6\u00e1\u00ee\u00dd\u00ee\u00e5\u00f7, \u00bc\u00ec\u00e1\u00e2\u00ef\u00ee\u00ef\u00e5\u00e9\u00e4\u00dc \u00eb\u00e1\u00e9 \u00b0\u00ec\u00dd\u00f4\u00e8 \u00f3\u00e5 \u00f3\u00f9\u00ee\u00e4\u00f9\u00e1\u00f3\u00ed\u00de \u00ed\u00e5 \u00e6\u00f9\u00f3\u00e9\u00eb\u00de \u00c0\u00f2\u00f6\u00ed\u00e1 \u00b6\u00f9\u00eb\u00e1\u00ec\u00e0\u00f0\u00f4\u00ef\u00f9 \u00eb\u00e1\u00e9 \u00bb\u00db\u00ee\u00f4\u00e1\u00f7 \u00e7\u00e9\u00e1 \u00e1\u00dd\u00f3\u00f5\u00e8\u00f3\u00e8 \u00e6\u00f2\u00e5\u00f3\u00eb\u00c0\u00e4\u00e1\u00f7.<\/p>\n<p>\u00aa\u00f4\u00f9\u00f0\u00f4\u00e9\u00eb\u00dc \u00e4\u00f2\u00c0\u00f3\u00e8:\u00a0\u00c6\u00ef \u00f3\u00f0\u00f2\u00db\u00e9 \u00e1\u00ec\u00ec\u00e8\u00ec\u00e5\u00f0\u00e9\u00e4\u00f2\u00c0 \u00ed\u00e5 \u00f4\u00e9\u00f7 \u00f0\u00f2\u00f6\u00f4\u00e5\u00dd\u00ee\u00e5\u00f7, \u00eb\u00e1\u00e9 \u00f3\u00f9\u00e7\u00eb\u00e5\u00eb\u00f2\u00e9\u00ed\u00db\u00ee\u00e1 \u00ed\u00e5 \u00f4\u00e8\u00ee \u00e6\u00ec\u00e5\u00e7\u00ed\u00ef\u00ee\u00f1\u00e4\u00e8 \u00f0\u00f2\u00f6\u00f4\u00e5\u00dd\u00ee\u00e8 \u00e2\u00f2\u00e1\u00e4\u00f9\u00eb\u00e9\u00ee\u00dd\u00ee\u00e8\u00f7 \u00f0\u00ef\u00f9 \u00e2\u00f2\u00dd\u00f3\u00eb\u00e5\u00f4\u00e1\u00e9 \u00f3\u00f4\u00e9\u00f7 \u00f2\u00e9\u00ee\u00e9\u00eb\u00db\u00f7 \u00e5\u00eb\u00eb\u00f2\u00dd\u00f3\u00e5\u00e9\u00f7, \u00e5\u00f0\u00e9\u00f4\u00f2\u00db\u00f0\u00ef\u00ee\u00f4\u00e1\u00f7 \u00f4\u00e8\u00ee \u00e1\u00f0\u00ef\u00f4\u00e5\u00ec\u00e5\u00f3\u00ed\u00e1\u00f4\u00e9\u00eb\u00dc \u00e1\u00f0\u00ef\u00ed\u00c0\u00eb\u00f2\u00f9\u00ee\u00f3\u00dc \u00f4\u00e8\u00f7.<\/p>\n<p>\u00b9\u00f3\u00ef\u00f2\u00f2\u00ef\u00f0\u00e8\u00ed\u00db\u00ee\u00e8 \u00f6\u00f3\u00ed\u00f6\u00f4\u00e9\u00eb\u00de\u00f4\u00e8\u00f4\u00e1:\u00a0\u00a6\u00f2\u00ef\u00f3\u00e5\u00ec\u00eb\u00e0\u00e5\u00e9 \u00f4\u00e1 \u00f9\u00e7\u00f2\u00c0 \u00f4\u00ef\u00f9 \u00f3\u00f9\u00ed\u00e6\u00ef\u00f2\u00e8\u00ed\u00db\u00ee\u00ef\u00f9 \u00e2\u00ec\u00e5\u00ee\u00ee\u00ef\u00e7\u00de\u00ee\u00ef\u00f9, \u00f2\u00e5\u00f9\u00f3\u00f4\u00ef\u00f0\u00ef\u00e9\u00e5\u00dd \u00f4\u00e8 \u00e2\u00ec\u00db\u00ee\u00ee\u00e1 \u00eb\u00e1\u00e9 \u00ed\u00db\u00f3\u00f6 \u00f4\u00f6\u00ee \u00f0\u00ec\u00e0\u00f3\u00e5\u00f6\u00ee \u00e4\u00e9\u00e5\u00f9\u00eb\u00ef\u00ec\u00e0\u00ee\u00e5\u00e9 \u00f4\u00e8\u00ee \u00e1\u00f0\u00ef\u00ed\u00c0\u00eb\u00f2\u00f9\u00ee\u00f3\u00dc \u00f4\u00e8\u00f7 \u00f8\u00f6\u00f2\u00dd\u00f7 \u00ee\u00e1 \u00ea\u00e8\u00f2\u00e1\u00dd\u00ee\u00e5\u00e9 \u00eb\u00e1\u00e9 \u00ee\u00e1 \u00e5\u00f2\u00e5\u00f5\u00dd\u00fa\u00e5\u00e9 \u00f4\u00e8\u00ee \u00f2\u00e9\u00ee\u00e9\u00eb\u00dc \u00eb\u00ef\u00e9\u00ec\u00de\u00f4\u00e8\u00f4\u00e1.<\/p>\n<p>\u00a6\u00f2\u00ef\u00f3\u00f4\u00e1\u00f4\u00e5\u00f9\u00f4\u00e9\u00eb\u00dc \u00e4\u00f2\u00c0\u00f3\u00e8:\u00a0\u00aa\u00f9\u00ed\u00e2\u00c0\u00ec\u00ec\u00e5\u00e9 \u00f3\u00f4\u00e8\u00ee \u00e1\u00ee\u00c0\u00f0\u00ec\u00e1\u00f3\u00e8 \u00f4\u00ef\u00f9 \u00e2\u00ec\u00e5\u00ee\u00ee\u00ef\u00e7\u00de\u00ee\u00ef\u00f9 \u00eb\u00e1\u00e9 \u00f4\u00e8\u00ee \u00f0\u00f2\u00ef\u00f3\u00f4\u00e1\u00f3\u00dd\u00e1 \u00f4\u00ef\u00f9 \u00e5\u00f0\u00e9\u00f5\u00e8\u00ec\u00e9\u00e1\u00eb\u00ef\u00e0 \u00e6\u00f2\u00e1\u00e7\u00ed\u00ef\u00e0, \u00f8\u00c0\u00f2\u00e8 \u00f3\u00f4\u00e9\u00f7 \u00e1\u00ee\u00f4\u00e9\u00ef\u00ea\u00e5\u00e9\u00e4\u00f6\u00f4\u00e9\u00eb\u00db\u00f7 \u00eb\u00e1\u00e9 \u00e2\u00ec\u00e5\u00ee\u00ee\u00ef\u00f0\u00f2\u00ef\u00f3\u00eb\u00ef\u00ec\u00ec\u00e8\u00f4\u00e9\u00eb\u00db\u00f7 \u00f4\u00ef\u00f9 \u00e9\u00e4\u00e9\u00de\u00f4\u00e8\u00f4\u00e5\u00f7.<\/p>\n","protected":false},"featured_media":0,"comment_status":"closed","ping_status":"open","template":"","meta":{"_monsterinsights_skip_tracking":false,"_monsterinsights_sitenote_active":false,"_monsterinsights_sitenote_note":"","_monsterinsights_sitenote_category":0},"product_brand":[553],"product_cat":[1180,273,100,60],"product_tag":[],"class_list":{"0":"post-8400","1":"product","2":"type-product","3":"status-publish","5":"product_brand-aboca","6":"product_cat-katalogos","7":"product_cat-273","8":"product_cat-100","9":"product_cat-60","11":"first","12":"instock","13":"purchasable","14":"product-type-simple"},"aioseo_notices":[],"jetpack_sharing_enabled":true,"_links":{"self":[{"href":"https:\/\/demo3.bigdigital.gr\/index.php\/wp-json\/wp\/v2\/product\/8400","targetHints":{"allow":["GET"]}}],"collection":[{"href":"https:\/\/demo3.bigdigital.gr\/index.php\/wp-json\/wp\/v2\/product"}],"about":[{"href":"https:\/\/demo3.bigdigital.gr\/index.php\/wp-json\/wp\/v2\/types\/product"}],"replies":[{"embeddable":true,"href":"https:\/\/demo3.bigdigital.gr\/index.php\/wp-json\/wp\/v2\/comments?post=8400"}],"wp:attachment":[{"href":"https:\/\/demo3.bigdigital.gr\/index.php\/wp-json\/wp\/v2\/media?parent=8400"}],"wp:term":[{"taxonomy":"product_brand","embeddable":true,"href":"https:\/\/demo3.bigdigital.gr\/index.php\/wp-json\/wp\/v2\/product_brand?post=8400"},{"taxonomy":"product_cat","embeddable":true,"href":"https:\/\/demo3.bigdigital.gr\/index.php\/wp-json\/wp\/v2\/product_cat?post=8400"},{"taxonomy":"product_tag","embeddable":true,"href":"https:\/\/demo3.bigdigital.gr\/index.php\/wp-json\/wp\/v2\/product_tag?post=8400"}],"curies":[{"name":"wp","href":"https:\/\/api.w.org\/{rel}","templated":true}]}}