{"id":8404,"date":"2025-10-14T08:17:28","date_gmt":"2025-10-14T06:17:28","guid":{"rendered":"https:\/\/demo3.bigdigital.gr\/index.php\/product\/quest-tumbiotix-gold-30caps-2\/"},"modified":"2025-11-03T15:56:26","modified_gmt":"2025-11-03T13:56:26","slug":"quest-tumbiotix-gold-30caps-2","status":"publish","type":"product","link":"https:\/\/demo3.bigdigital.gr\/index.php\/product\/quest-tumbiotix-gold-30caps-2\/","title":{"rendered":"Quest Tumbiotix Gold, 30caps"},"content":{"rendered":"","protected":false},"excerpt":{"rendered":"<p>Quest Tumbiotix Gold, 30caps<\/p>\n<p>\u00aa\u00f9\u00ed\u00f0\u00ec\u00dc\u00f2\u00f6\u00ed\u00e1 \u00a2\u00e9\u00e1\u00f4\u00f2\u00ef\u00e6\u00dc\u00f7<\/p>\n<p>\u00bb\u00e5 3 \u00a6\u00f2\u00ef\u00e2\u00e9\u00ef\u00f4\u00e9\u00eb\u00c0 \u00e7\u00e9\u00e1 \u00f4\u00e8\u00ee \u00ba\u00e1\u00ec\u00dc \u00a4\u00e5\u00e9\u00f4\u00ef\u00f9\u00f2\u00e7\u00dd\u00e1 \u00f4\u00ef\u00f9 \u00b6\u00ee\u00f4\u00db\u00f2\u00ef\u00f9<\/p>\n<p>\u00bb\u00dd\u00e1 \u00f3\u00f4\u00ef\u00f8\u00e5\u00f9\u00ed\u00db\u00ee\u00e8 \u00f3\u00e0\u00ee\u00f5\u00e5\u00f3\u00e8 \u00f0\u00f2\u00ef\u00e2\u00e9\u00ef\u00f4\u00e9\u00eb\u00f1\u00ee \u00eb\u00e1\u00e9 \u00e6\u00f9\u00f4\u00e9\u00eb\u00f1\u00ee \u00e5\u00eb\u00f8\u00f9\u00ec\u00e9\u00f3\u00ed\u00c0\u00f4\u00f6\u00ee, \u00f0\u00ef\u00f9 \u00db\u00f8\u00e5\u00e9 \u00f3\u00f8\u00e5\u00e4\u00e9\u00e1\u00f3\u00f4\u00e5\u00dd \u00e7\u00e9\u00e1 \u00ee\u00e1 \u00f0\u00e1\u00f2\u00db\u00f8\u00e5\u00e9\u00a0\u00f3\u00f9\u00ed\u00f0\u00f4\u00f6\u00ed\u00e1\u00f4\u00e9\u00eb\u00dc \u00e1\u00ee\u00e1\u00eb\u00ef\u00e0\u00e6\u00e9\u00f3\u00e8 \u00f3\u00e5 \u00de\u00f3\u00ef\u00f9\u00f7 \u00f0\u00c0\u00f3\u00f8\u00ef\u00f9\u00ee \u00e1\u00f0\u00de \u00f3\u00e0\u00ee\u00e4\u00f2\u00ef\u00ed\u00ef \u00e5\u00f9\u00e5\u00f2\u00db\u00f5\u00e9\u00f3\u00f4\u00ef\u00f9 \u00e5\u00ee\u00f4\u00db\u00f2\u00ef\u00f9 \u00dc \u00e1\u00f0\u00de \u00e6\u00ec\u00e5\u00e7\u00ed\u00ef\u00ee\u00f1\u00e4\u00e5\u00e9\u00f7 \u00f0\u00e1\u00f5\u00dc\u00f3\u00e5\u00e9\u00f7 \u00f4\u00ef\u00f9 \u00e5\u00ee\u00f4\u00db\u00f2\u00ef\u00f9.\u00a0\u00c6\u00de\u00f3\u00ef \u00f4\u00ef \u00f3\u00e0\u00ee\u00e4\u00f2\u00ef\u00ed\u00ef \u00e5\u00f9\u00e5\u00f2\u00db\u00f5\u00e9\u00f3\u00f4\u00ef\u00f9 \u00e5\u00ee\u00f4\u00db\u00f2\u00ef\u00f9, \u00de\u00f3\u00ef \u00eb\u00e1\u00e9 \u00ef\u00e9 \u00e6\u00ec\u00e5\u00e7\u00ed\u00ef\u00ee\u00f1\u00e4\u00e5\u00e9\u00f7 \u00f0\u00e1\u00f5\u00dc\u00f3\u00e5\u00e9\u00f7 \u00f4\u00ef\u00f9 \u00e5\u00ee\u00f4\u00db\u00f2\u00ef\u00f9, \u00f3\u00f9\u00ee\u00e4\u00db\u00ef\u00ee\u00f4\u00e1\u00e9 \u00ed\u00e5 \u00e1\u00ee\u00e9\u00f3\u00ef\u00f2\u00f2\u00ef\u00f0\u00dd\u00e5\u00f7 \u00f3\u00f4\u00e8 \u00ed\u00e9\u00eb\u00f2\u00ef\u00f8\u00ec\u00f6\u00f2\u00dd\u00e4\u00e1 \u00f4\u00ef\u00f9 \u00e5\u00ee\u00f4\u00db\u00f2\u00ef\u00f9. \u00c6\u00e1\u00a0\u00f0\u00f2\u00ef\u00e2\u00e9\u00ef\u00f4\u00e9\u00eb\u00c0\u00a0\u00f0\u00f2\u00ef\u00f3\u00e6\u00db\u00f2\u00ef\u00f9\u00ee \u00f3\u00f9\u00ed\u00f0\u00f4\u00f6\u00ed\u00e1\u00f4\u00e9\u00eb\u00dc\u00a0\u00e1\u00ee\u00e1\u00eb\u00ef\u00e0\u00e6\u00e9\u00f3\u00e8 \u00f3\u00f4\u00ef \u00eb\u00ef\u00e9\u00ec\u00e9\u00e1\u00eb\u00de \u00c0\u00ec\u00e7\u00ef\u00f7, \u00f4\u00ef\u00a0\u00e6\u00ef\u00e0\u00f3\u00eb\u00f6\u00ed\u00e1, \u00f4\u00ef\u00ee \u00ed\u00e5\u00f4\u00e5\u00f6\u00f2\u00e9\u00f3\u00ed\u00de \u00eb\u00e1\u00e9 \u00f4\u00e9\u00f7 \u00e1\u00eb\u00e1\u00ee\u00de\u00ee\u00e9\u00f3\u00f4\u00e5\u00f7 \u00f3\u00f9\u00ee\u00dc\u00f5\u00e5\u00e9\u00e5\u00f7 \u00f4\u00ef\u00f9 \u00e5\u00ee\u00f4\u00db\u00f2\u00ef\u00f9,\u00a0\u00de\u00f0\u00f6\u00f7 \u00e8 \u00e5\u00ee\u00e1\u00ec\u00ec\u00e1\u00f3\u00f3\u00de\u00ed\u00e5\u00ee\u00e8 \u00e4\u00e9\u00c0\u00f2\u00f2\u00ef\u00e9\u00e1 \u00dc \u00e4\u00f9\u00f3\u00eb\u00ef\u00e9\u00ec\u00e9\u00de\u00f4\u00e8\u00f4\u00e1. \u00c6\u00ef\u00a0Casperome \u00e5\u00dd\u00ee\u00e1\u00e9 \u00ed\u00e9\u00e1 \u00eb\u00ec\u00e9\u00ee\u00e9\u00eb\u00c0 \u00ed\u00e5\u00ec\u00e5\u00f4\u00e8\u00ed\u00db\u00ee\u00e8 \u00e6\u00de\u00f2\u00ed\u00ef\u00f9\u00ec\u00e1 boswellia serrata, \u00ed\u00e5 \u00e2\u00c0\u00f3\u00e8 \u00f4\u00e8 \u00ec\u00e5\u00eb\u00e9\u00f5\u00dd\u00ee\u00e8. \u00bb\u00e5\u00ec\u00db\u00f4\u00e5\u00f7 \u00e7\u00e9\u00e1 \u00f4\u00e8 Boswellia \u00e4\u00e5\u00dd\u00f8\u00ee\u00ef\u00f9\u00ee \u00de\u00f4\u00e9 \u00f4\u00e1 \u00f4\u00f2\u00e9\u00f4\u00e5\u00f2\u00f0\u00e5\u00ee\u00ef\u00e5\u00e9\u00e4\u00dc \u00ef\u00ea\u00db\u00e1 \u00f4\u00e8\u00f7 \u00e2\u00ef\u00e8\u00f5\u00ef\u00e0\u00ee \u00f3\u00f4\u00e8 \u00ed\u00e5\u00dd\u00f6\u00f3\u00e8 \u00f4\u00f6\u00ee \u00e6\u00ec\u00e5\u00e7\u00ed\u00ef\u00ee\u00f1\u00ee \u00f3\u00f4\u00ef \u00db\u00ee\u00f4\u00e5\u00f2\u00ef \u00eb\u00e1\u00e9 \u00e2\u00e5\u00ec\u00f4\u00e9\u00f1\u00ee\u00ef\u00f9\u00ee \u00f4\u00e1 \u00f3\u00f9\u00ed\u00f0\u00f4\u00f1\u00ed\u00e1\u00f4\u00e1 \u00f4\u00f6\u00ee \u00f0\u00e1\u00f5\u00dc\u00f3\u00e5\u00f6\u00ee \u00f4\u00ef\u00f9 \u00e5\u00ee\u00f4\u00db\u00f2\u00ef\u00f9.<\/p>\n<p>\u00cb\u00e3\u00e8\u00ec\u00dc \u00f0\u00e5\u00f2\u00e9\u00e5\u00eb\u00f4\u00e9\u00eb\u00de\u00f4\u00e8\u00f4\u00e1 \u00f3\u00e5 \u00f3\u00f4\u00e1\u00f5\u00e5\u00f2\u00c0 \u00e2\u00e9\u00f1\u00f3\u00e9\u00ed\u00e1 \u00f0\u00f2\u00ef\u00e2\u00e9\u00ef\u00f4\u00e9\u00eb\u00c0 \u00ed\u00db\u00f3\u00e1 \u00f3\u00f4\u00e8\u00ee \u00eb\u00c0\u00e3\u00ef\u00f9\u00ec\u00e1.<\/p>\n<p>DR \u00eb\u00c0\u00e3\u00ef\u00f9\u00ec\u00e5\u00f7 \u00f0\u00ef\u00f9 \u00e1\u00f0\u00e5\u00ec\u00e5\u00f9\u00f5\u00e5\u00f2\u00f1\u00ee\u00ef\u00f9\u00ee \u00e5\u00ee\u00e5\u00f2\u00e7\u00c0 \u00f0\u00f2\u00ef\u00e2\u00e9\u00ef\u00f4\u00e9\u00eb\u00c0 \u00eb\u00e1\u00f4\u00e5\u00f9\u00f5\u00e5\u00dd\u00e1\u00ee \u00f3\u00f4\u00ef \u00db\u00ee\u00f4\u00e5\u00f2\u00ef \u00e7\u00e9\u00e1 \u00f3\u00dd\u00e7\u00ef\u00f9\u00f2\u00ef \u00e1\u00f0\u00ef\u00f4\u00db\u00ec\u00e5\u00f3\u00ed\u00e1*.<\/p>\n<p>\u00a2\u00e5\u00ee \u00f0\u00e5\u00f2\u00e9\u00db\u00f8\u00e5\u00e9:<\/p>\n<p>\u00cb\u00e4\u00f2\u00ef\u00e7\u00ef\u00ee\u00f6\u00ed\u00db\u00ee\u00e1 \u00ec\u00dd\u00f0\u00e8.<\/p>\n<p>\u00b7\u00f6\u00e9\u00eb\u00c0 \u00f3\u00f9\u00f3\u00f4\u00e1\u00f4\u00e9\u00eb\u00c0.<\/p>\n<p>\u00c6\u00e5\u00f8\u00ee\u00e8\u00f4\u00c0 \u00f3\u00f9\u00ee\u00f4\u00e8\u00f2\u00e8\u00f4\u00e9\u00eb\u00c0.<\/p>\n<p>\u00cc\u00f2\u00f1\u00ed\u00e1\u00f4\u00e1 \u00eb\u00e1\u00e9 \u00e1\u00f2\u00f6\u00ed\u00e1\u00f4\u00e9\u00eb\u00db\u00f7 \u00ef\u00f9\u00f3\u00dd\u00e5\u00f7.<\/p>\n<p>\u00a6\u00f2\u00de\u00f3\u00f5\u00e5\u00f4\u00e8 \u00fa\u00c0\u00f8\u00e1\u00f2\u00e8.<\/p>\n<p>\u00a4\u00e1\u00eb\u00f4\u00de\u00fa\u00e8.<\/p>\n<p>\u00b0\u00ec\u00c0\u00f4\u00e9.<\/p>\n<p>\u00bb\u00e1\u00e7\u00e9\u00c0.<\/p>\n<p>\u00aa\u00dd\u00f4\u00ef \u00dc \u00e7\u00ec\u00ef\u00f9\u00f4\u00db\u00ee\u00e8.<\/p>\n<p>\u00ba\u00e1\u00f4\u00c0\u00ec\u00ec\u00e8\u00ec\u00ef \u00e7\u00e9\u00e1 vegans.<\/p>\n<p>* DRcaps: \u00aa\u00f4\u00ef TumBiotix x\u00f2\u00e8\u00f3\u00e9\u00ed\u00ef\u00f0\u00ef\u00e9\u00ef\u00e0\u00ee\u00f4\u00e1\u00e9 DRcaps \u00eb\u00c0\u00e3\u00ef\u00f9\u00ec\u00e5\u00f7, \u00ef\u00e9 \u00ef\u00f0\u00ef\u00dd\u00e5\u00f7 \u00db\u00f8\u00ef\u00f9\u00ee \u00f3\u00f8\u00e5\u00e4\u00e9\u00e1\u00f3\u00f4\u00e5\u00dd \u00e7\u00e9\u00e1 \u00ee\u00e1 \u00eb\u00e1\u00f5\u00f9\u00f3\u00f4\u00e5\u00f2\u00ef\u00e0\u00ee \u00f4\u00e8\u00ee \u00e1\u00f0\u00e5\u00ec\u00e5\u00f9\u00f5\u00db\u00f2\u00f6\u00f3\u00e8 \u00f4\u00f6\u00ee \u00e4\u00f2\u00e1\u00f3\u00f4\u00e9\u00eb\u00f1\u00ee \u00f3\u00f9\u00f3\u00f4\u00e1\u00f4\u00e9\u00eb\u00f1\u00ee, \u00ed\u00e5 \u00e1\u00f0\u00ef\u00f4\u00db\u00ec\u00e5\u00f3\u00ed\u00e1 \u00f4\u00e1 \u00f0\u00f2\u00ef\u00e2\u00e9\u00ef\u00f4\u00e9\u00eb\u00c0 \u00e2\u00e1\u00eb\u00f4\u00dc\u00f2\u00e9\u00e1 \u00ee\u00e1 \u00ed\u00e8\u00ee \u00eb\u00e1\u00f4\u00e1\u00f3\u00f4\u00f2\u00db\u00e6\u00ef\u00ee\u00f4\u00e1\u00e9 \u00f3\u00f4\u00ef \u00de\u00ea\u00e9\u00ee\u00ef \u00f0\u00e5\u00f2\u00e9\u00e2\u00c0\u00ec\u00ec\u00ef\u00ee \u00f4\u00ef\u00f9 \u00f3\u00f4\u00ef\u00ed\u00c0\u00f8\u00ef\u00f9 \u00e1\u00ec\u00ec\u00c0 \u00ee\u00e1 \u00e1\u00f0\u00e5\u00ec\u00e5\u00f9\u00f5\u00e5\u00f2\u00f1\u00ee\u00ef\u00ee\u00f4\u00e1\u00e9 \u00e1\u00f0\u00e5\u00f9\u00f5\u00e5\u00dd\u00e1\u00f7 \u00f3\u00f4\u00ef \u00db\u00ee\u00f4\u00e5\u00f2\u00ef.<\/p>\n<p>\u00bb\u00e9\u00e1 \u00eb\u00c0\u00e3\u00ef\u00f9\u00ec\u00e1 \u00f0\u00e1\u00f2\u00db\u00f8\u00e5\u00e9:<\/p>\n<p>Casperome 250 mg (\u00e1\u00f0\u00ef\u00e4\u00dd\u00e4\u00e5\u00e9 87.5mg boswellia serrata. \u00c6\u00f9\u00f0\u00ef\u00f0\u00ef\u00e9\u00e8\u00ed\u00db\u00ee\u00ef \u00f3\u00e5 3-acetyl-11-keto-beta boswellic acid).<\/p>\n<p>\u00ba\u00e1\u00ec\u00ec\u00e9\u00db\u00f2\u00e7\u00e5\u00e9\u00e1 \u00ec\u00e1\u00eb\u00f4\u00ef\u00e2\u00c0\u00eb\u00e9\u00ec\u00f6\u00ee 23.34 mg (\u00e1\u00f0\u00ef\u00e4\u00dd\u00e4\u00e5\u00e9 2 \u00e4\u00e9\u00f7 (2 x 109): L.acidophilus, L.plantarum, L.rhamnosus)<\/p>\n<p>\u00cc\u00c4\u00b8\u00aa\u00b8<\/p>\n<p>\u00bb\u00e9\u00e1 \u00db\u00f6\u00f7 \u00e4\u00e0\u00ef \u00eb\u00c0\u00e3\u00ef\u00f9\u00ec\u00e5\u00f7 \u00f4\u00e8\u00ee \u00e8\u00ed\u00db\u00f2\u00e1 \u00ed\u00e5 \u00dc \u00ed\u00e5\u00f4\u00c0 \u00e1\u00f0\u00de \u00eb\u00c0\u00f0\u00ef\u00e9\u00ef \u00e7\u00e5\u00e0\u00ed\u00e1, \u00ed\u00e1\u00fa\u00dd \u00ed\u00e5 \u00ee\u00e5\u00f2\u00de.<\/p>\n<p>\u00a6\u00c4\u00c3\u00bc\u00cb\u00a4\u00b0\u00a5\u00b6\u00b9\u00aa<\/p>\n<p>\u00a2\u00e9\u00e1\u00f4\u00e8\u00f2\u00e5\u00dd\u00f4\u00e1\u00e9 \u00f3\u00e5 \u00ed\u00db\u00f2\u00ef\u00f7 \u00ea\u00e8\u00f2\u00de \u00eb\u00e1\u00e9 \u00e4\u00f2\u00ef\u00f3\u00e5\u00f2\u00de, \u00f3\u00e5 \u00f5\u00e5\u00f2\u00ed\u00ef\u00eb\u00f2\u00e1\u00f3\u00dd\u00e1 \u00ed\u00e9\u00eb\u00f2\u00de\u00f4\u00e5\u00f2\u00e8 \u00f4\u00f6\u00ee 25\u00efC.<\/p>\n<p>\u00bc\u00f9\u00ec\u00c0\u00f3\u00f3\u00e5\u00f4\u00e1\u00e9 \u00ed\u00e1\u00eb\u00f2\u00e9\u00c0 \u00e1\u00f0\u00de \u00f0\u00e1\u00e9\u00e4\u00e9\u00c0.<\/p>\n<p>\u00c1\u00e1 \u00ed\u00e8 \u00e7\u00dd\u00ee\u00e5\u00f4\u00e1\u00e9 \u00f9\u00f0\u00db\u00f2\u00e2\u00e1\u00f3\u00e8 \u00f4\u00e8\u00f7 \u00f3\u00f9\u00ee\u00e9\u00f3\u00f4\u00f1\u00ed\u00e5\u00ee\u00e8\u00f7 \u00e8\u00ed\u00e5\u00f2\u00dc\u00f3\u00e9\u00e1\u00f7 \u00e4\u00de\u00f3\u00e8\u00f7.<\/p>\n<p>\u00c6\u00e1 \u00f3\u00f9\u00ed\u00f0\u00ec\u00e8\u00f2\u00f1\u00ed\u00e1\u00f4\u00e1 \u00e4\u00e9\u00e1\u00f4\u00f2\u00ef\u00e6\u00dc\u00f7 \u00e4\u00e5\u00ee \u00f0\u00f2\u00db\u00f0\u00e5\u00e9 \u00ee\u00e1 \u00f8\u00f2\u00e8\u00f3\u00e9\u00ed\u00ef\u00f0\u00ef\u00e9\u00ef\u00e0\u00ee\u00f4\u00e1\u00e9 \u00f6\u00f7 \u00f9\u00f0\u00ef\u00eb\u00e1\u00f4\u00c0\u00f3\u00f4\u00e1\u00f4\u00ef \u00ed\u00e9\u00e1\u00f7 \u00e9\u00f3\u00ef\u00f2\u00f2\u00ef\u00f0\u00e8\u00ed\u00db\u00ee\u00e8\u00f7 \u00e4\u00dd\u00e1\u00e9\u00f4\u00e1\u00f7.<\/p>\n<p>\u00c6\u00ef \u00f0\u00f2\u00ef\u00fb\u00de\u00ee \u00e1\u00f9\u00f4\u00de \u00e4\u00e5\u00ee \u00f0\u00f2\u00ef\u00ef\u00f2\u00dd\u00fa\u00e5\u00f4\u00e1\u00e9 \u00e7\u00e9\u00e1 \u00f4\u00e8\u00ee \u00f0\u00f2\u00de\u00ec\u00e8\u00e3\u00e8, \u00e1\u00e7\u00f6\u00e7\u00dc \u00dc \u00f5\u00e5\u00f2\u00e1\u00f0\u00e5\u00dd\u00e1 \u00e1\u00ee\u00f5\u00f2\u00f1\u00f0\u00e9\u00ee\u00e8\u00f7 \u00ee\u00de\u00f3\u00ef\u00f9.<\/p>\n<p>\u00aa\u00f9\u00ed\u00e2\u00ef\u00f9\u00ec\u00e5\u00f9\u00f4\u00e5\u00dd\u00f4\u00e5 \u00f4\u00ef\u00ee \u00e7\u00e9\u00e1\u00f4\u00f2\u00de \u00f3\u00e1\u00f7 \u00e1\u00ee \u00e5\u00dd\u00f3\u00f4\u00e5 \u00db\u00e7\u00eb\u00f9\u00ef\u00f7, \u00f5\u00e8\u00ec\u00c0\u00fa\u00e5\u00f4\u00e5, \u00e2\u00f2\u00dd\u00f3\u00eb\u00e5\u00f3\u00f4\u00e5 \u00f9\u00f0\u00de \u00e6\u00e1\u00f2\u00ed\u00e1\u00eb\u00e5\u00f9\u00f4\u00e9\u00eb\u00dc \u00e1\u00e7\u00f6\u00e7\u00dc \u00dc \u00e1\u00ee\u00f4\u00e9\u00ed\u00e5\u00f4\u00f6\u00f0\u00dd\u00fa\u00e5\u00f4\u00e5 \u00f0\u00f2\u00ef\u00e2\u00ec\u00dc\u00ed\u00e1\u00f4\u00e1 \u00f9\u00e7\u00e5\u00dd\u00e1\u00f7.\u00a0?<\/p>\n<p>\u00aa\u00cb\u00aa\u00c6\u00b0\u00c6\u00b9\u00ba\u00b0<\/p>\n<p>Maltodextrin, casperome\u00ae (boswellia serrata extract, lecithinm microcrystalline cellulose, silicon dioxide), capsule shell (hydroxypropylmethylcellulose, gellan gum). Lactobacilli cultures (L.acidophilus, L.plantarum, L.rhamnosus),\u00a0magnesium stearate, ascorbic acid (with hydroxypropylmethylcellulose).<\/p>\n<p>\u00bb\u00f0\u00ef\u00f2\u00e5\u00dd \u00ee\u00e1 \u00f0\u00e5\u00f2\u00e9\u00db\u00f8\u00e5\u00e9 \u00dd\u00f8\u00ee\u00e8\u00a0\u00f3\u00de\u00e7\u00e9\u00e1\u00f7.<\/p>\n<p>&nbsp;<\/p>\n","protected":false},"featured_media":0,"comment_status":"closed","ping_status":"open","template":"","meta":{"_monsterinsights_skip_tracking":false,"_monsterinsights_sitenote_active":false,"_monsterinsights_sitenote_note":"","_monsterinsights_sitenote_category":0},"product_brand":[401],"product_cat":[1180,224,93,182],"product_tag":[],"class_list":{"0":"post-8404","1":"product","2":"type-product","3":"status-publish","5":"product_brand-quest","6":"product_cat-katalogos","7":"product_cat-224","8":"product_cat-93","9":"product_cat-182","11":"first","12":"instock","13":"sale","14":"purchasable","15":"product-type-simple"},"aioseo_notices":[],"jetpack_sharing_enabled":true,"_links":{"self":[{"href":"https:\/\/demo3.bigdigital.gr\/index.php\/wp-json\/wp\/v2\/product\/8404","targetHints":{"allow":["GET"]}}],"collection":[{"href":"https:\/\/demo3.bigdigital.gr\/index.php\/wp-json\/wp\/v2\/product"}],"about":[{"href":"https:\/\/demo3.bigdigital.gr\/index.php\/wp-json\/wp\/v2\/types\/product"}],"replies":[{"embeddable":true,"href":"https:\/\/demo3.bigdigital.gr\/index.php\/wp-json\/wp\/v2\/comments?post=8404"}],"wp:attachment":[{"href":"https:\/\/demo3.bigdigital.gr\/index.php\/wp-json\/wp\/v2\/media?parent=8404"}],"wp:term":[{"taxonomy":"product_brand","embeddable":true,"href":"https:\/\/demo3.bigdigital.gr\/index.php\/wp-json\/wp\/v2\/product_brand?post=8404"},{"taxonomy":"product_cat","embeddable":true,"href":"https:\/\/demo3.bigdigital.gr\/index.php\/wp-json\/wp\/v2\/product_cat?post=8404"},{"taxonomy":"product_tag","embeddable":true,"href":"https:\/\/demo3.bigdigital.gr\/index.php\/wp-json\/wp\/v2\/product_tag?post=8404"}],"curies":[{"name":"wp","href":"https:\/\/api.w.org\/{rel}","templated":true}]}}