{"id":8406,"date":"2025-10-14T08:17:28","date_gmt":"2025-10-14T06:17:28","guid":{"rendered":"https:\/\/demo3.bigdigital.gr\/index.php\/product\/fresh-line-elixir-orchidea-recharge-night-face-neck-cream-50ml-2\/"},"modified":"2025-11-03T15:48:08","modified_gmt":"2025-11-03T13:48:08","slug":"fresh-line-elixir-orchidea-recharge-night-face-neck-cream-50ml-2","status":"publish","type":"product","link":"https:\/\/demo3.bigdigital.gr\/index.php\/product\/fresh-line-elixir-orchidea-recharge-night-face-neck-cream-50ml-2\/","title":{"rendered":"Fresh Line Elixir Orchidea Recharge Night Face &#038; Neck Cream 50ml"},"content":{"rendered":"","protected":false},"excerpt":{"rendered":"<p>Fresh Line Elixir Orchidea Recharge Night Face &amp; Neck Cream 50ml<\/p>\n<p>\u00a6\u00e5\u00f2\u00e9\u00e7\u00f2\u00e1\u00e6\u00dc<\/p>\n<p>Fighting aging in sleep deprived skin\u00a0\u00b0\u00ee\u00f4\u00e9\u00e7\u00e8\u00f2\u00e1\u00ee\u00f4\u00e9\u00eb\u00dc \u00ba\u00f2\u00db\u00ed\u00e1 \u00c1\u00e0\u00f8\u00f4\u00e1\u00f7 \u00e7\u00e9\u00e1 \u00f0\u00f2\u00de\u00f3\u00f6\u00f0\u00ef &amp; \u00ec\u00e1\u00e9\u00ed\u00de\u00a0\u00e7\u00e9\u00e1 \u00f1\u00f2\u00e9\u00ed\u00e8 \u00e5\u00f0\u00e9\u00e4\u00e5\u00f2\u00ed\u00dd\u00e4\u00e1 50ml<\/p>\n<p>\u00c1\u00db\u00e1 premium \u00eb\u00f2\u00db\u00ed\u00e1 \u00ee\u00e0\u00f8\u00f4\u00e1\u00f7 \u00e7\u00e9\u00e1 \u00f0\u00f2\u00de\u00f3\u00f6\u00f0\u00ef &amp; \u00ec\u00e1\u00e9\u00ed\u00de, \u00e5\u00ed\u00f0\u00ec\u00ef\u00f9\u00f4\u00e9\u00f3\u00ed\u00db\u00ee\u00e8 \u00ed\u00e5 10 \u00eb\u00ec\u00e9\u00ee\u00e9\u00eb\u00c0 \u00e1\u00f0\u00ef\u00e4\u00e5\u00e4\u00e5\u00e9\u00e7\u00ed\u00db\u00ee\u00e1 \u00e4\u00f2\u00e1\u00f3\u00f4\u00e9\u00eb\u00c0 \u00f3\u00f9\u00f3\u00f4\u00e1\u00f4\u00e9\u00eb\u00c0 \u00f0\u00ef\u00f9 \u00f0\u00f2\u00ef\u00f6\u00f5\u00e5\u00dd \u00f4\u00e8\u00ee \u00e1\u00ee\u00c0\u00f0\u00ec\u00e1\u00f3\u00e8 \u00f4\u00e8\u00f7 \u00e5\u00f0\u00e9\u00e4\u00e5\u00f2\u00ed\u00dd\u00e4\u00e1\u00f7 \u00eb\u00e1\u00f4\u00c0 \u00f4\u00e8 \u00e4\u00e9\u00c0\u00f2\u00eb\u00e5\u00e9\u00e1 \u00f4\u00e8\u00f7 \u00ee\u00e0\u00f8\u00f4\u00e1\u00f7.<\/p>\n<p>\u00b6\u00ed\u00f0\u00ec\u00ef\u00f9\u00f4\u00dd\u00fa\u00e5\u00f4\u00e1\u00e9 \u00ed\u00e5 \u00f0\u00f2\u00f6\u00f4\u00ef\u00f0\u00ef\u00f2\u00e9\u00e1\u00eb\u00de \u00ed\u00e9\u00eb\u00f2\u00ef\u00e5\u00eb\u00f8\u00e0\u00ec\u00e9\u00f3\u00ed\u00e1 \u00e5\u00ec\u00e2\u00e5\u00f4\u00e9\u00eb\u00ef\u00e0 \u00f0\u00e1\u00e7\u00de\u00e2\u00ef\u00f9\u00ee\u00ef\u00f9, \u00f0\u00ef\u00f9 \u00e5\u00ee\u00e5\u00f2\u00e7\u00ef\u00f0\u00ef\u00e9\u00e5\u00dd \u00f4\u00ef \u00e4\u00db\u00f2\u00ed\u00e1 \u00f0\u00ef\u00f9 \u00f3\u00f4\u00e5\u00f2\u00e5\u00dd\u00f4\u00e1\u00e9 \u00e0\u00f0\u00ee\u00ef\u00f9, \u00ed\u00e5\u00e9\u00f1\u00ee\u00ef\u00ee\u00f4\u00e1\u00f7 \u00f3\u00e8\u00ed\u00e1\u00ee\u00f4\u00e9\u00eb\u00c0 \u00f4\u00ef \u00e2\u00c0\u00f5\u00ef\u00f7 \u00f4\u00f6\u00ee \u00f2\u00f9\u00f4\u00dd\u00e4\u00f6\u00ee &amp; \u00e1\u00f9\u00ea\u00c0\u00ee\u00ef\u00ee\u00f4\u00e1\u00f7 \u00f4\u00e8\u00ee \u00ec\u00c0\u00ed\u00e3\u00e8 \u00f3\u00e5 \u00ed\u00de\u00ec\u00e9\u00f7 14 \u00e8\u00ed\u00db\u00f2\u00e5\u00f7.<\/p>\n<p>\u00b8 \u00e6\u00f9\u00f4\u00e9\u00eb\u00dc \u00f2\u00e5\u00f4\u00e9\u00ee\u00de\u00ec\u00e8 \u00e4\u00e9\u00e5\u00e7\u00e5\u00dd\u00f2\u00e5\u00e9 \u00f4\u00e8\u00ee \u00eb\u00f9\u00f4\u00f4\u00e1\u00f2\u00e9\u00eb\u00dc \u00e1\u00ee\u00e1\u00ee\u00db\u00f6\u00f3\u00e8 \u00ed\u00e5\u00e9\u00f1\u00ee\u00ef\u00ee\u00f4\u00e1\u00f7 \u00f4\u00e8\u00ee \u00f9\u00f0\u00e5\u00f2\u00ed\u00e5\u00ec\u00c0\u00f8\u00f2\u00f6\u00f3\u00e8 \u00eb\u00e1\u00e9 \u00f4\u00e9\u00f7 \u00f2\u00f9\u00f4\u00dd\u00e4\u00e5\u00f7.<\/p>\n<p>\u00c6\u00ef 3D \u00f9\u00e1\u00ec\u00ef\u00f9\u00f2\u00ef\u00ee\u00e9\u00eb\u00de \u00ef\u00ea\u00e0 \u00e1\u00ee\u00e1\u00f0\u00ec\u00e8\u00f2\u00f1\u00ee\u00e5\u00e9 \u00f4\u00e8\u00ee \u00f9\u00e7\u00f2\u00e1\u00f3\u00dd\u00e1 \u00f4\u00ef\u00f9 \u00e4\u00db\u00f2\u00ed\u00e1\u00f4\u00ef\u00f7 &amp; \u00ec\u00e5\u00e9\u00e1\u00dd\u00ee\u00e5\u00e9 \u00f4\u00e9\u00f7 \u00ec\u00e5\u00f0\u00f4\u00db\u00f7 \u00e7\u00f2\u00e1\u00ed\u00ed\u00db\u00f7.<\/p>\n<p>To \u00ee\u00db\u00ef \u00e4\u00f2\u00e1\u00f3\u00f4\u00e9\u00eb\u00de \u00f0\u00ef\u00f9 \u00f0\u00f2\u00ef\u00db\u00f2\u00f8\u00e5\u00f4\u00e1\u00e9 \u00e1\u00f0\u00de \u00e5\u00eb\u00f8\u00e0\u00ec\u00e9\u00f3\u00ed\u00e1 \u00e6\u00f2\u00ef\u00e0\u00f4\u00f6\u00ee monk, \u00e5\u00ea\u00e9\u00f3\u00ef\u00f2\u00f2\u00ef\u00f0\u00e5\u00dd \u00f4\u00e8\u00ee \u00e5\u00f0\u00e9\u00e7\u00e5\u00ee\u00e5\u00f4\u00e9\u00eb\u00dc \u00f4\u00ef\u00f9 \u00f1\u00f2\u00e9\u00ed\u00ef\u00f9 \u00e4\u00db\u00f2\u00ed\u00e1\u00f4\u00ef\u00f7, \u00e5\u00f0\u00e1\u00ee\u00e1\u00f0\u00f9\u00eb\u00ee\u00f1\u00ee\u00e5\u00e9, \u00f3\u00f9\u00f3\u00e6\u00dd\u00e7\u00e7\u00e5\u00e9 &amp; \u00e7\u00e5\u00ed\u00dd\u00fa\u00e5\u00e9 \u00f4\u00ef \u00e4\u00db\u00f2\u00ed\u00e1.<\/p>\n<p>\u00b0\u00f0\u00ef\u00f4\u00e5\u00ec\u00e5\u00dd\u00f4\u00e1\u00e9 \u00e1\u00f0\u00de 93,1% \u00f3\u00f9\u00f3\u00f4\u00e1\u00f4\u00e9\u00eb\u00c0 \u00e6\u00f9\u00f3\u00e9\u00eb\u00dc\u00f7 \u00f0\u00f2\u00ef\u00db\u00ec\u00e5\u00f9\u00f3\u00e8\u00f7.<\/p>\n","protected":false},"featured_media":0,"comment_status":"closed","ping_status":"open","template":"","meta":{"_monsterinsights_skip_tracking":false,"_monsterinsights_sitenote_active":false,"_monsterinsights_sitenote_note":"","_monsterinsights_sitenote_category":0},"product_brand":[558],"product_cat":[1180,54,116,64],"product_tag":[],"class_list":{"0":"post-8406","1":"product","2":"type-product","3":"status-publish","5":"product_brand-fresh-formula-s-a","6":"product_cat-katalogos","7":"product_cat-54","8":"product_cat-116","9":"product_cat-64","11":"first","12":"instock","13":"sale","14":"purchasable","15":"product-type-simple"},"aioseo_notices":[],"jetpack_sharing_enabled":true,"_links":{"self":[{"href":"https:\/\/demo3.bigdigital.gr\/index.php\/wp-json\/wp\/v2\/product\/8406","targetHints":{"allow":["GET"]}}],"collection":[{"href":"https:\/\/demo3.bigdigital.gr\/index.php\/wp-json\/wp\/v2\/product"}],"about":[{"href":"https:\/\/demo3.bigdigital.gr\/index.php\/wp-json\/wp\/v2\/types\/product"}],"replies":[{"embeddable":true,"href":"https:\/\/demo3.bigdigital.gr\/index.php\/wp-json\/wp\/v2\/comments?post=8406"}],"wp:attachment":[{"href":"https:\/\/demo3.bigdigital.gr\/index.php\/wp-json\/wp\/v2\/media?parent=8406"}],"wp:term":[{"taxonomy":"product_brand","embeddable":true,"href":"https:\/\/demo3.bigdigital.gr\/index.php\/wp-json\/wp\/v2\/product_brand?post=8406"},{"taxonomy":"product_cat","embeddable":true,"href":"https:\/\/demo3.bigdigital.gr\/index.php\/wp-json\/wp\/v2\/product_cat?post=8406"},{"taxonomy":"product_tag","embeddable":true,"href":"https:\/\/demo3.bigdigital.gr\/index.php\/wp-json\/wp\/v2\/product_tag?post=8406"}],"curies":[{"name":"wp","href":"https:\/\/api.w.org\/{rel}","templated":true}]}}