{"id":8415,"date":"2025-10-14T08:17:30","date_gmt":"2025-10-14T06:17:30","guid":{"rendered":"https:\/\/demo3.bigdigital.gr\/index.php\/product\/power-health-dr-wolz-kinderimmun-65gr-2\/"},"modified":"2025-11-03T14:16:45","modified_gmt":"2025-11-03T12:16:45","slug":"power-health-dr-wolz-kinderimmun-65gr-2","status":"publish","type":"product","link":"https:\/\/demo3.bigdigital.gr\/index.php\/product\/power-health-dr-wolz-kinderimmun-65gr-2\/","title":{"rendered":"Power Health Dr. Wolz KinderImmun 65gr"},"content":{"rendered":"","protected":false},"excerpt":{"rendered":"<p>Power Health Dr. Wolz KinderImmun 65gr<\/p>\n<p>\u00a2\u00f9\u00ee\u00e1\u00f4\u00de \u00e1\u00ee\u00ef\u00f3\u00ef\u00f0\u00ef\u00e9\u00e8\u00f4\u00e9\u00eb\u00de \u00e7\u00e9\u00e1 \u00e7\u00e5\u00f2\u00c0 \u00f0\u00e1\u00e9\u00e4\u00e9\u00c0!<\/p>\n<p>\u00aa\u00f9\u00ed\u00f0\u00ec\u00dc\u00f2\u00f6\u00ed\u00e1 \u00e4\u00e9\u00e1\u00f4\u00f2\u00ef\u00e6\u00dc\u00f7 \u00ed\u00e5 \u00f3\u00f9\u00ed\u00f0\u00f9\u00eb\u00ee\u00f6\u00ed\u00db\u00ee\u00ef \u00f0\u00f2\u00f6\u00f4\u00de\u00e7\u00e1\u00ec\u00e1 (colostrum), \u00e2\u00e9\u00f4\u00e1\u00ed\u00dd\u00ee\u00e5\u00f7 \u00f4\u00ef\u00f9 \u00f3\u00f9\u00ed\u00f0\u00ec\u00db\u00e7\u00ed\u00e1\u00f4\u00ef\u00f7 \u00b5, C, D3, \u00e2-\u00e7\u00ec\u00f9\u00eb\u00c0\u00ee\u00e5\u00f7, \u00fa\u00f9\u00ed\u00ef\u00ed\u00e0\u00eb\u00e8\u00f4\u00e5\u00f7 \u00e5\u00ed\u00f0\u00ec\u00ef\u00f9\u00f4\u00e9\u00f3\u00ed\u00db\u00ee\u00ef\u00f9\u00f7 \u00f3\u00e5 \u00e3\u00e5\u00f9\u00e4\u00c0\u00f2\u00e7\u00f9\u00f2\u00ef, \u00f0\u00f2\u00ef\u00e2\u00e9\u00ef\u00f4\u00e9\u00eb\u00c0 (\u00ef\u00ea\u00f9\u00e7\u00e1\u00ec\u00e1\u00eb\u00f4\u00e9\u00eb\u00c0 \u00e2\u00e1\u00eb\u00f4\u00dc\u00f2\u00e9\u00e1) \u00eb\u00e1\u00e9 \u00f0\u00f2\u00e5\u00e2\u00e9\u00ef\u00f4\u00e9\u00eb\u00c0 (\u00e9\u00ee\u00ef\u00f9\u00ec\u00dd\u00ee\u00e8). \u00c3\u00e9 \u00e2\u00e9\u00f4\u00e1\u00ed\u00dd\u00ee\u00e5\u00f7 B6, B12, C, D, \u00f4\u00ef \u00e6\u00ef\u00ec\u00e9\u00eb\u00de \u00ef\u00ea\u00e0 \u00eb\u00e1\u00e9 \u00ef \u00e3\u00e5\u00f9\u00e4\u00c0\u00f2\u00e7\u00f9\u00f2\u00ef\u00f7 \u00f3\u00f9\u00ed\u00e2\u00c0\u00ec\u00ec\u00ef\u00f9\u00ee \u00f3\u00f4\u00e8 \u00e6\u00f9\u00f3\u00e9\u00ef\u00ec\u00ef\u00e7\u00e9\u00eb\u00dc \u00ec\u00e5\u00e9\u00f4\u00ef\u00f9\u00f2\u00e7\u00dd\u00e1 \u00f4\u00ef\u00f9 \u00e1\u00ee\u00ef\u00f3\u00ef\u00f0\u00ef\u00e9\u00e8\u00f4\u00e9\u00eb\u00ef\u00e0 \u00f3\u00f9\u00f3\u00f4\u00dc\u00ed\u00e1\u00f4\u00ef\u00f7. \u00b8 \u00e2\u00e9\u00f4\u00e1\u00ed\u00dd\u00ee\u00e8 D \u00f3\u00f9\u00ed\u00e2\u00c0\u00ec\u00ec\u00e5\u00e9 \u00f3\u00f4\u00e8 \u00e4\u00e9\u00e1\u00f4\u00dc\u00f2\u00e8\u00f3\u00e8 \u00f4\u00e8\u00f7 \u00e6\u00f9\u00f3\u00e9\u00ef\u00ec\u00ef\u00e7\u00e9\u00eb\u00dc\u00f7 \u00eb\u00e1\u00f4\u00c0\u00f3\u00f4\u00e1\u00f3\u00e8\u00f7 \u00f4\u00f6\u00ee \u00ef\u00f3\u00f4\u00f1\u00ee \u00e5\u00ee\u00f1 \u00e5\u00dd\u00ee\u00e1\u00e9 \u00e1\u00f0\u00e1\u00f2\u00e1\u00dd\u00f4\u00e8\u00f4\u00e8 \u00eb\u00e1\u00e9 \u00e7\u00e9\u00e1 \u00f4\u00e8 \u00e6\u00f9\u00f3\u00e9\u00ef\u00ec\u00ef\u00e7\u00e9\u00eb\u00dc \u00e1\u00ee\u00c0\u00f0\u00f4\u00f9\u00ea\u00e8 \u00f4\u00f6\u00ee \u00ef\u00f3\u00f4\u00f1\u00ee \u00f4\u00f6\u00ee \u00f0\u00e1\u00e9\u00e4\u00e9\u00f1\u00ee*.<\/p>\n<p>* \u00c6\u00e1 \u00f0\u00e1\u00f2\u00e1\u00f0\u00c0\u00ee\u00f6\u00a0 \u00e1\u00f0\u00ef\u00f4\u00e5\u00ec\u00ef\u00e0\u00ee \u00e5\u00f0\u00dd\u00f3\u00e8\u00ed\u00ef\u00f9\u00f7 \u00e9\u00f3\u00f8\u00f9\u00f2\u00e9\u00f3\u00ed\u00ef\u00e0\u00f7 \u00f9\u00e7\u00e5\u00dd\u00e1\u00f7 \u00e1\u00f0\u00de \u00f4\u00e8\u00ee E\u00f9\u00f2\u00f6\u00f0\u00e1\u00fb\u00eb\u00dc \u00b0\u00f2\u00f8\u00dc \u00b0\u00f3\u00e6\u00c0\u00ec\u00e5\u00e9\u00e1\u00f7 \u00c6\u00f2\u00ef\u00e6\u00dd\u00ed\u00f6\u00ee (EFSA).<\/p>\n<p>\u00a2\u00e9\u00e1\u00f4\u00f2\u00ef\u00e6\u00e9\u00eb\u00c0 \u00f3\u00f4\u00ef\u00e9\u00f8\u00e5\u00dd\u00e1\u00b0\u00ee\u00c0\u00a0\u00ed\u00e5\u00f2\u00dd\u00e4\u00e1\u00a02 g%\u00a0\u00aa.\u00b8.\u00a2.*\u00b0\u00ee\u00c0\u00a0\u00ed\u00e5\u00f2\u00dd\u00e4\u00e1\u00a03 g%\u00a0\u00aa.\u00b8.\u00a2.*<\/p>\n<p>\u00b5\u00e9\u00f4\u00e1\u00ed\u00dd\u00ee\u00e8 D36,7 \u00edg (268 iu)134 %10 \u00edg (400 iu)200 %<\/p>\n<p>\u00b5\u00e9\u00f4\u00e1\u00ed\u00dd\u00ee\u00e8 \u00b510,44 mg40 %0,66 mg60 %<\/p>\n<p>\u00b5\u00e9\u00f4\u00e1\u00ed\u00dd\u00ee\u00e8 \u00b520,56 mg40 %0,84 mg60 %<\/p>\n<p>\u00b5\u00e9\u00f4\u00e1\u00ed\u00dd\u00ee\u00e8 \u00b560,56 mg40 %0,84 mg60 %<\/p>\n<p>\u00b5\u00e9\u00f4\u00e1\u00ed\u00dd\u00ee\u00e8 \u00b5121 \u00edg40 %1,5 \u00edg60 %<\/p>\n<p>\u00bc\u00ef\u00ec\u00e9\u00eb\u00de \u00ef\u00ea\u00e080 \u00edg40 %120 \u00edg60 %<\/p>\n<p>\u00b5\u00e9\u00f4\u00e1\u00ed\u00dd\u00ee\u00e8 C32 mg40 %48 mg60 %<\/p>\n<p>\u00be\u00e5\u00f9\u00e4\u00c0\u00f2\u00e7\u00f9\u00f2\u00ef\u00f72 mg20 %3 mg30 %<\/p>\n<p>\u00b5-\u00e7\u00ec\u00f9\u00eb\u00c0\u00ee\u00e5\u00f7 \u00e1\u00f0\u00de \u00fa\u00f9\u00ed\u00ef\u00ed\u00e0\u00eb\u00e8\u00f4\u00e1 (S.\u00a0cerevisiae)67 mg100 mg<\/p>\n<p>\u00aa\u00f9\u00ed\u00f0\u00f9\u00eb\u00ee\u00f6\u00ed\u00db\u00ee\u00ef \u00f0\u00f2\u00f6\u00f4\u00de\u00e7\u00e1\u00ec\u00e1124 mg186 mg<\/p>\n<p>&#8211; \u00e1\u00ee\u00ef\u00f3\u00ef\u00f3\u00e6\u00e1\u00e9\u00f2\u00dd\u00ee\u00e8 \u00e724,8 mg37,2 mg<\/p>\n<p>\u00b9\u00ee\u00ef\u00f9\u00ec\u00dd\u00ee\u00e81,5 g2,2 g<\/p>\n<p>\u00c3\u00ea\u00f9\u00e7\u00e1\u00ec\u00e1\u00eb\u00f4\u00e9\u00eb\u00c0 \u00e2\u00e1\u00eb\u00f4\u00dc\u00f2\u00e9\u00e1Bifidobacterium longum18 mg= 1,8 x 109\u00a0(\u00e4\u00e9\u00f7)27 mg= 2,7 x 109\u00a0(\u00e4\u00e9\u00f7)<\/p>\n<p>\u00a6\u00e1\u00e9\u00e4\u00e9\u00c0 \u00e8\u00ec\u00e9\u00eb\u00dd\u00e1\u00f7 \u00e1\u00f0\u00de\u00a02 \u00db\u00f6\u00f7 6 \u00e5\u00f4\u00f1\u00ee: \u00ec\u00e1\u00ed\u00e2\u00c0\u00ee\u00e5\u00f4\u00e5 2 \u00e4\u00ef\u00f3\u00ef\u00ed\u00e5\u00f4\u00f2\u00e9\u00eb\u00c0 \u00eb\u00ef\u00f9\u00f4\u00e1\u00ec\u00c0\u00eb\u00e9\u00e1 (2 g) \u00f4\u00e8\u00ee \u00e8\u00ed\u00db\u00f2\u00e1<\/p>\n<p>\u00b6\u00ee\u00dc\u00ec\u00e9\u00eb\u00e5\u00f7 \u00eb\u00e1\u00e9 \u00f0\u00e1\u00e9\u00e4\u00e9\u00c0 \u00e1\u00f0\u00de 7 \u00e5\u00f4\u00f1\u00ee \u00eb\u00e1\u00e9 \u00c0\u00ee\u00f6: \u00ec\u00e1\u00ed\u00e2\u00c0\u00ee\u00e5\u00f4\u00e5 3 \u00e4\u00ef\u00f3\u00ef\u00ed\u00e5\u00f4\u00f2\u00e9\u00eb\u00c0 \u00eb\u00ef\u00f9\u00f4\u00e1\u00ec\u00c0\u00eb\u00e9\u00e1 (3 g) \u00f4\u00e8\u00ee \u00e8\u00ed\u00db\u00f2\u00e1.<\/p>\n<p>\u00c6\u00ef KinderImmun \u00e5\u00dd\u00ee\u00e1\u00e9 \u00f3\u00e5 \u00ed\u00ef\u00f2\u00e6\u00dc \u00f3\u00f9\u00ed\u00f0\u00f9\u00eb\u00ee\u00f6\u00ed\u00db\u00ee\u00e8\u00f7 \u00f3\u00eb\u00de\u00ee\u00e8\u00f7, \u00e7\u00e9\u2019 \u00e1\u00f9\u00f4\u00de \u00eb\u00e1\u00e9 \u00f3\u00f9\u00ee\u00e9\u00f3\u00f4\u00c0\u00f4\u00e1\u00e9 \u00ee\u00e1 \u00e1\u00f2\u00e1\u00e9\u00f1\u00ee\u00e5\u00f4\u00e1\u00e9 \u00f3\u00e5 \u00e7\u00e9\u00e1\u00ef\u00e0\u00f2\u00f4\u00e9, \u00f3\u00e5 \u00f8\u00f9\u00ed\u00de \u00dc \u00f3\u00e5 \u00db\u00ee\u00e1 \u00f2\u00de\u00e6\u00e8\u00ed\u00e1 \u00f4\u00e8\u00f7 \u00e5\u00f0\u00e9\u00ec\u00ef\u00e7\u00dc\u00f7 \u00f3\u00e1\u00f7, \u00eb\u00e1\u00f4\u00c0 \u00f4\u00e8 \u00e4\u00e9\u00c0\u00f2\u00eb\u00e5\u00e9\u00e1 \u00dc \u00ed\u00e5\u00f4\u00c0 \u00e1\u00f0\u00de \u00db\u00ee\u00e1 \u00e7\u00e5\u00e0\u00ed\u00e1, \u00f3\u00e5 \u00ed\u00dd\u00e1 \u00e4\u00de\u00f3\u00e8 \u00dc \u00f3\u00e5 \u00f8\u00f6\u00f2\u00e9\u00f3\u00f4\u00db\u00f7 \u00e4\u00de\u00f3\u00e5\u00e9\u00f7, \u00eb\u00e1\u00f4\u00c0 \u00f4\u00e8 \u00e4\u00e9\u00c0\u00f2\u00eb\u00e5\u00e9\u00e1 \u00f4\u00e8\u00f7 \u00e8\u00ed\u00db\u00f2\u00e1\u00f7. \u00c1\u00e1 \u00ed\u00e8 \u00e4\u00e9\u00e1\u00ec\u00e0\u00e5\u00f4\u00e1\u00e9 \u00f3\u00e5 \u00fa\u00e5\u00f3\u00f4\u00c0 \u00f2\u00ef\u00e6\u00dc\u00ed\u00e1\u00f4\u00e1 \u00f0\u00ef\u00f9 \u00ea\u00e5\u00f0\u00e5\u00f2\u00ee\u00ef\u00e0\u00ee \u00f4\u00ef\u00f9\u00f7 40\u00efC.<\/p>\n","protected":false},"featured_media":0,"comment_status":"closed","ping_status":"open","template":"","meta":{"_monsterinsights_skip_tracking":false,"_monsterinsights_sitenote_active":false,"_monsterinsights_sitenote_note":"","_monsterinsights_sitenote_category":0},"product_brand":[392],"product_cat":[1180,90,182],"product_tag":[],"class_list":{"0":"post-8415","1":"product","2":"type-product","3":"status-publish","5":"product_brand-power-health","6":"product_cat-katalogos","7":"product_cat-90","8":"product_cat-182","10":"first","11":"instock","12":"purchasable","13":"product-type-simple"},"aioseo_notices":[],"jetpack_sharing_enabled":true,"_links":{"self":[{"href":"https:\/\/demo3.bigdigital.gr\/index.php\/wp-json\/wp\/v2\/product\/8415","targetHints":{"allow":["GET"]}}],"collection":[{"href":"https:\/\/demo3.bigdigital.gr\/index.php\/wp-json\/wp\/v2\/product"}],"about":[{"href":"https:\/\/demo3.bigdigital.gr\/index.php\/wp-json\/wp\/v2\/types\/product"}],"replies":[{"embeddable":true,"href":"https:\/\/demo3.bigdigital.gr\/index.php\/wp-json\/wp\/v2\/comments?post=8415"}],"wp:attachment":[{"href":"https:\/\/demo3.bigdigital.gr\/index.php\/wp-json\/wp\/v2\/media?parent=8415"}],"wp:term":[{"taxonomy":"product_brand","embeddable":true,"href":"https:\/\/demo3.bigdigital.gr\/index.php\/wp-json\/wp\/v2\/product_brand?post=8415"},{"taxonomy":"product_cat","embeddable":true,"href":"https:\/\/demo3.bigdigital.gr\/index.php\/wp-json\/wp\/v2\/product_cat?post=8415"},{"taxonomy":"product_tag","embeddable":true,"href":"https:\/\/demo3.bigdigital.gr\/index.php\/wp-json\/wp\/v2\/product_tag?post=8415"}],"curies":[{"name":"wp","href":"https:\/\/api.w.org\/{rel}","templated":true}]}}