{"id":8424,"date":"2025-10-14T08:17:30","date_gmt":"2025-10-14T06:17:30","guid":{"rendered":"https:\/\/demo3.bigdigital.gr\/index.php\/product\/frezyderm-atoprel-emollient-classic-200ml-2\/"},"modified":"2025-11-03T14:28:58","modified_gmt":"2025-11-03T12:28:58","slug":"frezyderm-atoprel-emollient-classic-200ml-2","status":"publish","type":"product","link":"https:\/\/demo3.bigdigital.gr\/index.php\/product\/frezyderm-atoprel-emollient-classic-200ml-2\/","title":{"rendered":"Frezyderm Atoprel Emollient Classic 200ml"},"content":{"rendered":"","protected":false},"excerpt":{"rendered":"<p><strong>Frezyderm Atoprel Emollient Classic 200ml<\/strong><\/p>\n<p>\u00bb\u00e1\u00ec\u00e1\u00eb\u00f4\u00e9\u00eb\u00dc \u00eb\u00f2\u00db\u00ed\u00e1 \u00e7\u00e9\u00e1 \u00f4\u00e8\u00ee \u00e1\u00ee\u00e1\u00eb\u00ef\u00e0\u00e6\u00e9\u00f3\u00e8 \u00f4\u00ef\u00f9 \u00e5\u00eb\u00fa\u00db\u00ed\u00e1\u00f4\u00ef\u00f7 \u00eb\u00e1\u00e9 \u00f4\u00f6\u00ee \u00f3\u00f9\u00ed\u00f0\u00f4\u00f6\u00ed\u00c0\u00f4\u00f6\u00ee \u00f4\u00e8\u00f7 \u00e1\u00f4\u00ef\u00f0\u00e9\u00eb\u00dc\u00f7 \u00e4\u00e5\u00f2\u00ed\u00e1\u00f4\u00dd\u00f4\u00e9\u00e4\u00e1\u00f7. \u00aa\u00f9\u00ed\u00e2\u00c0\u00ec\u00ec\u00e5\u00e9 \u00f3\u00f4\u00e8\u00ee \u00ed\u00e5\u00dd\u00f6\u00f3\u00e8 \u00f4\u00e8\u00f7 \u00f4\u00c0\u00f3\u00e8\u00f7 \u00ea\u00e5\u00f3\u00ed\u00ef\u00e0 (\u00ea\u00f9\u00f3\u00dd\u00ed\u00e1\u00f4\u00ef\u00f7) \u00f0\u00ef\u00f9 \u00ed\u00e8\u00f8\u00e1\u00ee\u00e9\u00eb\u00c0 \u00e5\u00f0\u00e9\u00e4\u00e5\u00e9\u00ee\u00f1\u00ee\u00e5\u00e9 \u00eb\u00e1\u00e9 \u00e5\u00f0\u00e9\u00e2\u00e1\u00f2\u00e0\u00ee\u00e8 \u00f4\u00e8\u00ee \u00ea\u00e8\u00f2\u00dc \u00e5\u00f0\u00e9\u00e4\u00e5\u00f2\u00ed\u00dd\u00e4\u00e1.<\/p>\n<p>\u00b0\u00ee\u00e1\u00ec\u00dd\u00f0\u00e1\u00ee\u00f3\u00e8.<\/p>\n<p>\u00b6\u00ee\u00f9\u00e4\u00c0\u00f4\u00f6\u00f3\u00e8.<\/p>\n<p>\u00b6\u00ee\u00e4\u00f9\u00ee\u00c0\u00ed\u00f6\u00f3\u00e8 \u00e4\u00e5\u00f2\u00ed\u00e1\u00f4\u00e9\u00eb\u00ef\u00e0 \u00e6\u00f2\u00e1\u00e7\u00ed\u00ef\u00e0.<\/p>\n<p>\u00a6\u00f2\u00ef\u00f3\u00f4\u00e1\u00f3\u00dd\u00e1.<\/p>\n<p>\u00c3\u00f2\u00f5\u00c0\u00a0\u00e5\u00f0\u00e9\u00ec\u00e5\u00e7\u00ed\u00db\u00ee\u00ef \u00ec\u00e5\u00e9\u00f4\u00ef\u00f9\u00f2\u00e7\u00e9\u00eb\u00de \u00ec\u00e9\u00f0\u00e9\u00e4\u00e9\u00eb\u00de \u00f0\u00e5\u00f2\u00e9\u00e5\u00f8\u00de\u00ed\u00e5\u00ee\u00ef (25% F.L.C.-Functional Lipidic Content) \u00e7\u00e9\u00e1 \u00f4\u00e8\u00ee \u00e1\u00ee\u00e1\u00eb\u00ef\u00e0\u00e6\u00e9\u00f3\u00e8 \u00eb\u00e1\u00e9 \u00f4\u00e8\u00a0\u00e2\u00e5\u00ec\u00f4\u00dd\u00f6\u00f3\u00e8 \u00f4\u00ef\u00f9 \u00ea\u00e8\u00f2\u00ef\u00e0\u00a0\u00e4\u00db\u00f2\u00ed\u00e1\u00f4\u00ef\u00f7 \u00ed\u00e5 \u00e5\u00eb\u00fa\u00e5\u00ed\u00e1\u00f4\u00ef\u00e5\u00e9\u00e4\u00e5\u00dd\u00f7 \u00e5\u00ea\u00e5\u00f2\u00e7\u00e1\u00f3\u00dd\u00e5\u00f7.<\/p>\n<p>\u00bb\u00e8 \u00f0\u00f4\u00e8\u00f4\u00e9\u00eb\u00de \u00f0\u00e5\u00f2\u00e9\u00e5\u00f8\u00de\u00ed\u00e5\u00ee\u00ef 35% \u00e7\u00e9\u00e1 \u00f4\u00e8 \u00ed\u00e8\u00f8\u00e1\u00ee\u00e9\u00eb\u00dc \u00f9\u00f0\u00ef\u00eb\u00e1\u00f4\u00c0\u00f3\u00f4\u00e1\u00f3\u00e8 \u00f4\u00ef\u00f9 \u00e4\u00e9\u00e1\u00f4\u00e1\u00f2\u00e1\u00e7\u00ed\u00db\u00ee\u00ef\u00f9 \u00e5\u00f0\u00e9\u00e4\u00e5\u00f2\u00ed\u00e9\u00eb\u00ef\u00e0 \u00e6\u00f2\u00e1\u00e7\u00ed\u00ef\u00e0.<\/p>\n<p>\u00ba\u00e1\u00f4\u00c0\u00ec\u00ec\u00e8\u00ec\u00e8 \u00e7\u00e9\u00e1:<\/p>\n<p>\u00e2\u00f2\u00db\u00e6\u00e8, \u00f0\u00e1\u00e9\u00e4\u00e9\u00c0 \u00eb\u00e1\u00e9\u00a0\u00e5\u00ee\u00dc\u00ec\u00e9\u00eb\u00e5\u00f7.<\/p>\n<p>\u00f0\u00f2\u00de\u00f3\u00f6\u00f0\u00ef \u00eb\u00e1\u00e9 \u00f3\u00f1\u00ed\u00e1.<\/p>\n<p>\u00b6\u00e9\u00e4\u00e9\u00eb\u00dc \u00f0\u00f2\u00ef\u00f3\u00f4\u00e1\u00f3\u00dd\u00e1 \u00ed\u00e5 \u00e1\u00e5\u00f2\u00ef\u00f3\u00f4\u00e5\u00e7\u00dc \u00f3\u00f9\u00f3\u00eb\u00e5\u00f9\u00e1\u00f3\u00dd\u00e1 \u00eb\u00e1\u00f5&#8217;\u00de\u00ec\u00e8 \u00f4\u00e8 \u00e4\u00e9\u00c0\u00f2\u00eb\u00e5\u00e9\u00e1 \u00f4\u00e8\u00f7 \u00f8\u00f2\u00dc\u00f3\u00e8\u00f7.<\/p>\n<p>Lactobacillus brevis:\u00a0\u00b6\u00ee\u00dd\u00f3\u00f8\u00f9\u00f3\u00e8 \u00f9\u00e7\u00e9\u00ef\u00e0\u00f7 \u00e4\u00e5\u00f2\u00ed\u00e1\u00f4\u00e9\u00eb\u00dc\u00f7 \u00f8\u00ec\u00f6\u00f2\u00dd\u00e4\u00e1\u00f7 | \u00b0\u00ee\u00e1\u00e2\u00c0\u00f5\u00ed\u00e9\u00f3\u00e8 \u00e4\u00e5\u00f2\u00ed\u00e1\u00f4\u00e9\u00eb\u00dc\u00f7 \u00b0\u00ee\u00ef\u00f3\u00ef\u00e1\u00f0\u00de\u00eb\u00f2\u00e9\u00f3\u00e8\u00f7<br \/>\nImperata cylindrica:\u00a0\u00b9\u00f3\u00f8\u00f9\u00f2\u00dc \u00e5\u00ee\u00f9\u00e4\u00c0\u00f4\u00f6\u00f3\u00e8<\/p>\n<p>\u00b0\u00f0\u00ec\u00f1\u00ee\u00e5\u00f4\u00e1\u00e9 \u00f3\u00e5 \u00f3\u00f4\u00e5\u00e7\u00ee\u00de \u00eb\u00e1\u00e9 \u00eb\u00e1\u00f5\u00e1\u00f2\u00de \u00e4\u00db\u00f2\u00ed\u00e1 2-3 \u00e6\u00ef\u00f2\u00db\u00f7 \u00f4\u00e8\u00ee \u00e8\u00ed\u00db\u00f2\u00e1 \u00dc \u00f3\u00e0\u00ed\u00e6\u00f6\u00ee\u00e1 \u00ed\u00e5 \u00f4\u00e9\u00f7 \u00ef\u00e4\u00e8\u00e7\u00dd\u00e5\u00f7 \u00f4\u00ef\u00f9 \u00e7\u00e9\u00e1\u00f4\u00f2\u00ef\u00e0.<\/p>\n<p>\u00aa\u00f9\u00ee\u00e4\u00f9\u00c0\u00fa\u00e5\u00f4\u00e1\u00e9 \u00e9\u00e4\u00e1\u00ee\u00e9\u00eb\u00c0 \u00ed\u00e5 \u00f4\u00e8\u00ee Frezyderm Anticort Ointment.<\/p>\n<p>\u00b6\u00ea\u00f6\u00f4\u00e5\u00f2\u00e9\u00eb\u00dc \u00f8\u00f2\u00dc\u00f3\u00e8 \u00ed\u00de\u00ee\u00ef.<\/p>\n","protected":false},"featured_media":0,"comment_status":"closed","ping_status":"open","template":"","meta":{"_monsterinsights_skip_tracking":false,"_monsterinsights_sitenote_active":false,"_monsterinsights_sitenote_note":"","_monsterinsights_sitenote_category":0},"product_brand":[371],"product_cat":[1180,131,54,121],"product_tag":[],"class_list":{"0":"post-8424","1":"product","2":"type-product","3":"status-publish","5":"product_brand-frezyderm","6":"product_cat-katalogos","7":"product_cat-131","8":"product_cat-54","9":"product_cat-121","11":"first","12":"instock","13":"sale","14":"purchasable","15":"product-type-simple"},"aioseo_notices":[],"jetpack_sharing_enabled":true,"_links":{"self":[{"href":"https:\/\/demo3.bigdigital.gr\/index.php\/wp-json\/wp\/v2\/product\/8424","targetHints":{"allow":["GET"]}}],"collection":[{"href":"https:\/\/demo3.bigdigital.gr\/index.php\/wp-json\/wp\/v2\/product"}],"about":[{"href":"https:\/\/demo3.bigdigital.gr\/index.php\/wp-json\/wp\/v2\/types\/product"}],"replies":[{"embeddable":true,"href":"https:\/\/demo3.bigdigital.gr\/index.php\/wp-json\/wp\/v2\/comments?post=8424"}],"wp:attachment":[{"href":"https:\/\/demo3.bigdigital.gr\/index.php\/wp-json\/wp\/v2\/media?parent=8424"}],"wp:term":[{"taxonomy":"product_brand","embeddable":true,"href":"https:\/\/demo3.bigdigital.gr\/index.php\/wp-json\/wp\/v2\/product_brand?post=8424"},{"taxonomy":"product_cat","embeddable":true,"href":"https:\/\/demo3.bigdigital.gr\/index.php\/wp-json\/wp\/v2\/product_cat?post=8424"},{"taxonomy":"product_tag","embeddable":true,"href":"https:\/\/demo3.bigdigital.gr\/index.php\/wp-json\/wp\/v2\/product_tag?post=8424"}],"curies":[{"name":"wp","href":"https:\/\/api.w.org\/{rel}","templated":true}]}}