{"id":8426,"date":"2025-10-14T08:17:30","date_gmt":"2025-10-14T06:17:30","guid":{"rendered":"https:\/\/demo3.bigdigital.gr\/index.php\/product\/ils-pharma-excellvie-vitamin-d3-2000iu-30caps-2\/"},"modified":"2025-11-03T14:31:48","modified_gmt":"2025-11-03T12:31:48","slug":"ils-pharma-excellvie-vitamin-d3-2000iu-30caps-2","status":"publish","type":"product","link":"https:\/\/demo3.bigdigital.gr\/index.php\/product\/ils-pharma-excellvie-vitamin-d3-2000iu-30caps-2\/","title":{"rendered":"Ils Pharma Excellvie Vitamin D3 2000IU 30Caps"},"content":{"rendered":"","protected":false},"excerpt":{"rendered":"<p><strong>Ils Pharma Excellvie Vitamin D3 2000IU 30Caps<\/strong><\/p>\n<p>\u00aa\u00f9\u00ed\u00f0\u00ec\u00dc\u00f2\u00f6\u00ed\u00e1 \u00e4\u00e9\u00e1\u00f4\u00f2\u00ef\u00e6\u00dc\u00f7 \u00f4\u00e8\u00f7 \u00e5\u00f4\u00e1\u00e9\u00f2\u00e5\u00dd\u00e1\u00f7\u00a0ILS Pharma\u00a0\u00ed\u00e5\u00a0\u00e2\u00e9\u00f4\u00e1\u00ed\u00dd\u00ee\u00e8 D3\u00a0\u00eb\u00e1\u00f4\u00c0\u00ec\u00ec\u00e8\u00ec\u00ef \u00e7\u00e9\u00e1 \u00c0\u00ee\u00e4\u00f2\u00e5\u00f7 \u00eb\u00e1\u00e9 \u00e7\u00f9\u00ee\u00e1\u00dd\u00eb\u00e5\u00f7. \u00b8 \u00e2\u00e9\u00f4\u00e1\u00ed\u00dd\u00ee\u00e8 D3 \u00e1\u00f0\u00ef\u00f4\u00e5\u00ec\u00e5\u00dd \u00ed\u00ef\u00f2\u00e6\u00dc \u00f4\u00e8\u00f7 \u00e2\u00e9\u00f4\u00e1\u00ed\u00dd\u00ee\u00e8\u00f7 D \u00eb\u00e1\u00e9 \u00e2\u00f2\u00dd\u00f3\u00eb\u00e5\u00f4\u00e1\u00e9 \u00ed\u00de\u00ee\u00ef \u00f3\u00e5 \u00f4\u00f2\u00ef\u00e6\u00db\u00f7 \u00fa\u00f6\u00e9\u00eb\u00dc\u00f7 \u00f0\u00f2\u00ef\u00db\u00ec\u00e5\u00f9\u00f3\u00e8\u00f7 \u00de\u00f0\u00f6\u00f7 \u00f4\u00e1 \u00e3\u00c0\u00f2\u00e9\u00e1 \u00eb\u00e1\u00e9 \u00f4\u00ef \u00e1\u00f9\u00e7\u00de. \u00ba\u00e0\u00f2\u00e9\u00e1 \u00e4\u00f2\u00c0\u00f3\u00e8 \u00f4\u00e8\u00f7 \u00e5\u00dd\u00ee\u00e1\u00e9 \u00e8\u00a0\u00f2\u00e0\u00f5\u00ed\u00e9\u00f3\u00e8 \u00f4\u00e8\u00f7 \u00e1\u00f0\u00ef\u00f2\u00f2\u00de\u00e6\u00e8\u00f3\u00e8\u00f7 \u00f4\u00ef\u00f9 \u00e1\u00f3\u00e2\u00e5\u00f3\u00f4\u00dd\u00ef\u00f9\u00a0\u00eb\u00e1\u00e9 \u00f4\u00ef\u00f9\u00a0\u00e6\u00f6\u00f3\u00e6\u00de\u00f2\u00ef\u00f9\u00a0\u00f3\u00f9\u00ed\u00e2\u00c0\u00ec\u00ec\u00ef\u00ee\u00f4\u00e1\u00f7 \u00f3\u00f4\u00e8\u00a0\u00e4\u00e9\u00e1\u00f4\u00dc\u00f2\u00e8\u00f3\u00e8 \u00f4\u00e8\u00f7 \u00f9\u00e7\u00e5\u00dd\u00e1\u00f7 \u00f4\u00f6\u00ee \u00ef\u00f3\u00f4\u00f1\u00ee, \u00f4\u00f6\u00ee \u00e4\u00ef\u00ee\u00f4\u00e9\u00f1\u00ee \u00eb\u00e1\u00e9 \u00f4\u00f6\u00ee \u00ed\u00f9\u00f1\u00ee.<\/p>\n<p>\u00b8 \u00e2\u00e9\u00f4\u00e1\u00ed\u00dd\u00ee\u00e8 D \u00f3\u00f9\u00ed\u00e2\u00c0\u00ec\u00ec\u00e5\u00e9:<\/p>\n<p>-\u00f3\u00f4\u00e8 \u00e6\u00f9\u00f3\u00e9\u00ef\u00ec\u00ef\u00e7\u00e9\u00eb__ \u00e1\u00f0\u00ef\u00f2\u00f2\u00de\u00e6\u00e8\u00f3\u00e8\/\u00f8\u00f2\u00e8\u00f3\u00e9\u00ed\u00ef\u00f0\u00ef\u00dd\u00e8\u00f3\u00e8 \u00f4\u00ef\u00f9 \u00e1\u00f3\u00e2\u00e5\u00f3\u00f4\u00dd\u00ef\u00f9 \u00eb\u00e1\u00e9 \u00f4\u00ef\u00f9 \u00e6\u00f6\u00f3\u00e6\u00de\u00f2\u00ef\u00f9,<\/p>\n<p>-\u00f3\u00f4\u00e8 \u00e4\u00e9\u00e1\u00f4\u00dc\u00f2\u00e8\u00f3\u00e8 \u00f4\u00f6\u00ee \u00e6\u00f9\u00f3\u00e9\u00ef\u00ec\u00ef\u00e7\u00e9\u00eb\u00f1\u00ee \u00e5\u00f0\u00e9\u00f0\u00db\u00e4\u00f6\u00ee \u00f4\u00ef\u00f9 \u00e1\u00f3\u00e2\u00e5\u00f3\u00f4\u00dd\u00ef\u00f9 \u00f3\u00f4\u00ef \u00e1\u00dd\u00ed\u00e1 \u00eb\u00e1\u00f5\u00f1\u00f7 \u00e5\u00f0\u00dd\u00f3\u00e8\u00f7 \u00eb\u00e1\u00e9<\/p>\n<p>-\u00f3\u00f4\u00e8 \u00e4\u00e9\u00e1\u00f4\u00dc\u00f2\u00e8\u00f3\u00e8 \u00f4\u00e8\u00f7 \u00e6\u00f9\u00f3\u00e9\u00ef\u00ec\u00ef\u00e7\u00e9\u00eb\u00dc\u00f7 \u00eb\u00e1\u00f4\u00c0\u00f3\u00f4\u00e1\u00f3\u00e8\u00f7 \u00f4\u00f6\u00ee \u00ef\u00f3\u00f4\u00f1\u00ee, \u00f4\u00f6\u00ee \u00e4\u00ef\u00ee\u00f4\u00e9\u00f1\u00ee \u00eb\u00e1\u00e9 \u00f4\u00e8\u00f7 \u00e6\u00f9\u00f3\u00e9\u00ef\u00ec\u00ef\u00e7\u00e9\u00eb\u00dc\u00f7 \u00ec\u00e5\u00e9\u00f4\u00ef\u00f9\u00f2\u00e7\u00dd\u00e1\u00f7 \u00f4\u00f6\u00ee \u00ed\u00f9\u00f1\u00ee.<\/p>\n","protected":false},"featured_media":0,"comment_status":"closed","ping_status":"open","template":"","meta":{"_monsterinsights_skip_tracking":false,"_monsterinsights_sitenote_active":false,"_monsterinsights_sitenote_note":"","_monsterinsights_sitenote_category":0},"product_brand":[1163],"product_cat":[1180,92,182],"product_tag":[],"class_list":{"0":"post-8426","1":"product","2":"type-product","3":"status-publish","5":"product_brand-ils-pharma","6":"product_cat-katalogos","7":"product_cat-92","8":"product_cat-182","10":"first","11":"outofstock","12":"sale","13":"purchasable","14":"product-type-simple"},"aioseo_notices":[],"jetpack_sharing_enabled":true,"_links":{"self":[{"href":"https:\/\/demo3.bigdigital.gr\/index.php\/wp-json\/wp\/v2\/product\/8426","targetHints":{"allow":["GET"]}}],"collection":[{"href":"https:\/\/demo3.bigdigital.gr\/index.php\/wp-json\/wp\/v2\/product"}],"about":[{"href":"https:\/\/demo3.bigdigital.gr\/index.php\/wp-json\/wp\/v2\/types\/product"}],"replies":[{"embeddable":true,"href":"https:\/\/demo3.bigdigital.gr\/index.php\/wp-json\/wp\/v2\/comments?post=8426"}],"wp:attachment":[{"href":"https:\/\/demo3.bigdigital.gr\/index.php\/wp-json\/wp\/v2\/media?parent=8426"}],"wp:term":[{"taxonomy":"product_brand","embeddable":true,"href":"https:\/\/demo3.bigdigital.gr\/index.php\/wp-json\/wp\/v2\/product_brand?post=8426"},{"taxonomy":"product_cat","embeddable":true,"href":"https:\/\/demo3.bigdigital.gr\/index.php\/wp-json\/wp\/v2\/product_cat?post=8426"},{"taxonomy":"product_tag","embeddable":true,"href":"https:\/\/demo3.bigdigital.gr\/index.php\/wp-json\/wp\/v2\/product_tag?post=8426"}],"curies":[{"name":"wp","href":"https:\/\/api.w.org\/{rel}","templated":true}]}}