{"id":8434,"date":"2025-10-14T08:17:33","date_gmt":"2025-10-14T06:17:33","guid":{"rendered":"https:\/\/demo3.bigdigital.gr\/index.php\/product\/la-roche-posay-toleriane-dermallergo-fluid-40ml-2\/"},"modified":"2025-11-03T13:58:11","modified_gmt":"2025-11-03T11:58:11","slug":"la-roche-posay-toleriane-dermallergo-fluid-40ml-2","status":"publish","type":"product","link":"https:\/\/demo3.bigdigital.gr\/index.php\/product\/la-roche-posay-toleriane-dermallergo-fluid-40ml-2\/","title":{"rendered":"La Roche Posay Toleriane Dermallergo Fluid 40ml"},"content":{"rendered":"","protected":false},"excerpt":{"rendered":"<p><strong>La Roche Posay Toleriane Dermallergo Fluid 40ml<\/strong><\/p>\n<p>\u00b8 TOLERIANE Dermallergo Fluid \u00e5\u00dd\u00ee\u00e1\u00e9 \u00ed\u00e9\u00e1 \u00eb\u00e1\u00f5\u00e8\u00ed\u00e5\u00f2\u00e9\u00ee\u00dc \u00e5\u00ee\u00f9\u00e4\u00e1\u00f4\u00e9\u00eb\u00dc \u00e5\u00f0\u00e1\u00ee\u00ef\u00f2\u00f5\u00f6\u00f4\u00e9\u00eb\u00dc \u00e6\u00f2\u00ef\u00ee\u00f4\u00dd\u00e4\u00e1.<br \/>\n\u00bb\u00e5 \u00f4\u00e8 \u00e4\u00e0\u00ee\u00e1\u00ed\u00e8 \u00f4\u00e8\u00f7 \u00e5\u00f0\u00e9\u00f3\u00f4\u00dc\u00ed\u00e8\u00f7 \u00f4\u00ef\u00f9 \u00ed\u00e9\u00eb\u00f2\u00ef\u00e2\u00e9\u00f1\u00ed\u00e1\u00f4\u00ef\u00f7.<br \/>\n\u00cd\u00ed\u00e5\u00f3\u00e1 \u00e5\u00ee\u00f9\u00e4\u00e1\u00f4\u00f1\u00ee\u00e5\u00e9 \u00eb\u00e1\u00e9 \u00e1\u00ee\u00e1\u00eb\u00ef\u00f9\u00e6\u00dd\u00fa\u00e5\u00e9 \u00e1\u00f0\u00de \u00f4\u00ef\u00f9\u00f7 \u00e5\u00f2\u00e5\u00f5\u00e9\u00f3\u00ed\u00ef\u00e0\u00f7. \u00bb\u00e5 \u00c0\u00ed\u00e5\u00f3\u00e8 \u00e1\u00f0\u00ef\u00f4\u00e5\u00ec\u00e5\u00f3\u00ed\u00e1\u00f4\u00e9\u00eb\u00de\u00f4\u00e8\u00f4\u00e1 \u00eb\u00e1\u00f4\u00c0 \u00f4\u00e8\u00f7 \u00e5\u00f2\u00f9\u00f5\u00f2\u00de\u00f4\u00e8\u00f4\u00e1\u00f7 \u00eb\u00e1\u00e9 \u00f4\u00f6\u00ee \u00f9\u00f0\u00ef\u00f4\u00f2\u00ef\u00f0\u00f1\u00ee.<br \/>\n\u00a6\u00f2\u00ef\u00fb\u00de\u00ee \u00e4\u00ef\u00eb\u00e9\u00ed\u00e1\u00f3\u00ed\u00db\u00ee\u00ef \u00f3\u00e5 \u00e1\u00ec\u00ec\u00e5\u00f2\u00e7\u00e9\u00eb\u00de \u00e4\u00db\u00f2\u00ed\u00e1. \u00cb\u00f0\u00ef\u00e1\u00ec\u00ec\u00e5\u00f2\u00e7\u00e9\u00eb\u00dc \u00f3\u00e0\u00ee\u00f5\u00e5\u00f3\u00e8.<\/p>\n<p>\u00b6\u00e6\u00e1\u00f2\u00ed\u00de\u00f3\u00f4\u00e5 \u00f3\u00e5 \u00f0\u00f2\u00de\u00f3\u00f6\u00f0\u00ef, \u00f0\u00e5\u00f2\u00dd\u00e7\u00f2\u00e1\u00ed\u00ed\u00e1 \u00ed\u00e1\u00f4\u00e9\u00f1\u00ee \u00eb\u00e1\u00e9 \u00ec\u00e1\u00e9\u00ed\u00de, \u00f0\u00f2\u00f6\u00dd \u00eb\u00e1\u00e9 \u00e2\u00f2\u00c0\u00e4\u00f9<\/p>\n","protected":false},"featured_media":0,"comment_status":"closed","ping_status":"open","template":"","meta":{"_monsterinsights_skip_tracking":false,"_monsterinsights_sitenote_active":false,"_monsterinsights_sitenote_note":"","_monsterinsights_sitenote_category":0},"product_brand":[388],"product_cat":[1180,54,110,64],"product_tag":[],"class_list":{"0":"post-8434","1":"product","2":"type-product","3":"status-publish","5":"product_brand-la-roche-posay","6":"product_cat-katalogos","7":"product_cat-54","8":"product_cat-110","9":"product_cat-64","11":"first","12":"instock","13":"purchasable","14":"product-type-simple"},"aioseo_notices":[],"jetpack_sharing_enabled":true,"_links":{"self":[{"href":"https:\/\/demo3.bigdigital.gr\/index.php\/wp-json\/wp\/v2\/product\/8434","targetHints":{"allow":["GET"]}}],"collection":[{"href":"https:\/\/demo3.bigdigital.gr\/index.php\/wp-json\/wp\/v2\/product"}],"about":[{"href":"https:\/\/demo3.bigdigital.gr\/index.php\/wp-json\/wp\/v2\/types\/product"}],"replies":[{"embeddable":true,"href":"https:\/\/demo3.bigdigital.gr\/index.php\/wp-json\/wp\/v2\/comments?post=8434"}],"wp:attachment":[{"href":"https:\/\/demo3.bigdigital.gr\/index.php\/wp-json\/wp\/v2\/media?parent=8434"}],"wp:term":[{"taxonomy":"product_brand","embeddable":true,"href":"https:\/\/demo3.bigdigital.gr\/index.php\/wp-json\/wp\/v2\/product_brand?post=8434"},{"taxonomy":"product_cat","embeddable":true,"href":"https:\/\/demo3.bigdigital.gr\/index.php\/wp-json\/wp\/v2\/product_cat?post=8434"},{"taxonomy":"product_tag","embeddable":true,"href":"https:\/\/demo3.bigdigital.gr\/index.php\/wp-json\/wp\/v2\/product_tag?post=8434"}],"curies":[{"name":"wp","href":"https:\/\/api.w.org\/{rel}","templated":true}]}}