{"id":8440,"date":"2025-10-14T08:17:33","date_gmt":"2025-10-14T06:17:33","guid":{"rendered":"https:\/\/demo3.bigdigital.gr\/index.php\/product\/korres-yoghurt-sunscreen-spray-emulsion-face-body-spf30-150ml-2\/"},"modified":"2025-11-03T14:13:49","modified_gmt":"2025-11-03T12:13:49","slug":"korres-yoghurt-sunscreen-spray-emulsion-face-body-spf30-150ml-2","status":"publish","type":"product","link":"https:\/\/demo3.bigdigital.gr\/index.php\/product\/korres-yoghurt-sunscreen-spray-emulsion-face-body-spf30-150ml-2\/","title":{"rendered":"Korres Yoghurt Sunscreen Spray Emulsion Face &#038; Body SPF30 150ml"},"content":{"rendered":"","protected":false},"excerpt":{"rendered":"<p>Korres Yoghurt Sunscreen Spray Emulsion Face &amp; Body SPF30 150ml<\/p>\n<p>\u00bb\u00e8 \u00ec\u00e9\u00f0\u00e1\u00f2\u00de, \u00e1\u00ee\u00f4\u00e8\u00ec\u00e9\u00e1\u00eb\u00de \u00e7\u00e1\u00ec\u00c0\u00eb\u00f4\u00f6\u00ed\u00e1 \u00e7\u00e9\u00e1 \u00f3\u00f1\u00ed\u00e1 \u00eb\u00e1\u00e9 \u00f0\u00f2\u00de\u00f3\u00f6\u00f0\u00ef \u00f0\u00ef\u00f9 \u00f0\u00f2\u00ef\u00f3\u00e6\u00db\u00f2\u00e5\u00e9 \u00e5\u00ee\u00e5\u00f2\u00e7\u00dc \u00e5\u00ee\u00f9\u00e4\u00c0\u00f4\u00f6\u00f3\u00e8 \u00eb\u00e1\u00e9 \u00ed\u00ef\u00ee\u00e1\u00e4\u00e9\u00eb\u00dc \u00e1\u00dd\u00f3\u00f5\u00e8\u00f3\u00e8 \u00c0\u00ee\u00e5\u00f3\u00e8\u00f7. \u00b6\u00ee\u00e9\u00f3\u00f8\u00f9\u00ed\u00db\u00eeo \u00ed\u00e5 \u00a1\u00e9\u00e1\u00ef\u00e0\u00f2\u00f4\u00e9, \u00e6\u00f9\u00f3\u00e9\u00eb\u00dc \u00f0\u00e8\u00e7\u00dc \u00f0\u00f2\u00f6\u00f4\u00e5\u00fb\u00ee\u00f1\u00ee, \u00f0\u00e1\u00ee\u00f5\u00e5\u00ee\u00de\u00ec\u00e8 \u00eb\u00e1\u00e9 \u00e2\u00e9\u00f4\u00e1\u00ed\u00dd\u00ee\u00e8 \u00b6.<br \/>\n\u00a6\u00f2\u00ef\u00f3\u00f4\u00e1\u00f3\u00dd\u00e1 \u00e1\u00f0\u00de \u00f4\u00e8 \u00e6\u00f6\u00f4\u00ef\u00e7\u00dc\u00f2\u00e1\u00ee\u00f3\u00e8 \u00a2\u00e5\u00f2\u00ed\u00e1\u00f4\u00ef\u00ec\u00ef\u00e7\u00e9\u00eb\u00c0 \u00e5\u00ec\u00e5\u00e7\u00ed\u00db\u00ee\u00ef M\u00e8 \u00e6\u00e1\u00e7\u00e5\u00f3\u00f6\u00f2\u00ef\u00e7\u00de\u00ee\u00ef \u00b0\u00ee\u00f5\u00e5\u00eb\u00f4\u00e9\u00eb\u00de \u00f3\u00f4\u00ef \u00ee\u00e5\u00f2\u00de \u00eb\u00e1\u00e9 \u00f4\u00ef\u00ee \u00e9\u00e4\u00f2\u00f1\u00f4\u00e1 \u00a6\u00f2\u00ef\u00f3\u00f4\u00e1\u00f3\u00dd\u00e1 \u00e1\u00f0\u00ef \u00f4\u00ef \u00e5\u00f9\u00f2\u00e0 \u00e6\u00c0\u00f3\u00ed\u00e1 \u00f4\u00e8\u00f7 \u00e1\u00eb\u00f4\u00e9\u00ee\u00ef\u00e2\u00ef\u00ec\u00dd\u00e1\u00f7 UVA + UVB<\/p>\n<p>\u00b9\u00a2\u00b0\u00c1\u00b9\u00ba\u00c3 \u00a1\u00b9\u00b0 \u00b6\u00cb\u00b0\u00b9\u00aa\u00a3\u00b8\u00c6\u00b6\u00aa \u00b6\u00a6\u00b9\u00a2\u00b6\u00c4\u00bb\u00b9\u00a2\u00b6\u00aa \u00cb\u00be\u00b8\u00a4\u00b8 \u00a6\u00c4\u00c3\u00aa\u00c6\u00b0\u00aa\u00b9\u00b0\u00aa\u00cb\u00aa\u00c6\u00b0\u00c6\u00b9\u00ba\u00b0 \u2013 INGREDIENTS: AQUA\/WATER\/EAU, HOMOSALATE, TRIHEPTANOIN, DIETHYLAMINO HYDROXYBENZOYL HEXYL BENZOATE, DIBUTYL ADIPATE, ETHYLHEXYL SALICYLATE, GLYCERYL STEARATE, CETEARETH-30, ETHYLHEXYL TRIAZONE, GLYCERIN, BIS-ETHYLHEXYLOXYPHENOL METHOXYPHENYL TRIAZINE, SILICA, ALCOHOL DENAT., PANTHENOL, POLYMETHYL METHACRYLATE, MENTHYL LACTATE, PENTYLENE GLYCOL, ALOE BARBADENSIS LEAF JUICE POWDER, ASCORBYL PALMITATE, CAPRYLYL GLYCOL, CETEARETH-12, CETEARETH-20, CETEARYL ALCOHOL, CETYL PALMITATE, CUCUMIS SATIVUS (CUCUMBER) FRUIT EXTRACT, ETHYLHEXYLGLYCERIN, GALACTOARABINAN, HELIANTHUS ANNUUS (SUNFLOWER) SEED OIL, HYDROXYETHYL ACRYLATE\/SODIUM ACRYLOYLDIMETHYL TAURATE COPOLYMER, ISOHEXADECANE, LACTIC ACID, LECITHIN, LONICERA CAPRIFOLIUM (HONEYSUCKLE) FLOWER EXTRACT, LONICERA JAPONICA (HONEYSUCKLE) FLOWER EXTRACT, POLYSORBATE 60, TETRASODIUM GLUTAMATE DIACETATE, TOCOPHEROL, TOCOPHERYL ACETATE, YOGURT POWDER, PHENOXYETHANOL, PARFUM\/FRAGRANCE<\/p>\n<p>\u00cc\u00f2\u00dc\u00f3\u00e8: \u00b0\u00f0\u00ec\u00f1\u00f3\u00f4\u00e5 \u00ef\u00ed\u00ef\u00e9\u00de\u00ed\u00ef\u00f2\u00e6\u00e1 \u00f3\u00f4\u00ef \u00f3\u00f1\u00ed\u00e1 \u00eb\u00e1\u00e9 \u00f4\u00ef \u00f0\u00f2\u00de\u00f3\u00f6\u00f0\u00ef, \u00e1\u00f0\u00ef\u00e6\u00e5\u00e0\u00e7\u00ef\u00ee\u00f4\u00e1\u00f7 \u00f4\u00e8\u00ee \u00f0\u00e5\u00f2\u00e9\u00ef\u00f8\u00dc \u00f4\u00f6\u00ee \u00ed\u00e1\u00f4\u00e9\u00f1\u00ee, \u00f4\u00ef\u00f9\u00ec\u00c0\u00f8\u00e9\u00f3\u00f4\u00ef\u00ee 30 \u00ec\u00e5\u00f0\u00f4\u00c0 \u00f0\u00f2\u00e9\u00ee \u00f4\u00e8\u00ee \u00db\u00eb\u00f5\u00e5\u00f3\u00e8 \u00f3\u00f4\u00ef\u00ee \u00dc\u00ec\u00e9\u00ef. \u00b6\u00f0\u00e1\u00ee\u00e1\u00ec\u00c0\u00e2\u00e1\u00f4\u00e5 \u00f4\u00e8 \u00f8\u00f2\u00dc\u00f3\u00e8 \u00f3\u00f9\u00f8\u00ee\u00c0, \u00e7\u00e9\u00e1 \u00ee\u00e1 \u00e4\u00e9\u00e1\u00f4\u00e8\u00f2\u00e5\u00dd\u00f4\u00e5 \u00f4\u00e8\u00ee \u00f0\u00f2\u00ef\u00f3\u00f4\u00e1\u00f3\u00dd\u00e1, \u00e9\u00e4\u00e9\u00e1\u00dd\u00f4\u00e5\u00f2\u00e1 \u00ed\u00e5\u00f4\u00c0 \u00e1\u00f0\u00de \u00e5\u00e6\u00dd\u00e4\u00f2\u00f6\u00f3\u00e8, \u00eb\u00ef\u00ec\u00e0\u00ed\u00f0\u00e9 \u00dc \u00f3\u00eb\u00ef\u00e0\u00f0\u00e9\u00f3\u00ed\u00e1. \u00a1\u00e9\u00e1 \u00ee\u00e1 \u00e5\u00f0\u00e9\u00f4\u00e0\u00f8\u00e5\u00f4\u00e5 \u00f4\u00e8\u00ee \u00f0\u00f2\u00ef\u00f3\u00f4\u00e1\u00f3\u00dd\u00e1 \u00f0\u00ef\u00f9 \u00e1\u00ee\u00f4\u00e9\u00f3\u00f4\u00ef\u00e9\u00f8\u00e5\u00dd \u00f3\u00f4\u00ef \u00e4\u00e5\u00dd\u00eb\u00f4\u00e8 \u00e8\u00ec\u00e9\u00e1\u00eb\u00dc\u00f7 \u00f0\u00f2\u00ef\u00f3\u00f4\u00e1\u00f3\u00dd\u00e1\u00f7, \u00f0\u00f2\u00db\u00f0\u00e5\u00e9 \u00ee\u00e1 \u00f8\u00f2\u00e8\u00f3\u00e9\u00ed\u00ef\u00f0\u00ef\u00e9\u00e5\u00dd\u00f4\u00e5 \u00f0\u00ef\u00f3\u00de\u00f4\u00e8\u00f4\u00e1 2 mg\/cm2 (\u00f0\u00e5\u00f2\u00dd\u00f0\u00ef\u00f9 6 \u00eb\u00ef\u00f9\u00f4\u00e1\u00ec\u00c0\u00eb\u00e9\u00e1 \u00f4\u00ef\u00f9 \u00e7\u00ec\u00f9\u00eb\u00ef\u00e0 \u00e7\u00e9\u00e1 \u00f4\u00ef \u00f3\u00f1\u00ed\u00e1 \u00e5\u00ee\u00de\u00f7 \u00e5\u00ee\u00dc\u00ec\u00e9\u00eb\u00e1).<\/p>\n","protected":false},"featured_media":0,"comment_status":"closed","ping_status":"open","template":"","meta":{"_monsterinsights_skip_tracking":false,"_monsterinsights_sitenote_active":false,"_monsterinsights_sitenote_note":"","_monsterinsights_sitenote_category":0},"product_brand":[377],"product_cat":[1180,65,54,74],"product_tag":[],"class_list":{"0":"post-8440","1":"product","2":"type-product","3":"status-publish","5":"product_brand-korres","6":"product_cat-katalogos","7":"product_cat-65","8":"product_cat-54","9":"product_cat-74","11":"first","12":"instock","13":"purchasable","14":"product-type-simple"},"aioseo_notices":[],"jetpack_sharing_enabled":true,"_links":{"self":[{"href":"https:\/\/demo3.bigdigital.gr\/index.php\/wp-json\/wp\/v2\/product\/8440","targetHints":{"allow":["GET"]}}],"collection":[{"href":"https:\/\/demo3.bigdigital.gr\/index.php\/wp-json\/wp\/v2\/product"}],"about":[{"href":"https:\/\/demo3.bigdigital.gr\/index.php\/wp-json\/wp\/v2\/types\/product"}],"replies":[{"embeddable":true,"href":"https:\/\/demo3.bigdigital.gr\/index.php\/wp-json\/wp\/v2\/comments?post=8440"}],"wp:attachment":[{"href":"https:\/\/demo3.bigdigital.gr\/index.php\/wp-json\/wp\/v2\/media?parent=8440"}],"wp:term":[{"taxonomy":"product_brand","embeddable":true,"href":"https:\/\/demo3.bigdigital.gr\/index.php\/wp-json\/wp\/v2\/product_brand?post=8440"},{"taxonomy":"product_cat","embeddable":true,"href":"https:\/\/demo3.bigdigital.gr\/index.php\/wp-json\/wp\/v2\/product_cat?post=8440"},{"taxonomy":"product_tag","embeddable":true,"href":"https:\/\/demo3.bigdigital.gr\/index.php\/wp-json\/wp\/v2\/product_tag?post=8440"}],"curies":[{"name":"wp","href":"https:\/\/api.w.org\/{rel}","templated":true}]}}