{"id":8453,"date":"2025-10-14T08:17:36","date_gmt":"2025-10-14T06:17:36","guid":{"rendered":"https:\/\/demo3.bigdigital.gr\/index.php\/product\/vichy-capital-soleil-uv-age-daily-sfp-50-tinted-40ml-2\/"},"modified":"2025-10-14T08:17:36","modified_gmt":"2025-10-14T06:17:36","slug":"vichy-capital-soleil-uv-age-daily-sfp-50-tinted-40ml-2","status":"publish","type":"product","link":"https:\/\/demo3.bigdigital.gr\/index.php\/product\/vichy-capital-soleil-uv-age-daily-sfp-50-tinted-40ml-2\/","title":{"rendered":"Vichy Capital Soleil UV-Age Daily SFP 50+ Tinted 40ml"},"content":{"rendered":"","protected":false},"excerpt":{"rendered":"<p>Vichy Capital Soleil UV-Age Daily SFP 50+ Tinted 40ml<\/p>\n<p>\u00a4\u00b6\u00a6\u00c6\u00c3\u00c4\u00c4\u00b6\u00cb\u00aa\u00c6\u00c3 \u00b0\u00c1\u00c6\u00b8\u00a4\u00b9\u00b0\u00ba\u00c3 \u00a6\u00c4\u00c3\u00aa\u00bf\u00a6\u00c3\u00cb \u00ba\u00b0\u00c6\u00b0 \u00c6\u00b8\u00aa \u00bc\u00bf\u00c6\u00c3\u00a1\u00b8\u00c4\u00b0\u00c1\u00aa\u00b8\u00aa \u00bb\u00b6 \u00cc\u00c4\u00bf\u00bb\u00b0 . \u00a2\u00c4\u00b0 \u00b6\u00c1\u00b0\u00c1\u00c6\u00b9\u00b0 \u00aa\u00b6 \u00c4\u00cb\u00c6\u00b9\u00a2\u00b6\u00aa, \u00ba\u00b8\u00a4\u00b9\u00a2\u00b6\u00aa, \u00b0\u00c1\u00c3\u00bb\u00c3\u00b9\u00c3\u00bb\u00c3\u00c4\u00bb\u00c3 \u00cc\u00c4\u00bf\u00bb\u00b0\u00c6\u00b9\u00ba\u00c3 \u00c6\u00c3\u00c1\u00c3 , \u00c4\u00cb\u00a6\u00b0\u00c1\u00aa\u00b8. \u00bb\u00b6 \u00ba\u00a4\u00b0\u00aa\u00bb\u00b0\u00c6\u00b0 \u00a6\u00c4\u00c3\u00b5\u00b9\u00c3\u00c6\u00b9\u00ba\u00bf\u00c1 , \u00a6\u00b6\u00a6\u00c6\u00b9\u00a2\u00b9\u00b0 \u00ba\u00b0\u00b9 \u00b9\u00b0\u00bb\u00b0\u00c6\u00b9\u00ba\u00c3 \u00b8\u00bc\u00b0\u00b9\u00aa\u00c6\u00b6\u00b9\u00b0\u00ba\u00c3 \u00c1\u00b6\u00c4\u00c3 \u00c6\u00b8\u00aa VICHY.<\/p>\n<p>\u00b6\u00e6\u00e1\u00f2\u00ed\u00de\u00f3\u00f4\u00e5 \u00eb\u00c0\u00f5\u00e5 \u00f0\u00f2\u00f6\u00dd \u00ed\u00e5\u00f4\u00c0 \u00f4\u00e8\u00ee \u00eb\u00e1\u00f5\u00e8\u00ed\u00e5\u00f2\u00e9\u00ee\u00dc \u00f0\u00e5\u00f2\u00e9\u00f0\u00ef\u00dd\u00e8\u00f3\u00e8 \u00f4\u00e8\u00f7 \u00e5\u00f0\u00e9\u00e4\u00e5\u00f2\u00ed\u00dd\u00e4\u00e1\u00f7 \u00f3\u00e1\u00f7. \u00b0\u00ee\u00e1\u00eb\u00e9\u00ee\u00dc\u00f3\u00f4\u00e5 \u00eb\u00e1\u00ec\u00c0 \u00f0\u00f2\u00e9\u00ee \u00f4\u00e8\u00ee \u00e5\u00e6\u00e1\u00f2\u00ed\u00ef\u00e7\u00dc. \u00aa\u00e5 \u00f0\u00e5\u00f2\u00dd\u00f0\u00f4\u00f6\u00f3\u00e8 \u00db\u00ee\u00f4\u00ef\u00ee\u00e8\u00f7 \u00eb\u00e1\u00e9 \u00f0\u00e1\u00f2\u00e1\u00f4\u00e5\u00f4\u00e1\u00ed\u00db\u00ee\u00e8\u00f7 \u00db\u00eb\u00f5\u00e5\u00f3\u00e8\u00f7 \u00f3\u00f4\u00ef\u00ee \u00dc\u00ec\u00e9\u00ef, \u00e5\u00f0\u00e1\u00ee\u00e1\u00ec\u00c0\u00e2\u00e5\u00f4\u00e5 \u00e1\u00ee\u00c0 \u00f4\u00e1\u00eb\u00f4\u00c0 \u00e4\u00e9\u00e1\u00f3\u00f4\u00dc\u00ed\u00e1\u00f4\u00e1 \u00eb\u00e1\u00e9 \u00f3\u00e5 \u00c0\u00e6\u00f5\u00ef\u00ee\u00e8 \u00f0\u00ef\u00f3\u00de\u00f4\u00e8\u00f4\u00e1, \u00e7\u00e9\u00e1 \u00f3\u00f9\u00ee\u00e5\u00f8\u00dc \u00f0\u00f2\u00ef\u00f3\u00f4\u00e1\u00f3\u00dd\u00e1.<\/p>\n","protected":false},"featured_media":0,"comment_status":"closed","ping_status":"open","template":"","meta":{"_monsterinsights_skip_tracking":false,"_monsterinsights_sitenote_active":false,"_monsterinsights_sitenote_note":"","_monsterinsights_sitenote_category":0},"product_brand":[],"product_cat":[15],"product_tag":[],"class_list":{"0":"post-8453","1":"product","2":"type-product","3":"status-publish","5":"product_cat-uncategorized","7":"first","8":"instock","9":"sale","10":"purchasable","11":"product-type-simple"},"aioseo_notices":[],"jetpack_sharing_enabled":true,"_links":{"self":[{"href":"https:\/\/demo3.bigdigital.gr\/index.php\/wp-json\/wp\/v2\/product\/8453","targetHints":{"allow":["GET"]}}],"collection":[{"href":"https:\/\/demo3.bigdigital.gr\/index.php\/wp-json\/wp\/v2\/product"}],"about":[{"href":"https:\/\/demo3.bigdigital.gr\/index.php\/wp-json\/wp\/v2\/types\/product"}],"replies":[{"embeddable":true,"href":"https:\/\/demo3.bigdigital.gr\/index.php\/wp-json\/wp\/v2\/comments?post=8453"}],"wp:attachment":[{"href":"https:\/\/demo3.bigdigital.gr\/index.php\/wp-json\/wp\/v2\/media?parent=8453"}],"wp:term":[{"taxonomy":"product_brand","embeddable":true,"href":"https:\/\/demo3.bigdigital.gr\/index.php\/wp-json\/wp\/v2\/product_brand?post=8453"},{"taxonomy":"product_cat","embeddable":true,"href":"https:\/\/demo3.bigdigital.gr\/index.php\/wp-json\/wp\/v2\/product_cat?post=8453"},{"taxonomy":"product_tag","embeddable":true,"href":"https:\/\/demo3.bigdigital.gr\/index.php\/wp-json\/wp\/v2\/product_tag?post=8453"}],"curies":[{"name":"wp","href":"https:\/\/api.w.org\/{rel}","templated":true}]}}