{"id":8456,"date":"2025-10-14T08:17:36","date_gmt":"2025-10-14T06:17:36","guid":{"rendered":"https:\/\/demo3.bigdigital.gr\/index.php\/product\/power-health-platinum-range-travel-joy-10tabs-2\/"},"modified":"2025-10-14T08:17:36","modified_gmt":"2025-10-14T06:17:36","slug":"power-health-platinum-range-travel-joy-10tabs-2","status":"publish","type":"product","link":"https:\/\/demo3.bigdigital.gr\/index.php\/product\/power-health-platinum-range-travel-joy-10tabs-2\/","title":{"rendered":"Power Health Platinum Range Travel Joy 10tabs"},"content":{"rendered":"","protected":false},"excerpt":{"rendered":"<p>Power Health Platinum Range Travel Joy 10tabs<\/p>\n<p>\u00aa\u00f9\u00ed\u00f0\u00ec\u00dc\u00f2\u00f6\u00ed\u00e1 \u00a2\u00e9\u00e1\u00f4\u00f2\u00ef\u00e6\u00dc\u00f7 \u00f0\u00ef\u00f9 \u00b0\u00ee\u00e1\u00eb\u00ef\u00f9\u00e6\u00dd\u00fa\u00e5\u00e9 \u00e1\u00f0\u00de \u00f4\u00e8 \u00c1\u00e1\u00f9\u00f4\u00dd\u00e1 \u00f4\u00ef\u00f9 \u00c6\u00e1\u00ea\u00e9\u00e4\u00e9\u00ef\u00e0 &amp; \u00e4\u00e5\u00ee \u00a6\u00f2\u00ef\u00eb\u00e1\u00ec\u00e5\u00dd \u00cb\u00f0\u00ee\u00e8\u00ec\u00dd\u00e1<\/p>\n<p>\u00c6\u00ef Travel Joy \u00e5\u00dd\u00ee\u00e1\u00e9 \u00f4\u00ef \u00f3\u00f9\u00ed\u00f0\u00ec\u00dc\u00f2\u00f6\u00ed\u00e1 \u00e4\u00e9\u00e1\u00f4\u00f2\u00ef\u00e6\u00dc\u00f7 \u00e7\u00e9\u00e1 \u00ea\u00db\u00e7\u00ee\u00ef\u00e9\u00e1\u00f3\u00f4\u00e5\u00f7 \u00e4\u00e9\u00e1\u00e4\u00f2\u00ef\u00ed\u00db\u00f7, \u00eb\u00e1\u00f5\u00f1\u00f7 \u00f0\u00e5\u00f2\u00e9\u00db\u00f8\u00e5\u00e9 \u00f3\u00eb\u00de\u00ee\u00e8 \u00e1\u00f0\u00de \u00f2\u00dd\u00fa\u00e1 \u00f4\u00fa\u00dd\u00ee\u00f4\u00fa\u00e5\u00f2! \u00c6\u00e1\u00ea\u00e9\u00e4\u00db\u00e3\u00f4\u00e5 \u00c0\u00e6\u00ef\u00e2\u00e1 \u00ed\u00e5 \u00e1\u00e5\u00f2\u00ef\u00f0\u00ec\u00c0\u00ee\u00ef, \u00f0\u00ec\u00ef\u00dd\u00ef, \u00f4\u00f2\u00db\u00ee\u00ef \u00dc \u00e1\u00f9\u00f4\u00ef\u00eb\u00dd\u00ee\u00e8\u00f4\u00ef \u00e7\u00e9\u00e1 \u00f4\u00ef\u00ee \u00e1\u00e7\u00e1\u00f0\u00e8\u00ed\u00db\u00ee\u00ef \u00f3\u00e1\u00f7 \u00f0\u00f2\u00ef\u00ef\u00f2\u00e9\u00f3\u00ed\u00de.<\/p>\n<p>\u00c6\u00ef Travel Joy \u00f0\u00e5\u00f2\u00e9\u00db\u00f8\u00e5\u00e9, \u00b5\u00e9\u00f4\u00e1\u00ed\u00dd\u00ee\u00e8 \u00b56 \u00e8 \u00ef\u00f0\u00ef\u00dd\u00e1 \u00f3\u00f9\u00ed\u00e2\u00c0\u00ec\u00ec\u00e5\u00e9:<\/p>\n<p>\u00aa\u00f4\u00e8 \u00e6\u00f9\u00f3\u00e9\u00ef\u00ec\u00ef\u00e7\u00e9\u00eb\u00dc \u00e3\u00f9\u00f8\u00ef\u00ec\u00ef\u00e7\u00e9\u00eb\u00dc \u00ec\u00e5\u00e9\u00f4\u00ef\u00f9\u00f2\u00e7\u00dd\u00e1.<\/p>\n<p>\u00aa\u00f4\u00e8 \u00e6\u00f9\u00f3\u00e9\u00ef\u00ec\u00ef\u00e7\u00e9\u00eb\u00dc \u00ec\u00e5\u00e9\u00f4\u00ef\u00f9\u00f2\u00e7\u00dd\u00e1 \u00f4\u00f6\u00ee \u00ed\u00e5\u00f4\u00e1\u00e2\u00ef\u00ec\u00e9\u00eb\u00f1\u00ee \u00e4\u00e9\u00e5\u00f2\u00e7\u00e1\u00f3\u00e9\u00f1\u00ee \u00f0\u00ef\u00f9 \u00e1\u00f0\u00ef\u00f3\u00eb\u00ef\u00f0\u00ef\u00e0\u00ee \u00f3\u00f4\u00e8\u00ee \u00f0\u00e1\u00f2\u00e1\u00e7\u00f6\u00e7\u00dc \u00e5\u00ee\u00db\u00f2\u00e7\u00e5\u00e9\u00e1\u00f7.<\/p>\n<p>\u00c6\u00ef&nbsp;\u00f4\u00fa\u00dd\u00ee\u00fa\u00f4\u00e5\u00f2&nbsp;\u00e1\u00f0\u00ef\u00f4\u00e5\u00ec\u00e5\u00dd \u00f3\u00f9\u00f3\u00f4\u00e1\u00f4\u00e9\u00eb\u00de \u00e5\u00f9\u00f2\u00db\u00f6\u00f7 \u00f8\u00f2\u00e8\u00f3\u00e9\u00ed\u00ef\u00f0\u00ef\u00e9\u00ef\u00e0\u00ed\u00e5\u00ee\u00ef \u00f3\u00f4\u00e8\u00ee \u00b0\u00f3\u00e9\u00e1\u00f4\u00e9\u00eb\u00dc \u00eb\u00ef\u00f9\u00fa\u00dd\u00ee\u00e1. \u00b8 \u00f2\u00dd\u00fa\u00e1 \u00f4\u00ef\u00f9 \u00ed\u00f0\u00ef\u00f2\u00e5\u00dd \u00ee\u00e1 \u00db\u00f8\u00e5\u00e9 \u00c0\u00f3\u00f0\u00f2\u00ef, \u00eb\u00de\u00eb\u00eb\u00e9\u00ee\u00ef \u00dc \u00eb\u00dd\u00f4\u00f2\u00e9\u00ee\u00ef \u00f8\u00f2\u00f1\u00ed\u00e1! \u00c6\u00ef \u00f3\u00e8\u00ed\u00e1\u00ee\u00f4\u00e9\u00eb\u00de\u00f4\u00e5\u00f2\u00ef \u00de\u00ed\u00f6\u00f7 \u00e5\u00dd\u00ee\u00e1\u00e9 \u00f0\u00f6\u00f7 \u00e1\u00ea\u00e9\u00ef\u00f0\u00ef\u00e9\u00e5\u00dd\u00f4\u00e1\u00e9 \u00e5\u00e4\u00f1 \u00eb\u00e1\u00e9 \u00e1\u00e9\u00f1\u00ee\u00e5\u00f7 \u00e7\u00e9\u00e1 \u00f4\u00e8\u00ee \u00f0\u00e1\u00f2\u00e1\u00e4\u00ef\u00f3\u00e9\u00e1\u00eb\u00dc \u00f4\u00e8\u00f7 \u00e4\u00f2\u00c0\u00f3\u00e8.<\/p>\n<p>\u00c3\u00e4\u00e8\u00e7\u00dd\u00e5\u00f7 \u00cc\u00f2\u00dc\u00f3\u00e8\u00f7\/\u00a2\u00ef\u00f3\u00ef\u00ec\u00ef\u00e7\u00dd\u00e1:<\/p>\n<p>\u00a6\u00e1\u00e9\u00e4\u00e9\u00c0 6 &ndash; 12 \u00e5\u00f4\u00f1\u00ee:&nbsp;\u00a4\u00e1\u00ed\u00e2\u00c0\u00ee\u00e5\u00f4\u00e5 1 \u00eb\u00c0\u00e3\u00ef\u00f9\u00ec\u00e1 \u00ed\u00e9\u00f3\u00dc \u00f1\u00f2\u00e1 \u00f0\u00f2\u00e9\u00ee \u00f4\u00ef \u00f4\u00e1\u00ea\u00dd\u00e4\u00e9 \u00eb\u00e1\u00e9 1 \u00eb\u00c0\u00e3\u00ef\u00f9\u00ec\u00e1 \u00eb\u00c0\u00f5\u00e5 4 \u00f1\u00f2\u00e5\u00f7 \u00e7\u00e9\u00e1 \u00de\u00f3\u00ef \u00e4\u00e9\u00e1\u00f2\u00eb\u00e5\u00dd \u00f4\u00ef \u00f4\u00e1\u00ea\u00dd\u00e4\u00e9.<\/p>\n<p>\u00a6\u00e1\u00e9\u00e4\u00e9\u00c0 \u00c0\u00ee\u00f6 \u00f4\u00f6\u00ee 12 \u00e5\u00f4\u00f1\u00ee &amp; \u00b6\u00ee\u00dc\u00ec\u00e9\u00eb\u00e5\u00f7:&nbsp;&nbsp;\u00a4\u00e1\u00ed\u00e2\u00c0\u00ee\u00e5\u00f4\u00e5 2 \u00eb\u00c0\u00e3\u00ef\u00f9\u00ec\u00e5\u00f7 \u00ed\u00e9\u00f3\u00dc \u00f1\u00f2\u00e1 \u00f0\u00f2\u00e9\u00ee \u00f4\u00ef \u00f4\u00e1\u00ea\u00dd\u00e4\u00e9 \u00eb\u00e1\u00e9 1 \u00eb\u00c0\u00e3\u00ef\u00f9\u00ec\u00e1 \u00eb\u00c0\u00f5\u00e5 2 \u00db\u00f6\u00f7 4 \u00f1\u00f2\u00e5\u00f7 \u00de\u00f0\u00f6\u00f7 \u00eb\u00f2\u00dd\u00ee\u00e5\u00f4\u00e1\u00e9 \u00e1\u00f0\u00e1\u00f2\u00e1\u00dd\u00f4\u00e8\u00f4\u00ef. \u00bb\u00e8\u00ee \u00f9\u00f0\u00e5\u00f2\u00e2\u00e1\u00dd\u00ee\u00e5\u00f4\u00e5 \u00f4\u00e9\u00f7 5 \u00eb\u00c0\u00e3\u00ef\u00f9\u00ec\u00e5\u00f7 \u00f4\u00e8\u00ee \u00e8\u00ed\u00db\u00f2\u00e1.<\/p>\n<p>\u00cc\u00f6\u00f2\u00dd\u00f7<\/p>\n<p>\u00b7\u00c0\u00f8\u00e1\u00f2\u00e8, \u00e7\u00ec\u00ef\u00f9\u00f4\u00db\u00ee\u00e8, \u00ec\u00e1\u00eb\u00f4\u00de\u00fa\u00e8, \u00f3\u00f9\u00ee\u00f4\u00e8\u00f2\u00e8\u00f4\u00e9\u00eb\u00c0<\/p>\n<p>&nbsp;<\/p>\n","protected":false},"featured_media":0,"comment_status":"closed","ping_status":"open","template":"","meta":{"_monsterinsights_skip_tracking":false,"_monsterinsights_sitenote_active":false,"_monsterinsights_sitenote_note":"","_monsterinsights_sitenote_category":0},"product_brand":[],"product_cat":[15],"product_tag":[],"class_list":{"0":"post-8456","1":"product","2":"type-product","3":"status-publish","5":"product_cat-uncategorized","7":"first","8":"instock","9":"purchasable","10":"product-type-simple"},"aioseo_notices":[],"jetpack_sharing_enabled":true,"_links":{"self":[{"href":"https:\/\/demo3.bigdigital.gr\/index.php\/wp-json\/wp\/v2\/product\/8456","targetHints":{"allow":["GET"]}}],"collection":[{"href":"https:\/\/demo3.bigdigital.gr\/index.php\/wp-json\/wp\/v2\/product"}],"about":[{"href":"https:\/\/demo3.bigdigital.gr\/index.php\/wp-json\/wp\/v2\/types\/product"}],"replies":[{"embeddable":true,"href":"https:\/\/demo3.bigdigital.gr\/index.php\/wp-json\/wp\/v2\/comments?post=8456"}],"wp:attachment":[{"href":"https:\/\/demo3.bigdigital.gr\/index.php\/wp-json\/wp\/v2\/media?parent=8456"}],"wp:term":[{"taxonomy":"product_brand","embeddable":true,"href":"https:\/\/demo3.bigdigital.gr\/index.php\/wp-json\/wp\/v2\/product_brand?post=8456"},{"taxonomy":"product_cat","embeddable":true,"href":"https:\/\/demo3.bigdigital.gr\/index.php\/wp-json\/wp\/v2\/product_cat?post=8456"},{"taxonomy":"product_tag","embeddable":true,"href":"https:\/\/demo3.bigdigital.gr\/index.php\/wp-json\/wp\/v2\/product_tag?post=8456"}],"curies":[{"name":"wp","href":"https:\/\/api.w.org\/{rel}","templated":true}]}}