{"id":8457,"date":"2025-10-14T08:17:36","date_gmt":"2025-10-14T06:17:36","guid":{"rendered":"https:\/\/demo3.bigdigital.gr\/index.php\/product\/pharmasept-baby-care-hydrating-milk-250ml-2\/"},"modified":"2025-11-03T13:46:58","modified_gmt":"2025-11-03T11:46:58","slug":"pharmasept-baby-care-hydrating-milk-250ml-2","status":"publish","type":"product","link":"https:\/\/demo3.bigdigital.gr\/index.php\/product\/pharmasept-baby-care-hydrating-milk-250ml-2\/","title":{"rendered":"Pharmasept Baby Care Hydrating Milk 250ml"},"content":{"rendered":"","protected":false},"excerpt":{"rendered":"<p>Pharmasept Baby Care Hydrating Milk 250ml<\/p>\n<p>\u00b5\u00f2\u00e5\u00e6\u00e9\u00eb\u00de \u00e5\u00ee\u00f9\u00e4\u00e1\u00f4\u00e9\u00eb\u00de \u00e7\u00e1\u00ec\u00c0\u00eb\u00f4\u00f6\u00ed\u00e1 \u00e6\u00f9\u00f4\u00e9\u00eb\u00f1\u00ee \u00e5\u00ec\u00e1\u00dd\u00f6\u00ee \u00e7\u00e9\u00e1 \u00c0\u00ed\u00e5\u00f3\u00e8 \u00e5\u00ee\u00f9\u00e4\u00c0\u00f4\u00f6\u00f3\u00e8 \u00f0\u00ef\u00f9 \u00e4\u00e9\u00e1\u00f2\u00eb\u00e5\u00dd, \u00eb\u00e1\u00f4\u00c0\u00ec\u00ec\u00e8\u00ec\u00ef \u00e7\u00e9\u00e1 \u00f8\u00f2\u00dc\u00f3\u00e8 \u00e1\u00f0\u00de \u00f4\u00e8\u00ee 1\u00e8 \u00ed\u00db\u00f2\u00e1 \u00f3\u00e5 \u00de\u00ec\u00ef \u00f4\u00ef \u00f3\u00f1\u00ed\u00e1 &amp; \u00f4\u00ef \u00f0\u00f2\u00de\u00f3\u00f6\u00f0\u00ef \u00f4\u00ef\u00f9 \u00ed\u00f6\u00f2\u00ef\u00e0.<\/p>\n<p>\u00bb\u00e5 \u00e1\u00ee\u00c0\u00ec\u00e1\u00e6\u00f2\u00e8 \u00f9\u00e6\u00dc \u00eb\u00e1\u00e9 \u00e5\u00e0\u00eb\u00ef\u00ec\u00e8 \u00e5\u00e6\u00e1\u00f2\u00ed\u00ef\u00e7\u00dc.<br \/>\n\u00b6\u00ee\u00f9\u00e4\u00e1\u00f4\u00e9\u00eb\u00dc \u00e4\u00f2\u00c0\u00f3\u00e8:<\/p>\n<p>\u00c6\u00ef \u00b0\u00ed\u00f9\u00e7\u00e4\u00e1\u00ec\u00db\u00ec\u00e1\u00e9\u00ef \u00eb\u00e1\u00e9 \u00f4\u00ef \u00db\u00ec\u00e1\u00e9\u00ef \u00b0\u00e2\u00ef\u00eb\u00c0\u00ee\u00f4\u00ef \u00f3\u00e5 \u00f3\u00f9\u00ee\u00e4\u00f9\u00e1\u00f3\u00ed\u00de \u00ed\u00e5 \u00f4\u00e1 \u00f0\u00ef\u00ec\u00e0\u00f4\u00e9\u00ed\u00e1 \u00bf3-\u00bf6 \u00ec\u00e9\u00f0\u00e1\u00f2\u00c0 \u00ef\u00ea\u00db\u00e1 \u00eb\u00e1\u00e9 \u00f4\u00e8 \u00a1\u00ec\u00f9\u00eb\u00e5\u00f2\u00dd\u00ee\u00e8, \u00f0\u00f2\u00ef\u00f3\u00e6\u00db\u00f2\u00ef\u00f9\u00ee \u00c0\u00ed\u00e5\u00f3\u00e8 \u00e5\u00ee\u00f9\u00e4\u00c0\u00f4\u00f6\u00f3\u00e8 \u00f0\u00ef\u00f9 \u00e4\u00e9\u00e1\u00f2\u00eb\u00e5\u00dd, \u00f0\u00f2\u00ef\u00f3\u00f4\u00e1\u00f4\u00e5\u00e0\u00ef\u00ee\u00f4\u00e1\u00f7 \u00e1\u00f0\u00de \u00f4\u00e8\u00ee \u00ea\u00e8\u00f2\u00de\u00f4\u00e8\u00f4\u00e1, \u00e5\u00ee\u00f1 \u00f3\u00e5 \u00f3\u00f9\u00ee\u00e4\u00f9\u00e1\u00f3\u00ed\u00de \u00ed\u00e5 \u00f4\u00ef\u00f9\u00f7 \u00e6\u00f9\u00f3\u00e9\u00eb\u00ef\u00e0\u00f7 \u00e7\u00e1\u00ec\u00e1\u00eb\u00f4\u00f6\u00ed\u00e1\u00f4\u00ef\u00f0\u00ef\u00e9\u00e8\u00f4\u00db\u00f7 \u00eb\u00e1\u00e9 \u00f4\u00e8 \u00e6\u00f9\u00f3\u00e9\u00eb\u00dc \u00f0\u00ef\u00e0\u00e4\u00f2\u00e1 \u00e1\u00f0\u00de Tapioca, \u00f0\u00f2\u00ef\u00f3\u00e4\u00dd\u00e4\u00ef\u00f9\u00ee \u00f3\u00f4\u00ef \u00e7\u00e1\u00ec\u00c0\u00eb\u00f4\u00f6\u00ed\u00e1 \u00e1\u00ee\u00c0\u00ec\u00e1\u00e6\u00f2\u00e8 \u00f9\u00e6\u00dc \u00e7\u00e9\u00e1 \u00e5\u00e0\u00eb\u00ef\u00ec\u00e8 \u00e5\u00e6\u00e1\u00f2\u00ed\u00ef\u00e7\u00dc.<\/p>\n<p>\u00d7\u00f0\u00e9\u00e1 \u00eb\u00e1\u00f4\u00e1\u00f0\u00f2\u00e1\u00fc\u00ee\u00f4\u00e9\u00eb\u00dc \u00e4\u00f2\u00c0\u00f3\u00e8:<\/p>\n<p>\u00c6\u00ef \u00e5\u00eb\u00f8\u00e0\u00ec\u00e9\u00f3\u00ed\u00e1 \u00cc\u00e1\u00ed\u00ef\u00ed\u00e8\u00ec\u00e9\u00ef\u00e0 \u00f0\u00e1\u00f2\u00db\u00f8\u00e5\u00e9 \u00dc\u00f0\u00e9\u00e1 \u00eb\u00e1\u00f4\u00e1\u00f0\u00f2\u00e1\u00fc\u00ee\u00f4\u00e9\u00eb\u00dc \u00e4\u00f2\u00c0\u00f3\u00e8, \u00f0\u00f2\u00ef\u00f3\u00f4\u00e1\u00f4\u00e5\u00e0\u00ef\u00ee\u00f4\u00e1\u00f7 \u00e1\u00f0\u00de \u00f0\u00e9\u00f5\u00e1\u00ee\u00ef\u00e0\u00f7 \u00e5\u00f2\u00e5\u00f5\u00e9\u00f3\u00ed\u00ef\u00e0\u00f7 \u00e5\u00ee\u00f1 \u00f0\u00e1\u00f2\u00c0\u00ec\u00ec\u00e8\u00ec\u00e1 \u00e8 \u00b5\u00e9\u00f4\u00e1\u00ed\u00dd\u00ee\u00e8 \u00b6 \u00ed\u00e1\u00ec\u00e1\u00eb\u00f1\u00ee\u00e5\u00e9 \u00f4\u00ef \u00e4\u00db\u00f2\u00ed\u00e1 \u00f8\u00e1\u00f2\u00dd\u00fa\u00ef\u00ee\u00f4\u00e1\u00f7 \u00e5\u00ec\u00e1\u00f3\u00f4\u00e9\u00eb\u00de\u00f4\u00e8\u00f4\u00e1, \u00e1\u00f0\u00e1\u00ec\u00de\u00f4\u00e8\u00f4\u00e1 \u00eb\u00e1\u00e9 \u00ed\u00ef\u00ee\u00e1\u00e4\u00e9\u00eb\u00dc \u00e1\u00dd\u00f3\u00f5\u00e8\u00f3\u00e8 \u00c0\u00ee\u00e5\u00f3\u00e8\u00f7.<\/p>\n<p>\u00b0\u00f0\u00e1\u00ec\u00dc \u00f0\u00f2\u00ef\u00f3\u00f4\u00e1\u00f3\u00dd\u00e1:<\/p>\n<p>\u00b8 \u00e6\u00f9\u00f3\u00e9\u00eb\u00dc \u00b5\u00e9\u00fa\u00e1\u00e2\u00ef\u00ec\u00de\u00ec\u00e8 \u00f0\u00f2\u00ef\u00f3\u00e6\u00db\u00f2\u00e5\u00e9 \u00eb\u00e1\u00f4\u00e1\u00f0\u00f2\u00e1\u00fc\u00ee\u00f4\u00e9\u00eb\u00dc \u00eb\u00e1\u00e9 \u00dc\u00f0\u00e9\u00e1 \u00e1\u00ee\u00f4\u00e9\u00ed\u00e9\u00eb\u00f2\u00ef\u00e2\u00e9\u00e1\u00eb\u00dc \u00e4\u00f2\u00c0\u00f3\u00e8, \u00f0\u00f2\u00ef\u00f3\u00f4\u00e1\u00f4\u00e5\u00e0\u00ef\u00ee\u00f4\u00e1\u00f7 \u00e1\u00f0\u00de \u00f0\u00e9\u00f5\u00e1\u00ee\u00db\u00f7 \u00ed\u00ef\u00ec\u00e0\u00ee\u00f3\u00e5\u00e9\u00f7.<\/p>\n<p>Free of\u00a0: SILICONES, MINERAL OIL, COLORANTS, ALCOHOL<\/p>\n<p>\u00a2\u00b6\u00c4\u00bb\u00b0\u00c6\u00c3\u00a4\u00c3\u00a1\u00b9\u00ba\u00b0 \u00b6\u00a4\u00b6\u00a1\u00bb\u00b6\u00c1\u00c3 \u00bb\u00b6 \u00ba\u00a4\u00b9\u00c1\u00b9\u00ba\u00b0 \u00b0\u00a6\u00c3\u00a2\u00b6\u00a2\u00b6\u00b9\u00a1\u00bb\u00b6\u00c1\u00b8 \u00b6\u00c1\u00cb\u00a2\u00b0\u00c6\u00b9\u00ba\u00b8 \u00a2\u00c4\u00b0\u00aa\u00b8<\/p>\n<p>&nbsp;<\/p>\n","protected":false},"featured_media":0,"comment_status":"closed","ping_status":"open","template":"","meta":{"_monsterinsights_skip_tracking":false,"_monsterinsights_sitenote_active":false,"_monsterinsights_sitenote_note":"","_monsterinsights_sitenote_category":0},"product_brand":[391],"product_cat":[1180,56,82,184],"product_tag":[],"class_list":{"0":"post-8457","1":"product","2":"type-product","3":"status-publish","5":"product_brand-pharmasept","6":"product_cat-katalogos","7":"product_cat-56","8":"product_cat-82","9":"product_cat-184","11":"first","12":"instock","13":"purchasable","14":"product-type-simple"},"aioseo_notices":[],"jetpack_sharing_enabled":true,"_links":{"self":[{"href":"https:\/\/demo3.bigdigital.gr\/index.php\/wp-json\/wp\/v2\/product\/8457","targetHints":{"allow":["GET"]}}],"collection":[{"href":"https:\/\/demo3.bigdigital.gr\/index.php\/wp-json\/wp\/v2\/product"}],"about":[{"href":"https:\/\/demo3.bigdigital.gr\/index.php\/wp-json\/wp\/v2\/types\/product"}],"replies":[{"embeddable":true,"href":"https:\/\/demo3.bigdigital.gr\/index.php\/wp-json\/wp\/v2\/comments?post=8457"}],"wp:attachment":[{"href":"https:\/\/demo3.bigdigital.gr\/index.php\/wp-json\/wp\/v2\/media?parent=8457"}],"wp:term":[{"taxonomy":"product_brand","embeddable":true,"href":"https:\/\/demo3.bigdigital.gr\/index.php\/wp-json\/wp\/v2\/product_brand?post=8457"},{"taxonomy":"product_cat","embeddable":true,"href":"https:\/\/demo3.bigdigital.gr\/index.php\/wp-json\/wp\/v2\/product_cat?post=8457"},{"taxonomy":"product_tag","embeddable":true,"href":"https:\/\/demo3.bigdigital.gr\/index.php\/wp-json\/wp\/v2\/product_tag?post=8457"}],"curies":[{"name":"wp","href":"https:\/\/api.w.org\/{rel}","templated":true}]}}