{"id":8470,"date":"2025-10-14T08:17:39","date_gmt":"2025-10-14T06:17:39","guid":{"rendered":"https:\/\/demo3.bigdigital.gr\/index.php\/product\/korff-eyezone-anti-wrinkle-moisturizing-eye-contour-oouia-aoeni-15-ml\/"},"modified":"2025-11-03T13:13:14","modified_gmt":"2025-11-03T11:13:14","slug":"korff-eyezone-anti-wrinkle-moisturizing-eye-contour-oouia-aoeni-15-ml","status":"publish","type":"product","link":"https:\/\/demo3.bigdigital.gr\/index.php\/product\/korff-eyezone-anti-wrinkle-moisturizing-eye-contour-oouia-aoeni-15-ml\/","title":{"rendered":"Korff EyeZone Anti-Wrinkle &#038; Moisturizing Eye Contour \u00ba\u00f2\u00db\u00ed\u00e1 \u00bb\u00e1\u00f4\u00e9\u00f1\u00ee 15 ml"},"content":{"rendered":"","protected":false},"excerpt":{"rendered":"<p>Korff EyeZone Anti-Wrinkle &amp; Moisturizing Eye Contour \u00ba\u00f2\u00db\u00ed\u00e1 \u00bb\u00e1\u00f4\u00e9\u00f1\u00ee 15 ml<\/p>\n<p>\u00a6\u00e5\u00f2\u00e9\u00e7\u00f2\u00e1\u00e6\u00dc \u00f0\u00f2\u00ef\u00fb\u00de\u00ee\u00f4\u00ef\u00f7<\/p>\n<p>\u00ba\u00f2\u00db\u00ed\u00e1 \u00ed\u00e1\u00f4\u00e9\u00f1\u00ee<\/p>\n<p>\u00bb\u00e5 \u00e1\u00ee\u00f4\u00e9\u00e7\u00e8\u00f2\u00e1\u00ee\u00f4\u00e9\u00eb\u00dc \u00e4\u00f2\u00c0\u00f3\u00e8<\/p>\n<p>\u00bb\u00e5 \u00a6\u00e5\u00ee\u00f4\u00e1\u00f0\u00e5\u00f0\u00f4\u00dd\u00e4\u00e9\u00ef 4 \u00eb\u00e1\u00e9 \u00cb\u00e1\u00ec\u00ef\u00f9\u00f2\u00ef\u00ee\u00e9\u00eb\u00de \u00ef\u00ea\u00e0<\/p>\n<p>\u00a6\u00e5\u00f2\u00e9\u00db\u00f8\u00e5\u00e9 \u00e1\u00f0\u00ec\u00e9\u00eb\u00e1\u00f4\u00db\u00f2 \u00e7\u00e9\u00e1 \u00e5\u00e0\u00eb\u00ef\u00ec\u00e8 \u00e5\u00e6\u00e1\u00f2\u00ed\u00ef\u00e7\u00dc<\/p>\n<p>\u00b8\u00a0Korff EyeZone Anti-Wrinkle &amp; Moisturizing Eye Contour\u00a0\u00e5\u00dd\u00ee\u00e1\u00e9 \u00ed\u00e9\u00e1 \u00eb\u00f2\u00db\u00ed\u00e1 \u00ed\u00e1\u00f4\u00e9\u00f1\u00ee \u00ed\u00e5 \u00e5\u00ee\u00f9\u00e4\u00e1\u00f4\u00e9\u00eb\u00dc \u00eb\u00e1\u00e9 \u00e1\u00ee\u00f4\u00e9\u00e7\u00e8\u00f2\u00e1\u00ee\u00f4\u00e9\u00eb\u00dc \u00e4\u00f2\u00c0\u00f3\u00e8.<\/p>\n<p>\u00b8 \u00eb\u00f2\u00db\u00ed\u00e1 \u00e5\u00dd\u00ee\u00e1\u00e9 \u00e5\u00ed\u00f0\u00ec\u00ef\u00f9\u00f4\u00e9\u00f3\u00ed\u00db\u00ee\u00e8 \u00ed\u00e5\u00a0\u00a6\u00e5\u00ee\u00f4\u00e1\u00f0\u00e5\u00f0\u00f4\u00dd\u00e4\u00e9\u00ef 4, \u00f8\u00e1\u00ed\u00e8\u00ec\u00de \u00ed\u00ef\u00f2\u00e9\u00e1\u00eb\u00de \u00e2\u00c0\u00f2\u00ef\u00f7\u00a0\u00cb\u00e1\u00ec\u00ef\u00f9\u00f2\u00ef\u00ee\u00e9\u00eb\u00ef\u00e0 \u00c3\u00ea\u00db\u00ef\u00f7\u00a0\u00eb\u00e1\u00e9\u00a0\u00b5\u00e9\u00f4\u00e1\u00ed\u00dd\u00ee\u00e8\u00f7 PP\u00a0\u00f4\u00e1 \u00ef\u00f0\u00ef\u00dd\u00e1 \u00e1\u00f9\u00ea\u00c0\u00ee\u00ef\u00f9\u00ee \u00f4\u00e8\u00ee \u00e5\u00ec\u00e1\u00f3\u00f4\u00e9\u00eb\u00de\u00f4\u00e8\u00f4\u00e1 \u00eb\u00e1\u00e9 \u00ed\u00e5\u00e9\u00f1\u00ee\u00ef\u00f9\u00ee \u00f4\u00e9\u00f7 \u00f2\u00f9\u00f4\u00dd\u00e4\u00e5\u00f7 \u00f0\u00ef\u00f9 \u00e1\u00f9\u00ea\u00c0\u00ee\u00ef\u00ee\u00f4\u00e1\u00e9 \u00ed\u00e5 \u00f4\u00e8 \u00e7\u00dc\u00f2\u00e1\u00ee\u00f3\u00e8.<\/p>\n<p>\u00a2\u00e9\u00e1\u00f5\u00e5\u00f4\u00e5\u00e9\u00a0\u00e5\u00f0\u00e1\u00ee\u00ef\u00f2\u00f5\u00f6\u00f4\u00e9\u00eb\u00dc,\u00a0\u00f5\u00f2\u00e5\u00f0\u00f4\u00e9\u00eb\u00dc\u00a0\u00eb\u00e1\u00e9 \u00db\u00ee\u00f4\u00ef\u00ee\u00e1\u00a0\u00e5\u00ee\u00f9\u00e4\u00e1\u00f4\u00e9\u00eb\u00dc\u00a0\u00e4\u00f2\u00c0\u00f3\u00e8 \u00e5\u00ee\u00f1 \u00e5\u00f0\u00e9\u00f0\u00ec\u00db\u00ef\u00ee\u00a0\u00ec\u00e5\u00e9\u00e1\u00dd\u00ee\u00e5\u00e9\u00a0\u00eb\u00e1\u00e9 \u00ee\u00e1 \u00e5\u00f0\u00e1\u00ee\u00e1\u00e6\u00db\u00f2\u00e5\u00e9 \u00f4\u00e8\u00ee \u00c0\u00ee\u00e5\u00f3\u00e8 \u00f3\u00f4\u00ef \u00e4\u00db\u00f2\u00ed\u00e1.<\/p>\n<p>\u00b6\u00ee\u00e4\u00e5\u00dd\u00eb\u00ee\u00f9\u00f4\u00e1\u00e9 \u00e7\u00e9\u00e1 \u00e5\u00e6\u00e1\u00f2\u00ed\u00ef\u00e7\u00dc \u00f3\u00e5 \u00eb\u00ef\u00f9\u00f2\u00e1\u00f3\u00ed\u00db\u00ee\u00e1 \u00ed\u00c0\u00f4\u00e9\u00e1 \u00ed\u00e5 \u00ed\u00e1\u00e0\u00f2\u00ef\u00f9\u00f7 \u00eb\u00e0\u00eb\u00ec\u00ef\u00f9\u00f7 \u00eb\u00e1\u00f5\u00f1\u00f7\u00a0\u00ed\u00e5\u00e9\u00f1\u00ee\u00e5\u00e9 \u00f4\u00ef\u00f9\u00f7 \u00f8\u00f2\u00f6\u00ed\u00e1\u00f4\u00e9\u00f3\u00ed\u00ef\u00e0\u00f7\u00a0\u00f3\u00f4\u00e8\u00ee \u00f0\u00e5\u00f2\u00e9\u00ef\u00f8\u00dc \u00e7\u00e0\u00f2\u00f6 \u00e1\u00f0\u00de \u00f4\u00e1 \u00ed\u00c0\u00f4\u00e9\u00e1.<\/p>\n<p>\u00b8 \u00f3\u00f9\u00f3\u00eb\u00e5\u00f9\u00e1\u00f3\u00dd\u00e1 \u00f0\u00e5\u00f2\u00e9\u00db\u00f8\u00e5\u00e9 \u00e5\u00e9\u00e4\u00e9\u00eb\u00de \u00e1\u00f0\u00ec\u00e9\u00eb\u00e1\u00f4\u00db\u00f2\u00a0 \u00e7\u00e9\u00e1 \u00ee\u00e1 \u00eb\u00c0\u00ee\u00e5\u00e9 \u00f4\u00e8\u00ee \u00e5\u00e6\u00e1\u00f2\u00ed\u00ef\u00e7\u00dc \u00f4\u00ef\u00f9 \u00f0\u00f2\u00ef\u00fb\u00de\u00ee\u00f4\u00ef\u00f7 \u00e1\u00eb\u00de\u00ed\u00e8 \u00f0\u00e9\u00ef \u00e1\u00f0\u00ef\u00f4\u00e5\u00ec\u00e5\u00f3\u00ed\u00e1\u00f4\u00e9\u00eb\u00dc.<\/p>\n<p>\u00b0\u00f9\u00f4\u00de \u00f4\u00ef \u00e1\u00f0\u00ec\u00e9\u00eb\u00e1\u00f4\u00db\u00f2 \u00e5\u00dd\u00ee\u00e1\u00e9 \u00e6\u00f4\u00e9\u00e1\u00e7\u00ed\u00db\u00ee\u00ef \u00e1\u00f0\u00de \u00eb\u00e5\u00f2\u00e1\u00ed\u00e9\u00eb\u00dc \u00f0\u00db\u00f2\u00ec\u00e1, \u00db\u00ee\u00e1 \u00e5\u00ea\u00e1\u00e9\u00f2\u00e5\u00f4\u00e9\u00eb\u00c0 \u00ec\u00e5\u00dd\u00ef \u00f9\u00ec\u00e9\u00eb\u00de \u00ed\u00e5 \u00e4\u00f2\u00ef\u00f3\u00e9\u00f3\u00f4\u00e9\u00eb\u00dc \u00e5\u00f0\u00dd\u00e4\u00f2\u00e1\u00f3\u00e8 \u00eb\u00e1\u00e9 \u00ec\u00e1\u00e2\u00dc \u00e1\u00f0\u00de \u00ea\u00e0\u00ec\u00ef.<\/p>\n<p>\u00c3\u00e4\u00e8\u00e7\u00dd\u00e5\u00f7 \u00cc\u00f2\u00dc\u00f3\u00e8\u00f7<\/p>\n<p>\u00b0\u00e6\u00e1\u00e9\u00f2\u00db\u00f3\u00e5\u00f4\u00e5 \u00f0\u00f2\u00ef\u00f3\u00e5\u00eb\u00f4\u00e9\u00eb\u00c0 \u00de\u00ec\u00ef \u00f4\u00ef \u00ed\u00e1\u00eb\u00e9\u00e7\u00e9\u00c0\u00fa \u00eb\u00e1\u00e9 \u00eb\u00e1\u00f5\u00e1\u00f2\u00dd\u00f3\u00e5\u00f4\u00e5 \u00f4\u00e8\u00ee \u00f0\u00e5\u00f2\u00e9\u00ef\u00f8\u00dc \u00e7\u00e0\u00f2\u00f6 \u00e1\u00f0\u00de \u00f4\u00e1 \u00ed\u00c0\u00f4\u00e9\u00e1<\/p>\n<p>\u00cc\u00f2\u00e8\u00f3\u00e9\u00ed\u00ef\u00f0\u00ef\u00e9\u00dc\u00f3\u00f4\u00e5 \u00f4\u00ef \u00e1\u00f0\u00ec\u00e9\u00eb\u00e1\u00f4\u00db\u00f2 \u00f0\u00ef\u00f9 \u00e2\u00f2\u00dd\u00f3\u00eb\u00e5\u00f4\u00e1\u00e9 \u00f3\u00f4\u00ef \u00ed\u00f0\u00ef\u00f9\u00eb\u00e1\u00ec\u00c0\u00eb\u00e9 \u00eb\u00e1\u00e9 \u00e5\u00e6\u00e1\u00f2\u00ed\u00de\u00f3\u00f4\u00e5 \u00f0\u00ef\u00f3\u00de\u00f4\u00e8\u00f4\u00e1 \u00e1\u00f0\u00de \u00f4\u00ef \u00f0\u00f2\u00ef\u00fb\u00de\u00ee \u00f3\u00e5 \u00ed\u00db\u00e7\u00e5\u00f5\u00ef\u00f7 \u00ed\u00dd\u00e1\u00f7 \u00f0\u00db\u00f2\u00ec\u00e1\u00f7.<\/p>\n<p>\u00a6\u00e1\u00f4\u00dc\u00f3\u00f4\u00e5 \u00e5\u00ec\u00e1\u00e6\u00f2\u00c0 \u00ed\u00e5 \u00f4\u00e9\u00f7 \u00c0\u00eb\u00f2\u00e5\u00f7 \u00f4\u00f6\u00ee \u00e4\u00e1\u00eb\u00f4\u00e0\u00ec\u00f6\u00ee \u00f3\u00e1\u00f7 \u00ed\u00db\u00f8\u00f2\u00e9 \u00ee\u00e1 \u00e1\u00f0\u00ef\u00f2\u00f2\u00ef\u00e6\u00e8\u00f5\u00e5\u00dd \u00f0\u00ec\u00dc\u00f2\u00f6\u00f7.<\/p>\n<p>\u00ba\u00f2\u00e1\u00f4\u00f1\u00ee\u00f4\u00e1\u00f7 \u00f4\u00ef \u00e1\u00f0\u00ec\u00e9\u00eb\u00e1\u00f4\u00db\u00f2 \u00f3\u00e5 \u00eb\u00c0\u00f5\u00e5\u00f4\u00e8 \u00f5\u00db\u00f3\u00e8, \u00eb\u00c0\u00ee\u00f4\u00e5 \u00ed\u00e1\u00f3\u00c0\u00fa \u00f3\u00f4\u00ef \u00e4\u00db\u00f2\u00ed\u00e1 \u00ea\u00e5\u00eb\u00e9\u00ee\u00f1\u00ee\u00f4\u00e1\u00f7 \u00e1\u00f0\u00de \u00f4\u00e8\u00ee \u00e5\u00f3\u00f6\u00f4\u00e5\u00f2\u00e9\u00eb\u00dc \u00e7\u00f6\u00ee\u00dd\u00e1 \u00f4\u00ef\u00f9 \u00ed\u00e1\u00f4\u00e9\u00ef\u00e0 \u00f0\u00f2\u00ef\u00f7 \u00f4\u00ef\u00ee \u00eb\u00f2\u00de\u00f4\u00e1\u00e6\u00ef.<\/p>\n<p>\u00ba\u00e1\u00f5\u00e1\u00f2\u00dd\u00f3\u00f4\u00e5 \u00f4\u00ef \u00e1\u00f0\u00ec\u00e9\u00eb\u00e1\u00f4\u00db\u00f2 \u00ed\u00e5\u00f4\u00c0 \u00f4\u00e8 \u00f8\u00f2\u00dc\u00f3\u00e8.<\/p>\n<p>\u00b9\u00e4\u00e9\u00de\u00f4\u00e8\u00f4\u00e5\u00f7<\/p>\n<p>\u00b6\u00ee\u00f9\u00e4\u00e1\u00f4\u00f1\u00ee\u00e5\u00e9 \u00f4\u00ef \u00e4\u00db\u00f2\u00ed\u00e1<\/p>\n<p>\u00bb\u00e5\u00e9\u00f1\u00ee\u00e5\u00e9 \u00f4\u00ef\u00f9\u00f7 \u00ed\u00e1\u00e0\u00f2\u00ef\u00f9\u00f7 \u00eb\u00e0\u00eb\u00ec\u00ef\u00f9\u00f7<\/p>\n<p>\u00bb\u00e5\u00e9\u00f1\u00ee\u00e5\u00e9 \u00f4\u00e9\u00f7 \u00f2\u00f9\u00f4\u00dd\u00e4\u00e5\u00f7<\/p>\n<p>\u00a6\u00f2\u00ef\u00e6\u00f9\u00ec\u00c0\u00ea\u00e5\u00e9\u00f7<\/p>\n<p>\u00c1\u00e1 \u00e6\u00f9\u00ec\u00c0\u00f3\u00f3\u00e5\u00f4\u00e1\u00e9 \u00ed\u00e1\u00eb\u00f2\u00e9\u00c0 \u00e1\u00f0\u00ef \u00f0\u00e1\u00e9\u00e4\u00dd\u00e1.<\/p>\n<p>\u00c1\u00e1 \u00e4\u00e9\u00e1\u00f4\u00e8\u00f2\u00e5\u00dd\u00f4\u00e1\u00e9 \u00f3\u00e5 \u00e4\u00f2\u00ef\u00f3\u00e5\u00f2\u00de \u00eb\u00e1\u00e9 \u00f3\u00eb\u00e9\u00e5\u00f2\u00de \u00ed\u00db\u00f2\u00ef\u00f7.<\/p>\n<p>\u00aa\u00f9\u00f3\u00f4\u00e1\u00f4\u00e9\u00eb\u00c0<\/p>\n<p>Aqua (Water), Butylene Glycol, Niacinamide, Cetearyl Alcohol, Theobroma Cacao (Cocoa) Seed Butter, Caprylic\/Capric Triglyceride, Saccharide Isomerate, Diethylhexyl Carbonate, Glyceryl Stearate SE, Stearic Acid, Glycerin, Dibutyl Adipate, Pentaerythrityl Tetracaprylate\/Tetracaprate, Cetearyl Glucoside, Dimethicone, 1,2-Hexanediol, Panthenol, Tocopheryl Acetate, Sodium Hyaluronate, Sodium Lactate, Diacetyl Boldine, Palmitoyl Pentapeptide-4, Tridecyl Stearate, Tridecyl Trimellitate, Sodium Polyacrylate, HDI\/Trimethylol Hexyllactone Crosspolymer, Dipentaerythrityl Hexacaprylate\/Hexacaprate, Carbomer, Polysorbate 20, Silica, Hydroxyacetophenone, Tetrasodium Glutamate Diacetate, Sodium Hydroxide, Citric Acid, Sodium Citrate, Caramel, CI 19140 (Yellow 5).<\/p>\n<p>&nbsp;<\/p>\n","protected":false},"featured_media":0,"comment_status":"closed","ping_status":"open","template":"","meta":{"_monsterinsights_skip_tracking":false,"_monsterinsights_sitenote_active":false,"_monsterinsights_sitenote_note":"","_monsterinsights_sitenote_category":0},"product_brand":[622],"product_cat":[1180,54,116,64],"product_tag":[],"class_list":{"0":"post-8470","1":"product","2":"type-product","3":"status-publish","5":"product_brand-korff","6":"product_cat-katalogos","7":"product_cat-54","8":"product_cat-116","9":"product_cat-64","11":"first","12":"instock","13":"sale","14":"purchasable","15":"product-type-simple"},"aioseo_notices":[],"jetpack_sharing_enabled":true,"_links":{"self":[{"href":"https:\/\/demo3.bigdigital.gr\/index.php\/wp-json\/wp\/v2\/product\/8470","targetHints":{"allow":["GET"]}}],"collection":[{"href":"https:\/\/demo3.bigdigital.gr\/index.php\/wp-json\/wp\/v2\/product"}],"about":[{"href":"https:\/\/demo3.bigdigital.gr\/index.php\/wp-json\/wp\/v2\/types\/product"}],"replies":[{"embeddable":true,"href":"https:\/\/demo3.bigdigital.gr\/index.php\/wp-json\/wp\/v2\/comments?post=8470"}],"wp:attachment":[{"href":"https:\/\/demo3.bigdigital.gr\/index.php\/wp-json\/wp\/v2\/media?parent=8470"}],"wp:term":[{"taxonomy":"product_brand","embeddable":true,"href":"https:\/\/demo3.bigdigital.gr\/index.php\/wp-json\/wp\/v2\/product_brand?post=8470"},{"taxonomy":"product_cat","embeddable":true,"href":"https:\/\/demo3.bigdigital.gr\/index.php\/wp-json\/wp\/v2\/product_cat?post=8470"},{"taxonomy":"product_tag","embeddable":true,"href":"https:\/\/demo3.bigdigital.gr\/index.php\/wp-json\/wp\/v2\/product_tag?post=8470"}],"curies":[{"name":"wp","href":"https:\/\/api.w.org\/{rel}","templated":true}]}}