{"id":8486,"date":"2025-10-14T08:17:39","date_gmt":"2025-10-14T06:17:39","guid":{"rendered":"https:\/\/demo3.bigdigital.gr\/index.php\/product\/neutrogena-hydro-boost-oouia-iaoeni-aa-ioaeu-gel-75ml\/"},"modified":"2025-11-03T13:19:59","modified_gmt":"2025-11-03T11:19:59","slug":"neutrogena-hydro-boost-oouia-iaoeni-aa-ioaeu-gel-75ml","status":"publish","type":"product","link":"https:\/\/demo3.bigdigital.gr\/index.php\/product\/neutrogena-hydro-boost-oouia-iaoeni-aa-ioaeu-gel-75ml\/","title":{"rendered":"Neutrogena Hydro Boost \u00ba\u00f2\u00db\u00ed\u00e1 \u00cc\u00e5\u00f2\u00e9\u00f1\u00ee \u00aa\u00e5 \u00bb\u00ef\u00f2\u00e6\u00dc Gel 75ml"},"content":{"rendered":"","protected":false},"excerpt":{"rendered":"<p>Neutrogena Hydro Boost \u00ba\u00f2\u00db\u00ed\u00e1 \u00cc\u00e5\u00f2\u00e9\u00f1\u00ee \u00aa\u00e5 \u00bb\u00ef\u00f2\u00e6\u00dc Gel 75ml<\/p>\n<p>\u00b8\u00a0\u00eb\u00f2\u00db\u00ed\u00e1 \u00f8\u00e5\u00f2\u00e9\u00f1\u00ee\u00a0\u00f3\u00e5 \u00ed\u00ef\u00f2\u00e6\u00dc gel Neutrogena\u00ae Hydro Boost\u00ae \u00e6\u00db\u00f2\u00ee\u00e5\u00e9 \u00f4\u00e8\u00ee \u00e5\u00ed\u00f0\u00e5\u00e9\u00f2\u00dd\u00e1 \u00f4\u00e8\u00f7 \u00f0\u00f2\u00ef\u00e8\u00e7\u00ed\u00db\u00ee\u00e8\u00f7 \u00e5\u00ee\u00f9\u00e4\u00c0\u00f4\u00f6\u00f3\u00e8\u00f7 \u00f0\u00f2\u00ef\u00f3\u00f1\u00f0\u00ef\u00f9 \u00f3\u00f4\u00e8\u00ee\u00a0\u00f0\u00e5\u00f2\u00e9\u00f0\u00ef\u00dd\u00e8\u00f3\u00e8 \u00f4\u00f6\u00ee \u00f8\u00e5\u00f2\u00e9\u00f1\u00ee.<\/p>\n<p>\u00b0\u00f9\u00f4\u00dc \u00e8 \u00e4\u00f2\u00ef\u00f3\u00e9\u00f3\u00f4\u00e9\u00eb\u00dc \u00eb\u00e1\u00e9 \u00e5\u00ea\u00e1\u00e9\u00f2\u00e5\u00f4\u00e9\u00eb\u00c0 \u00e5\u00ec\u00e1\u00e6\u00f2\u00e9\u00c0 \u00f3\u00e0\u00ee\u00f5\u00e5\u00f3\u00e8 \u00e5\u00dd\u00ee\u00e1\u00e9 \u00e5\u00ee\u00e9\u00f3\u00f8\u00f9\u00ed\u00db\u00ee\u00e8 \u00ed\u00e5 \u00f9\u00e1\u00ec\u00ef\u00f9\u00f2\u00ef\u00ee\u00e9\u00eb\u00de \u00ef\u00ea\u00e0, \u00f4\u00ef\u00ee \u00f9\u00f0\u00e5\u00f2\u00e5\u00ee\u00f9\u00e4\u00e1\u00f4\u00e9\u00eb\u00de \u00f0\u00e1\u00f2\u00c0\u00e7\u00ef\u00ee\u00f4\u00e1 \u00f0\u00e5\u00f2\u00e9\u00f0\u00ef\u00dd\u00e8\u00f3\u00e8\u00f7 \u00f4\u00e8\u00f7 \u00e5\u00f0\u00e9\u00e4\u00e5\u00f2\u00ed\u00dd\u00e4\u00e1\u00f7 \u00f0\u00ef\u00f9 \u00ed\u00f0\u00ef\u00f2\u00e5\u00dd \u00ee\u00e1 \u00eb\u00f2\u00e1\u00f4\u00dc\u00f3\u00e5\u00e9 \u00db\u00f6\u00f7 \u00eb\u00e1\u00e9 1.000 \u00e6\u00ef\u00f2\u00db\u00f7 \u00f4\u00ef \u00e2\u00c0\u00f2\u00ef\u00f7 \u00f4\u00ef\u00f9 \u00f3\u00e5 \u00ee\u00e5\u00f2\u00de.<\/p>\n<p>\u00cc\u00e1\u00f2\u00dd\u00fa\u00e5\u00e9 \u00f3\u00f4\u00e8\u00ee \u00e5\u00f0\u00e9\u00e4\u00e5\u00f2\u00ed\u00dd\u00e4\u00e1 \u00f4\u00e8\u00ee \u00e5\u00ee\u00f9\u00e4\u00c0\u00f4\u00f6\u00f3\u00e8 \u00f0\u00ef\u00f9 \u00f8\u00f2\u00e5\u00e9\u00c0\u00fa\u00e5\u00f4\u00e1\u00e9<\/p>\n<p>\u2022 \u00ba\u00ec\u00e5\u00e9\u00e4\u00f1\u00ee\u00e5\u00e9 \u00f4\u00e8\u00ee \u00f9\u00e7\u00f2\u00e1\u00f3\u00dd\u00e1 \u00eb\u00e1\u00e9 \u00ea\u00e5\u00e4\u00e9\u00e3\u00c0 \u00f4\u00e8\u00ee \u00e5\u00f0\u00e9\u00e4\u00e5\u00f2\u00ed\u00dd\u00e4\u00e1<\/p>\n<p>\u2022 \u00a2\u00e9\u00e1\u00f4\u00e8\u00f2\u00e5\u00dd \u00f4\u00e8\u00ee \u00e9\u00f3\u00ef\u00f2\u00f2\u00ef\u00f0\u00dd\u00e1 \u00f4\u00e8\u00f7 \u00f9\u00e7\u00f2\u00e1\u00f3\u00dd\u00e1\u00f7 \u00f4\u00e8\u00f7 \u00e5\u00f0\u00e9\u00e4\u00e5\u00f2\u00ed\u00dd\u00e4\u00e1\u00f7, \u00e1\u00f0\u00e5\u00ec\u00e5\u00f9\u00f5\u00e5\u00f2\u00f1\u00ee\u00ef\u00ee\u00f4\u00e1\u00f7 \u00f3\u00f9\u00ee\u00e5\u00f8\u00f1\u00f7 \u00f3\u00f4\u00ef\u00e9\u00f8\u00e5\u00dd\u00e1 \u00e5\u00ee\u00f9\u00e4\u00c0\u00f4\u00f6\u00f3\u00e8\u00f7, \u00de\u00f0\u00f6\u00f7 \u00eb\u00e1\u00e9 \u00de\u00f0\u00ef\u00f4\u00e5 \u00f4\u00e1 \u00f8\u00f2\u00e5\u00e9\u00c0\u00fa\u00e5\u00f4\u00e1\u00e9 \u00e8 \u00e5\u00f0\u00e9\u00e4\u00e5\u00f2\u00ed\u00dd\u00e4\u00e1<\/p>\n<p>\u00b0\u00a6\u00c3\u00c6\u00b6\u00a4\u00b6\u00aa\u00bb\u00b0\u00c6\u00b0<\/p>\n<p>\u2022 \u00b6\u00dd\u00ee\u00e1\u00e9 \u00eb\u00ec\u00e9\u00ee\u00e9\u00eb\u00c0 \u00e1\u00f0\u00ef\u00e4\u00e5\u00e4\u00e5\u00e9\u00e7\u00ed\u00db\u00ee\u00ef \u00de\u00f4\u00e9 \u00e4\u00e9\u00e1\u00f4\u00e8\u00f2\u00e5\u00dd \u00f4\u00e1 \u00f8\u00db\u00f2\u00e9\u00e1 \u00f3\u00e1\u00f7 \u00e5\u00ee\u00f9\u00e4\u00e1\u00f4\u00f6\u00ed\u00db\u00ee\u00e1 \u00e7\u00e9\u00e1 24 \u00f1\u00f2\u00e5\u00f7, \u00e1\u00e6\u00dc\u00ee\u00ef\u00ee\u00f4\u00c0\u00f7 \u00f4\u00e1 \u00ef\u00f2\u00e1\u00f4\u00c0 \u00f0\u00e9\u00ef \u00e1\u00f0\u00e1\u00ec\u00c0 \u00eb\u00e1\u00e9 \u00ec\u00e5\u00dd\u00e1<\/p>\n<p>\u2022 \u00b0\u00f0\u00ef\u00f2\u00f2\u00ef\u00e6\u00c0\u00f4\u00e1\u00e9 \u00e1\u00ed\u00db\u00f3\u00f6\u00f7 \u00eb\u00e1\u00e9 \u00e4\u00e5\u00ee \u00e1\u00e6\u00dc\u00ee\u00e5\u00e9 \u00e1\u00dd\u00f3\u00f5\u00e8\u00f3\u00e8 \u00ec\u00e9\u00f0\u00e1\u00f2\u00de\u00f4\u00e8\u00f4\u00e1\u00f7<\/p>\n<p>\u2022 \u00a2\u00ef\u00eb\u00e9\u00ed\u00e1\u00f3\u00ed\u00db\u00ee\u00e8 \u00f9\u00f0\u00de \u00f4\u00e8\u00ee \u00e5\u00f0\u00dd\u00e2\u00ec\u00e5\u00e3\u00e8 \u00e4\u00e5\u00f2\u00ed\u00e1\u00f4\u00ef\u00ec\u00de\u00e7\u00f6\u00ee<\/p>\n<p>\u00ba\u00b0\u00c6\u00b0\u00a4\u00a4\u00b8\u00a4\u00c3 \u00a1\u00b9\u00b0<\/p>\n<p>\u2022 \u00d9\u00ec\u00ef\u00f9\u00f7 \u00f4\u00ef\u00f9\u00f7 \u00f4\u00e0\u00f0\u00ef\u00f9\u00f7 \u00e5\u00f0\u00e9\u00e4\u00e5\u00f2\u00ed\u00dd\u00e4\u00e1\u00f7<\/p>\n<p>\u2022 \u00ba\u00e1\u00f5\u00e8\u00ed\u00e5\u00f2\u00e9\u00ee\u00dc \u00cc\u00f2\u00dc\u00f3\u00e8<\/p>\n<p>\u00cc\u00c4\u00b8\u00aa\u00b8<br \/>\n\u00a1\u00e9\u00e1 \u00eb\u00e1\u00ec\u00e0\u00f4\u00e5\u00f2\u00e1 \u00e1\u00f0\u00ef\u00f4\u00e5\u00ec\u00db\u00f3\u00ed\u00e1\u00f4\u00e1, \u00f8\u00f2\u00e8\u00f3\u00e9\u00ed\u00ef\u00f0\u00ef\u00e9\u00e5\u00dd\u00f4\u00e5 \u00f4\u00e8 \u00e4\u00e0\u00ef \u00e6\u00ef\u00f2\u00db\u00f7 \u00f4\u00e8\u00ee \u00e8\u00ed\u00db\u00f2\u00e1.<\/p>\n<p>\u00aa\u00cb\u00c1\u00a3\u00b6\u00aa\u00b8<br \/>\nAqua, Glycerin, Isopropyl Palmitate, Cetyl Alcohol, Dimethicone, Sodium Hyaluronate, Ethylhexylglycerin, Petrolatum, Caprylyl Glycol, Cetearyl Olivate, Sorbitan Olivate, Carbomer, Sodium Polyacrylate, Sodium Hydroxide, Tocopherol, Phenoxyethanol, Parfum, CI 42090 [PR-018319].<\/p>\n<p>\u00aa\u00cb\u00aa\u00ba\u00b6\u00cb\u00b0\u00aa\u00b9\u00b0\u00a0:\u00a075ml<\/p>\n<p>&nbsp;<\/p>\n","protected":false},"featured_media":0,"comment_status":"closed","ping_status":"open","template":"","meta":{"_monsterinsights_skip_tracking":false,"_monsterinsights_sitenote_active":false,"_monsterinsights_sitenote_note":"","_monsterinsights_sitenote_category":0},"product_brand":[416],"product_cat":[1180,54,68],"product_tag":[],"class_list":{"0":"post-8486","1":"product","2":"type-product","3":"status-publish","5":"product_brand-neutrogena","6":"product_cat-katalogos","7":"product_cat-54","8":"product_cat-68","10":"first","11":"instock","12":"purchasable","13":"product-type-simple"},"aioseo_notices":[],"jetpack_sharing_enabled":true,"_links":{"self":[{"href":"https:\/\/demo3.bigdigital.gr\/index.php\/wp-json\/wp\/v2\/product\/8486","targetHints":{"allow":["GET"]}}],"collection":[{"href":"https:\/\/demo3.bigdigital.gr\/index.php\/wp-json\/wp\/v2\/product"}],"about":[{"href":"https:\/\/demo3.bigdigital.gr\/index.php\/wp-json\/wp\/v2\/types\/product"}],"replies":[{"embeddable":true,"href":"https:\/\/demo3.bigdigital.gr\/index.php\/wp-json\/wp\/v2\/comments?post=8486"}],"wp:attachment":[{"href":"https:\/\/demo3.bigdigital.gr\/index.php\/wp-json\/wp\/v2\/media?parent=8486"}],"wp:term":[{"taxonomy":"product_brand","embeddable":true,"href":"https:\/\/demo3.bigdigital.gr\/index.php\/wp-json\/wp\/v2\/product_brand?post=8486"},{"taxonomy":"product_cat","embeddable":true,"href":"https:\/\/demo3.bigdigital.gr\/index.php\/wp-json\/wp\/v2\/product_cat?post=8486"},{"taxonomy":"product_tag","embeddable":true,"href":"https:\/\/demo3.bigdigital.gr\/index.php\/wp-json\/wp\/v2\/product_tag?post=8486"}],"curies":[{"name":"wp","href":"https:\/\/api.w.org\/{rel}","templated":true}]}}