{"id":8531,"date":"2025-10-14T08:17:47","date_gmt":"2025-10-14T06:17:47","guid":{"rendered":"https:\/\/demo3.bigdigital.gr\/index.php\/product\/apivita-bee-sun-safe-hydra-fresh-tinted-face-cream-spf50-50ml-2\/"},"modified":"2025-11-03T12:10:18","modified_gmt":"2025-11-03T10:10:18","slug":"apivita-bee-sun-safe-hydra-fresh-tinted-face-cream-spf50-50ml-2","status":"publish","type":"product","link":"https:\/\/demo3.bigdigital.gr\/index.php\/product\/apivita-bee-sun-safe-hydra-fresh-tinted-face-cream-spf50-50ml-2\/","title":{"rendered":"Apivita Bee Sun Safe Hydra Fresh Tinted Face Cream SPF50 50ml"},"content":{"rendered":"","protected":false},"excerpt":{"rendered":"<p>Apivita Bee Sun Safe Hydra Fresh Tinted Face Cream SPF50 50ml<\/p>\n<p>\u00bb\u00e5 \u00f5\u00e1\u00ec\u00c0\u00f3\u00f3\u00e9\u00e1 \u00e6\u00e0\u00eb\u00e8 &amp; \u00f0\u00f2\u00de\u00f0\u00ef\u00ec\u00e8<\/p>\n<p>\u00b0\u00ee\u00f4\u00e8\u00ec\u00e9\u00e1\u00eb\u00dc \u00eb\u00f2\u00db\u00ed\u00e1 \u00e7\u00e9\u00e1 \u00f9\u00e3\u00e8\u00ec\u00dc \u00f0\u00f2\u00ef\u00f3\u00f4\u00e1\u00f3\u00dd\u00e1 \u00ed\u00e5 \u00e5\u00ec\u00e1\u00e6\u00f2\u00e9\u00c0, \u00ed\u00e8 \u00ec\u00e9\u00f0\u00e1\u00f2\u00dc, cream-gel \u00f9\u00e6\u00dc, \u00f0\u00ef\u00f9 \u00e1\u00f0\u00ef\u00f2\u00f2\u00ef\u00e6\u00c0\u00f4\u00e1\u00e9 \u00c0\u00ed\u00e5\u00f3\u00e1 \u00eb\u00e1\u00e9 \u00e1\u00e6\u00dc\u00ee\u00e5\u00e9 \u00f4\u00e8\u00ee \u00e5\u00f0\u00e9\u00e4\u00e5\u00f2\u00ed\u00dd\u00e4\u00e1 \u00e6\u00f2\u00db\u00f3\u00eb\u00e9\u00e1 \u00eb\u00e1\u00e9 \u00e5\u00ee\u00f9\u00e4\u00e1\u00f4\u00f6\u00ed\u00db\u00ee\u00e8.<br \/>\n\u2022 \u00a6\u00f2\u00ef\u00f3\u00e6\u00db\u00f2\u00e5\u00e9 \u00e6\u00f6\u00f4\u00ef\u00f0\u00f2\u00ef\u00f3\u00f4\u00e1\u00f3\u00dd\u00e1 \u00e5\u00f9\u00f2\u00db\u00ef\u00f7 \u00e6\u00c0\u00f3\u00ed\u00e1\u00f4\u00ef\u00f7 \u00e1\u00f0\u00de \u00f4\u00e9\u00f7 \u00e1\u00eb\u00f4\u00dd\u00ee\u00e5\u00f7 UVA, UVB, IR \u00eb\u00e1\u00e9 BLUE LIGHT \u00ed\u00e5 \u00db\u00ee\u00e1 \u00e6\u00f6\u00f4\u00ef\u00f3\u00f4\u00e1\u00f5\u00e5\u00f2\u00de \u00f3\u00f9\u00ee\u00e4\u00f9\u00e1\u00f3\u00ed\u00de \u00e6\u00dd\u00ec\u00f4\u00f2\u00f6\u00ee \u2022 X\u00e1\u00f2\u00dd\u00fa\u00e5\u00e9 \u00e6\u00f9\u00f3\u00e9\u00eb\u00dc, \u00ef\u00ed\u00ef\u00e9\u00de\u00ed\u00ef\u00f2\u00e6\u00e8 \u00eb\u00c0\u00ec\u00f9\u00e3\u00e8 \u00eb\u00e1\u00e9 \u00f8\u00f2\u00f1\u00ed\u00e1 \u00ed\u00e5 \u00e6\u00f9\u00f3\u00e9\u00eb\u00db\u00f7 \u00f8\u00f2\u00f6\u00f3\u00f4\u00e9\u00eb\u00db\u00f7<br \/>\n\u2022 \u00a6\u00f2\u00ef\u00f3\u00e6\u00db\u00f2\u00e5\u00e9 \u00c0\u00ed\u00e5\u00f3\u00e8 \u00e5\u00ee\u00f9\u00e4\u00c0\u00f4\u00f6\u00f3\u00e8 \u00f0\u00ef\u00f9 \u00e4\u00e9\u00e1\u00f2\u00eb\u00e5\u00dd \u00eb\u00e1\u00e9 \u00e1\u00dd\u00f3\u00f5\u00e8\u00f3\u00e8 \u00e6\u00f2\u00e5\u00f3\u00eb\u00c0\u00e4\u00e1\u00f7 \u00ed\u00e5 \u00f5\u00e1\u00ec\u00c0\u00f3\u00f3\u00e9\u00e1 \u00e6\u00e0\u00eb\u00e8, \u00e1\u00ec\u00de\u00e8 \u00eb\u00e1\u00e9 \u00f9\u00e1\u00ec\u00ef\u00f9\u00f2\u00ef\u00ee\u00e9\u00eb\u00de \u00ef\u00ea\u00e0<br \/>\n\u2022 \u00a6\u00f2\u00ef\u00ec\u00e1\u00ed\u00e2\u00c0\u00ee\u00e5\u00e9 \u00f4\u00e8\u00ee \u00f0\u00f2\u00de\u00f6\u00f2\u00e8 \u00e7\u00dc\u00f2\u00e1\u00ee\u00f3\u00e8 \u00f8\u00c0\u00f2\u00e8 \u00f3\u00f4\u00ef \u00f0\u00e1\u00f4\u00e5\u00ee\u00f4\u00e1\u00f2\u00e9\u00f3\u00ed\u00db\u00ee\u00ef \u00e5\u00eb\u00f8\u00e0\u00ec\u00e9\u00f3\u00ed\u00e1 \u00f0\u00f2\u00de\u00f0\u00ef\u00ec\u00e8\u00f7<br \/>\n\u00c6\u00e1 \u00e1\u00ee\u00f4\u00e8\u00ec\u00e9\u00e1\u00eb\u00c0 BEE SUN SAFE, \u00f3\u00db\u00e2\u00ef\u00ee\u00f4\u00e1\u00e9 \u00f4\u00e8\u00ee \u00e5\u00f0\u00e9\u00e4\u00e5\u00f2\u00ed\u00dd\u00e4\u00e1 \u00eb\u00e1\u00e9 \u00f4\u00ef \u00f5\u00e1\u00ec\u00c0\u00f3\u00f3\u00e9\u00ef \u00ef\u00e9\u00eb\u00ef\u00f3\u00e0\u00f3\u00f4\u00e8\u00ed\u00e1. \u00ce\u00f8\u00ef\u00f9\u00ee &#8220;\u00eb\u00e1\u00f5\u00e1\u00f2\u00db\u00f7&#8221; \u00f3\u00f9\u00ee\u00f5\u00db\u00f3\u00e5\u00e9\u00f7 \u00f0\u00ef\u00f9 \u00f0\u00e5\u00f2\u00e9\u00ec\u00e1\u00ed\u00e2\u00c0\u00ee\u00ef\u00f9\u00ee \u00e2\u00e9\u00ef\u00e1\u00f0\u00ef\u00eb\u00ef\u00e4\u00ef\u00ed\u00dc\u00f3\u00e9\u00ed\u00e1 \u00f3\u00f9\u00f3\u00f4\u00e1\u00f4\u00e9\u00eb\u00c0 \u00eb\u00e1\u00e9 \u00e4\u00e5\u00ee \u00f0\u00e5\u00f2\u00e9\u00db\u00f8\u00ef\u00f9\u00ee \u00e6\u00dd\u00ec\u00f4\u00f2\u00e1 \u00f0\u00ef\u00f9 \u00e2\u00ec\u00c0\u00f0\u00f4\u00ef\u00f9\u00ee \u00f4\u00e1 \u00eb\u00ef\u00f2\u00c0\u00ec\u00ec\u00e9\u00e1. \u00cc\u00f2\u00e8\u00f3\u00e9\u00ed\u00ef\u00f0\u00ef\u00e9\u00ef\u00e0\u00ed\u00e5 \u00f9\u00f0\u00e5\u00e0\u00f5\u00f9\u00ee\u00e8 \u00f3\u00f9\u00f3\u00eb\u00e5\u00f9\u00e1\u00f3\u00dd\u00e1, \u00e1\u00f0\u00de \u00e1\u00ee\u00e1\u00eb\u00f9\u00eb\u00ec\u00f6\u00ed\u00db\u00ee\u00e1 \u00eb\u00e1\u00e9 \u00e1\u00ee\u00e1\u00eb\u00f9\u00eb\u00ec\u00f1\u00f3\u00e9\u00ed\u00e1 \u00f9\u00ec\u00e9\u00eb\u00c0.<\/p>\n<p>\u00a2\u00b6\u00c4\u00bb\u00b0\u00c6\u00c3\u00a4\u00c3\u00a1\u00b9\u00ba\u00b0 \u00b6\u00a4\u00b6\u00a1\u00bb\u00b6\u00c1\u00b8<br \/>\n\u00ba\u00b0\u00c6\u00b0\u00a4\u00a4\u00b8\u00a4\u00b8 \u00a1\u00b9\u00b0 \u00b6\u00cb\u00b0\u00b9\u00aa\u00a3\u00b8\u00c6\u00b6\u00aa \u00b6\u00a6\u00b9\u00a2\u00b6\u00c4\u00bb\u00b9\u00a2\u00b6\u00aa<\/p>\n<p>\u00ba\u00b0\u00c6\u00b0\u00a4\u00a4\u00b8\u00a4\u00c3 \u00a1\u00b9\u00b0 \u00c3\u00bb\u00c3\u00b9\u00c3\u00a6\u00b0\u00a3\u00b8\u00c6\u00b9\u00ba\u00b8<\/p>\n<p>\u00bb\u00e5\u00f5\u00e1\u00ec\u00c0\u00f3\u00f3\u00e9\u00e1\u00e6\u00e0\u00eb\u00e8\u00a0&amp;\u00a0\u00f0\u00f2\u00de\u00f0\u00ef\u00ec\u00e8<br \/>\n75% \u00f3\u00f9\u00f3\u00f4\u00e1\u00f4\u00e9\u00eb\u00c0 \u00e6\u00f9\u00f3\u00e9\u00eb\u00dc\u00f7 \u00f0\u00f2\u00ef\u00db\u00ec\u00e5\u00f9\u00f3\u00e8\u00f7<\/p>\n<p>\u00cc\u00f2\u00dc\u00f3\u00e8:\u00a0\u00a6\u00f2\u00e9\u00ee \u00e1\u00f0\u00de \u00eb\u00c0\u00f5\u00e5 \u00db\u00eb\u00f5\u00e5\u00f3\u00e8 \u00f3\u00f4\u00ef\u00ee \u00dc\u00ec\u00e9\u00ef \u00e1\u00f0\u00ec\u00f1\u00f3\u00f4\u00e5 \u00e5\u00f0\u00e1\u00f2\u00eb\u00dc \u00f0\u00ef\u00f3\u00de\u00f4\u00e8\u00f4\u00e1 (\u00f0\u00e5\u00f2\u00dd\u00f0\u00ef\u00f9 \u00ed\u00e9\u00f3\u00de \u00eb\u00ef\u00f9\u00f4\u00e1\u00ec\u00c0\u00eb\u00e9 \u00f4\u00ef\u00f9 \u00e7\u00ec\u00f9\u00eb\u00ef\u00e0). \u00bb\u00e5\u00dd\u00f6\u00f3\u00e8 \u00e1\u00f9\u00f4\u00dc\u00f7 \u00f4\u00e8\u00f7 \u00f0\u00ef\u00f3\u00de\u00f4\u00e8\u00f4\u00e1\u00f7 \u00f0\u00e5\u00f2\u00e9\u00ef\u00f2\u00dd\u00fa\u00e5\u00e9 \u00f3\u00e8\u00ed\u00e1\u00ee\u00f4\u00e9\u00eb\u00c0 \u00f4\u00e1 \u00e5\u00f0\u00dd\u00f0\u00e5\u00e4\u00e1 \u00f0\u00f2\u00ef\u00f3\u00f4\u00e1\u00f3\u00dd\u00e1\u00f7. \u00b6\u00f0\u00e1\u00ee\u00e1\u00ec\u00c0\u00e2\u00e5\u00f4\u00e5 \u00f3\u00f9\u00f8\u00ee\u00c0 \u00eb\u00f9\u00f2\u00dd\u00f6\u00f7 \u00ed\u00e5\u00f4\u00c0 \u00e1\u00f0\u00de \u00e5\u00e6\u00dd\u00e4\u00f2\u00f6\u00f3\u00e8, \u00eb\u00ef\u00ec\u00e0\u00ed\u00f0\u00e9 \u00dc \u00f3\u00eb\u00ef\u00e0\u00f0\u00e9\u00f3\u00ed\u00e1. \u00bb\u00e8 \u00ed\u00db\u00ee\u00e5\u00f4\u00e5 \u00f0\u00ef\u00ec\u00ec\u00dc \u00f1\u00f2\u00e1 \u00f3\u00f4\u00ef\u00ee \u00dc\u00ec\u00e9\u00ef.<\/p>\n","protected":false},"featured_media":0,"comment_status":"closed","ping_status":"open","template":"","meta":{"_monsterinsights_skip_tracking":false,"_monsterinsights_sitenote_active":false,"_monsterinsights_sitenote_note":"","_monsterinsights_sitenote_category":0},"product_brand":[357],"product_cat":[1180,154,54,70],"product_tag":[],"class_list":{"0":"post-8531","1":"product","2":"type-product","3":"status-publish","5":"product_brand-apivita","6":"product_cat-katalogos","7":"product_cat-154","8":"product_cat-54","9":"product_cat-70","11":"first","12":"instock","13":"sale","14":"purchasable","15":"product-type-simple"},"aioseo_notices":[],"jetpack_sharing_enabled":true,"_links":{"self":[{"href":"https:\/\/demo3.bigdigital.gr\/index.php\/wp-json\/wp\/v2\/product\/8531","targetHints":{"allow":["GET"]}}],"collection":[{"href":"https:\/\/demo3.bigdigital.gr\/index.php\/wp-json\/wp\/v2\/product"}],"about":[{"href":"https:\/\/demo3.bigdigital.gr\/index.php\/wp-json\/wp\/v2\/types\/product"}],"replies":[{"embeddable":true,"href":"https:\/\/demo3.bigdigital.gr\/index.php\/wp-json\/wp\/v2\/comments?post=8531"}],"wp:attachment":[{"href":"https:\/\/demo3.bigdigital.gr\/index.php\/wp-json\/wp\/v2\/media?parent=8531"}],"wp:term":[{"taxonomy":"product_brand","embeddable":true,"href":"https:\/\/demo3.bigdigital.gr\/index.php\/wp-json\/wp\/v2\/product_brand?post=8531"},{"taxonomy":"product_cat","embeddable":true,"href":"https:\/\/demo3.bigdigital.gr\/index.php\/wp-json\/wp\/v2\/product_cat?post=8531"},{"taxonomy":"product_tag","embeddable":true,"href":"https:\/\/demo3.bigdigital.gr\/index.php\/wp-json\/wp\/v2\/product_tag?post=8531"}],"curies":[{"name":"wp","href":"https:\/\/api.w.org\/{rel}","templated":true}]}}