{"id":8540,"date":"2025-10-14T08:17:47","date_gmt":"2025-10-14T06:17:47","guid":{"rendered":"https:\/\/demo3.bigdigital.gr\/index.php\/product\/rilastil-hydrotenseur-rich-restructuring-anti-wrinkle-cream-40ml-2\/"},"modified":"2025-11-03T11:47:02","modified_gmt":"2025-11-03T09:47:02","slug":"rilastil-hydrotenseur-rich-restructuring-anti-wrinkle-cream-40ml-2","status":"publish","type":"product","link":"https:\/\/demo3.bigdigital.gr\/index.php\/product\/rilastil-hydrotenseur-rich-restructuring-anti-wrinkle-cream-40ml-2\/","title":{"rendered":"Rilastil Hydrotenseur Rich Restructuring Anti-Wrinkle Cream 40ml"},"content":{"rendered":"","protected":false},"excerpt":{"rendered":"<p>Rilastil Hydrotenseur Rich Restructuring Anti-Wrinkle Cream 40ml<\/p>\n<p>\u00b0\u00ee\u00f4\u00e9\u00f2\u00f9\u00f4\u00e9\u00e4\u00e9\u00eb\u00dc \u00ba\u00f2\u00db\u00ed\u00e1 \u00a6\u00f2\u00ef\u00f3\u00f1\u00f0\u00ef\u00f9\u00a0\u00b6\u00f0\u00e1\u00ee\u00de\u00f2\u00f5\u00f6\u00f3\u00e8\u00f7 \u00ed\u00e5 \u00a6\u00ec\u00ef\u00e0\u00f3\u00e9\u00e1 \u00cb\u00e6\u00dc 40ml<\/p>\n<p>\u00b6\u00f0\u00e1\u00ee\u00ef\u00f2\u00f5\u00f6\u00f4\u00e9\u00eb\u00dc \u00e1\u00e7\u00f6\u00e7\u00dc \u00f0\u00ef\u00f9 \u00e2\u00e5\u00ec\u00f4\u00e9\u00f1\u00ee\u00e5\u00e9 \u00f4\u00e8\u00ee \u00e5\u00ec\u00e1\u00f3\u00f4\u00e9\u00eb\u00de\u00f4\u00e8\u00f4\u00e1 \u00f4\u00e8\u00f7 \u00e5\u00f0\u00e9\u00e4\u00e5\u00f2\u00ed\u00dd\u00e4\u00e1\u00f7 \u00eb\u00e1\u00e9 \u00ec\u00e5\u00e9\u00e1\u00dd\u00ee\u00e5\u00e9 \u00f4\u00e9\u00f7 \u00f2\u00f9\u00f4\u00dd\u00e4\u00e5\u00f7. \u00b8 \u00f3\u00e0\u00ee\u00f5\u00e5\u00f3\u00e8 \u00ed\u00e5 \u00cb\u00e1\u00ec\u00ef\u00f9\u00f2\u00ef\u00ee\u00e9\u00eb\u00de \u00ef\u00ea\u00e0 (3 \u00ed\u00ef\u00f2\u00e6\u00db\u00f7), \u00a4\u00ef\u00f9\u00f0\u00e5\u00de\u00ec\u00e8 \u00eb\u00e1\u00e9 Miolift \u00f0\u00ef\u00f9\u00a0\u00e2\u00ef\u00e8\u00f5\u00c0\u00e5\u00e9 \u00f3\u00f4\u00e8\u00ee \u00e5\u00f0\u00e1\u00ee\u00de\u00f2\u00f5\u00f6\u00f3\u00e8 \u00f4\u00ef\u00f9 \u00e5\u00f0\u00e9\u00e4\u00e5\u00f2\u00ed\u00e9\u00e4\u00e9\u00eb\u00ef\u00e0 \u00e6\u00f2\u00e1\u00e7\u00ed\u00ef\u00e0, \u00e4\u00f2\u00f1\u00ee\u00f4\u00e1\u00f7 \u00e5\u00ee\u00c0\u00ee\u00f4\u00e9\u00e1 \u00f3\u00f4\u00e8\u00ee \u00e1\u00f0\u00f1\u00ec\u00e5\u00e9\u00e1 \u00f4\u00de\u00ee\u00ef\u00f9 \u00eb\u00e1\u00e9 \u00f3\u00e6\u00f2\u00e9\u00e7\u00e8\u00ec\u00de\u00f4\u00e8\u00f4\u00e1\u00f7.<\/p>\n<p>\u00aa\u00f9\u00ed\u00f0\u00f9\u00eb\u00ee\u00f6\u00ed\u00db\u00ee\u00e8 \u00f3\u00e0\u00ee\u00f5\u00e5\u00f3\u00e8 \u00ed\u00e5 \u00f0\u00ec\u00ef\u00e0\u00f3\u00e9\u00e1 \u00f9\u00e6\u00dc \u00e7\u00e9\u00e1 \u00e2\u00e1\u00f5\u00e9\u00c0 \u00f5\u00f2\u00db\u00e3\u00e8 \u00eb\u00e1\u00e9 \u00e1\u00ee\u00e1\u00e4\u00de\u00ed\u00e8\u00f3\u00e8.<\/p>\n<p>\u00b0\u00ee\u00f4\u00e9\u00e7\u00dc\u00f2\u00e1\u00ee\u00f3\u00e8 &#8211; \u00bc\u00cb\u00aa\u00b9\u00c3\u00a4\u00c3\u00a1\u00b9\u00ba\u00d7 \u00a1\u00b8\u00c4\u00b0\u00c1\u00aa\u00b8<\/p>\n<p>\u00a5\u00b8\u00c4\u00b8 &amp; \u00a6\u00c3\u00a4\u00da \u00a5\u00b8\u00c4\u00b8 \u00b6\u00a6\u00b9\u00a2\u00b6\u00c4\u00bb\u00b9\u00a2\u00b0<\/p>\n<p>\u00b6\u00a6\u00b0\u00c1\u00c3\u00c4\u00a3\u00bf\u00aa\u00b8 &amp; \u00a4\u00b6\u00b9\u00b0\u00c1\u00aa\u00b8 \u00c4\u00cb\u00c6\u00b9\u00a2\u00bf\u00c1<\/p>\n<p>\u00bb\u00b6 \u00cb\u00b0\u00a4\u00c3\u00cb\u00c4\u00c3\u00c1\u00b9\u00ba\u00c3 \u00c3\u00a5\u00cb (\u00aa\u00b6 3 \u00bb\u00c3\u00c4\u00bc\u00b6\u00aa), \u00a4\u00c3\u00cb\u00a6\u00b6\u00c3\u00a4\u00b8 &amp; MIOLIFT<\/p>\n<p>\u00b6\u00e6\u00e1\u00f2\u00ed\u00de\u00f3\u00f4\u00e5 \u00ed\u00e5 \u00e1\u00f0\u00e1\u00ec\u00db\u00f7 \u00e1\u00ee\u00ef\u00e4\u00e9\u00eb\u00db\u00f7 \u00eb\u00e9\u00ee\u00dc\u00f3\u00e5\u00e9\u00f7 \u00f3\u00e5 \u00f0\u00f2\u00de\u00f3\u00f6\u00f0\u00ef, \u00ec\u00e1\u00e9\u00ed\u00de \u00eb\u00e1\u00e9 \u00ee\u00f4\u00e5\u00eb\u00ef\u00ec\u00f4\u00db.<\/p>\n<p>\u00aa\u00f9\u00ee\u00e4\u00f9\u00c0\u00fa\u00e5\u00f4\u00e1\u00e9 \u00f4\u00db\u00ec\u00e5\u00e9\u00e1 \u00ed\u00e5 \u00f4\u00ef\u00ee \u00ef\u00f2\u00de \u00e5\u00f0\u00e1\u00ee\u00de\u00f2\u00f5\u00f6\u00f3\u00e8\u00f7 RILASTIL HYDROTENSEUR.<\/p>\n<p>Aqua (Water)\u2022 Helianthus Annuus (Sunflower) Seed Oil\u2022 Cetearyl Alcohol\u2022 Glycerin\u2022 Diethylhexyl Carbonate\u2022 Butylene Glycol\u2022 Butyrospermum Parkii (Shea) Butter\u2022 Oryza Sativa (Rice) Bran Oil\u2022 Bis-PEG\/PPG-16\/16 PEG\/PPG-16\/16 Dimethicone\u2022 Glyceryl Stearate\u2022 PEG-100 Stearate\u2022 Olea Europaea (Olive) Oil Unsaponifiables\u2022 Arginine\u2022 Ceteareth-25\u2022 Sodium PCA\u2022 Caprylic\/Capric Triglyceride\u2022 Carbomer\u2022 Dimethicone\u2022 Tocopheryl Acetate\u2022 Sodium Hyaluronate\u2022 Laureth-3\u2022 Oryzanol\u2022 Pentaerythrityl Tetra-Di-T-Butyl Hydroxyhydrocinnamate\u2022 Schisandra Chinensis Fruit Extract\u2022 Ceramide Np\u2022 Dipropylene Glycol\u2022 Hydroxyethylcellulose\u2022 Ethyl Linolenate\u2022 Lupinus Albus Seed Extract\u2022 Tetrasodium Glutamate Diacetate\u2022 Acetyl Dipeptide-1 Cetyl Ester\u2022 Ethyl Oleate\u2022 Ethyl Linoleate\u2022 Octyldodecanol\u2022 Hydrogenated Lecithin\u2022 Hydrogenated Coco-Glycerides\u2022 Helianthus Annuus (Sunflower) Seed Extract\u2022 Tocopherol\u2022 Ceramide Ap\u2022 Ceramide As\u2022 Ceramide Ns\u2022 Cholesterol\u2022 Sodium Hydroxide\u2022 Ceramide Eop\u2022 Chlorphenesin\u2022 O-Cymen-5-Ol\u2022 Potassium Sorbate\u2022 Parfum (Fragrance)<\/p>\n","protected":false},"featured_media":0,"comment_status":"closed","ping_status":"open","template":"","meta":{"_monsterinsights_skip_tracking":false,"_monsterinsights_sitenote_active":false,"_monsterinsights_sitenote_note":"","_monsterinsights_sitenote_category":0},"product_brand":[692],"product_cat":[1180,54,116,64],"product_tag":[],"class_list":{"0":"post-8540","1":"product","2":"type-product","3":"status-publish","5":"product_brand-rilastil","6":"product_cat-katalogos","7":"product_cat-54","8":"product_cat-116","9":"product_cat-64","11":"first","12":"instock","13":"purchasable","14":"product-type-simple"},"aioseo_notices":[],"jetpack_sharing_enabled":true,"_links":{"self":[{"href":"https:\/\/demo3.bigdigital.gr\/index.php\/wp-json\/wp\/v2\/product\/8540","targetHints":{"allow":["GET"]}}],"collection":[{"href":"https:\/\/demo3.bigdigital.gr\/index.php\/wp-json\/wp\/v2\/product"}],"about":[{"href":"https:\/\/demo3.bigdigital.gr\/index.php\/wp-json\/wp\/v2\/types\/product"}],"replies":[{"embeddable":true,"href":"https:\/\/demo3.bigdigital.gr\/index.php\/wp-json\/wp\/v2\/comments?post=8540"}],"wp:attachment":[{"href":"https:\/\/demo3.bigdigital.gr\/index.php\/wp-json\/wp\/v2\/media?parent=8540"}],"wp:term":[{"taxonomy":"product_brand","embeddable":true,"href":"https:\/\/demo3.bigdigital.gr\/index.php\/wp-json\/wp\/v2\/product_brand?post=8540"},{"taxonomy":"product_cat","embeddable":true,"href":"https:\/\/demo3.bigdigital.gr\/index.php\/wp-json\/wp\/v2\/product_cat?post=8540"},{"taxonomy":"product_tag","embeddable":true,"href":"https:\/\/demo3.bigdigital.gr\/index.php\/wp-json\/wp\/v2\/product_tag?post=8540"}],"curies":[{"name":"wp","href":"https:\/\/api.w.org\/{rel}","templated":true}]}}