{"id":8544,"date":"2025-10-14T08:17:47","date_gmt":"2025-10-14T06:17:47","guid":{"rendered":"https:\/\/demo3.bigdigital.gr\/index.php\/product\/rilastil-sun-system-water-touch-ioeieaeth-aiaeooia-ia-ionia-spf-50-50ml\/"},"modified":"2025-11-03T11:45:33","modified_gmt":"2025-11-03T09:45:33","slug":"rilastil-sun-system-water-touch-ioeieaeth-aiaeooia-ia-ionia-spf-50-50ml","status":"publish","type":"product","link":"https:\/\/demo3.bigdigital.gr\/index.php\/product\/rilastil-sun-system-water-touch-ioeieaeth-aiaeooia-ia-ionia-spf-50-50ml\/","title":{"rendered":"Rilastil Sun System Water Touch \u00b0\u00ee\u00f4\u00e8\u00ec\u00e9\u00e1\u00eb\u00de \u00a1\u00e1\u00ec\u00c0\u00eb\u00f4\u00f6\u00ed\u00e1 \u00ed\u00e5 \u00cc\u00f2\u00f1\u00ed\u00e1 SPF 50+ 50ml"},"content":{"rendered":"","protected":false},"excerpt":{"rendered":"<p>Rilastil Sun System Water Touch \u00b0\u00ee\u00f4\u00e8\u00ec\u00e9\u00e1\u00eb\u00de \u00a1\u00e1\u00ec\u00c0\u00eb\u00f4\u00f6\u00ed\u00e1 \u00ed\u00e5 \u00cc\u00f2\u00f1\u00ed\u00e1 SPF 50+ 50ml<\/p>\n<p>\u00a4\u00e5\u00f0\u00f4\u00de\u00f2\u00f2\u00e5\u00f9\u00f3\u00f4\u00ef \u00e5\u00ee\u00f9\u00e4\u00e1\u00f4\u00e9\u00eb\u00de \u00e7\u00e1\u00ec\u00c0\u00eb\u00f4\u00f6\u00ed\u00e1 \u00ed\u00e5 \u00e6\u00f9\u00f3\u00e9\u00eb\u00dc \u00e1\u00f0\u00de\u00f8\u00f2\u00f6\u00f3\u00e8.<br \/>\n\u00b0\u00f0\u00ef\u00f2\u00f2\u00ef\u00e6\u00c0\u00f4\u00e1\u00e9 \u00f4\u00e1\u00f8\u00e0\u00f4\u00e1\u00f4\u00e1 \u00eb\u00e1\u00e9 \u00e5\u00ea\u00ef\u00ed\u00e1\u00ec\u00e0\u00ee\u00e5\u00e9 \u00f4\u00ef \u00f8\u00f2\u00f6\u00ed\u00e1\u00f4\u00e9\u00eb\u00de \u00f4\u00de\u00ee\u00ef.<br \/>\n\u00b6\u00e9\u00e4\u00e9\u00eb\u00c0 \u00f3\u00f8\u00e5\u00e4\u00e9\u00e1\u00f3\u00ed\u00db\u00ee\u00ef \u00e7\u00e9\u00e1 \u00ee\u00e1 \u00e5\u00ec\u00e1\u00f8\u00e9\u00f3\u00f4\u00ef\u00f0\u00ef\u00e9\u00e5\u00dd\u00f4\u00e1\u00e9 \u00e8 \u00f0\u00e9\u00f5\u00e1\u00ee\u00de\u00f4\u00e8\u00f4\u00e1 \u00e5\u00f2\u00e5\u00f5\u00e9\u00f3\u00ed\u00ef\u00e0 \u00f4\u00f6\u00ee \u00ed\u00e1\u00f4\u00e9\u00f1\u00ee.<br \/>\n\u00b6\u00ea\u00e1\u00f3\u00e6\u00e1\u00ec\u00dd\u00fa\u00e5\u00e9 \u00e5\u00f9\u00f2\u00db\u00f6\u00f7 \u00e6\u00c0\u00f3\u00ed\u00e1\u00f4\u00ef\u00f7 UVB-UVA \u00f0\u00f2\u00ef\u00f3\u00f4\u00e1\u00f3\u00dd\u00e1 \u00eb\u00e1\u00e9 \u00e2\u00db\u00ec\u00f4\u00e9\u00f3\u00f4\u00e8 \u00c0\u00ee\u00e5\u00f3\u00e8 \u00f3\u00f4\u00e8\u00ee \u00e5\u00f0\u00e9\u00e4\u00e5\u00f2\u00ed\u00dd\u00e4\u00e1.<br \/>\n\u00a6\u00f2\u00ef\u00ec\u00e1\u00ed\u00e2\u00c0\u00ee\u00e5\u00e9 \u00f4\u00ef \u00f3\u00f8\u00e8\u00ed\u00e1\u00f4\u00e9\u00f3\u00ed\u00de \u00e5\u00e7\u00eb\u00e1\u00e0\u00ed\u00e1\u00f4\u00ef\u00f7, \u00eb\u00e8\u00ec\u00dd\u00e4\u00f6\u00ee \u00eb\u00e1\u00e9 \u00e8\u00ec\u00e9\u00e1\u00eb\u00f1\u00ee \u00e5\u00ea\u00e1\u00ee\u00f5\u00e8\u00ed\u00c0\u00f4\u00f6\u00ee.<\/p>\n<p>\u00a1\u00e9\u00e1 \u00e5\u00f9\u00e1\u00dd\u00f3\u00f5\u00e8\u00f4\u00e5\u00f7, \u00eb\u00e1\u00ee\u00ef\u00ee\u00e9\u00eb\u00db\u00f7 &amp; \u00ed\u00e9\u00eb\u00f4\u00db\u00f7<\/p>\n<p>\u00a2\u00e9\u00e1\u00eb\u00f2\u00e9\u00f4\u00e9\u00eb\u00dc \u00eb\u00c0\u00ec\u00f9\u00e3\u00e8<\/p>\n<p>\u00bb\u00e1\u00f4 \u00e1\u00f0\u00ef\u00f4\u00db\u00ec\u00e5\u00f3\u00ed\u00e1<\/p>\n<p>8 \u00f1\u00f2\u00e5\u00f7 \u00e5\u00ee\u00f9\u00e4\u00c0\u00f4\u00f6\u00f3\u00e8<\/p>\n<p>SPF 50+<\/p>\n<p>\u00cc\u00f2\u00dc\u00f3\u00e8:<br \/>\n\u00d9\u00f4\u00e1\u00ee \u00f5\u00db\u00ec\u00ef\u00f9\u00ed\u00e5 \u00e1\u00ee\u00f4\u00e8\u00ec\u00e9\u00e1\u00eb\u00de \u00ed\u00e5 \u00f8\u00f2\u00f1\u00ed\u00e1 \u00f4\u00ef \u00ef\u00f0\u00ef\u00dd\u00ef \u00e4\u00e5\u00ee &#8220;\u00e2\u00e1\u00f2\u00e1\u00dd\u00ee\u00e5\u00e9&#8221; \u00f4\u00e8\u00ee \u00e5\u00f0\u00e9\u00e4\u00e5\u00f2\u00ed\u00dd\u00e4\u00e1.<\/p>\n<p>\u00aa\u00cb\u00aa\u00c6\u00b0\u00c6\u00b9\u00ba\u00b0: Aqua (Water) \u2022 Cyclopentasiloxane \u2022 Diethylhexyl Carbonate \u2022 Alcohol Denat. \u2022 Octocrylene \u2022 Cyclohexasiloxane \u2022 Dibutyl Adipate \u2022 Butyl Methoxydibenzoylmethane \u2022 Titanium Dioxide (Nano) \u2022 Bis-Ethylhexyloxyphenol Methoxyphenyl Triazine \u2022 Butylene Glycol \u2022 PEG-30 Dipolyhydroxystearate \u2022 PEG-10 Dimethicone \u2022 Polymethyl Methacrylate \u2022 Sodium Chloride \u2022 Bisabolol \u2022 Oryzanol \u2022 Tocopheryl Acetate \u2022 Artemisia umbelliformis Extract \u2022 Buddleja davidii Leaf Extract \u2022 Peucedanum ostruthium Leaf Extract \u2022 Pinus pinaster Bark\/Bud Extract \u2022 Disteardimonium Hectorite \u2022 Silica \u2022 Glycerin \u2022 Dimethicone \u2022 Glyceryl Stearate \u2022 Dimethiconol \u2022 Diglycerin \u2022 PEG-8 \u2022 Tocopherol \u2022 Sodium Lauroyl Glutamate \u2022 Lysine \u2022 Ascorbyl Palmitate \u2022 Ascorbic Acid \u2022 Citric Acid \u2022 Magnesium Chloride \u2022 Phenoxyethanol \u2022 Ethylhexylglycerin \u2022 Sodium Benzoate \u2022 Potassium Sorbate \u2022 Disodium EDTA \u2022 Parfum (Fragrance) \u2022 CI 77492 (Iron Oxides) \u2022 CI 77491 (Iron Oxides) \u2022 CI 77499 (Iron Oxides).<\/p>\n<p>&nbsp;<\/p>\n","protected":false},"featured_media":0,"comment_status":"closed","ping_status":"open","template":"","meta":{"_monsterinsights_skip_tracking":false,"_monsterinsights_sitenote_active":false,"_monsterinsights_sitenote_note":"","_monsterinsights_sitenote_category":0},"product_brand":[692],"product_cat":[1180,65,54,74],"product_tag":[],"class_list":{"0":"post-8544","1":"product","2":"type-product","3":"status-publish","5":"product_brand-rilastil","6":"product_cat-katalogos","7":"product_cat-65","8":"product_cat-54","9":"product_cat-74","11":"first","12":"instock","13":"sale","14":"purchasable","15":"product-type-simple"},"aioseo_notices":[],"jetpack_sharing_enabled":true,"_links":{"self":[{"href":"https:\/\/demo3.bigdigital.gr\/index.php\/wp-json\/wp\/v2\/product\/8544","targetHints":{"allow":["GET"]}}],"collection":[{"href":"https:\/\/demo3.bigdigital.gr\/index.php\/wp-json\/wp\/v2\/product"}],"about":[{"href":"https:\/\/demo3.bigdigital.gr\/index.php\/wp-json\/wp\/v2\/types\/product"}],"replies":[{"embeddable":true,"href":"https:\/\/demo3.bigdigital.gr\/index.php\/wp-json\/wp\/v2\/comments?post=8544"}],"wp:attachment":[{"href":"https:\/\/demo3.bigdigital.gr\/index.php\/wp-json\/wp\/v2\/media?parent=8544"}],"wp:term":[{"taxonomy":"product_brand","embeddable":true,"href":"https:\/\/demo3.bigdigital.gr\/index.php\/wp-json\/wp\/v2\/product_brand?post=8544"},{"taxonomy":"product_cat","embeddable":true,"href":"https:\/\/demo3.bigdigital.gr\/index.php\/wp-json\/wp\/v2\/product_cat?post=8544"},{"taxonomy":"product_tag","embeddable":true,"href":"https:\/\/demo3.bigdigital.gr\/index.php\/wp-json\/wp\/v2\/product_tag?post=8544"}],"curies":[{"name":"wp","href":"https:\/\/api.w.org\/{rel}","templated":true}]}}