{"id":8580,"date":"2025-10-14T08:17:53","date_gmt":"2025-10-14T06:17:53","guid":{"rendered":"https:\/\/demo3.bigdigital.gr\/index.php\/product\/aloe-colors-instant-lifting-effect-face-cream-50ml-2\/"},"modified":"2025-11-03T10:50:44","modified_gmt":"2025-11-03T08:50:44","slug":"aloe-colors-instant-lifting-effect-face-cream-50ml-2","status":"publish","type":"product","link":"https:\/\/demo3.bigdigital.gr\/index.php\/product\/aloe-colors-instant-lifting-effect-face-cream-50ml-2\/","title":{"rendered":"Aloe+ Colors Instant Lifting Effect Face Cream 50ml"},"content":{"rendered":"","protected":false},"excerpt":{"rendered":"<p>Aloe+ Colors Instant Lifting Effect Face Cream 50ml<\/p>\n<p>\u00b8 Lifting \u00eb\u00f2\u00db\u00ed\u00e1 \u00f0\u00f2\u00ef\u00f3\u00f1\u00f0\u00ef\u00f9 Aloe+Colors \u00e5\u00dd\u00ee\u00e1\u00e9 \u00eb\u00e1\u00f4\u00c0\u00ec\u00ec\u00e8\u00ec\u00e8 \u00e7\u00e9\u00e1 \u00de\u00ec\u00ef\u00f9\u00f7 \u00f4\u00ef\u00f9\u00f7 \u00f4\u00e0\u00f0\u00ef\u00f9\u00f7 \u00e4\u00db\u00f2\u00ed\u00e1\u00f4\u00ef\u00f7. \u00ce\u00f8\u00e5\u00e9 \u00f3\u00f8\u00e5\u00e4\u00e9\u00e1\u00f3\u00f4\u00e5\u00dd \u00e5\u00e9\u00e4\u00e9\u00eb\u00c0 \u00e7\u00e9\u00e1 \u00e5\u00f3\u00c0\u00f7 \u00f0\u00ef\u00f9 \u00f5\u00db\u00ec\u00e5\u00f4\u00e5 \u00e8 \u00eb\u00f2\u00db\u00ed\u00e1 \u00ee\u00e1 \u00f3\u00e1\u00f7 \u00f0\u00f2\u00ef\u00f3\u00e6\u00db\u00f2\u00e5\u00e9 \u00ec\u00c0\u00ed\u00e3\u00e8 \u00eb\u00e1\u00e9 \u00c0\u00ed\u00e5\u00f3\u00e8 \u00e1\u00ee\u00de\u00f2\u00f5\u00f6\u00f3\u00e8 \u00f4\u00e8\u00f7 \u00e5\u00f0\u00e9\u00e4\u00e5\u00f2\u00ed\u00dd\u00e4\u00e1\u00f7.<\/p>\n<p>Lifting \u00eb\u00f2\u00db\u00ed\u00e1 \u00f0\u00f2\u00ef\u00f3\u00f1\u00f0\u00ef\u00f9 Aloe+Colors<\/p>\n<p>\u00b8 Aloe+Colors \u00e4\u00e8\u00ed\u00e9\u00ef\u00e0\u00f2\u00e7\u00e8\u00f3\u00e5 \u00e7\u00e9\u00e1 \u00e5\u00f3\u00c0\u00f7 \u00f4\u00e8\u00ee Lifting \u00eb\u00f2\u00db\u00ed\u00e1 \u00f0\u00f2\u00ef\u00f3\u00f1\u00f0\u00ef\u00f9 \u00e7\u00e9\u00e1 \u00e5\u00ec\u00e1\u00f3\u00f4\u00e9\u00eb\u00dc, \u00ee\u00e5\u00e1\u00ee\u00e9\u00eb\u00dc \u00eb\u00e1\u00e9 \u00e2\u00e5\u00ec\u00ef\u00e0\u00e4\u00e9\u00ee\u00e8 \u00e5\u00f0\u00e9\u00e4\u00e5\u00f2\u00ed\u00dd\u00e4\u00e1. \u00b6\u00dd\u00ee\u00e1\u00e9 \u00eb\u00e1\u00f4\u00c0\u00ec\u00ec\u00e8\u00ec\u00e8 \u00e7\u00e9\u00e1 \u00de\u00ec\u00ef\u00f9\u00f7 \u00f4\u00ef\u00f9\u00f7 \u00f4\u00e0\u00f0\u00ef\u00f9\u00f7 \u00e4\u00db\u00f2\u00ed\u00e1\u00f4\u00ef\u00f7, \u00e2\u00e5\u00ec\u00f4\u00e9\u00f1\u00ee\u00e5\u00e9 \u00f4\u00e8\u00ee \u00f9\u00e6\u00dc \u00eb\u00e1\u00e9 \u00f4\u00e8\u00ee \u00f9\u00e7\u00e5\u00dd\u00e1 \u00f4\u00e8\u00f7 \u00e5\u00f0\u00e9\u00e4\u00e5\u00f2\u00ed\u00dd\u00e4\u00e1\u00f7, \u00f8\u00e1\u00f2\u00dd\u00fa\u00e5\u00e9 \u00ec\u00c0\u00ed\u00e3\u00e8 \u00eb\u00e1\u00e9 \u00e1\u00ee\u00ef\u00f2\u00f5\u00f1\u00ee\u00e5\u00e9 \u00f4\u00ef \u00f0\u00e5\u00f2\u00dd\u00e7\u00f2\u00e1\u00ed\u00ed\u00e1 \u00f4\u00ef\u00f9 \u00f0\u00f2\u00ef\u00f3\u00f1\u00f0\u00ef\u00f9. \u00b6\u00f0\u00e9\u00f0\u00ec\u00db\u00ef\u00ee \u00eb\u00e1\u00f4\u00e1\u00f0\u00f2\u00e1\u00fe\u00ee\u00e5\u00e9 \u00f4\u00f9\u00f8\u00de\u00ee \u00e5\u00f2\u00e5\u00f5\u00e9\u00f3\u00ed\u00ef\u00e0\u00f7 \u00eb\u00e1\u00e9 \u00eb\u00ef\u00eb\u00eb\u00e9\u00ee\u00dd\u00ec\u00e5\u00f7, \u00e5\u00ee\u00f1\u00a0 \u00f0\u00f2\u00ef\u00f3\u00f4\u00e1\u00f4\u00e5\u00e0\u00e5\u00e9 \u00f4\u00ef \u00e4\u00db\u00f2\u00ed\u00e1 \u00e1\u00f0\u00de \u00f4\u00e8\u00ee \u00e1\u00f4\u00ed\u00ef\u00f3\u00e6\u00e1\u00e9\u00f2\u00e9\u00eb\u00dc \u00f2\u00e0\u00f0\u00e1\u00ee\u00f3\u00e8.<\/p>\n<p>\u00ce\u00f8\u00e5\u00e9 \u00c0\u00ed\u00e5\u00f3\u00e8 \u00e4\u00f2\u00c0\u00f3\u00e8 \u00eb\u00e1\u00e9 \u00e5\u00ed\u00e6\u00e1\u00ee\u00dc \u00e1\u00f0\u00ef\u00f4\u00e5\u00ec\u00db\u00f3\u00ed\u00e1\u00f4\u00e1 \u00e1\u00f0\u00de \u00f4\u00e8\u00ee \u00f0\u00f2\u00f1\u00f4\u00e8 \u00eb\u00e9\u00de\u00ec\u00e1\u00f7 \u00f1\u00f2\u00e1 \u00f0\u00ef\u00f9 \u00e4\u00e9\u00e1\u00f2\u00eb\u00ef\u00e0\u00ee \u00db\u00f6\u00f7 \u00eb\u00e1\u00e9 24 \u00f1\u00f2\u00e5\u00f7. \u00b6\u00f0\u00dd\u00f3\u00e8\u00f7 \u00e8 Lifting \u00eb\u00f2\u00db\u00ed\u00e1 \u00f0\u00f2\u00ef\u00f3\u00f1\u00f0\u00ef\u00f9 \u00ed\u00e5\u00e9\u00f1\u00ee\u00e5\u00e9 \u00ed\u00e1\u00eb\u00f2\u00ef\u00f8\u00f2\u00de\u00ee\u00e9\u00e1 \u00f4\u00e9\u00f7 \u00f2\u00f9\u00f4\u00dd\u00e4\u00e5\u00f7 \u00db\u00f6\u00f7 70% \u00eb\u00e1\u00e9 \u00e2\u00e5\u00ec\u00f4\u00e9\u00f1\u00ee\u00e5\u00e9 \u00f4\u00e8\u00ee \u00e5\u00ec\u00e1\u00f3\u00f4\u00e9\u00eb\u00de\u00f4\u00e8\u00f4\u00e1 \u00f4\u00ef\u00f9 \u00e4\u00db\u00f2\u00ed\u00e1\u00f4\u00ef\u00f7 \u00db\u00f6\u00f7 10%. \u00bb\u00e5 \u00f4\u00e8 \u00ed\u00ef\u00ee\u00e1\u00e4\u00e9\u00eb\u00dc \u00f4\u00e8\u00f7\u00a0 \u00f3\u00e0\u00ee\u00f5\u00e5\u00f3\u00e8 \u00f3\u00f9\u00ee\u00e4\u00f9\u00c0\u00fa\u00e5\u00e9 \u00f4\u00e8 \u00e2\u00e9\u00ef\u00ec\u00ef\u00e7\u00e9\u00eb\u00dc \u00e1\u00ec\u00de\u00e8 \u00ed\u00e5 4D \u00f9\u00e1\u00ec\u00ef\u00f9\u00f2\u00ef\u00ee\u00e9\u00eb\u00de \u00ef\u00ea\u00e0, \u00f0\u00e5\u00f0\u00f4\u00dd\u00e4\u00e9\u00e1, \u00f0\u00ef\u00ec\u00f9\u00f3\u00e1\u00eb\u00f8\u00e1\u00f2\u00dd\u00f4\u00e5\u00f7, \u00ef\u00ec\u00e9\u00e7\u00ef\u00f3\u00e1\u00eb\u00f8\u00e1\u00f2\u00dd\u00f4\u00e5\u00f7 \u00eb\u00e1\u00e9 \u00ed\u00e8 \u00f0\u00f2\u00f6\u00f4\u00e5\u00fb\u00ee\u00e9\u00eb\u00c0 \u00e1\u00ed\u00e9\u00ee\u00ef\u00ea\u00db\u00e1.<\/p>\n<p>\u00b8 \u00eb\u00e1\u00e9\u00ee\u00ef\u00f4\u00ef\u00ed\u00e9\u00e1 \u00f4\u00e8\u00f7 \u00eb\u00f2\u00e5\u00ed\u00e1\u00f7 \u00f0\u00f2\u00ef\u00f3\u00f6\u00f0\u00ef\u00f9 Lifting \u00e1\u00f0\u00de \u00f4\u00e8\u00ee Aloe+Colors<\/p>\n<p>\u00b8 \u00f3\u00e5\u00e9\u00f2\u00c0 \u00f0\u00f2\u00ef\u00f3\u00f1\u00f0\u00ef\u00f9 Aloe+Colors \u00e2\u00e1\u00f3\u00dd\u00fa\u00e5\u00f4\u00e1\u00e9 \u00f3\u00f4\u00e8 \u00f3\u00f9\u00ee\u00db\u00f2\u00e7\u00e5\u00e9\u00e1 \u00e4\u00f9\u00ef \u00e5\u00ea\u00e1\u00e9\u00f2\u00e5\u00f4\u00e9\u00eb\u00f1\u00ee \u00f3\u00f9\u00f3\u00f4\u00e1\u00f4\u00e9\u00eb\u00f1\u00ee. \u00c6\u00ef \u00f9\u00e1\u00ec\u00ef\u00f9\u00f2\u00ef\u00ee\u00e9\u00eb\u00de \u00ef\u00ea\u00e0 \u00e5\u00f9\u00f2\u00db\u00f6\u00f7 \u00e6\u00c0\u00f3\u00ed\u00e1\u00f4\u00ef\u00f7 4D \u00e4\u00f2\u00e1 \u00f4\u00e1\u00f9\u00f4\u00de\u00f8\u00f2\u00ef\u00ee\u00e1 \u00eb\u00e1\u00e9 \u00f3\u00f4\u00e9\u00f7 3 \u00e2\u00e1\u00f3\u00e9\u00eb\u00db\u00f7 \u00f3\u00f4\u00e9\u00e2\u00c0\u00e4\u00e5\u00f7 \u00f4\u00e8\u00f7 \u00e5\u00f0\u00e9\u00e4\u00e5\u00f2\u00ed\u00dd\u00e4\u00e1\u00f7. \u00a6\u00e1\u00f2\u00c0\u00ec\u00ec\u00e8\u00ec\u00e1 \u00e4\u00e8\u00ed\u00e9\u00ef\u00f9\u00f2\u00e7\u00e5\u00dd \u00db\u00ee\u00e1 \u00e6\u00e9\u00ec\u00ed \u00f0\u00f2\u00ef\u00f3\u00f4\u00e1\u00f3\u00dd\u00e1\u00f7 \u00f3\u00f4\u00e8\u00ee \u00e5\u00f0\u00e9\u00e4\u00e5\u00f2\u00ed\u00dd\u00e4\u00e1, \u00e4\u00e9\u00e1\u00f4\u00e8\u00f2\u00f1\u00ee\u00f4\u00e1\u00f7 \u00f4\u00e1 \u00e6\u00f9\u00f3\u00e9\u00eb\u00c0 \u00e5\u00f0\u00dd\u00f0\u00e5\u00e4\u00e1 \u00f9\u00e7\u00f2\u00e1\u00f3\u00dd\u00e1\u00f7. \u00ba\u00e1\u00e9 \u00f4\u00e1 Hyalufiller Drone \u00eb\u00e1\u00e9 \u00f4\u00ef Photoglow Drone, \u00f3\u00f9\u00f3\u00f4\u00e1\u00f4\u00e9\u00eb\u00c0 \u00ee\u00db\u00e1\u00f7 \u00e6\u00e9\u00ec\u00ef\u00f3\u00ef\u00e6\u00dd\u00e1\u00f7, \u00e1\u00f0\u00ef\u00f4\u00e5\u00ec\u00ef\u00e0\u00ee\u00f4\u00e1\u00e9 \u00e1\u00f0\u00de \u00ed\u00e9\u00eb\u00f2\u00ef\u00f3\u00e6\u00e1\u00e9\u00f2\u00dd\u00e4\u00e9\u00e1 \u00f0\u00ef\u00f9 \u00eb\u00e1\u00f4\u00e5\u00f9\u00f5\u00e0\u00ee\u00ef\u00ee\u00f4\u00e1\u00e9 \u00eb\u00e1\u00e9 \u00e4\u00f2\u00ef\u00f9\u00ee \u00e1\u00f0\u00ef\u00eb\u00ec\u00e5\u00e9\u00f3\u00f4\u00e9\u00eb\u00c0 \u00f3\u00f4\u00ef \u00f3\u00e8\u00ed\u00e5\u00dd\u00ef \u00f4\u00ef\u00f9 \u00e4\u00db\u00f2\u00ed\u00e1\u00f4\u00ef\u00f7 \u00f0\u00ef\u00f9 \u00f5\u00db\u00ec\u00ef\u00f9\u00ed\u00e5, \u00e5\u00ec\u00e5\u00f9\u00f5\u00e5\u00f2\u00f1\u00ee\u00ef\u00f9\u00ee \u00e4\u00f2\u00e1\u00f3\u00f4\u00e9\u00eb\u00c0 \u00f0\u00e5\u00f0\u00f4\u00dd\u00e4\u00e9\u00e1, \u00f0\u00e5\u00f4\u00f9\u00f8\u00e1\u00dd\u00ee\u00ef\u00ee\u00f4\u00e1\u00f7 \u00c0\u00ed\u00e5\u00f3\u00e8 \u00eb\u00e1\u00e9 \u00f3\u00f4\u00ef\u00f8\u00e5\u00f9\u00ed\u00db\u00ee\u00e8 \u00e4\u00f2\u00c0\u00f3\u00e8.<\/p>\n<p>\u00b8 Lifting \u00eb\u00f2\u00db\u00ed\u00e1 \u00f0\u00f2\u00ef\u00f3\u00f1\u00f0\u00ef\u00f9 \u00f0\u00e5\u00f2\u00e9\u00db\u00f8\u00e5\u00e9 \u00db\u00ee\u00e1 \u00ed\u00ef\u00ee\u00e1\u00e4\u00e9\u00eb\u00de \u00f3\u00f9\u00ee\u00e4\u00f9\u00e1\u00f3\u00ed\u00de \u00e5\u00ea\u00e5\u00e9\u00e4\u00e9\u00eb\u00e5\u00f9\u00ed\u00db\u00ee\u00f6\u00ee \u00e4\u00f2\u00e1\u00f3\u00f4\u00e9\u00eb\u00f1\u00ee \u00f3\u00f9\u00f3\u00f4\u00e1\u00f4\u00e9\u00eb\u00f1\u00ee:<\/p>\n<p>\u00a6\u00e5\u00f0\u00f4\u00dd\u00e4\u00e9\u00e1, \u00f4\u00e5\u00f4\u00f2\u00e1\u00f0\u00e5\u00f0\u00f4\u00dd\u00e4\u00e9\u00e1, \u00e5\u00f0\u00f4\u00e1\u00f0\u00e5\u00f0\u00f4\u00dd\u00e4\u00e9\u00e1 \u00eb\u00e1\u00e9 \u00e5\u00eb\u00f8\u00e0\u00ec\u00e9\u00f3\u00ed\u00e1 \u00c0\u00ec\u00e7\u00e8\u00f7: \u00e2\u00ef\u00e8\u00f5\u00ef\u00e0\u00ee \u00f3\u00f4\u00e8 \u00f3\u00e0\u00ee\u00f5\u00e5\u00f3\u00e8 \u00f4\u00ef\u00f9 \u00f9\u00e1\u00ec\u00ef\u00f9\u00f2\u00ef\u00ee\u00e9\u00eb\u00ef\u00e0 \u00ef\u00ea\u00db\u00f6\u00f7 \u00eb\u00e1\u00e9 \u00f4\u00e8\u00f7 \u00e5\u00ec\u00e1\u00f3\u00f4\u00dd\u00ee\u00e8\u00f7, \u00ed\u00e5\u00e9\u00f1\u00ee\u00ef\u00f9\u00ee \u00f4\u00e9\u00f7 \u00f2\u00f9\u00f4\u00dd\u00e4\u00e5\u00f7 \u00db\u00f6\u00f7 \u00eb\u00e1\u00e9 70% \u00ed\u00db\u00f3\u00e1 \u00f3\u00e5 \u00ed\u00de\u00ec\u00e9\u00f7 14 \u00e8\u00ed\u00db\u00f2\u00e5\u00f7, \u00e2\u00e5\u00ec\u00f4\u00e9\u00f1\u00ee\u00ef\u00f9\u00ee \u00f4\u00e8 \u00ec\u00c0\u00ed\u00e3\u00e8 \u00db\u00f6\u00f7 \u00eb\u00e1\u00e9 145% \u00f3\u00e5 28 \u00e8\u00ed\u00db\u00f2\u00e5\u00f7.<\/p>\n<p>\u00a6\u00ef\u00ec\u00f9\u00f3\u00e1\u00eb\u00f8\u00e1\u00f2\u00dd\u00f4\u00e5\u00f7 \u00eb\u00e1\u00e9 \u00ef\u00ec\u00e9\u00e7\u00ef\u00f3\u00e1\u00eb\u00f8\u00e1\u00f2\u00dd\u00f4\u00e5\u00f7: \u00db\u00ee\u00e1\u00f7 \u00e5\u00ea\u00e1\u00e9\u00f2\u00e5\u00f4\u00e9\u00eb\u00de\u00f7 \u00f3\u00f9\u00ee\u00e4\u00f9\u00e1\u00f3\u00ed\u00de\u00f7 \u00f0\u00ef\u00f9 \u00e5\u00f0\u00e9\u00f4\u00f9\u00e7\u00f8\u00c0\u00ee\u00e5\u00e9 \u00c0\u00ed\u00e5\u00f3\u00ef lifting \u00e1\u00f0\u00de \u00f4\u00e8\u00ee \u00f0\u00f2\u00f1\u00f4\u00e8 \u00f1\u00f2\u00e1 \u00eb\u00e1\u00e9 \u00ed\u00e1\u00eb\u00f2\u00ef\u00f8\u00f2\u00de\u00ee\u00e9\u00e1 \u00e2\u00e5\u00ec\u00f4\u00dd\u00f6\u00f3\u00e8 \u00f4\u00e8\u00f7 \u00f9\u00e6\u00dc\u00f7 \u00f4\u00e8\u00f7 \u00e5\u00f0\u00e9\u00e4\u00e5\u00f2\u00ed\u00dd\u00e4\u00e1\u00f7.<\/p>\n<p>\u00b5\u00e9\u00ef\u00ec\u00ef\u00e7\u00e9\u00eb\u00dc \u00e1\u00ec\u00de\u00e8: \u00eb\u00e1\u00f4\u00e1\u00f0\u00f2\u00e1\u00fe\u00ee\u00e5\u00e9 \u00eb\u00e1\u00e9 \u00e5\u00ee\u00f9\u00e4\u00e1\u00f4\u00f1\u00ee\u00e5\u00e9 \u00f4\u00ef \u00e5\u00f2\u00e5\u00f5\u00e9\u00f3\u00ed\u00db\u00ee\u00ef \u00e4\u00db\u00f2\u00ed\u00e1<\/p>\n<p>Beautypol \u00ed\u00de\u00f2\u00e9\u00e1 \u00f9\u00e1\u00ec\u00ef\u00f9\u00f2\u00ef\u00ee\u00e9\u00eb\u00ef\u00e0 \u00ef\u00ea\u00db\u00f6\u00f7: \u00ec\u00e5\u00e9\u00e1\u00dd\u00ee\u00ef\u00f9\u00ee \u00f4\u00e9\u00f7 \u00f2\u00f9\u00f4\u00dd\u00e4\u00e5\u00f7 \u00e4\u00e8\u00ed\u00e9\u00ef\u00f9\u00f2\u00e7\u00f1\u00ee\u00f4\u00e1\u00f7 \u00f0\u00e1\u00f2\u00c0\u00ec\u00ec\u00e8\u00ec\u00e1 \u00db\u00ee\u00e1 \u00f0\u00f2\u00ef\u00f3\u00f4\u00e1\u00f4\u00e5\u00f9\u00f4\u00e9\u00eb\u00de \u00e6\u00e9\u00ec\u00ed \u00f3\u00f4\u00e8\u00ee \u00e5\u00f0\u00e9\u00e4\u00e5\u00f2\u00ed\u00dd\u00e4\u00e1 \u00f0\u00ef\u00f9 \u00e4\u00f2\u00e1 \u00eb\u00e1\u00f4\u00c0 \u00f4\u00e8\u00f7 \u00f2\u00e0\u00f0\u00e1\u00ee\u00f3\u00e8\u00f7.<\/p>\n<p>\u00bb\u00e8 \u00f0\u00f2\u00f6\u00f4\u00e5\u00fb\u00ee\u00e9\u00eb\u00c0 \u00e1\u00ed\u00e9\u00ee\u00ef\u00ea\u00db\u00e1: \u00e5\u00ee\u00e5\u00f2\u00e7\u00ef\u00f0\u00ef\u00e9\u00ef\u00e0\u00ee \u00f4\u00e8\u00ee \u00f0\u00e1\u00f2\u00e1\u00e7\u00f6\u00e7\u00dc \u00eb\u00ef\u00ec\u00ec\u00e1\u00e7\u00de\u00ee\u00ef\u00f9 \u00eb\u00e1\u00e9 \u00e5\u00ec\u00e1\u00f3\u00f4\u00dd\u00ee\u00e8\u00f7, \u00e2\u00e5\u00ec\u00f4\u00e9\u00f1\u00ee\u00ef\u00ee\u00f4\u00e1\u00f7 \u00f3\u00e8\u00ed\u00e1\u00ee\u00f4\u00e9\u00eb\u00c0 \u00f4\u00e8\u00ee \u00f9\u00e6\u00dc \u00eb\u00e1\u00e9 \u00f4\u00e8\u00ee \u00f9\u00e7\u00e5\u00dd\u00e1 \u00f4\u00ef\u00f9 \u00e4\u00db\u00f2\u00ed\u00e1\u00f4\u00ef\u00f7.<\/p>\n<p>INGREDIENTS:\u00a0WATER (AQUA), DIMETHICONE, BIOSACCHARIDE GUM \u20134, CETEARYL ALCOHOL, GLYCERETH \u2013 26, SODIUM HYALURONATE CROSSPOLYMER, GLYCERYL STEARATE CITRATE, NEOPENTYL GLYCOL DICAPRYLATE\/DI-CAPRATE, GLYCERYL STEARATE, TOCOPHERYL ACETATE, ALOE (VERA) BARBADENSIS LEAF JUICE*, 1,2-HEXANEDIOL, CETYL ALCOHOL, STEARYL ALCOHOL, SODIUM HYALURONATE, SODIUM ACETYLATED HYALURONATE, HYDROLYZED HYALURONIC ACID, PENTYLENE GLYCOL, ETHYLHEXYLGLY-CERIN, SODIUM POLYACRYLATE, PHENOXYETHANOL, DECYLENE GLYCOL, CAPRYLYL GLYCOL, PARFUM (FRAGRANCE), AMINOBUTYRIC ACID, PEG-40 STEARATE, CETEARETH-20, DISODIUM EDTA, ALLANTOIN, XANTHAN GUM, CHLORELLA VULGARIS (ALGAE) EXTRACT, LACTIC ACID, GLYCOLIC ACID, POLIVINYL ALCOHOL, HEPTAPEPTIDE-15 PALIMATE, PALMITOYL TETRA-PEPTIDE-50, CAPRYLYL GLYCOL, GLYCERIN, GLYCERYL CAPRYLATE, PHENYLPROPANOL, ALPHA-GLUCAN OLIGOSACCHARIDE, PROPANEDIOL, ALGIN, *organic<\/p>\n<p>\u00c3\u00e4\u00e8\u00e7\u00dd\u00e5\u00f7 \u00f8\u00f2\u00dc\u00f3\u00e8\u00f7:<\/p>\n<p>\u00aa\u00e5 \u00eb\u00e1\u00f5\u00e1\u00f2\u00de \u00e4\u00db\u00f2\u00ed\u00e1 \u00e1\u00f0\u00ec\u00f1\u00f3\u00f4\u00e5 \u00ed\u00e9\u00e1 \u00ed\u00e9\u00eb\u00f2\u00dc \u00f0\u00ef\u00f3\u00de\u00f4\u00e8\u00f4\u00e1 \u00f3\u00e5 \u00de\u00ec\u00ef \u00f4\u00ef \u00f0\u00f2\u00de\u00f3\u00f6\u00f0\u00ef \u00eb\u00c0\u00ee\u00ef\u00ee\u00f4\u00e1\u00f7 \u00e1\u00f0\u00e1\u00ec\u00de \u00ed\u00e1\u00f3\u00c0\u00fa \u00ed\u00db\u00f8\u00f2\u00e9 \u00ee\u00e1 \u00e1\u00f0\u00ef\u00f2\u00f2\u00ef\u00e6\u00e8\u00f5\u00e5\u00dd \u00f4\u00e5\u00ec\u00e5\u00dd\u00f6\u00f7. \u00a1\u00e9\u00e1 \u00e1\u00eb\u00de\u00ed\u00e1 \u00eb\u00e1\u00ec\u00e0\u00f4\u00e5\u00f2\u00e1 \u00e1\u00f0\u00ef\u00f4\u00e5\u00ec\u00db\u00f3\u00ed\u00e1\u00f4\u00e1 \u00ed\u00e8\u00ee \u00ea\u00e5\u00f8\u00c0\u00f3\u00e5\u00f4\u00e5 \u00ee\u00e1 \u00e5\u00e6\u00e1\u00f2\u00ed\u00de\u00f3\u00e5\u00f4\u00e5 \u00f0\u00f2\u00f1\u00f4\u00e1 \u00f4\u00ef \u00e1\u00ee\u00f4\u00dd\u00f3\u00f4\u00ef\u00e9\u00f8\u00ef Lifting\u00a0\u00a0Serum!<\/p>\n<p>\u00a2\u00e9\u00e1\u00f4\u00dd\u00f5\u00e5\u00f4\u00e1\u00e9 \u00f3\u00e5 \u00f3\u00f9\u00f3\u00eb\u00e5\u00f9\u00e1\u00f3\u00dd\u00e1 50ml.<\/p>\n<p>&nbsp;<\/p>\n","protected":false},"featured_media":0,"comment_status":"closed","ping_status":"open","template":"","meta":{"_monsterinsights_skip_tracking":false,"_monsterinsights_sitenote_active":false,"_monsterinsights_sitenote_note":"","_monsterinsights_sitenote_category":0},"product_brand":[1208],"product_cat":[1180,54,116,64],"product_tag":[],"class_list":{"0":"post-8580","1":"product","2":"type-product","3":"status-publish","5":"product_brand-aloe","6":"product_cat-katalogos","7":"product_cat-54","8":"product_cat-116","9":"product_cat-64","11":"first","12":"outofstock","13":"sale","14":"purchasable","15":"product-type-simple"},"aioseo_notices":[],"jetpack_sharing_enabled":true,"_links":{"self":[{"href":"https:\/\/demo3.bigdigital.gr\/index.php\/wp-json\/wp\/v2\/product\/8580","targetHints":{"allow":["GET"]}}],"collection":[{"href":"https:\/\/demo3.bigdigital.gr\/index.php\/wp-json\/wp\/v2\/product"}],"about":[{"href":"https:\/\/demo3.bigdigital.gr\/index.php\/wp-json\/wp\/v2\/types\/product"}],"replies":[{"embeddable":true,"href":"https:\/\/demo3.bigdigital.gr\/index.php\/wp-json\/wp\/v2\/comments?post=8580"}],"wp:attachment":[{"href":"https:\/\/demo3.bigdigital.gr\/index.php\/wp-json\/wp\/v2\/media?parent=8580"}],"wp:term":[{"taxonomy":"product_brand","embeddable":true,"href":"https:\/\/demo3.bigdigital.gr\/index.php\/wp-json\/wp\/v2\/product_brand?post=8580"},{"taxonomy":"product_cat","embeddable":true,"href":"https:\/\/demo3.bigdigital.gr\/index.php\/wp-json\/wp\/v2\/product_cat?post=8580"},{"taxonomy":"product_tag","embeddable":true,"href":"https:\/\/demo3.bigdigital.gr\/index.php\/wp-json\/wp\/v2\/product_tag?post=8580"}],"curies":[{"name":"wp","href":"https:\/\/api.w.org\/{rel}","templated":true}]}}