{"id":8585,"date":"2025-10-14T08:17:53","date_gmt":"2025-10-14T06:17:53","guid":{"rendered":"https:\/\/demo3.bigdigital.gr\/index.php\/product\/aloe-colors-micellar-water-anti-polution-aaoth-aoaiaeeceau-250ml\/"},"modified":"2025-11-03T10:57:44","modified_gmt":"2025-11-03T08:57:44","slug":"aloe-colors-micellar-water-anti-polution-aaoth-aoaiaeeceau-250ml","status":"publish","type":"product","link":"https:\/\/demo3.bigdigital.gr\/index.php\/product\/aloe-colors-micellar-water-anti-polution-aaoth-aoaiaeeceau-250ml\/","title":{"rendered":"Aloe+ Colors Micellar Water Anti Polution \u00c1\u00e5\u00f2\u00de \u00c1\u00f4\u00e5\u00ed\u00e1\u00eb\u00e9\u00e7\u00e9\u00c0\u00fa 250ml"},"content":{"rendered":"","protected":false},"excerpt":{"rendered":"<p>Aloe+ Colors Micellar Water Anti Polution \u00c1\u00e5\u00f2\u00de \u00c1\u00f4\u00e5\u00ed\u00e1\u00eb\u00e9\u00e7\u00e9\u00c0\u00fa 250ml<\/p>\n<p>\u00c6\u00ef Micellar \u00ee\u00e5\u00f2\u00de \u00ee\u00f4\u00e5\u00ed\u00e1\u00eb\u00e9\u00e7\u00e9\u00c0\u00fa Aloe+Colors \u00eb\u00e1\u00f5\u00e1\u00f2\u00dd\u00fa\u00e5\u00e9 \u00f0\u00f2\u00de\u00f3\u00f6\u00f0\u00ef \u00eb\u00e1\u00e9 \u00ed\u00c0\u00f4\u00e9\u00e1 \u00e1\u00f0\u00e1\u00ec\u00c0 \u00eb\u00e1\u00e9 \u00ed\u00e5 \u00db\u00ee\u00e1 \u00f0\u00db\u00f2\u00e1\u00f3\u00ed\u00e1 \u00e1\u00eb\u00de\u00ed\u00e1 \u00eb\u00e1\u00e9 \u00f4\u00e1 \u00e1\u00e4\u00e9\u00c0\u00e2\u00f2\u00ef\u00f8\u00e1 \u00f0\u00f2\u00ef\u00fb\u00de\u00ee\u00f4\u00e1 \u00ed\u00e1\u00eb\u00e9\u00e7\u00e9\u00c0\u00fa. \u00b6\u00ee\u00f9\u00e4\u00e1\u00f4\u00f1\u00ee\u00e5\u00e9, \u00eb\u00e1\u00f5\u00e1\u00f2\u00dd\u00fa\u00e5\u00e9 \u00f3\u00e5 \u00e2\u00c0\u00f5\u00ef\u00f7 \u00eb\u00e1\u00e9 \u00e1\u00f0\u00e1\u00ec\u00ec\u00c0\u00f3\u00f3\u00e5\u00e9 \u00f4\u00e8\u00ee \u00e5\u00f0\u00e9\u00e4\u00e5\u00f2\u00ed\u00dd\u00e4\u00e1 \u00f3\u00e1\u00f7 \u00e1\u00f0\u00de \u00f0\u00e5\u00f2\u00e9\u00e2\u00e1\u00ec\u00ec\u00ef\u00ee\u00f4\u00e9\u00eb\u00ef\u00e0\u00f7 \u00f2\u00e0\u00f0\u00ef\u00f9\u00f7. \u00b8 \u00e1\u00f0\u00e1\u00ec\u00dc \u00f4\u00ef\u00f9 \u00f3\u00e0\u00ee\u00f5\u00e5\u00f3\u00e8 \u00e4\u00e5\u00ee \u00f0\u00e5\u00f2\u00e9\u00db\u00f8\u00e5\u00e9 \u00f3\u00e1\u00f0\u00ef\u00e0\u00ee\u00e9 \u00eb\u00e1\u00e9 \u00f8\u00f2\u00f6\u00f3\u00f4\u00e9\u00eb\u00db\u00f7 \u00ef\u00f9\u00f3\u00dd\u00e5\u00f7 \u00ed\u00e5 \u00e1\u00f0\u00ef\u00f4\u00db\u00ec\u00e5\u00f3\u00ed\u00e1 \u00ee\u00e1 \u00ed\u00e8\u00ee \u00f0\u00f2\u00ef\u00eb\u00e1\u00ec\u00e5\u00dd \u00e5\u00f2\u00e5\u00f5\u00e9\u00f3\u00ed\u00ef\u00e0\u00f7.<br \/>\n\u00a6\u00f6\u00f7 \u00ec\u00e5\u00e9\u00f4\u00ef\u00f9\u00f2\u00e7\u00e5\u00dd \u00f4\u00ef Micellar \u00ee\u00e5\u00f2\u00de \u00ee\u00f4\u00e5\u00ed\u00e1\u00eb\u00e9\u00e7\u00e9\u00c0\u00fa Aloe+Colors<br \/>\n\u00c6\u00ef Micellar water \u00e5\u00dd\u00ee\u00e1\u00e9 \u00db\u00ee\u00e1 \u00f9\u00e4\u00e1\u00f4\u00e9\u00eb\u00de \u00e4\u00e9\u00c0\u00ec\u00f9\u00ed\u00e1 \u00ed\u00e5 \u00ed\u00e5\u00e7\u00c0\u00ec\u00e8 \u00f3\u00f9\u00e7\u00eb\u00db\u00ee\u00f4\u00f2\u00f6\u00f3\u00e8 \u00dc\u00f0\u00e9\u00f6\u00ee \u00eb\u00e1\u00f5\u00e1\u00f2\u00e9\u00f3\u00f4\u00e9\u00eb\u00f1\u00ee \u00ed\u00e9\u00eb\u00f9\u00ec\u00ec\u00dd\u00f6\u00ee \u00eb\u00e1\u00e9 \u00f9\u00e1\u00ec\u00ef\u00f9\u00f2\u00ef\u00ee\u00e9\u00eb\u00ef\u00e0 \u00ef\u00ea\u00db\u00f6\u00f7.<br \/>\n\u00c6\u00e1 \u00ed\u00e9\u00eb\u00e0\u00ec\u00ec\u00e9\u00e1 \u00e5\u00dd\u00ee\u00e1\u00e9 \u00ed\u00e9\u00eb\u00f2\u00c0 \u00e1\u00de\u00f2\u00e1\u00f4\u00e1 \u00ed\u00e9\u00eb\u00f2\u00ef\u00f3\u00e6\u00e1\u00e9\u00f2\u00dd\u00e4\u00e9\u00e1 \u00f0\u00ef\u00f9 \u00ec\u00e5\u00e9\u00f4\u00ef\u00f9\u00f2\u00e7\u00ef\u00e0\u00ee \u00f3\u00e1\u00ee \u00ed\u00e1\u00e7\u00ee\u00dc\u00f4\u00e8\u00f7 \u00f0\u00ef\u00f9 \u00db\u00ec\u00eb\u00e5\u00e9 \u00eb\u00e1\u00e9 \u00e1\u00f0\u00ef\u00ed\u00e1\u00eb\u00f2\u00e0\u00ee\u00e5\u00e9 \u00f4\u00ef\u00f9\u00f7 \u00f2\u00e0\u00f0\u00ef\u00f9\u00f7, \u00f4\u00ef \u00f3\u00ed\u00dc\u00e7\u00ed\u00e1, \u00f4\u00e8 \u00f3\u00eb\u00de\u00ee\u00e8 \u00eb\u00e1\u00e9 \u00f4\u00ef \u00ed\u00e1\u00eb\u00e9\u00e7\u00e9\u00c0\u00fa \u00e1\u00f0\u00de \u00f4\u00e8\u00ee \u00e5\u00f0\u00e9\u00e4\u00e5\u00f2\u00ed\u00dd\u00e4\u00e1. \u00b8 \u00ed\u00e1\u00f3\u00f4\u00dd\u00f8\u00e1 \u00eb\u00e1\u00e9 \u00f4\u00ef \u00e5\u00eb\u00f8\u00e0\u00ec\u00e9\u00f3\u00ed\u00e1 \u00e2\u00ef\u00f9\u00f4\u00e0\u00f2\u00ef\u00f9 \u00eb\u00e1\u00f2\u00e9\u00f4\u00db \u00f4\u00ef \u00eb\u00e1\u00f5\u00e9\u00f3\u00f4\u00c0 \u00e9\u00e4\u00e1\u00ee\u00e9\u00eb\u00de \u00e7\u00e9\u00e1 \u00eb\u00c0\u00f5\u00e5 \u00f4\u00e0\u00f0\u00ef \u00e4\u00db\u00f2\u00ed\u00e1\u00f4\u00ef\u00f7, \u00e1\u00eb\u00de\u00ed\u00e1 \u00eb\u00e1\u00e9 \u00e7\u00e9\u00e1 \u00f4\u00e1 \u00f0\u00e9\u00ef \u00e5\u00f9\u00e1\u00dd\u00f3\u00f5\u00e8\u00f4\u00e1 \u00eb\u00e1\u00e9 \u00e5\u00eb\u00e5\u00dd\u00ee\u00e1 \u00ed\u00e5 \u00e1\u00eb\u00ee\u00e5\u00fb\u00eb\u00dc \u00f0\u00f2\u00ef\u00e4\u00e9\u00c0\u00f5\u00e5\u00f3\u00e8.<\/p>\n<p>\u00c3\u00e4\u00e8\u00e7\u00dd\u00e5\u00f7 \u00f8\u00f2\u00dc\u00f3\u00e8\u00f7:<br \/>\n\u00b6\u00ed\u00f0\u00ef\u00f4\u00dd\u00f3\u00f4\u00e5 \u00f4\u00ef Micellar \u00ee\u00e5\u00f2\u00de \u00ee\u00f4\u00e5\u00ed\u00e1\u00eb\u00e9\u00e7\u00e9\u00c0\u00fa Aloe+Colors \u00f3\u00e5 \u00ec\u00dd\u00e7\u00ef \u00e2\u00e1\u00ed\u00e2\u00c0\u00eb\u00e9 \u00eb\u00e1\u00e9 \u00f3\u00f4\u00e8 \u00f3\u00f9\u00ee\u00db\u00f8\u00e5\u00e9\u00e1, \u00eb\u00e1\u00f5\u00e1\u00f2\u00dd\u00f3\u00f4\u00e5 \u00e1\u00f0\u00e1\u00ec\u00c0 \u00f0\u00f2\u00de\u00f3\u00f6\u00f0\u00ef \u00eb\u00e1\u00e9 \u00f8\u00e5\u00dd\u00ec\u00e8 \u00e1\u00ec\u00ec\u00c0 \u00eb\u00e1\u00e9 \u00f4\u00e8\u00ee \u00e5\u00f9\u00e1\u00dd\u00f3\u00f5\u00e8\u00f4\u00e8 \u00f0\u00e5\u00f2\u00e9\u00ef\u00f8\u00dc \u00f4\u00f6\u00ee \u00ed\u00e1\u00f4\u00e9\u00f1\u00ee \u00ed\u00e5 \u00eb\u00f9\u00eb\u00ec\u00e9\u00eb\u00db\u00f7 \u00eb\u00e9\u00ee\u00dc\u00f3\u00e5\u00e9\u00f7. \u00a2\u00e5\u00ee \u00f8\u00f2\u00e5\u00e9\u00c0\u00fa\u00e5\u00f4\u00e1\u00e9 \u00ea\u00db\u00e2\u00e7\u00e1\u00ec\u00ed\u00e1.<br \/>\n\u00a1\u00e9\u00e1 \u00f4\u00db\u00ec\u00e5\u00e9\u00ef \u00e1\u00f0\u00ef\u00f4\u00db\u00ec\u00e5\u00f3\u00ed\u00e1 \u00ed\u00e5\u00f4\u00c0 \u00f4\u00ef\u00ee \u00eb\u00e1\u00f5\u00e1\u00f2\u00e9\u00f3\u00ed\u00de \u00f4\u00e8\u00f7 \u00e5\u00f0\u00e9\u00e4\u00e5\u00f2\u00ed\u00dd\u00e4\u00e1\u00f7 \u00f3\u00e1\u00f7 \u00ed\u00e8\u00ee \u00ea\u00e5\u00f8\u00c0\u00f3\u00e5\u00f4\u00e5 \u00ee\u00e1 \u00e5\u00e6\u00e1\u00f2\u00ed\u00de\u00f3\u00e5\u00f4\u00e5 \u00f4\u00ef serum \u00eb\u00e1\u00e9 \u00f4\u00e8\u00ee \u00eb\u00f2\u00db\u00ed\u00e1 \u00f0\u00f2\u00ef\u00f3\u00f1\u00f0\u00ef\u00f9 \u00f3\u00e1\u00f7!<\/p>\n<p>INGREDIENTS: AQUA, PEG-6 CAPRYLIC\/CAPRIC GLYCERIDES, SACCHARIDE ISOMERATE, ALOE BARBADENSIS LEAF JUICE (*), GLYCERIN, PISTACIA LENTISCUS GUM, BUTYRO-SPERMUM PARKII SEEDCAKE EXTRACT, SODIUM HYALURONATE CROSSPOLYMER, SODIUM HYALURONATE, SODIUM ACETYLATED HYALURONATE, HYDROLYZED SODIUM HYALURONATE, BUTYLENE GLYCOL, PHENOXYETHANOL, ETHYLHEXYLGLYCERIN, SODIUM BENZOATE, PENTYLENE GLYCOL, SODIUM HYDROXIDE, DISODIUM EDTA, (*) Organically cultivated<\/p>\n<p>&nbsp;<\/p>\n","protected":false},"featured_media":0,"comment_status":"closed","ping_status":"open","template":"","meta":{"_monsterinsights_skip_tracking":false,"_monsterinsights_sitenote_active":false,"_monsterinsights_sitenote_note":"","_monsterinsights_sitenote_category":0},"product_brand":[1208],"product_cat":[1180,54,85,64],"product_tag":[],"class_list":{"0":"post-8585","1":"product","2":"type-product","3":"status-publish","5":"product_brand-aloe","6":"product_cat-katalogos","7":"product_cat-54","8":"product_cat-85","9":"product_cat-64","11":"first","12":"outofstock","13":"sale","14":"purchasable","15":"product-type-simple"},"aioseo_notices":[],"jetpack_sharing_enabled":true,"_links":{"self":[{"href":"https:\/\/demo3.bigdigital.gr\/index.php\/wp-json\/wp\/v2\/product\/8585","targetHints":{"allow":["GET"]}}],"collection":[{"href":"https:\/\/demo3.bigdigital.gr\/index.php\/wp-json\/wp\/v2\/product"}],"about":[{"href":"https:\/\/demo3.bigdigital.gr\/index.php\/wp-json\/wp\/v2\/types\/product"}],"replies":[{"embeddable":true,"href":"https:\/\/demo3.bigdigital.gr\/index.php\/wp-json\/wp\/v2\/comments?post=8585"}],"wp:attachment":[{"href":"https:\/\/demo3.bigdigital.gr\/index.php\/wp-json\/wp\/v2\/media?parent=8585"}],"wp:term":[{"taxonomy":"product_brand","embeddable":true,"href":"https:\/\/demo3.bigdigital.gr\/index.php\/wp-json\/wp\/v2\/product_brand?post=8585"},{"taxonomy":"product_cat","embeddable":true,"href":"https:\/\/demo3.bigdigital.gr\/index.php\/wp-json\/wp\/v2\/product_cat?post=8585"},{"taxonomy":"product_tag","embeddable":true,"href":"https:\/\/demo3.bigdigital.gr\/index.php\/wp-json\/wp\/v2\/product_tag?post=8585"}],"curies":[{"name":"wp","href":"https:\/\/api.w.org\/{rel}","templated":true}]}}