{"id":8590,"date":"2025-10-14T08:17:55","date_gmt":"2025-10-14T06:17:55","guid":{"rendered":"https:\/\/demo3.bigdigital.gr\/index.php\/product\/aloe-colors-just-natural-shower-gel-250ml-2\/"},"modified":"2025-11-03T10:23:15","modified_gmt":"2025-11-03T08:23:15","slug":"aloe-colors-just-natural-shower-gel-250ml-2","status":"publish","type":"product","link":"https:\/\/demo3.bigdigital.gr\/index.php\/product\/aloe-colors-just-natural-shower-gel-250ml-2\/","title":{"rendered":"Aloe+ Colors Just Natural Shower Gel 250ml"},"content":{"rendered":"","protected":false},"excerpt":{"rendered":"<p>Aloe+ Colors Just Natural Shower Gel 250ml<\/p>\n<p>\u00a2\u00ef\u00eb\u00e9\u00ed\u00c0\u00f3\u00f4\u00e5 \u00f4\u00ef \u00e1\u00f0\u00e1\u00ec\u00de \u00a0\u00eb\u00e1\u00e9 \u00e5\u00ee\u00f9\u00e4\u00e1\u00f4\u00e9\u00eb\u00de \u00e1\u00e6\u00f2\u00de\u00ec\u00ef\u00f9\u00f4\u00f2\u00ef Just Natural \u00ed\u00e5 \u00f9\u00f0\u00db\u00f2\u00ef\u00f8\u00ef \u00c0\u00f2\u00f6\u00ed\u00e1 \u00e6\u00f2\u00e5\u00f3\u00eb\u00c0\u00e4\u00e1\u00f7 . \u00bb\u00e5 \u00e1\u00f0\u00e1\u00ec\u00dc \u00f3\u00e0\u00ee\u00f5\u00e5\u00f3\u00e8 \u00f0\u00ef\u00f9 \u00f3\u00db\u00e2\u00e5\u00f4\u00e1\u00e9 \u00f4\u00ef \u00e4\u00db\u00f2\u00ed\u00e1 \u00eb\u00e1\u00e9 \u00ef\u00f9\u00e4\u00db\u00f4\u00e5\u00f2\u00ef ph, \u00eb\u00e1\u00f5\u00e1\u00f2\u00dd\u00fa\u00e5\u00e9 \u00e1\u00f0\u00e1\u00ec\u00c0 \u00f8\u00f6\u00f2\u00dd\u00f7 \u00ee\u00e1 \u00ea\u00e8\u00f2\u00e1\u00dd\u00ee\u00e5\u00e9 \u00f4\u00e8\u00ee \u00e5\u00f0\u00e9\u00e4\u00e5\u00f2\u00ed\u00dd\u00e4\u00e1 \u00f3\u00e1\u00f7. \u00ce\u00f8\u00e5\u00e9 \u00eb\u00f2\u00e5\u00ed\u00f1\u00e4\u00e8 \u00f9\u00e6\u00dc \u00eb\u00e1\u00e9 \u00ea\u00e5\u00e2\u00e7\u00c0\u00fa\u00e5\u00f4\u00e1\u00e9 \u00e5\u00e0\u00eb\u00ef\u00ec\u00e1, \u00e5\u00ed\u00f0\u00ef\u00e4\u00dd\u00fa\u00e5\u00e9 \u00f4\u00ef\u00f9\u00f7 \u00e5\u00f2\u00e5\u00f5\u00e9\u00f3\u00ed\u00ef\u00e0\u00f7 \u00eb\u00e1\u00e9 \u00f4\u00e8\u00ee \u00ea\u00e8\u00f2\u00de\u00f4\u00e8\u00f4\u00e1. \u00a6\u00e1\u00f2\u00c0\u00ec\u00ec\u00e8\u00ec\u00e1 \u00f5\u00f2\u00db\u00e6\u00e5\u00e9 \u00f4\u00ef \u00e4\u00db\u00f2\u00ed\u00e1 \u00f3\u00e1\u00f7 \u00f0\u00f2\u00ef\u00f3\u00e6\u00db\u00f2\u00ef\u00ee\u00f4\u00e1\u00f7 \u00e1\u00f0\u00e1\u00ec\u00de\u00f4\u00e8\u00f4\u00e1 \u00eb\u00e1\u00e9 \u00e5\u00ee\u00e9\u00f3\u00f8\u00f9\u00ed\u00db\u00ee\u00e8 \u00e5\u00ee\u00f9\u00e4\u00c0\u00f4\u00f6\u00f3\u00e8.<\/p>\n<p>\u00b8 \u00f9\u00e3\u00e8\u00ec\u00dc \u00f4\u00ef\u00f9 \u00f0\u00e5\u00f2\u00e9\u00e5\u00eb\u00f4\u00e9\u00eb\u00de\u00f4\u00e8\u00f4\u00e1 \u00f3\u00e5 \u00ef\u00f2\u00e7\u00e1\u00ee\u00e9\u00eb\u00dc \u00e1\u00ec\u00de\u00e8, \u00f0\u00f2\u00ef\u00f3\u00e6\u00db\u00f2\u00e5\u00e9 \u00f3\u00e8\u00ed\u00e1\u00ee\u00f4\u00e9\u00eb\u00dc \u00ed\u00e1\u00ec\u00e1\u00eb\u00f4\u00e9\u00eb\u00dc, \u00e5\u00ee\u00f9\u00e4\u00e1\u00f4\u00e9\u00eb\u00dc \u00eb\u00e1\u00e9 \u00eb\u00e1\u00f4\u00e1\u00f0\u00f2\u00e1\u00fc\u00ee\u00f4\u00e9\u00eb\u00dc \u00e4\u00f2\u00c0\u00f3\u00e8.<\/p>\n<p>E\u00dd\u00ee\u00e1\u00e9 \u00e9\u00e4\u00e1\u00ee\u00e9\u00eb\u00de \u00e7\u00e9\u00e1 \u00eb\u00e1\u00f5\u00e8\u00ed\u00e5\u00f2\u00e9\u00ee\u00dc \u00f8\u00f2\u00dc\u00f3\u00e8 \u00eb\u00e1\u00e9 \u00eb\u00e1\u00f4\u00c0\u00ec\u00ec\u00e8\u00ec\u00ef \u00e7\u00e9\u00e1 \u00de\u00ec\u00e8 \u00f4\u00e8\u00ee \u00ef\u00e9\u00eb\u00ef\u00e7\u00db\u00ee\u00e5\u00e9\u00e1.<\/p>\n<p>\u00b0\u00f0\u00ec\u00f1\u00f3\u00f4\u00e5 \u00ed\u00e9\u00e1 \u00e9\u00eb\u00e1\u00ee\u00ef\u00f0\u00ef\u00e9\u00e8\u00f4\u00e9\u00eb\u00dc \u00f0\u00ef\u00f3\u00de\u00f4\u00e8\u00f4\u00e1 \u00f3\u00e5 \u00e2\u00f2\u00e5\u00e7\u00ed\u00db\u00ee\u00ef \u00e4\u00db\u00f2\u00ed\u00e1 \u00ed\u00db\u00f8\u00f2\u00e9 \u00ee\u00e1 \u00eb\u00c0\u00ee\u00e5\u00e9 \u00e1\u00e6\u00f2\u00de \u00eb\u00e1\u00e9 \u00ed\u00e5\u00f4\u00c0 \u00ea\u00e5\u00e2\u00e7\u00c0\u00ec\u00e5\u00f4\u00e5 \u00ed\u00e5 \u00c0\u00e6\u00f5\u00ef\u00ee\u00ef \u00ee\u00e5\u00f2\u00de.<\/p>\n<p>\u00a1\u00e9\u00e1 \u00ef\u00ec\u00ef\u00eb\u00ec\u00e8\u00f2\u00f6\u00ed\u00db\u00ee\u00e8 \u00f0\u00e5\u00f2\u00e9\u00f0\u00ef\u00dd\u00e8\u00f3\u00e8 \u00eb\u00e1\u00e9 \u00ed\u00e5\u00e7\u00e1\u00ec\u00e0\u00f4\u00e5\u00f2\u00e8 \u00e4\u00e9\u00c0\u00f2\u00eb\u00e5\u00e9\u00e1 \u00f4\u00ef\u00f9 \u00e1\u00f2\u00f1\u00ed\u00e1\u00f4\u00ef\u00f7 \u00f3\u00f4\u00ef \u00e4\u00db\u00f2\u00ed\u00e1 \u00f3\u00e1\u00f7, \u00f3\u00f9\u00ee\u00e4\u00f9\u00c0\u00f3\u00f4\u00e5 \u00f4\u00ef\u00a0 \u00b0\u00e6\u00f2\u00de\u00ec\u00ef\u00f9\u00f4\u00f2\u00ef Just Natural Aloe+Colors \u00ed\u00e5 \u00f4\u00ef \u00e1\u00ee\u00f4\u00dd\u00f3\u00f4\u00ef\u00e9\u00f8\u00ef \u00e7\u00e1\u00ec\u00c0\u00eb\u00f4\u00f6\u00ed\u00e1 \u00f3\u00f1\u00ed\u00e1\u00f4\u00ef\u00f7 Aloe+Colors Just Natural \u00dc Body Butter Aloe+Colors Just Natural!<\/p>\n<p>&nbsp;<\/p>\n","protected":false},"featured_media":0,"comment_status":"closed","ping_status":"open","template":"","meta":{"_monsterinsights_skip_tracking":false,"_monsterinsights_sitenote_active":false,"_monsterinsights_sitenote_note":"","_monsterinsights_sitenote_category":0},"product_brand":[1208],"product_cat":[1180,325,54,121],"product_tag":[],"class_list":{"0":"post-8590","1":"product","2":"type-product","3":"status-publish","5":"product_brand-aloe","6":"product_cat-katalogos","7":"product_cat-325","8":"product_cat-54","9":"product_cat-121","11":"first","12":"outofstock","13":"sale","14":"purchasable","15":"product-type-simple"},"aioseo_notices":[],"jetpack_sharing_enabled":true,"_links":{"self":[{"href":"https:\/\/demo3.bigdigital.gr\/index.php\/wp-json\/wp\/v2\/product\/8590","targetHints":{"allow":["GET"]}}],"collection":[{"href":"https:\/\/demo3.bigdigital.gr\/index.php\/wp-json\/wp\/v2\/product"}],"about":[{"href":"https:\/\/demo3.bigdigital.gr\/index.php\/wp-json\/wp\/v2\/types\/product"}],"replies":[{"embeddable":true,"href":"https:\/\/demo3.bigdigital.gr\/index.php\/wp-json\/wp\/v2\/comments?post=8590"}],"wp:attachment":[{"href":"https:\/\/demo3.bigdigital.gr\/index.php\/wp-json\/wp\/v2\/media?parent=8590"}],"wp:term":[{"taxonomy":"product_brand","embeddable":true,"href":"https:\/\/demo3.bigdigital.gr\/index.php\/wp-json\/wp\/v2\/product_brand?post=8590"},{"taxonomy":"product_cat","embeddable":true,"href":"https:\/\/demo3.bigdigital.gr\/index.php\/wp-json\/wp\/v2\/product_cat?post=8590"},{"taxonomy":"product_tag","embeddable":true,"href":"https:\/\/demo3.bigdigital.gr\/index.php\/wp-json\/wp\/v2\/product_tag?post=8590"}],"curies":[{"name":"wp","href":"https:\/\/api.w.org\/{rel}","templated":true}]}}