{"id":8605,"date":"2025-10-14T08:17:55","date_gmt":"2025-10-14T06:17:55","guid":{"rendered":"https:\/\/demo3.bigdigital.gr\/index.php\/product\/aloe-colors-pure-serenity-body-butter-200ml-2\/"},"modified":"2025-11-03T10:28:13","modified_gmt":"2025-11-03T08:28:13","slug":"aloe-colors-pure-serenity-body-butter-200ml-2","status":"publish","type":"product","link":"https:\/\/demo3.bigdigital.gr\/index.php\/product\/aloe-colors-pure-serenity-body-butter-200ml-2\/","title":{"rendered":"Aloe+ Colors Pure Serenity Body Butter 200ml"},"content":{"rendered":"","protected":false},"excerpt":{"rendered":"<p>Aloe+ Colors Pure Serenity Body Butter 200ml<\/p>\n<p>\u00c6\u00ef \u00f0\u00ec\u00ef\u00e0\u00f3\u00e9\u00ef Body Butter Pure Serenity Aloe+Colors \u00ed\u00e5 \u00f9\u00f0\u00db\u00f2\u00ef\u00f8\u00ef \u00c0\u00f2\u00f6\u00ed\u00e1 magnolia, \u00e5\u00dd\u00ee\u00e1\u00e9 \u00e9\u00e4\u00e1\u00ee\u00e9\u00eb\u00de \u00e7\u00e9\u00e1 \u00f4\u00e8\u00ee \u00eb\u00e1\u00f5\u00e8\u00ed\u00e5\u00f2\u00e9\u00ee\u00dc \u00e5\u00ee\u00f9\u00e4\u00c0\u00f4\u00f6\u00f3\u00e8 \u00f0\u00ef\u00f9 \u00db\u00f8\u00e5\u00e9 \u00e1\u00ee\u00c0\u00e7\u00eb\u00e8 \u00e8 \u00e5\u00f0\u00e9\u00e4\u00e5\u00f2\u00ed\u00dd\u00e4\u00e1\u00f7 \u00f3\u00e1\u00f7.<br \/>\n\u00b0\u00ee \u00f5\u00db\u00ec\u00e5\u00f4\u00e5 \u00eb\u00e1\u00e9 \u00e5\u00f3\u00e5\u00dd\u00f7 \u00e2\u00e5\u00ec\u00ef\u00e0\u00e4\u00e9\u00ee\u00e8 \u00eb\u00e1\u00e9 \u00ec\u00e1\u00ed\u00f0\u00e5\u00f2\u00dc \u00e5\u00f0\u00e9\u00e4\u00e5\u00f2\u00ed\u00dd\u00e4\u00e1 \u00e4\u00ef\u00eb\u00e9\u00ed\u00c0\u00f3\u00f4\u00e5 \u00f4\u00ef\u00a0 Body Butter Pure Serenity Aloe+Colors. \u00a6\u00e5\u00f2\u00e9\u00f0\u00ef\u00e9\u00e5\u00dd\u00f4\u00e1\u00e9 \u00f4\u00ef \u00e4\u00db\u00f2\u00ed\u00e1 \u00f3\u00e1\u00f7 \u00eb\u00e1\u00e9 \u00f8\u00e1\u00f2\u00dd\u00fa\u00e5\u00e9 \u00f0\u00ec\u00ef\u00e0\u00f3\u00e9\u00e1 \u00e5\u00ee\u00f9\u00e4\u00c0\u00f4\u00f6\u00f3\u00e8 \u00eb\u00e1\u00e9 \u00f5\u00f2\u00db\u00e3\u00e8. \u00bb\u00e5 \u00f9\u00f0\u00db\u00f2\u00ef\u00f8\u00ef \u00c0\u00f2\u00f6\u00ed\u00e1, \u00e5\u00dd\u00ee\u00e1\u00e9 \u00e5\u00ea\u00e1\u00e9\u00f2\u00e5\u00f4\u00e9\u00eb\u00de \u00e7\u00e9\u00e1 \u00f4\u00e8\u00ee \u00eb\u00e1\u00f5\u00e8\u00ed\u00e5\u00f2\u00e9\u00ee\u00dc \u00e6\u00f2\u00ef\u00ee\u00f4\u00dd\u00e4\u00e1 \u00eb\u00e1\u00e9 \u00f4\u00e8\u00f7 \u00f0\u00e9\u00ef \u00e1\u00f0\u00e1\u00e9\u00f4\u00e8\u00f4\u00e9\u00eb\u00dc\u00f7 \u00eb\u00e1\u00e9 \u00e5\u00f9\u00e1\u00dd\u00f3\u00f5\u00e8\u00f4\u00e8\u00f7 \u00e5\u00f0\u00e9\u00e4\u00e5\u00f2\u00ed\u00dd\u00e4\u00e1\u00f7. \u00c6\u00e1 \u00e5\u00ee\u00f9\u00e4\u00e1\u00f4\u00e9\u00eb\u00c0 \u00eb\u00e1\u00e9 \u00f5\u00f2\u00e5\u00f0\u00f4\u00e9\u00eb\u00c0 \u00f3\u00f9\u00f3\u00f4\u00e1\u00f4\u00e9\u00eb\u00c0 \u00ed\u00e5 \u00f4\u00e1 \u00ef\u00f0\u00ef\u00dd\u00e1 \u00e5\u00dd\u00ee\u00e1\u00e9 \u00e5\u00ed\u00f0\u00ec\u00ef\u00f9\u00f4\u00e9\u00f3\u00ed\u00db\u00ee\u00ef,\u00a0\u00e5\u00f0\u00e1\u00ee\u00e1\u00e6\u00db\u00f2\u00ef\u00f9\u00ee \u00f4\u00e8 \u00e6\u00f9\u00f3\u00e9\u00eb\u00dc \u00f9\u00e7\u00f2\u00e1\u00f3\u00dd\u00e1 \u00eb\u00e1\u00e9 \u00e5\u00ec\u00e1\u00f3\u00f4\u00e9\u00eb\u00de\u00f4\u00e8\u00f4\u00e1 \u00f4\u00ef\u00f9 \u00e4\u00db\u00f2\u00ed\u00e1\u00f4\u00ef\u00f7. \u00c6\u00e1\u00f9\u00f4\u00de\u00f8\u00f2\u00ef\u00ee\u00e1 \u00f0\u00f2\u00ef\u00f3\u00f4\u00e1\u00f4\u00e5\u00e0\u00ef\u00f9\u00ee \u00eb\u00e1\u00e9 \u00e1\u00f0\u00de \u00f4\u00ef\u00f9\u00f7 \u00e4\u00e5\u00f2\u00ed\u00e1\u00f4\u00e9\u00eb\u00ef\u00e0\u00f7 \u00e5\u00f2\u00e5\u00f5\u00e9\u00f3\u00ed\u00ef\u00e0\u00f7.<\/p>\n<p>\u00c6\u00ef Body Butter Pure Serenity \u00db\u00f8\u00e5\u00e9 \u00f9\u00e3\u00e8\u00ec\u00dc \u00f0\u00e5\u00f2\u00e9\u00e5\u00eb\u00f4\u00e9\u00eb\u00de\u00f4\u00e8\u00f4\u00e1 \u00f3\u00e5 \u00ef\u00f2\u00e7\u00e1\u00ee\u00e9\u00eb\u00dc\u00a0\u00e1\u00ec\u00de\u00e8. \u00b8 aloe vera \u00e5\u00ee\u00e9\u00f3\u00f8\u00e0\u00e5\u00e9 \u00f4\u00e8\u00ee \u00e1\u00ee\u00c0\u00f0\u00f4\u00f9\u00ea\u00e8 \u00ee\u00db\u00f6\u00ee \u00eb\u00f9\u00f4\u00f4\u00c0\u00f2\u00f6\u00ee \u00eb\u00e1\u00e9 \u00e1\u00f9\u00ea\u00c0\u00ee\u00e5\u00e9 \u00f4\u00e8\u00ee \u00f0\u00e1\u00f2\u00e1\u00e7\u00f6\u00e7\u00dc \u00eb\u00ef\u00ec\u00ec\u00e1\u00e7\u00de\u00ee\u00ef\u00f9 \u00ed\u00e5 \u00e1\u00f0\u00ef\u00f4\u00db\u00ec\u00e5\u00f3\u00ed\u00e1 \u00ee\u00e1 \u00e5\u00ee\u00f9\u00e4\u00e1\u00f4\u00f1\u00ee\u00e5\u00e9 \u00f3\u00e5 \u00e2\u00e1\u00f5\u00e0\u00f4\u00e5\u00f2\u00e1 \u00e5\u00f0\u00dd\u00f0\u00e5\u00e4\u00e1 \u00f4\u00e8\u00ee \u00e5\u00f0\u00e9\u00e4\u00e5\u00f2\u00ed\u00dd\u00e4\u00e1 \u00eb\u00e1\u00e9 \u00ee\u00e1 \u00e5\u00f0\u00ef\u00f9\u00ec\u00f1\u00ee\u00e5\u00e9 \u00f4\u00ef \u00eb\u00e1\u00f4\u00e5\u00f3\u00f4\u00f2\u00e1\u00ed\u00ed\u00db\u00ee\u00ef \u00e4\u00db\u00f2\u00ed\u00e1. \u00c6\u00ef \u00ec\u00c0\u00e4\u00e9\u00a0\u00e1\u00e2\u00ef\u00eb\u00c0\u00ee\u00f4\u00ef, \u00f4\u00ef \u00e5\u00ec\u00e1\u00e9\u00de\u00ec\u00e1\u00e4\u00ef \u00eb\u00e1\u00e9 \u00f4\u00ef \u00ec\u00c0\u00e4\u00e9 \u00e1\u00f0\u00de \u00e4\u00e1\u00ed\u00c0\u00f3\u00eb\u00e8\u00ee\u00ef, \u00f0\u00ec\u00ef\u00e0\u00f3\u00e9\u00e1 \u00de\u00ec\u00e1 \u00f3\u00e5 \u00e2\u00e9\u00f4\u00e1\u00ed\u00dd\u00ee\u00e5\u00f7 \u00eb\u00e1\u00e9 \u00e1\u00ee\u00f4\u00e9\u00ef\u00ea\u00e5\u00e9\u00e4\u00f6\u00f4\u00e9\u00eb\u00c0, \u00e5\u00ee\u00f9\u00e4\u00e1\u00f4\u00f1\u00ee\u00ef\u00f9\u00ee \u00f3\u00e5 \u00e2\u00c0\u00f5\u00ef\u00f7 \u00eb\u00e1\u00e9 \u00e2\u00ef\u00e8\u00f5\u00ef\u00e0\u00ee \u00f3\u00f4\u00e8 \u00e4\u00e9\u00e1\u00f4\u00dc\u00f2\u00e8\u00f3\u00e8 \u00f4\u00e8\u00f7 \u00e5\u00ec\u00e1\u00f3\u00f4\u00e9\u00eb\u00de\u00f4\u00e8\u00f4\u00e1\u00f7 \u00f4\u00ef\u00f9 \u00e4\u00db\u00f2\u00ed\u00e1\u00f4\u00ef\u00f7. \u00c6\u00ef \u00e2\u00ef\u00e0\u00f4\u00f9\u00f2\u00ef \u00eb\u00e1\u00eb\u00c0\u00ef \u00eb\u00e1\u00e9 \u00f4\u00ef \u00e2\u00ef\u00e0\u00f4\u00f9\u00f2\u00ef \u00eb\u00e1\u00f2\u00e9\u00f4\u00db \u00ed\u00e1\u00ec\u00e1\u00eb\u00f1\u00ee\u00ef\u00f9\u00ee \u00eb\u00e1\u00e9 \u00e1\u00ee\u00e1\u00fa\u00f6\u00ef\u00e7\u00ef\u00ee\u00ef\u00e0\u00ee \u00e1\u00eb\u00de\u00ed\u00e1 \u00eb\u00e1\u00e9 \u00f4\u00e1 \u00f0\u00e9\u00ef \u00ea\u00e8\u00f2\u00c0 \u00eb\u00e1\u00e9 \u00e1\u00e6\u00f9\u00e4\u00e1\u00f4\u00f6\u00ed\u00db\u00ee\u00e1 \u00e4\u00db\u00f2\u00ed\u00e1\u00f4\u00e1.<\/p>\n<p>\u00b0\u00f0\u00ef\u00f2\u00f2\u00ef\u00e6\u00c0\u00f4\u00e1\u00e9 \u00e5\u00e0\u00eb\u00ef\u00ec\u00e1 \u00eb\u00e1\u00e9 \u00f8\u00e1\u00f2\u00dd\u00fa\u00e5\u00e9 \u00e1\u00f0\u00e1\u00ec\u00de \u00c0\u00f2\u00f6\u00ed\u00e1 \u00f0\u00ef\u00f9 \u00e4\u00e9\u00e1\u00f2\u00eb\u00e5\u00dd, \u00ed\u00e5\u00f4\u00e1\u00ea\u00db\u00ee\u00e9\u00e1 \u00f9\u00e6\u00dc \u00eb\u00e1\u00e9 \u00e1\u00f0\u00e1\u00ec\u00de\u00f4\u00e8\u00f4\u00e1 \u00f3\u00f4\u00ef \u00e4\u00db\u00f2\u00ed\u00e1 \u00f3\u00e1\u00f7 \u00f8\u00f6\u00f2\u00dd\u00f7 \u00ee\u00e1 \u00e1\u00e6\u00dc\u00ee\u00e5\u00e9 \u00dd\u00f8\u00ee\u00e8 \u00ec\u00e9\u00f0\u00e1\u00f2\u00de\u00f4\u00e8\u00f4\u00e1\u00f7.<\/p>\n<p>INGREDIENTS:\u00a0AQUA, ALOE BARBADENSIS (ALOE VERA) LEAF JUICE*, GLYCERIN, PROPANEDIOL DICAPRYLATE, GLYCERYL STEARATE, ETHYLHEXYL PALMITATE, C12-15 ALKYL BENZOATE, HYDROGENATED POLYDECENE, PEG-100 STEARATE, CETYL ALCOHOL, PARFUM, DIMETHICONE, PRUNUS DOMESTICA (PLUM) SEED EXTRACT, PERSEA GRATISSIMA AVOCADO) OIL, OLEA EUROPAEA (OLIVE) FRUIT OIL*, PHYTOSTEROLS, BUTYROSPERMUM PARKII (SHEA) BUTTER, HELIANTHUS ANNUUS (SUNFLOWER) SEED OIL, ASCORBYL PALMITATE, TOCOPHEROL, LECITHIN, PANTHENOL, ALLANTOIN, PHENOXYETHANOL, ETHYL-HEXYLGLYCERIN, CARBOMER, TRIETHANOLAMINE, DISODIUM EDTA, AMYL CINNAMAL, HEXYL CINNAMAL, COUMARIN, BUTYLPHENYL METHYLPROPIONAL, GERANIOL, ALPHA-ISOMETHYL IONONE, ISOEUGENOL, METHYL 2-OCTYNOATE. *Organic<\/p>\n<p>\u00c3\u00e4\u00e8\u00e7\u00dd\u00e5\u00f7 \u00f8\u00f2\u00dc\u00f3\u00e8\u00f7:<\/p>\n<p>\u00b0\u00f0\u00ec\u00f1\u00f3\u00f4\u00e5 \u00ed\u00e9\u00e1 \u00ed\u00e9\u00eb\u00f2\u00dc \u00f0\u00ef\u00f3\u00de\u00f4\u00e8\u00f4\u00e1 \u00e1\u00f0\u00de \u00f4\u00ef Body Butter Pure Serenity Aloe+Colors \u00f3\u00e5 \u00eb\u00e1\u00f5\u00e1\u00f2\u00de \u00e4\u00db\u00f2\u00ed\u00e1. \u00ba\u00c0\u00ee\u00f4\u00e5 \u00e1\u00f0\u00e1\u00ec\u00de \u00ed\u00e1\u00f3\u00c0\u00fa \u00ed\u00db\u00f8\u00f2\u00e9 \u00ee\u00e1 \u00e1\u00f0\u00ef\u00f2\u00f2\u00ef\u00e6\u00e8\u00f5\u00e5\u00dd \u00e5\u00ee\u00f4\u00e5\u00ec\u00f1\u00f7.<\/p>\n<p>\u00a1\u00e9\u00e1 \u00ef\u00ec\u00ef\u00eb\u00ec\u00e8\u00f2\u00f6\u00ed\u00db\u00ee\u00e8 \u00f0\u00e5\u00f2\u00e9\u00f0\u00ef\u00dd\u00e8\u00f3\u00e8 \u00eb\u00e1\u00e9 \u00ed\u00e5\u00e7\u00e1\u00ec\u00e0\u00f4\u00e5\u00f2\u00e8 \u00e4\u00e9\u00c0\u00f2\u00eb\u00e5\u00e9\u00e1 \u00f4\u00ef\u00f9 \u00e1\u00f2\u00f1\u00ed\u00e1\u00f4\u00ef\u00f7 \u00f3\u00f4\u00ef \u00e4\u00db\u00f2\u00ed\u00e1 \u00f3\u00e1\u00f7, \u00f3\u00f9\u00ee\u00e4\u00f9\u00c0\u00f3\u00f4\u00e5 \u00f4\u00ef\u00a0\u00a0Body Butter Pure Serenity Aloe+Colors \u00ed\u00e5 \u00f4\u00ef \u00e1\u00ee\u00f4\u00dd\u00f3\u00f4\u00ef\u00e9\u00f8\u00ef \u00e1\u00e6\u00f2\u00de\u00ec\u00ef\u00f9\u00f4\u00f2\u00ef Aloe+Colors Pure Serenity!<\/p>\n<p>&nbsp;<\/p>\n","protected":false},"featured_media":0,"comment_status":"closed","ping_status":"open","template":"","meta":{"_monsterinsights_skip_tracking":false,"_monsterinsights_sitenote_active":false,"_monsterinsights_sitenote_note":"","_monsterinsights_sitenote_category":0},"product_brand":[1208],"product_cat":[1180,135,54,121],"product_tag":[],"class_list":{"0":"post-8605","1":"product","2":"type-product","3":"status-publish","5":"product_brand-aloe","6":"product_cat-katalogos","7":"product_cat-butters","8":"product_cat-54","9":"product_cat-121","11":"first","12":"outofstock","13":"sale","14":"purchasable","15":"product-type-simple"},"aioseo_notices":[],"jetpack_sharing_enabled":true,"_links":{"self":[{"href":"https:\/\/demo3.bigdigital.gr\/index.php\/wp-json\/wp\/v2\/product\/8605","targetHints":{"allow":["GET"]}}],"collection":[{"href":"https:\/\/demo3.bigdigital.gr\/index.php\/wp-json\/wp\/v2\/product"}],"about":[{"href":"https:\/\/demo3.bigdigital.gr\/index.php\/wp-json\/wp\/v2\/types\/product"}],"replies":[{"embeddable":true,"href":"https:\/\/demo3.bigdigital.gr\/index.php\/wp-json\/wp\/v2\/comments?post=8605"}],"wp:attachment":[{"href":"https:\/\/demo3.bigdigital.gr\/index.php\/wp-json\/wp\/v2\/media?parent=8605"}],"wp:term":[{"taxonomy":"product_brand","embeddable":true,"href":"https:\/\/demo3.bigdigital.gr\/index.php\/wp-json\/wp\/v2\/product_brand?post=8605"},{"taxonomy":"product_cat","embeddable":true,"href":"https:\/\/demo3.bigdigital.gr\/index.php\/wp-json\/wp\/v2\/product_cat?post=8605"},{"taxonomy":"product_tag","embeddable":true,"href":"https:\/\/demo3.bigdigital.gr\/index.php\/wp-json\/wp\/v2\/product_tag?post=8605"}],"curies":[{"name":"wp","href":"https:\/\/api.w.org\/{rel}","templated":true}]}}