{"id":8610,"date":"2025-10-14T08:17:58","date_gmt":"2025-10-14T06:17:58","guid":{"rendered":"https:\/\/demo3.bigdigital.gr\/index.php\/product\/aloe-colors-si-velvet-3-in-1-mutli-vitamin-dry-oil-100ml\/"},"modified":"2025-11-03T09:54:58","modified_gmt":"2025-11-03T07:54:58","slug":"aloe-colors-si-velvet-3-in-1-mutli-vitamin-dry-oil-100ml","status":"publish","type":"product","link":"https:\/\/demo3.bigdigital.gr\/index.php\/product\/aloe-colors-si-velvet-3-in-1-mutli-vitamin-dry-oil-100ml\/","title":{"rendered":"Aloe+ Colors S\u00ef Velvet 3 in 1 Mutli Vitamin Dry Oil 100ml"},"content":{"rendered":"","protected":false},"excerpt":{"rendered":"<p>ALOEAloe+ Colors S\u00ef Velvet 3 in 1 Mutli Vitamin Dry Oil 100ml<\/p>\n<p>\u00c6\u00ef \u00ea\u00e8\u00f2\u00de \u00ec\u00c0\u00e4\u00e9 \u00e5\u00dd\u00ee\u00e1\u00e9 \u00db\u00ee\u00e1 \u00f0\u00ef\u00ec\u00e0 \u00e5\u00ec\u00e1\u00e6\u00f2\u00e0 \u00ec\u00c0\u00e4\u00e9 \u00f0\u00ef\u00f9 \u00e1\u00f0\u00ef\u00f2\u00f2\u00ef\u00e6\u00c0\u00f4\u00e1\u00e9 \u00c0\u00ed\u00e5\u00f3\u00e1 \u00f8\u00f6\u00f2\u00dd\u00f7 \u00ee\u00e1 \u00e1\u00e6\u00dc\u00ee\u00e5\u00e9 \u00ec\u00e9\u00f0\u00e1\u00f2\u00de\u00f4\u00e8\u00f4\u00e1 \u00eb\u00e1\u00e9 \u00e4\u00dd\u00ee\u00ef\u00ee\u00f4\u00e1\u00f7 \u00f3\u00f4\u00ef \u00e4\u00db\u00f2\u00ed\u00e1 \u00eb\u00e1\u00e9 \u00f4\u00e1 \u00ed\u00e1\u00ec\u00ec\u00e9\u00c0 \u00ed\u00e1\u00f7 \u00ed\u00e9\u00e1 \u00f9\u00f0\u00db\u00f2\u00ef\u00f8\u00e8 \u00ed\u00e5\u00f4\u00e1\u00ea\u00db\u00ee\u00e9\u00e1 \u00de\u00e3\u00e8. \u00ce\u00f4\u00f3\u00e9, \u00db\u00f8\u00ef\u00f9\u00ed\u00e5 \u00de\u00ec\u00e1 \u00f4\u00e1 \u00f0\u00ec\u00e5\u00ef\u00ee\u00e5\u00eb\u00f4\u00dc\u00ed\u00e1\u00f4\u00e1 \u00f4\u00f6\u00ee \u00e6\u00f9\u00f4\u00e9\u00eb\u00f1\u00ee \u00e5\u00ec\u00e1\u00dd\u00f6\u00ee \u00e1\u00ec\u00ec\u00c0 \u00de\u00f8\u00e9 \u00f4\u00e8 \u00ec\u00e9\u00f0\u00e1\u00f2\u00de\u00f4\u00e8\u00f4\u00e1 \u00f4\u00ef\u00f9\u00f7!<br \/>\n98% \u00f3\u00f9\u00f3\u00f4\u00e1\u00f4\u00e9\u00eb\u00c0 \u00e6\u00f9\u00f3\u00e9\u00eb\u00dc\u00f7 \u00f0\u00f2\u00ef\u00db\u00ec\u00e5\u00f9\u00f3\u00e8\u00f7<\/p>\n<p>10 \u00f0\u00ef\u00ec\u00e0\u00f4\u00e9\u00ed\u00e1 \u00e7\u00e9\u00e1 \u00f4\u00e8\u00ee \u00e5\u00f0\u00e9\u00e4\u00e5\u00f2\u00ed\u00dd\u00e4\u00e1 \u00eb\u00e1\u00e9 \u00f4\u00e1 \u00ed\u00e1\u00ec\u00ec\u00e9\u00c0 \u00e6\u00f9\u00f4\u00e9\u00eb\u00c0 \u00db\u00ec\u00e1\u00e9\u00e1\u00a0(gold of pleasure oil, passion\u00a0fruit oil, argan oil, sweet almond oil, sunflower oil, avocado oil, olive oil, coconut oil, tomato oil, soya been oil)<\/p>\n<p>10 \u00db\u00ec\u00e1\u00e9\u00e1 \u00ec\u00ef\u00f9\u00ec\u00ef\u00f9\u00e4\u00e9\u00f1\u00ee\u00a0(\u00e7\u00e9\u00e1\u00f3\u00e5\u00ed\u00dd, \u00f0\u00e1\u00e9\u00f6\u00ee\u00e9\u00e1, \u00e9\u00e1\u00f0\u00f6\u00ee\u00e9\u00eb\u00dc \u00eb\u00e5\u00f2\u00c0\u00f3\u00e9\u00e1, \u00ee\u00e5\u00f2\u00e1\u00ee\u00f4\u00fa\u00e9\u00c0, \u00ec\u00e5\u00e2\u00c0\u00ee\u00f4\u00e1, \u00f3\u00e1\u00ed\u00f0\u00ef\u00e0\u00eb\u00ef\u00f7, \u00f4\u00f2\u00e9\u00e1\u00ee\u00f4\u00c0\u00e6\u00f9\u00ec\u00ec\u00ef, \u00ed\u00e1\u00ee\u00de\u00ec\u00e9\u00e1, \u00ef\u00f2\u00f8\u00e9\u00e4\u00db\u00e1, \u00ee\u00f9\u00f8\u00f4\u00ef\u00ec\u00ef\u00e0\u00ec\u00ef\u00f9\u00e4\u00ef)<\/p>\n<p>2 \u00e4\u00f2\u00e1\u00f3\u00f4\u00e9\u00eb\u00c0 \u00f3\u00f9\u00f3\u00f4\u00e1\u00f4\u00e9\u00eb\u00c0 100% \u00e6\u00f9\u00f4\u00e9\u00eb\u00dc\u00f7 \u00f0\u00f2\u00ef\u00db\u00ec\u00e5\u00f9\u00f3\u00e8\u00f7\u00a0\u00ed\u00e5 \u00eb\u00ec\u00e9\u00ee\u00e9\u00eb\u00db\u00f7 \u00ed\u00e5\u00ec\u00db\u00f4\u00e5\u00f7 \u00f0\u00ef\u00f9 \u00e1\u00f0\u00ef\u00e4\u00e5\u00e9\u00eb\u00ee\u00e0\u00ef\u00f9\u00ee \u00de\u00f4\u00e9 \u00e5\u00f0\u00e9\u00e4\u00e9\u00ef\u00f2\u00f5\u00f1\u00ee\u00e5\u00e9, \u00e1\u00ee\u00e1\u00e4\u00ef\u00ed\u00e5\u00dd \u00eb\u00e1\u00e9 \u00e1\u00f0\u00e1\u00ec\u00e0\u00ee\u00e5\u00e9 \u00f4\u00ef \u00e4\u00db\u00f2\u00ed\u00e1. \u00bb\u00e5\u00e9\u00f1\u00ee\u00e5\u00e9 \u00f4\u00e8\u00ee \u00f4\u00f2\u00e1\u00f8\u00e0\u00f4\u00e8\u00f4\u00e1 \u00f4\u00ef\u00f9 \u00e5\u00f0\u00e9\u00e4\u00e5\u00f2\u00ed\u00dd\u00e4\u00e1\u00f7 \u00eb\u00e1\u00e9 \u00f4\u00ef \u00e2\u00c0\u00f5\u00ef\u00f7 \u00f4\u00f6\u00ee \u00f2\u00f9\u00f4\u00dd\u00e4\u00f6\u00ee. \u00b0\u00f9\u00ea\u00c0\u00ee\u00e5\u00e9 \u00f4\u00e8\u00ee \u00e5\u00ec\u00e1\u00f3\u00f4\u00e9\u00eb\u00de\u00f4\u00e8\u00f4\u00e1 \u00eb\u00e1\u00e9 \u00ed\u00e5\u00e9\u00f1\u00ee\u00e5\u00e9 \u00f4\u00e8 \u00f8\u00e1\u00ec\u00c0\u00f2\u00f6\u00f3\u00e8.<\/p>\n<p>INGREDIENTS:\u00a0C13-15 ALKANE, COCO-CAPRYLATE\/CAPRATE, CAPRYLIC\/CAPRIC RIGLYCERIDE, DICAPRYLYL ETHER, ISOSORBIDE DICAPRYLATE, ARGANIA SPINOSA KERNEL OIL, PASSIFLORA EDULIS SEED OIL, PRUNUS AMYGDALUS DULCIS OIL, OLEA EUROPAEA FRUIT OIL, COCOS NUCIFERA OIL, HELIANTHUS ANNUUS SEED OIL, PERSEA GRATISSIMA OIL, PARFUM, OENOTHERA BIENNIS OIL, SOLANUM LYCOPERSICUM SEED OIL, CAMELINA SATIVA SEED OIL, GLYCINE SOJA OIL, ROSA DAMASCENA FLOWER OIL, OLUS OIL, TRITICUM VULGARE GERM OIL UNSAPONIFIABLES, OLEA EUROPAEA OIL UNSAPONIFIABLES, GLYCINE SOJA OIL UNSAPONIFIABLES, ALOE BARBADENSIS LEAF EXTRACT, ORCHID EXTRACT, JASMINUM OFFICINALE FLOWER EXTRACT, PAEONIA OFFICINALIS FLOWER EXTRACT, POLLEN EXTRACT, PRUNUS SERRULATA FLOWER EXTRACT, CITRUS AURANTIUM AMARA FLOWER EXTRACT, MAGNOLIA OFFICINALIS BARK EXTRACT, LAVANDULA ANGUSTIFOLIA FLOWER EXTRACT, SAMBUCUS NIGRA FLOWER EXTRACT, TOCOPHEROL, TOCOPHERYL ACETATE, OCTYLDODECANOL, ASCORBYL PALMITATE, RETINYL PALMITATE, GLYCERYL LINOLEATE, LECITHIN, 7-DEHYDROCHOLESTEROL, GLYCERYL LINOLENATE, AMYL CINNAMAL, BENZYL BENZOATE, BENZYL SALICYLATE, CINNAMYL ALCOHOL, CITRONELLOL, COUMARIN, GERANIOL, LINALOOL, CI 26100<\/p>\n<p>\u00a6\u00f2\u00de\u00f3\u00f6\u00f0\u00ef: \u00b6\u00e6\u00e1\u00f2\u00ed\u00de\u00f3\u00f4\u00e5 \u00f3\u00f4\u00ef \u00f0\u00f2\u00de\u00f3\u00f6\u00f0\u00ef \u00eb\u00c0\u00ee\u00ef\u00ee\u00f4\u00e1\u00f7 \u00eb\u00f9\u00eb\u00ec\u00e9\u00eb\u00db\u00f7 \u00eb\u00e9\u00ee\u00dc\u00f3\u00e5\u00e9\u00f7. \u00bb\u00f0\u00ef\u00f2\u00e5\u00dd\u00f4\u00e5 \u00ee\u00e1 \u00f4\u00ef \u00e6\u00ef\u00f2\u00db\u00f3\u00e5\u00f4\u00e5 \u00ed\u00de\u00ee\u00ef \u00f4\u00ef\u00f9 \u00dc \u00f3\u00e5 \u00f3\u00f9\u00ee\u00e4\u00f9\u00e1\u00f3\u00ed\u00de \u00ed\u00e5 \u00ef\u00f2\u00de \u00dc \u00eb\u00c0\u00ee\u00ef\u00ee\u00f4\u00e1\u00f7 \u00ed\u00dd\u00ea\u00e8 \u00ed\u00e5 \u00eb\u00f2\u00db\u00ed\u00e1 \u00f0\u00f2\u00ef\u00f3\u00f1\u00f0\u00ef\u00f9!<\/p>\n<p>\u00aa\u00f1\u00ed\u00e1: \u00b0\u00f0\u00ec\u00f1\u00f3\u00f4\u00e5 \u00f4\u00ef \u00f3\u00e5 \u00ee\u00f6\u00f0\u00de \u00e4\u00db\u00f2\u00ed\u00e1 \u00eb\u00c0\u00ee\u00ef\u00ee\u00f4\u00e1\u00f7 \u00ed\u00e1\u00f3\u00e1\u00fa! \u00bb\u00f0\u00ef\u00f2\u00e5\u00dd\u00f4\u00e5 \u00ee\u00e1 \u00f4\u00ef \u00e6\u00ef\u00f2\u00db\u00f3\u00e5\u00f4\u00e5 \u00ed\u00de\u00ee\u00ef \u00f4\u00ef\u00f9 \u00dc \u00eb\u00c0\u00ee\u00ef\u00ee\u00f4\u00e1\u00f7 \u00ed\u00dd\u00ea\u00e8 \u00ed\u00e5 \u00eb\u00f2\u00db\u00ed\u00e1 \u00f3\u00f1\u00ed\u00e1\u00f4\u00ef\u00f7 \u00e7\u00e9\u00e1 \u00db\u00ea\u00f4\u00f2\u00e1 \u00e5\u00ee\u00f9\u00e4\u00c0\u00f4\u00f6\u00f3\u00e8!<\/p>\n<p>\u00bb\u00e1\u00ec\u00ec\u00e9\u00c0: \u00b6\u00e6\u00e1\u00f2\u00ed\u00de\u00f3\u00f4\u00e5 \u00f3\u00f4\u00e9\u00f7 \u00c0\u00eb\u00f2\u00e5\u00f7 \u00ed\u00e5\u00f2\u00e9\u00eb\u00db\u00f7 \u00f3\u00f4\u00e1\u00e7\u00de\u00ee\u00e5\u00f7 \u00e7\u00e9\u00e1 \u00e5\u00ee\u00f9\u00e4\u00c0\u00f4\u00f6\u00f3\u00e8 \u00eb\u00e1\u00e9 \u00f0\u00f2\u00ef\u00f3\u00f4\u00e1\u00f3\u00dd\u00e1 \u00e1\u00f0\u00de \u00f4\u00e8\u00ee \u00e3\u00e1\u00ec\u00dd\u00e4\u00e1. \u00b6\u00f0\u00dd\u00f3\u00e8\u00f7 \u00f6\u00f7 \u00f5\u00e5\u00f2\u00e1\u00f0\u00e5\u00dd\u00e1 \u00e2\u00c0\u00fa\u00ef\u00ee\u00f4\u00e1\u00f7 \u00f3\u00e5 \u00de\u00ec\u00ef \u00f4\u00ef \u00ed\u00dc\u00eb\u00ef\u00f7 \u00f4\u00e8\u00f7 \u00f4\u00f2\u00dd\u00f8\u00e1\u00f7, \u00f3\u00f4\u00e8 \u00f3\u00f9\u00ee\u00db\u00f8\u00e5\u00e9\u00e1 \u00f4\u00f9\u00ec\u00dd\u00e7\u00e5\u00f4\u00e5 \u00ed\u00e5 \u00f0\u00e5\u00f4\u00f3\u00db\u00f4\u00e1 \u00eb\u00e1\u00e9 \u00f4\u00e8\u00ee \u00e5\u00f0\u00de\u00ed\u00e5\u00ee\u00e8 \u00ed\u00db\u00f2\u00e1 \u00ec\u00ef\u00e0\u00fa\u00e5\u00f3\u00f4\u00e5 \u00eb\u00e1\u00ee\u00ef\u00ee\u00e9\u00eb\u00c0!<\/p>\n<p>&nbsp;<\/p>\n","protected":false},"featured_media":0,"comment_status":"closed","ping_status":"open","template":"","meta":{"_monsterinsights_skip_tracking":false,"_monsterinsights_sitenote_active":false,"_monsterinsights_sitenote_note":"","_monsterinsights_sitenote_category":0},"product_brand":[1208],"product_cat":[1180,54,125,119],"product_tag":[],"class_list":{"0":"post-8610","1":"product","2":"type-product","3":"status-publish","5":"product_brand-aloe","6":"product_cat-katalogos","7":"product_cat-54","8":"product_cat-125","9":"product_cat-119","11":"first","12":"outofstock","13":"sale","14":"purchasable","15":"product-type-simple"},"aioseo_notices":[],"jetpack_sharing_enabled":true,"_links":{"self":[{"href":"https:\/\/demo3.bigdigital.gr\/index.php\/wp-json\/wp\/v2\/product\/8610","targetHints":{"allow":["GET"]}}],"collection":[{"href":"https:\/\/demo3.bigdigital.gr\/index.php\/wp-json\/wp\/v2\/product"}],"about":[{"href":"https:\/\/demo3.bigdigital.gr\/index.php\/wp-json\/wp\/v2\/types\/product"}],"replies":[{"embeddable":true,"href":"https:\/\/demo3.bigdigital.gr\/index.php\/wp-json\/wp\/v2\/comments?post=8610"}],"wp:attachment":[{"href":"https:\/\/demo3.bigdigital.gr\/index.php\/wp-json\/wp\/v2\/media?parent=8610"}],"wp:term":[{"taxonomy":"product_brand","embeddable":true,"href":"https:\/\/demo3.bigdigital.gr\/index.php\/wp-json\/wp\/v2\/product_brand?post=8610"},{"taxonomy":"product_cat","embeddable":true,"href":"https:\/\/demo3.bigdigital.gr\/index.php\/wp-json\/wp\/v2\/product_cat?post=8610"},{"taxonomy":"product_tag","embeddable":true,"href":"https:\/\/demo3.bigdigital.gr\/index.php\/wp-json\/wp\/v2\/product_tag?post=8610"}],"curies":[{"name":"wp","href":"https:\/\/api.w.org\/{rel}","templated":true}]}}