{"id":8664,"date":"2025-10-14T08:18:05","date_gmt":"2025-10-14T06:18:05","guid":{"rendered":"https:\/\/demo3.bigdigital.gr\/index.php\/product\/korff-supreme-pro-restructuring-anti-wrinkle-matt-face-cream-50ml-2\/"},"modified":"2025-11-03T09:43:08","modified_gmt":"2025-11-03T07:43:08","slug":"korff-supreme-pro-restructuring-anti-wrinkle-matt-face-cream-50ml-2","status":"publish","type":"product","link":"https:\/\/demo3.bigdigital.gr\/index.php\/product\/korff-supreme-pro-restructuring-anti-wrinkle-matt-face-cream-50ml-2\/","title":{"rendered":"Korff Supreme Pro Restructuring &#038; Anti Wrinkle Matt Face Cream 50ml"},"content":{"rendered":"","protected":false},"excerpt":{"rendered":"<p>Korff Supreme Pro Restructuring &amp; Anti Wrinkle Matt Face Cream 50ml<\/p>\n<p>\u00c3 \u00f3\u00f9\u00ee\u00e4\u00f9\u00e1\u00f3\u00ed\u00de\u00f7 \u00c1\u00e9\u00e1\u00f3\u00e9\u00ee\u00e1\u00ed\u00dd\u00e4\u00e8\u00f7, \u00cb\u00e1\u00ec\u00ef\u00f9\u00f2\u00ef\u00ee\u00e9\u00eb\u00ef\u00e0 \u00c3\u00ea\u00db\u00ef\u00f7 \u00eb\u00e1\u00e9 \u00b0\u00ed\u00e9\u00ee\u00ef\u00ea\u00db\u00f6\u00ee \u00f0\u00ef\u00f9 \u00f0\u00e5\u00f2\u00e9\u00db\u00f8\u00ef\u00ee\u00f4\u00e1\u00e9 \u00f3\u00f4\u00e8\u00ee \u00eb\u00f2\u00db\u00ed\u00e1 \u00f0\u00f2\u00ef\u00f3\u00f1\u00f0\u00ef\u00f9 Supreme Pro Matt<\/p>\n<p>\u00e7\u00e5\u00ed\u00dd\u00fa\u00e5\u00e9, \u00f8\u00e1\u00ec\u00e1\u00f2\u00f1\u00ee\u00e5\u00e9 \u00eb\u00e1\u00e9 \u00ed\u00e1\u00ec\u00e1\u00eb\u00f1\u00ee\u00e5\u00e9 \u00f4\u00e9\u00f7 \u00f2\u00f9\u00f4\u00dd\u00e4\u00e5\u00f7<\/p>\n<p>\u00b8 \u00f3\u00e0\u00ee\u00f5\u00e5\u00f3\u00e8 \u00f4\u00e8\u00f7 \u00e5\u00dd\u00ee\u00e1\u00e9 \u00e5\u00ed\u00f0\u00ec\u00ef\u00f9\u00f4\u00e9\u00f3\u00ed\u00db\u00ee\u00e8 \u00ed\u00e5 \u00db\u00ee\u00e1 \u00f3\u00f9\u00e7\u00eb\u00e5\u00eb\u00f2\u00e9\u00ed\u00db\u00ee\u00ef \u00e5\u00ee\u00e5\u00f2\u00e7\u00de \u00f3\u00f9\u00f3\u00f4\u00e1\u00f4\u00e9\u00eb\u00de \u00f0\u00ef\u00f9 \u00ed\u00e5\u00e9\u00f1\u00ee\u00e5\u00e9 \u00e1\u00f0\u00ef\u00f4\u00e5\u00ec\u00e5\u00f3\u00ed\u00e1\u00f4\u00e9\u00eb\u00c0 \u00f4\u00e9\u00f7 \u00f3\u00ed\u00e8\u00e7\u00ed\u00e1\u00f4\u00ef\u00e7\u00de\u00ee\u00e5\u00f7 \u00e5\u00eb\u00eb\u00f2\u00dd\u00f3\u00e5\u00e9\u00f7. \u00c3 \u00e9\u00e4\u00e1\u00ee\u00e9\u00eb\u00de\u00f7 \u00f4\u00f2\u00de\u00f0\u00ef\u00f7 \u00f0\u00f2\u00ef\u00e5\u00f4\u00ef\u00e9\u00ed\u00e1\u00f3\u00dd\u00e1\u00f7 \u00f4\u00ef\u00f9 \u00e4\u00db\u00f2\u00ed\u00e1\u00f4\u00ef\u00f7 \u00e7\u00e9\u00e1 \u00f5\u00e5\u00f2\u00e1\u00f0\u00e5\u00dd\u00e5\u00f7 \u00eb\u00ef\u00f3\u00ed\u00e5\u00f4\u00e9\u00eb\u00dc\u00f7 \u00e4\u00e5\u00f2\u00ed\u00e1\u00f4\u00ef\u00ec\u00ef\u00e7\u00dd\u00e1\u00f7 \u00eb\u00e1\u00e9 \u00ed\u00e8 \u00e5\u00f0\u00e5\u00ed\u00e2\u00e1\u00f4\u00e9\u00eb\u00dc\u00f7 \u00e1\u00e9\u00f3\u00f5\u00e8\u00f4\u00e9\u00eb\u00dc\u00f7 \u00f8\u00e5\u00e9\u00f2\u00ef\u00f9\u00f2\u00e7\u00e9\u00eb\u00dc\u00f7.<\/p>\n<p>\u00ba\u00e1\u00f4\u00c0\u00ec\u00ec\u00e8\u00ec\u00e8 \u00e7\u00e9\u00e1 \u00ed\u00e9\u00eb\u00f4\u00de \u00e4\u00db\u00f2\u00ed\u00e1.<\/p>\n<p>\u00b8 \u00e4\u00db\u00f3\u00ed\u00e5\u00f9\u00f3\u00dc \u00f4\u00e8\u00f7 Korff \u00e7\u00e9\u00e1 \u00db\u00ee\u00e1 \u00e2\u00e9\u00f1\u00f3\u00e9\u00ed\u00ef \u00ed\u00db\u00ec\u00ec\u00ef\u00ee:<\/p>\n<p>\u00b0\u00f9\u00f4\u00de \u00f4\u00ef \u00f0\u00f2\u00ef\u00fb\u00de\u00ee \u00e5\u00dd\u00ee\u00e1\u00e9 \u00f3\u00f9\u00f3\u00eb\u00e5\u00f9\u00e1\u00f3\u00ed\u00db\u00ee\u00ef \u00e1\u00f0\u00de \u00e1\u00ee\u00e1\u00eb\u00f9\u00eb\u00ec\u00f1\u00f3\u00e9\u00ed\u00e1 \u00f9\u00ec\u00e9\u00eb\u00c0. \u00b5\u00ef\u00e8\u00f5\u00dc\u00f3\u00f4\u00e5 \u00ee\u00e1 \u00ed\u00e5\u00e9\u00f1\u00f3\u00ef\u00f9\u00ed\u00e5 \u00f4\u00ef \u00f0\u00e5\u00f2\u00e9\u00e2\u00e1\u00ec\u00ec\u00ef\u00ee\u00f4\u00e9\u00eb\u00de \u00e1\u00f0\u00ef\u00f4\u00e0\u00f0\u00f6\u00ed\u00e1: \u00de\u00f4\u00e1\u00ee \u00f4\u00ef \u00f0\u00f2\u00ef\u00fb\u00de\u00ee \u00f4\u00e5\u00ec\u00e5\u00e9\u00f1\u00f3\u00e5\u00e9, \u00e1\u00ee\u00e1\u00eb\u00f9\u00eb\u00ec\u00f1\u00f3\u00f4\u00e5 \u00eb\u00c0\u00f5\u00e5 \u00ed\u00db\u00f2\u00ef\u00f7 \u00f4\u00e8\u00f7 \u00f3\u00f9\u00f3\u00eb\u00e5\u00f9\u00e1\u00f3\u00dd\u00e1\u00f7 \u00e1\u00e6\u00ef\u00e0 \u00eb\u00e1\u00f5\u00e1\u00f2\u00e9\u00f3\u00f4\u00e5\u00dd \u00eb\u00e1\u00f4\u00c0\u00ec\u00ec\u00e8\u00ec\u00e1.<\/p>\n<p>\u00cc\u00f6\u00f2\u00dd\u00f7 \u00f0\u00e1\u00f2\u00c0\u00e7\u00f6\u00e7\u00e1 \u00f3\u00dd\u00f4\u00ef\u00f9. \u00ba\u00ec\u00e9\u00ee\u00e9\u00eb\u00c0 \u00eb\u00e1\u00e9 \u00e4\u00e5\u00f2\u00ed\u00e1\u00f4\u00ef\u00ec\u00ef\u00e7\u00e9\u00eb\u00c0 \u00e5\u00ec\u00e5\u00e7\u00ed\u00db\u00ee\u00e8. \u00b6\u00ec\u00e5\u00e7\u00ed\u00db\u00ee\u00e8 \u00e7\u00e9\u00e1 \u00c1\u00e9\u00eb\u00db\u00ec\u00e9\u00ef, \u00ba\u00ef\u00e2\u00c0\u00ec\u00f4\u00e9\u00ef, \u00cc\u00f2\u00f1\u00ed\u00e9\u00ef, \u00a6\u00e1\u00ec\u00ec\u00c0\u00e4\u00e9\u00ef \u00eb\u00e1\u00e9 \u00cb\u00e4\u00f2\u00c0\u00f2\u00e7\u00f9\u00f2\u00ef*.<\/p>\n<p>*\u00a4\u00e9\u00e7\u00de\u00f4\u00e5\u00f2\u00ef \u00e1\u00f0\u00de 1 \u00ed\u00db\u00f2\u00ef\u00f7 \u00e1\u00ee\u00c0 \u00e5\u00eb\u00e1\u00f4\u00ef\u00ed\u00ed\u00e0\u00f2\u00e9\u00ef \u00f3\u00f4\u00ef \u00eb\u00e1\u00f5\u00db\u00ee\u00e1. \u00bb\u00e9\u00eb\u00f2\u00db\u00f7 \u00f0\u00ef\u00f3\u00de\u00f4\u00e8\u00f4\u00e5\u00f7 \u00ed\u00f0\u00ef\u00f2\u00e5\u00dd \u00ee\u00e1 \u00f0\u00f2\u00ef\u00eb\u00e1\u00ec\u00db\u00f3\u00ef\u00f9\u00ee \u00e5\u00f9\u00e1\u00e9\u00f3\u00f5\u00e8\u00f4\u00ef\u00f0\u00ef\u00dd\u00e8\u00f3\u00e8 \u00f3\u00f4\u00ef \u00e4\u00db\u00f2\u00ed\u00e1.<\/p>\n<p>\u00a2\u00c3\u00ba\u00b9\u00bb\u00b8 \u00b0\u00a6\u00c3\u00c6\u00b6\u00a4\u00b6\u00aa\u00bb\u00b0\u00c6\u00b9\u00ba\u00c3\u00c6\u00b8\u00c6\u00b0\u00aa:<\/p>\n<p>\u00aa\u00ed\u00e8\u00e7\u00ed\u00e1\u00f4\u00ef\u00e7\u00de\u00ee\u00e5\u00f7 \u00e5\u00eb\u00eb\u00f2\u00dd\u00f3\u00e5\u00e9\u00f7** -23,9%<\/p>\n<p>\u00b6\u00ee\u00f9\u00e4\u00c0\u00f4\u00f6\u00f3\u00e8** +23,6%<\/p>\n<p>\u00b6\u00ec\u00e1\u00f3\u00f4\u00e9\u00eb\u00de\u00f4\u00e8\u00f4\u00e1** +15,5%<\/p>\n<p>**\u00ba\u00ec\u00e9\u00ee\u00e9\u00eb\u00dc-\u00e5\u00ee\u00de\u00f2\u00e7\u00e1\u00ee\u00e8 \u00e4\u00ef\u00eb\u00e9\u00ed\u00dc \u00f0\u00ef\u00f9 \u00e4\u00e9\u00e5\u00ee\u00e5\u00f2\u00e7\u00dc\u00f5\u00e8\u00eb\u00e5 \u00f3\u00e5 20 \u00e5\u00f5\u00e5\u00ec\u00ef\u00ee\u00f4\u00db\u00f7, \u00e8\u00ec\u00e9\u00eb\u00dd\u00e1\u00f7 40 \u00db\u00f6\u00f7 70 \u00e5\u00f4\u00f1\u00ee, \u00ed\u00e5 \u00ed\u00e9\u00eb\u00f4\u00de \u00e4\u00db\u00f2\u00ed\u00e1, \u00f0\u00ef\u00f9 \u00f8\u00f2\u00e8\u00f3\u00e9\u00ed\u00ef\u00f0\u00ef\u00dd\u00e8\u00f3\u00e1\u00ee \u00f4\u00ef \u00f0\u00f2\u00ef\u00fb\u00de\u00ee 2 \u00e6\u00ef\u00f2\u00db\u00f7 \u00e8\u00ed\u00e5\u00f2\u00e8\u00f3\u00dd\u00f6\u00f7 \u00e7\u00e9\u00e1 28 \u00e8\u00ed\u00db\u00f2\u00e5\u00f7.<\/p>\n<p>\u00cc\u00f2\u00dc\u00f3\u00e8:<\/p>\n<p>\u00b6\u00e6\u00e1\u00f2\u00ed\u00ef\u00e7\u00dc \u00f0\u00f2\u00f6\u00dd \u00eb\u00e1\u00e9\/\u00dc \u00e2\u00f2\u00c0\u00e4\u00f9 \u00f3\u00e5 \u00e1\u00f0\u00de\u00ec\u00f9\u00f4\u00e1 \u00eb\u00e1\u00f5\u00e1\u00f2\u00de \u00eb\u00e1\u00e9 \u00f3\u00f4\u00e5\u00e7\u00ee\u00de \u00f0\u00f2\u00de\u00f3\u00f6\u00f0\u00ef \u00ed\u00e5 \u00eb\u00f9\u00eb\u00ec\u00e9\u00eb\u00db\u00f7 \u00eb\u00e9\u00ee\u00dc\u00f3\u00e5\u00f7 \u00db\u00f6\u00f7 \u00f4\u00e8\u00ee \u00f0\u00ec\u00dc\u00f2\u00e8 \u00e1\u00f0\u00ef\u00f2\u00f2\u00de\u00e6\u00e8\u00f3\u00e8 \u00f4\u00ef\u00f9 \u00f0\u00f2\u00ef\u00fb\u00de\u00ee\u00f4\u00ef\u00f7.<\/p>\n<p>&nbsp;<\/p>\n<p>&nbsp;<\/p>\n","protected":false},"featured_media":0,"comment_status":"closed","ping_status":"open","template":"","meta":{"_monsterinsights_skip_tracking":false,"_monsterinsights_sitenote_active":false,"_monsterinsights_sitenote_note":"","_monsterinsights_sitenote_category":0},"product_brand":[622],"product_cat":[1180,54,116,64],"product_tag":[],"class_list":{"0":"post-8664","1":"product","2":"type-product","3":"status-publish","5":"product_brand-korff","6":"product_cat-katalogos","7":"product_cat-54","8":"product_cat-116","9":"product_cat-64","11":"first","12":"instock","13":"purchasable","14":"product-type-simple"},"aioseo_notices":[],"jetpack_sharing_enabled":true,"_links":{"self":[{"href":"https:\/\/demo3.bigdigital.gr\/index.php\/wp-json\/wp\/v2\/product\/8664","targetHints":{"allow":["GET"]}}],"collection":[{"href":"https:\/\/demo3.bigdigital.gr\/index.php\/wp-json\/wp\/v2\/product"}],"about":[{"href":"https:\/\/demo3.bigdigital.gr\/index.php\/wp-json\/wp\/v2\/types\/product"}],"replies":[{"embeddable":true,"href":"https:\/\/demo3.bigdigital.gr\/index.php\/wp-json\/wp\/v2\/comments?post=8664"}],"wp:attachment":[{"href":"https:\/\/demo3.bigdigital.gr\/index.php\/wp-json\/wp\/v2\/media?parent=8664"}],"wp:term":[{"taxonomy":"product_brand","embeddable":true,"href":"https:\/\/demo3.bigdigital.gr\/index.php\/wp-json\/wp\/v2\/product_brand?post=8664"},{"taxonomy":"product_cat","embeddable":true,"href":"https:\/\/demo3.bigdigital.gr\/index.php\/wp-json\/wp\/v2\/product_cat?post=8664"},{"taxonomy":"product_tag","embeddable":true,"href":"https:\/\/demo3.bigdigital.gr\/index.php\/wp-json\/wp\/v2\/product_tag?post=8664"}],"curies":[{"name":"wp","href":"https:\/\/api.w.org\/{rel}","templated":true}]}}