{"id":8681,"date":"2025-10-14T08:18:08","date_gmt":"2025-10-14T06:18:08","guid":{"rendered":"https:\/\/demo3.bigdigital.gr\/index.php\/product\/apivita-cleansing-aiaeooia-3-oa-1-ia-iaiiiuie-uie-200ml\/"},"modified":"2025-11-03T03:25:57","modified_gmt":"2025-11-03T01:25:57","slug":"apivita-cleansing-aiaeooia-3-oa-1-ia-iaiiiuie-uie-200ml","status":"publish","type":"product","link":"https:\/\/demo3.bigdigital.gr\/index.php\/product\/apivita-cleansing-aiaeooia-3-oa-1-ia-iaiiiuie-uie-200ml\/","title":{"rendered":"Apivita Cleansing \u00a1\u00e1\u00ec\u00c0\u00eb\u00f4\u00f6\u00ed\u00e1 3 \u00f3\u00e5 1 \u00ed\u00e5 \u00cc\u00e1\u00ed\u00ef\u00ed\u00dc\u00ec\u00e9 &#038; \u00bb\u00db\u00ec\u00e9 200ml"},"content":{"rendered":"","protected":false},"excerpt":{"rendered":"<p>Apivita Cleansing \u00a1\u00e1\u00ec\u00c0\u00eb\u00f4\u00f6\u00ed\u00e1 3 \u00f3\u00e5 1 \u00ed\u00e5 \u00cc\u00e1\u00ed\u00ef\u00ed\u00dc\u00ec\u00e9 &amp; \u00bb\u00db\u00ec\u00e9 200ml<\/p>\n<p>\u00b0\u00f0\u00ef\u00ed\u00e1\u00eb\u00f2\u00e0\u00ee\u00e5\u00e9 \u00f2\u00e0\u00f0\u00ef\u00f9\u00f7 &amp; \u00ed\u00e1\u00eb\u00e9\u00e7\u00e9\u00c0\u00fa \u00e1\u00f0\u00de \u00f0\u00f2\u00de\u00f3\u00f6\u00f0\u00ef &amp; \u00ed\u00c0\u00f4\u00e9\u00e1, \u00ba\u00e1\u00f4\u00e1\u00f0\u00f2\u00e1\u00fe\u00ee\u00e5\u00e9, \u00e5\u00ee\u00f9\u00e4\u00e1\u00f4\u00f1\u00ee\u00e5\u00e9 &amp; \u00f5\u00f2\u00db\u00e6\u00e5\u00e9 \u00f4\u00e8\u00ee \u00e5\u00f0\u00e9\u00e4\u00e5\u00f2\u00ed\u00dd\u00e4\u00e1, \u00a6\u00f2\u00ef\u00f3\u00f4\u00e1\u00f4\u00e5\u00e0\u00e5\u00e9 \u00e1\u00f0\u00de \u00e5\u00f2\u00e5\u00f5\u00e9\u00f3\u00ed\u00ef\u00e0\u00f7, \u00a1\u00e9\u00e1 \u00de\u00ec\u00ef\u00f9\u00f7 \u00f4\u00ef\u00f9\u00f7 \u00f4\u00e0\u00f0\u00ef\u00f9\u00f7 \u00e4\u00db\u00f2\u00ed\u00e1\u00f4\u00ef\u00f7<\/p>\n<p>99% \u00e6\u00f9\u00f3\u00e9\u00eb\u00dc \u00f3\u00e0\u00ee\u00f5\u00e5\u00f3\u00e8.<\/p>\n<p>\u00b0\u00ee\u00c0\u00e7\u00eb\u00e5\u00f7: \u00c1\u00f4\u00e5\u00ed\u00e1\u00eb\u00e9\u00e7\u00e9\u00c0\u00fa, \u00ba\u00e1\u00ee\u00ef\u00ee\u00e9\u00eb\u00dc\/\u00ea\u00e8\u00f2\u00dc \u00e5\u00f0\u00e9\u00e4\u00e5\u00f2\u00ed\u00dd\u00e4\u00e1, \u00b6\u00f9\u00e1\u00dd\u00f3\u00f5\u00e8\u00f4\u00e8 \u00e5\u00f0\u00e9\u00e4\u00e5\u00f2\u00ed\u00dd\u00e4\u00e1.<\/p>\n<p>\u00b0\u00f0\u00ef\u00ed\u00e1\u00eb\u00f2\u00e0\u00ee\u00e5\u00e9 \u00f2\u00e0\u00f0\u00ef\u00f9\u00f7 \u00eb\u00e1\u00e9 \u00ed\u00e1\u00eb\u00e9\u00e7\u00e9\u00c0\u00fa \u00e1\u00f0\u00de \u00f0\u00f2\u00de\u00f3\u00f6\u00f0\u00ef &amp; \u00ed\u00c0\u00f4\u00e9\u00e1 \u00ed\u00e5 \u00f4\u00ef \u00db\u00ec\u00e1\u00e9\u00ef \u00e1\u00ed\u00f9\u00e7\u00e4\u00c0\u00ec\u00ef\u00f9 \u00eb\u00e1\u00e9 \u00e5\u00ec\u00e9\u00c0\u00f7. \u00c6\u00ef \u00ed\u00db\u00ec\u00e9 \u00e5\u00ee\u00f9\u00e4\u00e1\u00f4\u00f1\u00ee\u00e5\u00e9 \u00eb\u00e1\u00e9 \u00f5\u00f2\u00db\u00e6\u00e5\u00e9 \u00f4\u00e8\u00ee \u00e5\u00f0\u00e9\u00e4\u00e5\u00f2\u00ed\u00dd\u00e4\u00e1, \u00f4\u00ef \u00f8\u00e1\u00ed\u00ef\u00ed\u00dc\u00ec\u00e9 \u00eb\u00e1\u00e9 \u00e8 \u00ec\u00e5\u00e2\u00c0\u00ee\u00f4\u00e1 \u00eb\u00e1\u00f4\u00e1\u00f0\u00f2\u00e1\u00fe\u00ee\u00ef\u00f9\u00ee \u00f4\u00e8\u00ee \u00e5\u00f0\u00e9\u00e4\u00e5\u00f2\u00ed\u00dd\u00e4\u00e1 \u00eb\u00e1\u00e9 \u00f0\u00f2\u00ef\u00f3\u00f4\u00e1\u00f4\u00e5\u00e0\u00ef\u00f9\u00ee \u00e1\u00f0\u00de \u00e5\u00f2\u00e5\u00f5\u00e9\u00f3\u00ed\u00ef\u00e0\u00f7. \u00b8 \u00f0\u00f2\u00de\u00f0\u00ef\u00ec\u00e8 \u00f0\u00f2\u00ef\u00f3\u00e6\u00db\u00f2\u00e5\u00e9 \u00dc\u00f0\u00e9\u00e1 \u00e1\u00ee\u00f4\u00e9\u00f3\u00e8\u00f0\u00f4\u00e9\u00eb\u00dc \u00eb\u00e1\u00e9 \u00e1\u00ee\u00f4\u00e9\u00ef\u00ea\u00e5\u00e9\u00e4\u00f6\u00f4\u00e9\u00eb\u00dc \u00e4\u00f2\u00c0\u00f3\u00e8. \u00a1\u00e9\u00e1 \u00de\u00ec\u00ef\u00f9\u00f7 \u00f4\u00ef\u00f9\u00f7 \u00f4\u00e0\u00f0\u00ef\u00f9\u00f7 \u00e5\u00f0\u00e9\u00e4\u00e5\u00f2\u00ed\u00dd\u00e4\u00e1\u00f7. \u00b0\u00f0\u00ef\u00eb\u00ec\u00e5\u00e9\u00f3\u00f4\u00e9\u00eb\u00dc \u00eb\u00e1\u00e9\u00ee\u00ef\u00f4\u00ef\u00ed\u00dd\u00e1: \u00a1\u00e9\u00e1 \u00e5\u00ee\u00dd\u00f3\u00f8\u00f9\u00f3\u00e8 \u00f4\u00e8\u00f7 \u00e1\u00ee\u00f4\u00e9\u00ef\u00ea\u00e5\u00e9\u00e4\u00f6\u00f4\u00e9\u00eb\u00dc\u00f7 \u00e4\u00f2\u00c0\u00f3\u00e8\u00f7, \u00e8 APIVITA \u00db\u00f8\u00e5\u00e9 \u00e1\u00ee\u00f4\u00e9\u00eb\u00e1\u00f4\u00e1\u00f3\u00f4\u00dc\u00f3\u00e5\u00e9 \u00f4\u00ef \u00ee\u00e5\u00f2\u00de \u00ed\u00e5 \u00db\u00e7\u00f8\u00f9\u00ed\u00e1 \u00f0\u00f2\u00c0\u00f3\u00e9\u00ee\u00ef\u00f9 \u00f4\u00f3\u00e1\u00e7\u00e9\u00ef\u00e0 \u00e2\u00e9\u00ef\u00ec\u00ef\u00e7\u00e9\u00eb\u00dc\u00f7 \u00eb\u00e1\u00ec\u00ec\u00e9\u00db\u00f2\u00e7\u00e5\u00e9\u00e1\u00f7.<\/p>\n<p>\u00c6\u00ef \u00f0\u00f2\u00ef\u00fb\u00de\u00ee \u00e4\u00e5\u00ee \u00f0\u00e5\u00f2\u00e9\u00db\u00f8\u00e5\u00e9 \u00f3\u00f9\u00ee\u00f5\u00e5\u00f4\u00e9\u00eb\u00c0 \u00f3\u00f9\u00f3\u00f4\u00e1\u00f4\u00e9\u00eb\u00c0 \u00f4\u00e1 \u00ef\u00f0\u00ef\u00dd\u00e1 \u00ed\u00f0\u00ef\u00f2\u00ef\u00e0\u00ee \u00ee\u00e1 \u00db\u00f8\u00ef\u00f9\u00ee \u00e5\u00f2\u00ee\u00e8\u00f4\u00e9\u00eb\u00dc \u00e5\u00f0\u00dd\u00f0\u00f4\u00f6\u00f3\u00e8 \u00f3\u00f4\u00e8\u00ee \u00f9\u00e7\u00e5\u00dd\u00e1 \u00eb\u00e1\u00e9 \u00f3\u00f4\u00ef \u00f0\u00e5\u00f2\u00e9\u00e2\u00c0\u00ec\u00ec\u00ef\u00ee. \u00cc\u00f6\u00f2\u00dd\u00f7: Mineral Oil, Silicone and Propylene Glycol.<\/p>\n<p>\u00a2\u00b6\u00c4\u00bb\u00b0\u00c6\u00c3\u00a4\u00c3\u00a1\u00b9\u00ba\u00b0 \u00b6\u00a4\u00b6\u00a1\u00bb\u00b6\u00c1\u00c3, \u00c3\u00bc\u00a3\u00b0\u00bb\u00c3\u00a4\u00c3\u00a1\u00b9\u00ba\u00b0 \u00b6\u00a4\u00b6\u00a1\u00bb\u00b6\u00c1\u00c3.<\/p>\n<p>\u00c6\u00f2\u00de\u00f0\u00ef\u00f7 \u00cc\u00f2\u00dc\u00f3\u00e8\u00f7: \u00b0\u00f0\u00ec\u00f1\u00f3\u00f4\u00e5 \u00ed\u00e5 \u00e1\u00f0\u00e1\u00ec\u00db\u00f7 \u00eb\u00f9\u00eb\u00ec\u00e9\u00eb\u00db\u00f7 \u00eb\u00e9\u00ee\u00dc\u00f3\u00e5\u00e9\u00f7 \u00f3\u00e5 \u00de\u00ec\u00ef \u00f4\u00ef \u00f0\u00f2\u00de\u00f3\u00f6\u00f0\u00ef, \u00f4\u00e1 \u00ed\u00c0\u00f4\u00e9\u00e1 \u00eb\u00e1\u00e9 \u00f4\u00ef \u00ec\u00e1\u00e9\u00ed\u00de \u00eb\u00e1\u00e9 \u00f3\u00f4\u00e8 \u00f3\u00f9\u00ee\u00db\u00f8\u00e5\u00e9\u00e1 \u00e1\u00e6\u00e1\u00e9\u00f2\u00db\u00f3\u00f4\u00e5 \u00f4\u00ef \u00f0\u00f2\u00ef\u00fb\u00de\u00ee \u00ed\u00e5 \u00e2\u00e1\u00ed\u00e2\u00c0\u00eb\u00e9. \u00bb\u00de\u00ee\u00ef \u00e7\u00e9\u00e1 \u00e5\u00ea\u00f6\u00f4\u00e5\u00f2\u00e9\u00eb\u00dc \u00f8\u00f2\u00dc\u00f3\u00e8.<\/p>\n<p>\u00aa\u00f9\u00f3\u00f4\u00e1\u00f4\u00e9\u00eb\u00c0: \u00c6\u00ef \u00e7\u00e1\u00ec\u00c0\u00eb\u00f4\u00f6\u00ed\u00e1 3 \u00f3\u00e5 1 \u00e7\u00e9\u00e1 \u00f0\u00f2\u00de\u00f3\u00f6\u00f0\u00ef &amp; \u00ed\u00c0\u00f4\u00e9\u00e1 \u00db\u00f8\u00e5\u00e9 \u00f0\u00ec\u00ef\u00e0\u00f3\u00e9\u00e1 \u00f3\u00e0\u00ee\u00f5\u00e5\u00f3\u00e8 \u00eb\u00e1\u00e9 \u00f0\u00e5\u00f2\u00e9\u00db\u00f8\u00e5\u00e9 99% \u00e6\u00f9\u00f3\u00e9\u00eb\u00c0 \u00f3\u00f9\u00f3\u00f4\u00e1\u00f4\u00e9\u00eb\u00c0. ME: \u00a4\u00c0\u00e4\u00e9 \u00b0\u00ed\u00f9\u00e7\u00e4\u00c0\u00ec\u00ef\u00f9, \u00a4\u00c0\u00e4\u00e9 \u00b6\u00ec\u00e9\u00c0\u00f7*, \u00cc\u00e1\u00ed\u00ef\u00ed\u00dc\u00ec\u00e9*, \u00bb\u00db\u00ec\u00e9*, \u00a4\u00e5\u00e2\u00c0\u00ee\u00f4\u00e1*, \u00a6\u00f2\u00de\u00f0\u00ef\u00ec\u00e8, Bisabolol. \u00cd\u00f2\u00f6\u00ed\u00e1: \u00a1\u00e5\u00f2\u00c0\u00ee\u00e9 \u00eb\u00e1\u00e9 \u00e7\u00e1\u00f2\u00e0\u00e6\u00e1\u00ec\u00ec\u00ef \u00e1\u00e9\u00f5\u00db\u00f2\u00e9\u00ef \u00db\u00ec\u00e1\u00e9\u00ef. \u00ce\u00e7\u00f8\u00f9\u00ed\u00e1 \u00e1\u00f0\u00de \u00a6\u00f2\u00c0\u00f3\u00e9\u00ee\u00ef \u00f4\u00f3\u00c0\u00e9* \u00e1\u00ee\u00f4\u00dd \u00e7\u00e9\u00e1 \u00ee\u00e5\u00f2\u00de. *(\u00b0\u00f0\u00de \u00f0\u00e9\u00f3\u00f4\u00ef\u00f0\u00ef\u00e9\u00e8\u00ed\u00db\u00ee\u00e5\u00f7 \u00e2\u00e9\u00ef\u00ec\u00ef\u00e7\u00e9\u00eb\u00db\u00f7 \u00eb\u00e1\u00ec\u00ec\u00e9\u00db\u00f2\u00e7\u00e5\u00e9\u00e5\u00f7).<\/p>\n<p>\u00aa\u00f9\u00f3\u00eb\u00e5\u00f9\u00e1\u00f3\u00dd\u00e1: \u00bc\u00e9\u00e1\u00ec\u00dd\u00e4\u00e9\u00ef 200ml.<\/p>\n<p>&nbsp;<\/p>\n","protected":false},"featured_media":0,"comment_status":"closed","ping_status":"open","template":"","meta":{"_monsterinsights_skip_tracking":false,"_monsterinsights_sitenote_active":false,"_monsterinsights_sitenote_note":"","_monsterinsights_sitenote_category":0},"product_brand":[357],"product_cat":[1180,54,85,64],"product_tag":[],"class_list":{"0":"post-8681","1":"product","2":"type-product","3":"status-publish","5":"product_brand-apivita","6":"product_cat-katalogos","7":"product_cat-54","8":"product_cat-85","9":"product_cat-64","11":"first","12":"instock","13":"purchasable","14":"product-type-simple"},"aioseo_notices":[],"jetpack_sharing_enabled":true,"_links":{"self":[{"href":"https:\/\/demo3.bigdigital.gr\/index.php\/wp-json\/wp\/v2\/product\/8681","targetHints":{"allow":["GET"]}}],"collection":[{"href":"https:\/\/demo3.bigdigital.gr\/index.php\/wp-json\/wp\/v2\/product"}],"about":[{"href":"https:\/\/demo3.bigdigital.gr\/index.php\/wp-json\/wp\/v2\/types\/product"}],"replies":[{"embeddable":true,"href":"https:\/\/demo3.bigdigital.gr\/index.php\/wp-json\/wp\/v2\/comments?post=8681"}],"wp:attachment":[{"href":"https:\/\/demo3.bigdigital.gr\/index.php\/wp-json\/wp\/v2\/media?parent=8681"}],"wp:term":[{"taxonomy":"product_brand","embeddable":true,"href":"https:\/\/demo3.bigdigital.gr\/index.php\/wp-json\/wp\/v2\/product_brand?post=8681"},{"taxonomy":"product_cat","embeddable":true,"href":"https:\/\/demo3.bigdigital.gr\/index.php\/wp-json\/wp\/v2\/product_cat?post=8681"},{"taxonomy":"product_tag","embeddable":true,"href":"https:\/\/demo3.bigdigital.gr\/index.php\/wp-json\/wp\/v2\/product_tag?post=8681"}],"curies":[{"name":"wp","href":"https:\/\/api.w.org\/{rel}","templated":true}]}}