{"id":8697,"date":"2025-10-14T08:18:10","date_gmt":"2025-10-14T06:18:10","guid":{"rendered":"https:\/\/demo3.bigdigital.gr\/index.php\/product\/uriage-refreshing-make-up-removing-jelly-iauoiciieoeeth-aeuai-aoaiaeeceau-150ml\/"},"modified":"2025-11-03T03:09:31","modified_gmt":"2025-11-03T01:09:31","slug":"uriage-refreshing-make-up-removing-jelly-iauoiciieoeeth-aeuai-aoaiaeeceau-150ml","status":"publish","type":"product","link":"https:\/\/demo3.bigdigital.gr\/index.php\/product\/uriage-refreshing-make-up-removing-jelly-iauoiciieoeeth-aeuai-aoaiaeeceau-150ml\/","title":{"rendered":"URIAGE Refreshing Make-Up Removing Jelly \u00b0\u00ee\u00e1\u00fa\u00f6\u00ef\u00e7\u00ef\u00ee\u00e8\u00f4\u00e9\u00eb\u00de \u00c6\u00fa\u00e5\u00ec \u00c1\u00f4\u00e5\u00ed\u00e1\u00eb\u00e9\u00e7\u00e9\u00c0\u00fa 150ml"},"content":{"rendered":"","protected":false},"excerpt":{"rendered":"<p>URIAGE Refreshing Make-Up Removing Jelly \u00b0\u00ee\u00e1\u00fa\u00f6\u00ef\u00e7\u00ef\u00ee\u00e8\u00f4\u00e9\u00eb\u00de \u00c6\u00fa\u00e5\u00ec \u00c1\u00f4\u00e5\u00ed\u00e1\u00eb\u00e9\u00e7\u00e9\u00c0\u00fa 150ml<\/p>\n<p>\u00ef \u00e1\u00ee\u00e1\u00fa\u00f6\u00ef\u00e7\u00ef\u00ee\u00e8\u00f4\u00e9\u00eb\u00de make-up removing jelly Uriage, \u00eb\u00e1\u00f5\u00e1\u00f2\u00dd\u00fa\u00e5\u00e9 \u00e1\u00f0\u00e1\u00ec\u00c0 \u00eb\u00e1\u00e9 \u00e1\u00e6\u00e1\u00e9\u00f2\u00e5\u00dd \u00f4\u00ef \u00ed\u00e1\u00eb\u00e9\u00e7\u00e9\u00c0\u00fa \u00e1\u00f0\u00de \u00f4\u00ef \u00f0\u00f2\u00de\u00f3\u00f6\u00f0\u00ef \u00eb\u00e1\u00e9 \u00f4\u00e1 \u00ed\u00c0\u00f4\u00e9\u00e1. \u00b0\u00f9\u00f4\u00de \u00f4\u00ef \u00ee\u00db\u00ef \u00f0\u00f2\u00ef\u00fb\u00de\u00ee \u00e4\u00e8\u00ed\u00e9\u00ef\u00f9\u00f2\u00e7\u00e5\u00dd \u00ed\u00e9\u00e1 \u00f0\u00f2\u00e1\u00e7\u00ed\u00e1\u00f4\u00e9\u00eb\u00dc \u00e1\u00dd\u00f3\u00f5\u00e8\u00f3\u00e8 \u00e6\u00f2\u00e5\u00f3\u00eb\u00c0\u00e4\u00e1\u00f7 \u00ed\u00e5 \u00f4\u00e8 \u00ed\u00ef\u00ee\u00e1\u00e4\u00e9\u00eb\u00dc \u00f4\u00ef\u00f9 \u00f9\u00e6\u00dc. \u00b9\u00e4\u00e1\u00ee\u00e9\u00eb\u00de \u00e7\u00e9\u00e1 \u00ed\u00e9\u00eb\u00f4\u00db\u00f7 \u00db\u00f6\u00f7 \u00ec\u00e9\u00f0\u00e1\u00f2\u00db\u00f7 \u00e5\u00f0\u00e9\u00e4\u00e5\u00f2\u00ed\u00dd\u00e4\u00e5\u00f7! \u00c6\u00ef \u00e4\u00db\u00f2\u00ed\u00e1 \u00e5\u00dd\u00ee\u00e1\u00e9 \u00eb\u00e1\u00f5\u00e1\u00f2\u00de, \u00e1\u00f0\u00e1\u00ec\u00de \u00eb\u00e1\u00e9 \u00ec\u00e5\u00dd\u00ef. \u00b0\u00f9\u00f4\u00dc \u00e8 \u00f3\u00e0\u00ee\u00f5\u00e5\u00f3\u00e8 \u00f0\u00e5\u00f2\u00e9\u00db\u00f8\u00e5\u00e9 94% \u00f3\u00f9\u00f3\u00f4\u00e1\u00f4\u00e9\u00eb\u00c0 \u00e6\u00f9\u00f3\u00e9\u00eb\u00dc\u00f7 \u00f0\u00f2\u00ef\u00db\u00ec\u00e5\u00f9\u00f3\u00e8\u00f7.<\/p>\n<p>\u00ba\u00b0\u00a3\u00b0\u00c4\u00b9\u00b7\u00b6\u00b9, \u00b6\u00a5\u00cb\u00a1\u00b9\u00b0\u00b9\u00c1\u00b6\u00b9 &amp; \u00b0\u00bc\u00b0\u00b9\u00c4\u00b6\u00b9 \u00c6\u00c3 \u00bb\u00b0\u00ba\u00b9\u00a1\u00b9\u00b0\u00b7<\/p>\n<p>\u00b8 \u00e5\u00ea\u00e1\u00e9\u00f2\u00e5\u00f4\u00e9\u00eb\u00c0 \u00e1\u00f0\u00e1\u00ec\u00dc \u00eb\u00e1\u00f5\u00e1\u00f2\u00e9\u00f3\u00f4\u00e9\u00eb\u00dc \u00f4\u00ef\u00f9 \u00e2\u00c0\u00f3\u00e8 \u00e5\u00ea\u00e1\u00ec\u00e5\u00dd\u00e6\u00e5\u00e9 \u00de\u00ec\u00ef\u00f9\u00f7 \u00f4\u00ef\u00f9\u00f7 \u00f2\u00e0\u00f0\u00ef\u00f9\u00f7 \u00e1\u00f0\u00de \u00f4\u00ef \u00f0\u00f2\u00de\u00f3\u00f6\u00f0\u00ef \u00eb\u00e1\u00e9 \u00eb\u00e1\u00f5\u00e1\u00f2\u00dd\u00fa\u00e5\u00e9 \u00f3\u00e5 \u00e2\u00c0\u00f5\u00ef\u00f7 \u00f4\u00ef \u00e4\u00db\u00f2\u00ed\u00e1.<\/p>\n<p>&nbsp;<\/p>\n<p>\u00bb\u00b6\u00b9\u00bf\u00c1\u00b6\u00b9 \u00c6\u00c3 \u00b0\u00b9\u00aa\u00a3\u00b8\u00bb\u00b0 \u00c6\u00c4\u00b0\u00b5\u00b8\u00a1\u00bb\u00b0\u00c6\u00c3\u00aa<\/p>\n<p>\u00b6\u00ed\u00f0\u00ec\u00ef\u00f9\u00f4\u00e9\u00f3\u00ed\u00db\u00ee\u00ef \u00ed\u00e5 \u00b9\u00e1\u00ed\u00e1\u00f4\u00e9\u00eb\u00de \u00c1\u00e5\u00f2\u00de Uriage \u00eb\u00e1\u00e9 \u00ef\u00f2\u00e7\u00e1\u00ee\u00e9\u00eb\u00de \u00e5\u00eb\u00f8\u00e0\u00ec\u00e9\u00f3\u00ed\u00e1 Edelweiss, \u00e1\u00f9\u00f4\u00de \u00f4\u00ef gel \u00f5\u00e1 \u00f0\u00f2\u00ef\u00f3\u00e6\u00db\u00f2\u00e5\u00e9 \u00ed\u00e9\u00e1 \u00e1\u00dd\u00f3\u00f5\u00e8\u00f3\u00e8 \u00e6\u00f2\u00e5\u00f3\u00eb\u00c0\u00e4\u00e1\u00f7 \u00e5\u00ee\u00f1 \u00f5\u00e1 \u00e1\u00ee\u00e1\u00eb\u00ef\u00f9\u00e6\u00dd\u00f3\u00e5\u00e9 \u00f4\u00ef \u00e4\u00db\u00f2\u00ed\u00e1 \u00f3\u00e1\u00f7.<\/p>\n<p>&nbsp;<\/p>\n<p>O\u00b9\u00ba\u00c3\u00a4\u00c3\u00a1\u00b9\u00ba\u00b0 \u00cb\u00a6\u00b6\u00cb\u00a3\u00cb\u00c1\u00b8 \u00a6\u00c4\u00c3\u00aa\u00b6\u00a1\u00a1\u00b9\u00aa\u00b8<\/p>\n<p>\u00aa\u00cb\u00c1\u00a3\u00b6\u00aa\u00b8 \u00bc\u00cb\u00aa\u00b9\u00ba\u00b8\u00aa \u00a6\u00c4\u00c3\u00b6\u00a4\u00b6\u00cb\u00aa\u00b8\u00aa<\/p>\n<p>94% \u00f3\u00f9\u00f3\u00f4\u00e1\u00f4\u00e9\u00eb\u00c0 \u00e6\u00f9\u00f3\u00e9\u00eb\u00dc\u00f7 \u00f0\u00f2\u00ef\u00db\u00ec\u00e5\u00f9\u00f3\u00e8\u00f7<\/p>\n<p>&#8211; 100% \u00e6\u00f9\u00f3\u00e9\u00eb\u00de \u00f3\u00e0\u00ed\u00f0\u00ec\u00ef\u00eb\u00ef \u00e1\u00f0\u00de \u00f4\u00e9\u00f7 \u00cd\u00ec\u00f0\u00e5\u00e9\u00f7: [\u00b9\u00e1\u00ed\u00e1\u00f4\u00e9\u00eb\u00de \u00c1\u00e5\u00f2\u00de Uriage+ \u00c3\u00f2\u00e7\u00e1\u00ee\u00e9\u00eb\u00de \u00b6\u00eb\u00f8\u00e0\u00ec\u00e9\u00f3\u00ed\u00e1 Edelweiss]<\/p>\n<p>\u00c3\u00b9\u00ba\u00c3\u00a4\u00c3\u00a1\u00b9\u00ba\u00b8 \u00aa\u00cb\u00aa\u00ba\u00b6\u00cb\u00b0\u00aa\u00b9\u00b0:<\/p>\n<p>&#8211; 100% \u00e1\u00ee\u00e1\u00eb\u00f9\u00eb\u00ec\u00f1\u00f3\u00e9\u00ed\u00ef \u00f3\u00f6\u00ec\u00e8\u00ee\u00c0\u00f2\u00e9\u00ef \u00ed\u00e5 \u00ec\u00e5\u00f0\u00f4\u00de \u00eb\u00e1\u00f0\u00c0\u00eb\u00e9, \u00ed\u00e5\u00e9\u00f1\u00ee\u00ef\u00ee\u00f4\u00e1\u00f7 \u00f4\u00ef \u00f0\u00ec\u00e1\u00f3\u00f4\u00e9\u00eb\u00de \u00eb\u00e1\u00f4\u00c0 10%.<\/p>\n<p>&nbsp;<\/p>\n<p>\u00b0\u00f0\u00ef\u00f4\u00e5\u00ec\u00db\u00f3\u00ed\u00e1\u00f4\u00e1<\/p>\n<p>&nbsp;<\/p>\n<p>\u00b0\u00bc\u00b0\u00b9\u00c4\u00b6\u00b9 \u00b0\u00a6\u00b0\u00a4\u00b0 \u00bb\u00b0\u00ba\u00b9\u00a1\u00b9\u00b0\u00b7 \u00b0\u00a6\u00c3 \u00a6\u00c4\u00c3\u00aa\u00bf\u00a6\u00c3 \u00ba\u00b0\u00b9 \u00c6\u00b0 \u00bb\u00b0\u00c6\u00b9\u00b0<\/p>\n<p>\u00b0\u00b9\u00aa\u00a3\u00b8\u00aa\u00b8 \u00bc\u00c4\u00b6\u00aa\u00ba\u00b0\u00a2\u00b0\u00aa: 96%* \u00e9\u00eb\u00e1\u00ee\u00ef\u00f0\u00ef\u00dd\u00e8\u00f3\u00e8<\/p>\n<p>\u00ba\u00b0\u00a3\u00b0\u00c4\u00c3 &amp; \u00b0\u00a6\u00b0\u00a4\u00c3 \u00a2\u00b6\u00c4\u00bb\u00b0 91%* \u00e9\u00eb\u00e1\u00ee\u00ef\u00f0\u00ef\u00dd\u00e8\u00f3\u00e8<\/p>\n<p>*\u00a2\u00ef\u00eb\u00e9\u00ed\u00e1\u00f3\u00ed\u00db\u00ee\u00ef \u00f9\u00f0\u00de \u00e4\u00e5\u00f2\u00ed\u00e1\u00f4\u00ef\u00ec\u00ef\u00e7\u00e9\u00eb\u00de \u00eb\u00e1\u00e9 \u00ef\u00e6\u00f5\u00e1\u00ec\u00ed\u00ef\u00ec\u00ef\u00e7\u00e9\u00eb\u00de \u00db\u00ec\u00e5\u00e7\u00f8\u00ef \u00f3\u00e5 23 \u00e7\u00f9\u00ee\u00e1\u00dd\u00eb\u00e5\u00f7 \u00ed\u00e5 \u00ed\u00db\u00f3\u00ef \u00de\u00f2\u00ef \u00e8\u00ec\u00e9\u00eb\u00dd\u00e1\u00f7 43 \u00e5\u00f4\u00f1\u00ee (\u00e1\u00f0\u00de 18 \u00db\u00f6\u00f7 66 \u00e5\u00f4\u00f1\u00ee), \u00ed\u00e5 \u00eb\u00e1\u00ee\u00ef\u00ee\u00e9\u00eb\u00de \u00db\u00f6\u00f7 \u00ed\u00e5\u00e9\u00eb\u00f4\u00de \u00e4\u00db\u00f2\u00ed\u00e1, 100% \u00e5\u00f9\u00e1\u00dd\u00f3\u00f5\u00e8\u00f4\u00ef \u00eb\u00e1\u00e9 \u00ed\u00e5 \u00ed\u00e1\u00eb\u00e9\u00e7\u00e9\u00c0\u00fa. 1 \u00db\u00f6\u00f7 2 \u00eb\u00e1\u00f5\u00e8\u00ed\u00e5\u00f2\u00e9\u00ee\u00db\u00f7 \u00e5\u00e6\u00e1\u00f2\u00ed\u00ef\u00e7\u00db\u00f7 \u00e7\u00e9\u00e1 21 \u00e8\u00ed\u00db\u00f2\u00e5\u00f7 &#8212; % \u00e9\u00eb\u00e1\u00ee\u00ef\u00f0\u00ef\u00dd\u00e8\u00f3\u00e8<\/p>\n<p>\u00b6\u00ee\u00e5\u00f2\u00e7\u00c0 \u00f3\u00f9\u00f3\u00f4\u00e1\u00f4\u00e9\u00eb\u00c0<\/p>\n<p>94% \u00f3\u00f9\u00f3\u00f4\u00e1\u00f4\u00e9\u00eb\u00c0 \u00e6\u00f9\u00f3\u00e9\u00eb\u00dc\u00f7 \u00f0\u00f2\u00ef\u00db\u00ec\u00e5\u00f9\u00f3\u00e8\u00f7 \u2014 \u00aa\u00e0\u00ed\u00f0\u00ec\u00ef\u00eb\u00ef [\u00b9\u00e1\u00ed\u00e1\u00f4\u00e9\u00eb\u00de \u00ee\u00e5\u00f2\u00de Uriage + \u00c3\u00f2\u00e7\u00e1\u00ee\u00e9\u00eb\u00de \u00e5\u00eb\u00f8\u00e0\u00ec\u00e9\u00f3\u00ed\u00e1 Edelweiss]\u2014 \u00bc\u00f2\u00ef\u00f9\u00f4\u00f1\u00e4\u00e5\u00f7, \u00ec\u00ef\u00f9\u00ec\u00ef\u00f9\u00e4\u00db\u00ee\u00e9\u00ef \u00c0\u00f2\u00f6\u00ed\u00e1 \u00ed\u00e5 \u00de\u00ea\u00e9\u00ee\u00e5\u00f7 \u00ee\u00de\u00f4\u00e5\u00f7 \u2014 \u00ba\u00e1\u00e9\u00ee\u00ef\u00f4\u00de\u00ed\u00e1 \u00e6\u00f2\u00db\u00f3\u00eb\u00e9\u00e1 \u00f9\u00e6\u00dc jelly<\/p>\n<p>\u00c1\u00db\u00e1 \u00e5\u00e6\u00e1\u00f2\u00ed\u00ef\u00e7\u00dc \u00f8\u00f6\u00f2\u00dd\u00f7 \u00e2\u00e1\u00ed\u00e2\u00c0\u00eb\u00e9-\u00b0\u00e6\u00e1\u00e9\u00f2\u00e5\u00dd \u00f4\u00ef \u00ed\u00e1\u00eb\u00e9\u00e7\u00e9\u00c0\u00fa \u00eb\u00e1\u00e9 \u00eb\u00e1\u00f5\u00e1\u00f2\u00dd\u00fa\u00e5\u00e9 \u00ed\u00e5 \u00db\u00ee\u00e1 \u00e2\u00dc\u00ed\u00e1 \u2014 \u00a2\u00ef\u00eb\u00e9\u00ed\u00e1\u00f3\u00ed\u00db\u00ee\u00ef \u00eb\u00c0\u00f4\u00f6 \u00e1\u00f0\u00de \u00e4\u00e5\u00f2\u00ed\u00e1\u00f4\u00ef\u00ec\u00ef\u00e7\u00e9\u00eb\u00de \u00db\u00ec\u00e5\u00e7\u00f8\u00ef<\/p>\n<p>\u00cc\u00f2\u00dc\u00f3\u00e8<\/p>\n<p>\u00b6\u00e6\u00e1\u00f2\u00ed\u00de\u00f3\u00f4\u00e5 \u00f3\u00e5 \u00e5\u00ec\u00e1\u00e6\u00f2\u00f1\u00f7 \u00e2\u00f2\u00e5\u00e7\u00ed\u00db\u00ee\u00ef \u00f0\u00f2\u00de\u00f3\u00f6\u00f0\u00ef \u00ed\u00e5 \u00f4\u00e1 \u00e4\u00c0\u00f8\u00f4\u00f9\u00ec\u00e1. \u00ba\u00c0\u00ee\u00f4\u00e5 \u00e1\u00f0\u00e1\u00ec\u00de \u00ed\u00e1\u00f3\u00c0\u00fa, \u00ef\u00ec\u00ef\u00eb\u00ec\u00e8\u00f2\u00f1\u00f3\u00f4\u00e5 \u00ed\u00e5 \u00db\u00ee\u00e1 \u00e2\u00e1\u00ed\u00e2\u00c0\u00eb\u00e9 \u00dc \u00db\u00ee\u00e1 \u00e5\u00f0\u00e1\u00ee\u00e1\u00f8\u00f2\u00e8\u00f3\u00e9\u00ed\u00ef\u00f0\u00ef\u00e9\u00ef\u00e0\u00ed\u00e5\u00ee\u00ef \u00e4\u00dd\u00f3\u00eb\u00ef \u00eb\u00e1\u00f5\u00e1\u00f2\u00e9\u00f3\u00ed\u00ef\u00e0 \u00eb\u00e1\u00e9 \u00db\u00f0\u00e5\u00e9\u00f4\u00e1 \u00ea\u00e5\u00f0\u00ec\u00e0\u00ee\u00e5\u00f4\u00e5.<\/p>\n<p>\u00aa\u00f9\u00f3\u00f4\u00e1\u00f4\u00e9\u00eb\u00c0<\/p>\n<p>AQUA (WATER, EAU) &#8211; POLOXAMER 184 &#8211; PROPANEDIOL &#8211; CAPRYLYL\/CAPRYL GLUCOSIDE &#8211; 1,2-HEXANEDIOL &#8211; TRIETHYL CITRATE &#8211; ACRYLATES\/C10-30 ALKYL ACRYLATE CROSSPOLYMER &#8211; HYDROXYACETOPHENONE &#8211; PARFUM (FRAGRANCE) &#8211; SODIUM HYDROXIDE &#8211; GLYCERIN &#8211; LEONTOPODIUM ALPINUM FLOWER\/LEAF EXTRACT &#8211; CITRIC ACID<\/p>\n<p>&nbsp;<\/p>\n<p>&nbsp;<\/p>\n","protected":false},"featured_media":0,"comment_status":"closed","ping_status":"open","template":"","meta":{"_monsterinsights_skip_tracking":false,"_monsterinsights_sitenote_active":false,"_monsterinsights_sitenote_note":"","_monsterinsights_sitenote_category":0},"product_brand":[397],"product_cat":[1180,154,54,70],"product_tag":[],"class_list":{"0":"post-8697","1":"product","2":"type-product","3":"status-publish","5":"product_brand-uriage","6":"product_cat-katalogos","7":"product_cat-154","8":"product_cat-54","9":"product_cat-70","11":"first","12":"instock","13":"purchasable","14":"product-type-simple"},"aioseo_notices":[],"jetpack_sharing_enabled":true,"_links":{"self":[{"href":"https:\/\/demo3.bigdigital.gr\/index.php\/wp-json\/wp\/v2\/product\/8697","targetHints":{"allow":["GET"]}}],"collection":[{"href":"https:\/\/demo3.bigdigital.gr\/index.php\/wp-json\/wp\/v2\/product"}],"about":[{"href":"https:\/\/demo3.bigdigital.gr\/index.php\/wp-json\/wp\/v2\/types\/product"}],"replies":[{"embeddable":true,"href":"https:\/\/demo3.bigdigital.gr\/index.php\/wp-json\/wp\/v2\/comments?post=8697"}],"wp:attachment":[{"href":"https:\/\/demo3.bigdigital.gr\/index.php\/wp-json\/wp\/v2\/media?parent=8697"}],"wp:term":[{"taxonomy":"product_brand","embeddable":true,"href":"https:\/\/demo3.bigdigital.gr\/index.php\/wp-json\/wp\/v2\/product_brand?post=8697"},{"taxonomy":"product_cat","embeddable":true,"href":"https:\/\/demo3.bigdigital.gr\/index.php\/wp-json\/wp\/v2\/product_cat?post=8697"},{"taxonomy":"product_tag","embeddable":true,"href":"https:\/\/demo3.bigdigital.gr\/index.php\/wp-json\/wp\/v2\/product_tag?post=8697"}],"curies":[{"name":"wp","href":"https:\/\/api.w.org\/{rel}","templated":true}]}}