{"id":8702,"date":"2025-10-14T08:18:10","date_gmt":"2025-10-14T06:18:10","guid":{"rendered":"https:\/\/demo3.bigdigital.gr\/index.php\/product\/uriage-hyseac-3-regul-anti-blemish-global-care-40ml-2\/"},"modified":"2025-10-14T08:18:11","modified_gmt":"2025-10-14T06:18:11","slug":"uriage-hyseac-3-regul-anti-blemish-global-care-40ml-2","status":"publish","type":"product","link":"https:\/\/demo3.bigdigital.gr\/index.php\/product\/uriage-hyseac-3-regul-anti-blemish-global-care-40ml-2\/","title":{"rendered":"Uriage Hyseac 3-Regul+ Anti-Blemish Global Care 40ml"},"content":{"rendered":"","protected":false},"excerpt":{"rendered":"<p>Uriage Hyseac 3-Regul+ Anti-Blemish Global Care 40ml<\/p>\n<p>\u00bc\u00f2\u00ef\u00ee\u00f4\u00dd\u00e4\u00e1 \u00eb\u00e1\u00f4\u00c0 \u00f4\u00f6\u00ee \u00b0\u00f4\u00e5\u00ec\u00e5\u00e9\u00f1\u00ee&nbsp;\u00e7\u00e9\u00e1 \u00a4\u00e9\u00f0\u00e1\u00f2\u00dc&nbsp;\u00ed\u00e5 \u00c6\u00c0\u00f3\u00e8 \u00e7\u00e9\u00e1 \u00b0\u00f4\u00db\u00ec\u00e5\u00e9\u00e5\u00f7 \u00b6\u00f0\u00e9\u00e4\u00e5\u00f2\u00ed\u00dd\u00e4\u00e1<\/p>\n<p>\u00b8 \u00ee\u00db\u00e1 \u00a6\u00e1\u00f4\u00e5\u00ee\u00f4\u00e1\u00f2\u00e9\u00f3\u00ed\u00db\u00ee\u00e8 \u00c6\u00e5\u00f8\u00ee\u00ef\u00ec\u00ef\u00e7\u00dd\u00e1 \u00bb\u00e9\u00eb\u00f2\u00ef\u00e2\u00e9\u00f1\u00ed\u00e1\u00f4\u00ef\u00f7 \u00e5\u00dd\u00ee\u00e1\u00e9 \u00e5\u00ee\u00f3\u00f6\u00ed\u00e1\u00f4\u00f6\u00ed\u00db\u00ee\u00e8 \u00f3\u00e5 \u00ed\u00e9\u00e1 \u00e6\u00de\u00f2\u00ed\u00ef\u00f9\u00ec\u00e1 \u00ed\u00e5 \u00f4\u00db\u00f3\u00f3\u00e5\u00f2\u00e9\u00f7 \u00f0\u00e1\u00f4\u00db\u00ee\u00f4\u00e5\u00f7 [Endo Regul + MPA Regul + TLR2 Regul + \u00a1\u00ec\u00f9\u00eb\u00de\u00f2\u00e9\u00fa\u00e1] \u00e8 \u00ef\u00f0\u00ef\u00dd\u00e1 \u00e5\u00ea\u00e9\u00f3\u00ef\u00f2\u00f2\u00ef\u00f0\u00e5\u00dd \u00f4\u00ef \u00ed\u00e9\u00eb\u00f2\u00ef\u00e2\u00dd\u00f6\u00ed\u00e1, \u00eb\u00e1\u00e9 \u00e1\u00f0\u00ef\u00e4\u00e5\u00e9\u00eb\u00ee\u00e0\u00e5\u00f4\u00e1\u00e9 \u00ed\u00e5 \u00ed\u00e9\u00e1 \u00e1\u00f0\u00de \u00f4\u00e9\u00f7 \u00f0\u00e9\u00ef \u00f3\u00e0\u00e7\u00f8\u00f2\u00ef\u00ee\u00e5\u00f7 \u00ed\u00e5\u00f5\u00de\u00e4\u00ef\u00f9\u00f7 \u00e1\u00ee\u00c0\u00ec\u00f9\u00f3\u00e8\u00f7, \u00f4\u00e8 \u00ed\u00e5\u00f4\u00e1\u00e7\u00ef\u00ee\u00e9\u00e4\u00e9\u00f6\u00ed\u00e1\u00f4\u00e9\u00eb\u00dc \u00e1\u00ee\u00c0\u00ec\u00f9\u00f3\u00e8 \u00f3\u00e5 \u00e2\u00c0\u00f5\u00ef\u00f7. \u00a2\u00e9\u00e1\u00f5\u00db\u00f4\u00e5\u00e9&nbsp;\u00e5\u00ec\u00e1\u00e6\u00f2\u00e9\u00c0 \u00f9\u00e6\u00dc&nbsp;\u00e7\u00e9\u00e1 \u00eb\u00e1\u00f5\u00e1\u00f2\u00de \u00e4\u00db\u00f2\u00ed\u00e1 \u00eb\u00e1\u00e9 \u00ed\u00e1\u00f4 \u00e1\u00f0\u00ef\u00f4\u00db\u00ec\u00e5\u00f3\u00ed\u00e1.<\/p>\n<p>\u00b0\u00f9\u00f4\u00dc \u00e8 \u00ef\u00ec\u00ef\u00eb\u00ec\u00e8\u00f2\u00f6\u00ed\u00db\u00ee\u00e8 \u00e6\u00f2\u00ef\u00ee\u00f4\u00dd\u00e4\u00e1 \u00eb\u00e1\u00f4\u00c0 \u00f4\u00f6\u00ee \u00e1\u00f4\u00e5\u00ec\u00e5\u00e9\u00f1\u00ee \u00f3\u00f9\u00ee\u00e4\u00f9\u00c0\u00fa\u00e5\u00e9 \u00f4\u00e8\u00ee \u00f0\u00e1\u00f4\u00e5\u00ee\u00f4\u00e1\u00f2\u00e9\u00f3\u00ed\u00db\u00ee\u00e8 \u00f4\u00e5\u00f8\u00ee\u00ef\u00ec\u00ef\u00e7\u00dd\u00e1 \u00ed\u00e9\u00eb\u00f2\u00ef\u00e2\u00e9\u00f1\u00ed\u00e1\u00f4\u00ef\u00f7 \u00ed\u00e5 \u00f4\u00ef \u00e9\u00e1\u00ed\u00e1\u00f4\u00e9\u00eb\u00de \u00ee\u00e5\u00f2\u00de Uriage, \u00f3\u00e1\u00ec\u00e9\u00eb\u00e9\u00ec\u00e9\u00eb\u00de \u00ef\u00ea\u00e0, AHA \u00eb\u00e1\u00e9 \u00e3\u00e5\u00f9\u00e4\u00c0\u00f2\u00e7\u00f9\u00f2\u00ef \u00e7\u00e9\u00e1 \u00e4\u00e9\u00de\u00f2\u00f5\u00f6\u00f3\u00e8 \u00eb\u00c0\u00f5\u00e5 \u00f4\u00e0\u00f0\u00ef\u00f9 \u00e1\u00f4\u00db\u00ec\u00e5\u00e9\u00e1\u00f7 \u00f3\u00f4\u00ef&nbsp;\u00ec\u00e9\u00f0\u00e1\u00f2\u00de \u00e4\u00db\u00f2\u00ed\u00e1 \u00ed\u00e5 \u00f4\u00c0\u00f3\u00e8 \u00e1\u00eb\u00ed\u00dc\u00f7&nbsp;\u00eb\u00e1\u00e9&nbsp;\u00f0\u00e5\u00f2\u00e9\u00ef\u00f2\u00dd\u00fa\u00e5\u00e9 \u00f4\u00e9\u00f7 \u00e5\u00f0\u00dd\u00ed\u00ef\u00ee\u00e5\u00f7 \u00e1\u00f4\u00db\u00ec\u00e5\u00e9\u00e5\u00f7&nbsp;\u00eb\u00e1\u00e9 \u00f4\u00e8\u00ee \u00f9\u00f0\u00ef\u00f4\u00f2\u00ef\u00f0\u00dc.<\/p>\n<p>\u00a6\u00e9\u00ef \u00f3\u00f9\u00e7\u00eb\u00e5\u00eb\u00f2\u00e9\u00ed\u00db\u00ee\u00e1:<\/p>\n<p>\u00c4\u00f9\u00f5\u00ed\u00dd\u00fa\u00e5\u00e9 \u00f4\u00ef \u00ed\u00e9\u00eb\u00f2\u00ef\u00e2\u00e9\u00ef\u00e6\u00dd\u00ec\u00ed \u00f0\u00ef\u00f9 \u00f0\u00f2\u00ef\u00eb\u00e1\u00ec\u00e5\u00dd\u00f4\u00e1\u00e9 \u00e1\u00f0\u00de \u00f4\u00ef \u00c0\u00e7\u00f8\u00ef\u00f7<\/p>\n<p>\u00c4\u00f9\u00f5\u00ed\u00dd\u00fa\u00e5\u00e9 \u00f4\u00e1 \u00e1\u00ee\u00f4\u00e9\u00ed\u00e9\u00eb\u00f2\u00ef\u00e2\u00e9\u00e1\u00eb\u00c0 \u00f0\u00e5\u00f0\u00f4\u00dd\u00e4\u00e9\u00e1<\/p>\n<p>\u00c4\u00f9\u00f5\u00ed\u00dd\u00fa\u00e5\u00e9 \u00f4\u00ef \u00ed\u00e9\u00eb\u00f2\u00ef\u00e2\u00e9\u00ef\u00e6\u00dd\u00ec\u00ed \u00f4\u00ef\u00f9 C.acnes \u00eb\u00e1\u00e9 \u00ed\u00e5\u00e9\u00f1\u00ee\u00e5\u00e9 \u00f4\u00e8 \u00ed\u00ef\u00ec\u00f9\u00f3\u00ed\u00e1\u00f4\u00e9\u00eb\u00de\u00f4\u00e8\u00f4\u00e1 \u00f4\u00ef\u00f9<\/p>\n<p>\u00c4\u00f9\u00f5\u00ed\u00dd\u00fa\u00e5\u00e9 \u00f4\u00e8\u00ee \u00f0\u00e5\u00f2\u00dd\u00f3\u00f3\u00e5\u00e9\u00e1 \u00f3\u00ed\u00dc\u00e7\u00ed\u00e1\u00f4\u00ef\u00f7<\/p>\n<p>\u00b6\u00ea\u00f9\u00e7\u00e9\u00e1\u00dd\u00ee\u00e5\u00e9, \u00e5\u00ee\u00e9\u00f3\u00f8\u00e0\u00e5\u00e9 \u00f4\u00e8\u00ee \u00e1\u00ee\u00e1\u00ee\u00db\u00f6\u00f3\u00e8 \u00f4\u00ef\u00f9 \u00e4\u00db\u00f2\u00ed\u00e1\u00f4\u00ef\u00f7 \u00eb\u00e1\u00e9 \u00e2\u00ef\u00e8\u00f5\u00c0 \u00f3\u00f4\u00e8\u00ee \u00eb\u00e1\u00f4\u00e1\u00f0\u00ef\u00ec\u00db\u00ed\u00e8\u00f3\u00e8 \u00f4\u00e8\u00f7 \u00e6\u00ec\u00e5\u00e7\u00ed\u00ef\u00ee\u00dc\u00f7<\/p>\n<p>\u00b5\u00e5\u00ec\u00f4\u00e9\u00f3\u00f4\u00ef\u00f0\u00ef\u00e9\u00e5\u00dd \u00f4\u00e8\u00ee \u00f9\u00e6\u00dc \u00f4\u00ef\u00f9 \u00e4\u00db\u00f2\u00ed\u00e1\u00f4\u00ef\u00f7,&nbsp;\u00e1\u00f0\u00ef\u00ed\u00e1\u00eb\u00f2\u00e0\u00ee\u00e5\u00e9 \u00f4\u00ef \u00f3\u00ed\u00dc\u00e7\u00ed\u00e1&nbsp;\u00e1\u00f0\u00de \u00f4\u00ef\u00f9\u00f7 \u00f0\u00de\u00f2\u00ef\u00f9\u00f7<\/p>\n<p>\u00ba\u00e1\u00f4\u00e1\u00f0\u00f2\u00e1\u00fc\u00ee\u00e5\u00e9&nbsp;\u00f4\u00ef \u00e4\u00db\u00f2\u00ed\u00e1 \u00eb\u00e1\u00e9 \u00ed\u00e5\u00e9\u00f1\u00ee\u00e5\u00e9 \u00f4\u00e8\u00ee \u00e5\u00f2\u00f9\u00f5\u00f2\u00de\u00f4\u00e8\u00f4\u00e1<\/p>\n<p>\u00b6\u00f9\u00ee\u00ef\u00e5\u00dd \u00f4\u00e8\u00ee \u00e5\u00ea\u00e9\u00f3\u00ef\u00f2\u00f2\u00de\u00f0\u00e8\u00f3\u00e8 \u00f4\u00ef\u00f9 \u00ed\u00e9\u00eb\u00f2\u00ef\u00e2\u00e9\u00f1\u00ed\u00e1\u00f4\u00ef\u00f7 \u00f8\u00c0\u00f2\u00e8 \u00f3\u00f4\u00ef \u00e9\u00e1\u00ed\u00e1\u00f4\u00e9\u00eb\u00de \u00ee\u00e5\u00f2\u00de Uriage<\/p>\n<p>\u00bb\u00e8 \u00e6\u00e1\u00e7\u00e5\u00f3\u00f6\u00f2\u00ef\u00e7\u00de\u00ee\u00ef<br \/>\n\u00a2\u00e5\u00f2\u00ed\u00e1\u00f4\u00ef\u00ec\u00ef\u00e7\u00e9\u00eb\u00c0 \u00e5\u00ec\u00e5\u00e7\u00ed\u00db\u00ee\u00ef<\/p>\n<p>\u00b0\u00f0\u00ef\u00e6\u00e0\u00e7\u00e5\u00f4\u00e5 \u00e5\u00f0\u00e1\u00e6\u00dc \u00ed\u00e5 \u00f4\u00e1 \u00ed\u00c0\u00f4\u00e9\u00e1.<\/p>\n<p>\u00a6\u00f2\u00ef\u00e6\u00f9\u00ec\u00c0\u00ea\u00e5\u00e9\u00f7<br \/>\n\u00c6\u00ef \u00f0\u00f2\u00ef\u00fb\u00de\u00ee \u00f0\u00e5\u00f2\u00e9\u00db\u00f8\u00e5\u00e9 AHA, \u00f0\u00f2\u00ef\u00f4\u00e5\u00dd\u00ee\u00e5\u00f4\u00e1\u00e9 \u00e8&nbsp;\u00f8\u00f2\u00dc\u00f3\u00e8 \u00e1\u00ee\u00f4\u00e8\u00ec\u00e9\u00e1\u00eb\u00ef\u00e0&nbsp;\u00f3\u00e5 \u00f0\u00e5\u00f2\u00dd\u00f0\u00f4\u00f6\u00f3\u00e8 \u00db\u00eb\u00f5\u00e5\u00f3\u00e8\u00f7 \u00f3\u00f4\u00ef\u00ee \u00dc\u00ec\u00e9\u00ef.&nbsp;<\/p>\n<p>AQUA (WATER, EAU) &#8211; DI-C12-13 ALKYL MALATE &#8211; POLYMETHYL METHACRYLATE &#8211; DICAPRYLYL ETHER &#8211; TAPIOCA STARCH &#8211; GLYCOLIC ACID &#8211; SODIUM HYDROXIDE &#8211; DIGLYCERIN &#8211; GLYCERIN &#8211; MALIC ACID &#8211; STEARETH-2 &#8211; STEARETH-21 &#8211; LACTIC ACID &#8211; PENTAERYTHRITYL DISTEARATE &#8211; BUTYLENE GLYCOL &#8211; ACRYLATES\/C10-30 ALKYL ACRYLATE CROSSPOLYMER &#8211; JOJOBA ESTERS &#8211; DIMETHICONE &#8211; GLYCERYL STEARATE &#8211; PARFUM (FRAGRANCE) &#8211; PEG-100 STEARATE &#8211; PROPANEDIOL &#8211; TOCOPHERYL ACETATE &#8211; HELIANTHUS ANNUUS SEED CERA (HELIANTHUS ANNUUS (SUNFLOWER) SEED WAX) &#8211; PIROCTONE OLAMINE &#8211; XANTHAN GUM &#8211; PENTYLENE GLYCOL &#8211; PHYTOSPHINGOSINE &#8211; LENS ESCULENTA (LENTIL) SEED EXTRACT &#8211; POLYMETHYLSILSESQUIOXANE &#8211; SALICYLIC ACID &#8211; ZINC LACTATE &#8211; ASIATICOSIDE &#8211; ACACIA DECURRENS FLOWER CERA (ACACIA DECURRENS FLOWER WAX) &#8211; POLYGLYCERIN-3 &#8211; GLYCYRRHIZA INFLATA ROOT EXTRACT &#8211; SODIUM BENZOATE &#8211; RHAMNOSE &#8211; GLUCOSE &#8211; GLUCURONIC ACID &#8211; TOCOPHEROL<\/p>\n<p>&nbsp;<\/p>\n","protected":false},"featured_media":0,"comment_status":"closed","ping_status":"open","template":"","meta":{"_monsterinsights_skip_tracking":false,"_monsterinsights_sitenote_active":false,"_monsterinsights_sitenote_note":"","_monsterinsights_sitenote_category":0},"product_brand":[],"product_cat":[15],"product_tag":[],"class_list":{"0":"post-8702","1":"product","2":"type-product","3":"status-publish","5":"product_cat-uncategorized","7":"first","8":"instock","9":"purchasable","10":"product-type-simple"},"aioseo_notices":[],"jetpack_sharing_enabled":true,"_links":{"self":[{"href":"https:\/\/demo3.bigdigital.gr\/index.php\/wp-json\/wp\/v2\/product\/8702","targetHints":{"allow":["GET"]}}],"collection":[{"href":"https:\/\/demo3.bigdigital.gr\/index.php\/wp-json\/wp\/v2\/product"}],"about":[{"href":"https:\/\/demo3.bigdigital.gr\/index.php\/wp-json\/wp\/v2\/types\/product"}],"replies":[{"embeddable":true,"href":"https:\/\/demo3.bigdigital.gr\/index.php\/wp-json\/wp\/v2\/comments?post=8702"}],"wp:attachment":[{"href":"https:\/\/demo3.bigdigital.gr\/index.php\/wp-json\/wp\/v2\/media?parent=8702"}],"wp:term":[{"taxonomy":"product_brand","embeddable":true,"href":"https:\/\/demo3.bigdigital.gr\/index.php\/wp-json\/wp\/v2\/product_brand?post=8702"},{"taxonomy":"product_cat","embeddable":true,"href":"https:\/\/demo3.bigdigital.gr\/index.php\/wp-json\/wp\/v2\/product_cat?post=8702"},{"taxonomy":"product_tag","embeddable":true,"href":"https:\/\/demo3.bigdigital.gr\/index.php\/wp-json\/wp\/v2\/product_tag?post=8702"}],"curies":[{"name":"wp","href":"https:\/\/api.w.org\/{rel}","templated":true}]}}