{"id":8803,"date":"2025-10-14T08:18:24","date_gmt":"2025-10-14T06:18:24","guid":{"rendered":"https:\/\/demo3.bigdigital.gr\/index.php\/product\/path-of-bare-beauty-set-2\/"},"modified":"2025-10-14T08:18:25","modified_gmt":"2025-10-14T06:18:25","slug":"path-of-bare-beauty-set-2","status":"publish","type":"product","link":"https:\/\/demo3.bigdigital.gr\/index.php\/product\/path-of-bare-beauty-set-2\/","title":{"rendered":"Path of bare beauty set"},"content":{"rendered":"","protected":false},"excerpt":{"rendered":"<p><strong>Panthenol Extra Promo Limited Edition &ndash; Path of Bare Beauty<\/strong><\/p>\n<p>&nbsp;<\/p>\n<p>\u00c6\u00ef Limited Edition \u00f3\u00e5\u00f4 <em>Path of Bare Beauty<\/em> \u00f4\u00e8\u00f7 Panthenol Extra \u00f0\u00f2\u00ef\u00f3\u00e6\u00db\u00f2\u00e5\u00e9 \u00ed\u00e9\u00e1 \u00ef\u00ec\u00ef\u00eb\u00ec\u00e8\u00f2\u00f6\u00ed\u00db\u00ee\u00e8 \u00e1\u00f2\u00f6\u00ed\u00e1\u00f4\u00e9\u00eb\u00dc \u00e5\u00ed\u00f0\u00e5\u00e9\u00f2\u00dd\u00e1 \u00f0\u00e5\u00f2\u00e9\u00f0\u00ef\u00dd\u00e8\u00f3\u00e8\u00f7, \u00f3\u00f8\u00e5\u00e4\u00e9\u00e1\u00f3\u00ed\u00db\u00ee\u00e8 \u00e7\u00e9\u00e1 \u00f4\u00e8 \u00e7\u00f9\u00ee\u00e1\u00dd\u00eb\u00e1 \u00f0\u00ef\u00f9 \u00e5\u00eb\u00f0\u00db\u00ed\u00f0\u00e5\u00e9 \u00e8\u00f2\u00e5\u00ed\u00dd\u00e1, \u00e1\u00f9\u00f4\u00ef\u00f0\u00e5\u00f0\u00ef\u00dd\u00f5\u00e8\u00f3\u00e8 \u00eb\u00e1\u00e9 \u00e6\u00f9\u00f3\u00e9\u00eb\u00dc \u00ef\u00ed\u00ef\u00f2\u00e6\u00e9\u00c0. \u00a6\u00e5\u00f2\u00e9\u00ec\u00e1\u00ed\u00e2\u00c0\u00ee\u00e5\u00e9 \u00f0\u00f2\u00ef\u00fb\u00de\u00ee\u00f4\u00e1 \u00f0\u00ef\u00f9 \u00ed\u00e5\u00f4\u00e1\u00f4\u00f2\u00db\u00f0\u00ef\u00f9\u00ee \u00f4\u00e8\u00ee \u00eb\u00e1\u00f5\u00e8\u00ed\u00e5\u00f2\u00e9\u00ee\u00dc \u00e6\u00f2\u00ef\u00ee\u00f4\u00dd\u00e4\u00e1 \u00f3\u00e5 \u00f4\u00e5\u00ec\u00e5\u00f4\u00ef\u00f9\u00f2\u00e7\u00dd\u00e1 \u00e5\u00f9\u00e5\u00ea\u00dd\u00e1\u00f7, \u00ed\u00e5 \u00e1\u00f2\u00f1\u00ed\u00e1\u00f4\u00e1 \u00e1\u00f0\u00de \u00e7\u00e9\u00e1\u00f3\u00e5\u00ed\u00dd, \u00ed\u00e1\u00ee\u00f4\u00e1\u00f2\u00dd\u00ee\u00e9 \u00eb\u00e1\u00e9 \u00f3\u00e1\u00ee\u00e4\u00e1\u00ec\u00de\u00ea\u00f9\u00ec\u00ef, \u00f3\u00f9\u00ee\u00e4\u00f9\u00e1\u00f3\u00ed\u00db\u00ee\u00e1 \u00ed\u00e5 \u00e5\u00f9\u00e5\u00f2\u00e7\u00e5\u00f4\u00e9\u00eb\u00c0 \u00f3\u00f9\u00f3\u00f4\u00e1\u00f4\u00e9\u00eb\u00c0 \u00de\u00f0\u00f6\u00f7 \u00e1\u00ec\u00de\u00e8, \u00f0\u00e1\u00ee\u00f5\u00e5\u00ee\u00de\u00ec\u00e8 \u00eb\u00e1\u00e9 \u00f4\u00ef \u00e1\u00f2\u00f8\u00e1\u00dd\u00ef \u00e5\u00ec\u00e9\u00ea\u00dd\u00f2\u00e9\u00ef Frankincense. \u00a6\u00f2\u00ef\u00f3\u00e6\u00db\u00f2\u00e5\u00e9 \u00e5\u00ee\u00f9\u00e4\u00c0\u00f4\u00f6\u00f3\u00e8, \u00e1\u00ee\u00e1\u00fa\u00f6\u00ef\u00e7\u00de\u00ee\u00e8\u00f3\u00e8 \u00eb\u00e1\u00e9 \u00e1\u00dd\u00f3\u00f5\u00e8\u00f3\u00e8 \u00e9\u00f3\u00ef\u00f2\u00f2\u00ef\u00f0\u00dd\u00e1\u00f7, \u00e1\u00e6\u00dc\u00ee\u00ef\u00ee\u00f4\u00e1\u00f7 \u00f4\u00e8\u00ee \u00e5\u00f0\u00e9\u00e4\u00e5\u00f2\u00ed\u00dd\u00e4\u00e1 \u00e1\u00f0\u00e1\u00ec\u00dc, \u00ec\u00e1\u00ed\u00f0\u00e5\u00f2\u00dc \u00eb\u00e1\u00e9 \u00e4\u00e9\u00e1\u00eb\u00f2\u00e9\u00f4\u00e9\u00eb\u00c0 \u00e1\u00f2\u00f6\u00ed\u00e1\u00f4\u00e9\u00f3\u00ed\u00db\u00ee\u00e8. \u00b9\u00e4\u00e1\u00ee\u00e9\u00eb\u00de \u00e7\u00e9\u00e1 \u00eb\u00e1\u00f5\u00e8\u00ed\u00e5\u00f2\u00e9\u00ee\u00dc \u00f8\u00f2\u00dc\u00f3\u00e8 \u00eb\u00e1\u00e9 \u00e7\u00e9\u00e1 \u00e7\u00f9\u00ee\u00e1\u00dd\u00eb\u00e5\u00f7 \u00f0\u00ef\u00f9 \u00e1\u00ee\u00e1\u00fa\u00e8\u00f4\u00ef\u00e0\u00ee \u00ed\u00e9\u00e1 \u00e6\u00f9\u00f3\u00e9\u00eb\u00dc, \u00e1\u00e9\u00f3\u00f5\u00e8\u00f3\u00e9\u00e1\u00eb\u00dc \u00db\u00eb\u00e6\u00f2\u00e1\u00f3\u00e8 \u00f4\u00e8\u00f7 \u00f0\u00f2\u00ef\u00f3\u00f6\u00f0\u00e9\u00eb\u00de\u00f4\u00e8\u00f4\u00c0\u00f7 \u00f4\u00ef\u00f9\u00f7 \u00ed\u00db\u00f3\u00e1 \u00e1\u00f0\u00de \u00f4\u00e8 \u00e6\u00f2\u00ef\u00ee\u00f4\u00dd\u00e4\u00e1 \u00f3\u00f1\u00ed\u00e1\u00f4\u00ef\u00f7 \u00eb\u00e1\u00e9 \u00f4\u00ef\u00ee \u00e1\u00f2\u00f6\u00ed\u00e1\u00f4\u00e9\u00f3\u00ed\u00de.<\/p>\n<p>&nbsp;<\/p>\n","protected":false},"featured_media":0,"comment_status":"closed","ping_status":"open","template":"","meta":{"_monsterinsights_skip_tracking":false,"_monsterinsights_sitenote_active":false,"_monsterinsights_sitenote_note":"","_monsterinsights_sitenote_category":0},"product_brand":[],"product_cat":[15],"product_tag":[],"class_list":{"0":"post-8803","1":"product","2":"type-product","3":"status-publish","5":"product_cat-uncategorized","7":"first","8":"instock","9":"purchasable","10":"product-type-simple"},"aioseo_notices":[],"jetpack_sharing_enabled":true,"_links":{"self":[{"href":"https:\/\/demo3.bigdigital.gr\/index.php\/wp-json\/wp\/v2\/product\/8803","targetHints":{"allow":["GET"]}}],"collection":[{"href":"https:\/\/demo3.bigdigital.gr\/index.php\/wp-json\/wp\/v2\/product"}],"about":[{"href":"https:\/\/demo3.bigdigital.gr\/index.php\/wp-json\/wp\/v2\/types\/product"}],"replies":[{"embeddable":true,"href":"https:\/\/demo3.bigdigital.gr\/index.php\/wp-json\/wp\/v2\/comments?post=8803"}],"wp:attachment":[{"href":"https:\/\/demo3.bigdigital.gr\/index.php\/wp-json\/wp\/v2\/media?parent=8803"}],"wp:term":[{"taxonomy":"product_brand","embeddable":true,"href":"https:\/\/demo3.bigdigital.gr\/index.php\/wp-json\/wp\/v2\/product_brand?post=8803"},{"taxonomy":"product_cat","embeddable":true,"href":"https:\/\/demo3.bigdigital.gr\/index.php\/wp-json\/wp\/v2\/product_cat?post=8803"},{"taxonomy":"product_tag","embeddable":true,"href":"https:\/\/demo3.bigdigital.gr\/index.php\/wp-json\/wp\/v2\/product_tag?post=8803"}],"curies":[{"name":"wp","href":"https:\/\/api.w.org\/{rel}","templated":true}]}}