{"id":8807,"date":"2025-10-14T08:18:24","date_gmt":"2025-10-14T06:18:24","guid":{"rendered":"https:\/\/demo3.bigdigital.gr\/index.php\/product\/medisei-promo-time-eraser-pulse-of-skin-nourish-rhythm-limited-edition-nourish-2\/"},"modified":"2025-10-14T08:18:25","modified_gmt":"2025-10-14T06:18:25","slug":"medisei-promo-time-eraser-pulse-of-skin-nourish-rhythm-limited-edition-nourish-2","status":"publish","type":"product","link":"https:\/\/demo3.bigdigital.gr\/index.php\/product\/medisei-promo-time-eraser-pulse-of-skin-nourish-rhythm-limited-edition-nourish-2\/","title":{"rendered":"Medisei Promo Time Eraser Pulse Of Skin Nourish Rhythm Limited Edition Nourish"},"content":{"rendered":"","protected":false},"excerpt":{"rendered":"<h1>&nbsp;<\/h1>\n<div>&nbsp;<\/div>\n<p>&nbsp;<\/p>\n<p>\u00c3\u00ec\u00ef\u00eb\u00ec\u00e8\u00f2\u00f6\u00ed\u00db\u00ee\u00e8 \u00f2\u00ef\u00f9\u00f4\u00dd\u00ee\u00e1 \u00f0\u00e5\u00f2\u00e9\u00f0\u00ef\u00dd\u00e8\u00f3\u00e8\u00f7 \u00ed\u00e5 \u00f4\u00ef Prebiotics Foaming Cleanser \u00f0\u00ef\u00f9 \u00f0\u00f2\u00ef\u00f3\u00e6\u00db\u00f2\u00e5\u00e9 \u00e2\u00e1\u00f5\u00e0 \u00eb\u00e1\u00f5\u00e1\u00f2\u00e9\u00f3\u00ed\u00de \u00eb\u00e1\u00e9 \u00f4\u00e8\u00ee \u00e1\u00ee\u00f4\u00e9\u00f2\u00f9\u00f4\u00e9\u00e4\u00e9\u00eb\u00dc \u00eb\u00f2\u00db\u00ed\u00e1 Nourish, \u00f0\u00ef\u00f9 \u00e5\u00f0\u00e1\u00ee\u00ef\u00f2\u00f5\u00f1\u00ee\u00e5\u00e9 \u00f4\u00e9\u00f7 \u00ec\u00e5\u00f0\u00f4\u00db\u00f7 \u00e7\u00f2\u00e1\u00ed\u00ed\u00db\u00f7 \u00eb\u00e1\u00e9 \u00f4\u00e9\u00f7 \u00f2\u00f9\u00f4\u00dd\u00e4\u00e5\u00f7.<\/p>\n<p>&nbsp;<\/p>\n","protected":false},"featured_media":0,"comment_status":"closed","ping_status":"open","template":"","meta":{"_monsterinsights_skip_tracking":false,"_monsterinsights_sitenote_active":false,"_monsterinsights_sitenote_note":"","_monsterinsights_sitenote_category":0},"product_brand":[],"product_cat":[15],"product_tag":[],"class_list":{"0":"post-8807","1":"product","2":"type-product","3":"status-publish","5":"product_cat-uncategorized","7":"first","8":"instock","9":"purchasable","10":"product-type-simple"},"aioseo_notices":[],"jetpack_sharing_enabled":true,"_links":{"self":[{"href":"https:\/\/demo3.bigdigital.gr\/index.php\/wp-json\/wp\/v2\/product\/8807","targetHints":{"allow":["GET"]}}],"collection":[{"href":"https:\/\/demo3.bigdigital.gr\/index.php\/wp-json\/wp\/v2\/product"}],"about":[{"href":"https:\/\/demo3.bigdigital.gr\/index.php\/wp-json\/wp\/v2\/types\/product"}],"replies":[{"embeddable":true,"href":"https:\/\/demo3.bigdigital.gr\/index.php\/wp-json\/wp\/v2\/comments?post=8807"}],"wp:attachment":[{"href":"https:\/\/demo3.bigdigital.gr\/index.php\/wp-json\/wp\/v2\/media?parent=8807"}],"wp:term":[{"taxonomy":"product_brand","embeddable":true,"href":"https:\/\/demo3.bigdigital.gr\/index.php\/wp-json\/wp\/v2\/product_brand?post=8807"},{"taxonomy":"product_cat","embeddable":true,"href":"https:\/\/demo3.bigdigital.gr\/index.php\/wp-json\/wp\/v2\/product_cat?post=8807"},{"taxonomy":"product_tag","embeddable":true,"href":"https:\/\/demo3.bigdigital.gr\/index.php\/wp-json\/wp\/v2\/product_tag?post=8807"}],"curies":[{"name":"wp","href":"https:\/\/api.w.org\/{rel}","templated":true}]}}