{"id":8883,"date":"2025-10-14T08:19:11","date_gmt":"2025-10-14T06:19:11","guid":{"rendered":"https:\/\/demo3.bigdigital.gr\/index.php\/product\/elgydium-junior-toothpaste-gel-mild-mint-50ml\/"},"modified":"2025-10-31T14:25:21","modified_gmt":"2025-10-31T12:25:21","slug":"elgydium-junior-toothpaste-gel-mild-mint-50ml","status":"publish","type":"product","link":"https:\/\/demo3.bigdigital.gr\/index.php\/product\/elgydium-junior-toothpaste-gel-mild-mint-50ml\/","title":{"rendered":"Elgydium Junior Toothpaste Gel Mild Mint 50ml"},"content":{"rendered":"","protected":false},"excerpt":{"rendered":"<h4><u><strong>Elgydium Junior Toothpaste Gel Mild Mint 50ml<\/strong><\/u><\/h4>\n<p>&nbsp;<\/p>\n<p>\u00b8\u00a0<strong>O\u00e4\u00ef\u00ee\u00f4\u00de\u00f0\u00e1\u00f3\u00f4\u00e1 Gel Junior Mild Mint 7-12 \u00e5\u00f4\u00f1\u00ee \u00f4\u00e8\u00f7 Elgydium<\/strong>, \u00f0\u00f2\u00ef\u00f3\u00f4\u00e1\u00f4\u00e5\u00e0\u00e5\u00e9 \u00eb\u00e1\u00e9 \u00e5\u00ee\u00e9\u00f3\u00f8\u00e0\u00e5\u00e9 \u00f4\u00e8 \u00ed\u00de\u00ee\u00e9\u00ed\u00e8 \u00ef\u00e4\u00ef\u00ee\u00f4\u00ef\u00e6\u00f9\u00dd\u00e1 \u00f4\u00f6\u00ee \u00f0\u00e1\u00e9\u00e4\u00e9\u00f1\u00ee.<\/p>\n<p><strong>\u00a2\u00f2\u00c0\u00f3\u00e5\u00e9\u00f7<\/strong><\/p>\n<ul>\n<li>\u00a6\u00f2\u00ef\u00f3\u00f4\u00e1\u00f4\u00e5\u00e0\u00e5\u00e9 \u00f4\u00ef \u00f3\u00ed\u00c0\u00ec\u00f4\u00ef \u00f4\u00f6\u00ee \u00e4\u00ef\u00ee\u00f4\u00e9\u00f1\u00ee.<\/li>\n<li>\u00ba\u00e1\u00f5\u00e1\u00f2\u00dd\u00fa\u00e5\u00e9 \u00e1\u00f0\u00e1\u00ec\u00c0 \u00f8\u00f6\u00f2\u00dd\u00f7 \u00ee\u00e1 \u00e5\u00f2\u00e5\u00f5\u00dd\u00fa\u00e5\u00e9 \u00f4\u00e1 \u00ef\u00e0\u00ec\u00e1.<\/li>\n<\/ul>\n<p><strong>\u00ba\u00e0\u00f2\u00e9\u00e1 \u00f3\u00f9\u00f3\u00f4\u00e1\u00f4\u00e9\u00eb\u00c0 &amp; \u00ef\u00e6\u00db\u00ec\u00e8<\/strong><\/p>\n<ul>\n<li>Fluorinol: \u00e1\u00f9\u00ed\u00e2\u00c0\u00ec\u00ec\u00e5\u00e9 \u00f3\u00f4\u00e8\u00ee \u00e5\u00ee\u00e4\u00f9\u00ee\u00c0\u00ed\u00f6\u00f3\u00e8 \u00eb\u00e1\u00e9 \u00f0\u00f2\u00ef\u00f3\u00f4\u00e1\u00f3\u00dd\u00e1 \u00f4\u00f6\u00ee \u00e4\u00ef\u00ee\u00f4\u00e9\u00f1\u00ee.<\/li>\n<li>\u00aa\u00e9\u00ec\u00e9\u00e7\u00ec\u00f9\u00eb\u00de\u00ec\u00e8: \u00e4\u00e8\u00ed\u00e9\u00ef\u00f9\u00f2\u00e7\u00e5\u00dd \u00ed\u00e9\u00e1 \u00f0\u00f2\u00ef\u00f3\u00f4\u00e1\u00f4\u00e5\u00f9\u00f4\u00e9\u00eb\u00dc \u00ed\u00e5\u00ed\u00e2\u00f2\u00c0\u00ee\u00e8 \u00f0\u00ef\u00f9 \u00e5\u00f9\u00ee\u00ee\u00ef\u00e5\u00dd \u00f4\u00e8 \u00e4\u00db\u00f3\u00ed\u00e5\u00f9\u00f3\u00e8 \u00f4\u00ef\u00f9 Fluorinol \u00f3\u00f4\u00e8\u00ee \u00e5\u00f0\u00e9\u00e6\u00c0\u00ee\u00e5\u00e9\u00e1 \u00f4\u00f6\u00ee \u00e4\u00ef\u00ee\u00f4\u00e9\u00f1\u00ee.<\/li>\n<\/ul>\n<p><strong>\u00b5\u00e1\u00f3\u00e9\u00eb\u00c0 \u00f8\u00e1\u00f2\u00e1\u00eb\u00f4\u00e8\u00f2\u00e9\u00f3\u00f4\u00e9\u00eb\u00c0<\/strong><\/p>\n<ul>\n<li><strong>\u00a6\u00e5\u00f2\u00e9\u00db\u00f8\u00e5\u00e9 1400ppm \u00e9\u00de\u00ee\u00f4\u00f6\u00ee \u00e6\u00f5\u00ef\u00f2\u00dd\u00ef\u00f9<\/strong>.<\/li>\n<li>\u00bb\u00e5\u00a0<strong>\u00dc\u00f0\u00e9\u00e1 \u00e7\u00e5\u00e0\u00f3\u00e8 \u00ed\u00db\u00ee\u00f4\u00e1\u00f7<\/strong>.<\/li>\n<li>\u00ba\u00e1\u00f4\u00c0\u00ec\u00ec\u00e8\u00ec\u00e8 \u00e7\u00e9\u00e1 \u00f0\u00e1\u00e9\u00e4\u00e9\u00c0 7 \u00db\u00f6\u00f7 12 \u00e5\u00f4\u00f1\u00ee.<\/li>\n<\/ul>\n<h2><\/h2>\n<h4><strong>\u00b8 O\u00e4\u00ef\u00ee\u00f4\u00de\u00f0\u00e1\u00f3\u00f4\u00e1 Junior Mild Mint 7-12 \u00e5\u00f4\u00f1\u00ee \u00f0\u00f2\u00ef\u00f3\u00e6\u00db\u00f2\u00e5\u00e9 \u00e1\u00f0\u00ef\u00f4\u00e5\u00ec\u00e5\u00f3\u00ed\u00e1\u00f4\u00e9\u00eb\u00dc \u00f0\u00f2\u00ef\u00f3\u00f4\u00e1\u00f3\u00dd\u00e1 \u00e1\u00f0\u00de \u00f4\u00e8\u00ee \u00f4\u00e5\u00f2\u00e8\u00e4\u00de\u00ee\u00e1<\/strong><\/h4>\n<p>&nbsp;<\/p>\n<p><strong>\u00aa\u00cb\u00bb\u00b5\u00c3\u00cb\u00a4\u00b6\u00aa \u00b6\u00bc\u00b0\u00c4\u00bb\u00c3\u00a1\u00b8\u00aa<\/strong><\/p>\n<p>\u00b6\u00e6\u00e1\u00f2\u00ed\u00de\u00f3\u00f4\u00e5 \u00f4\u00e8\u00ee<strong>\u00a0Elgydium\u00a0Junior\u00a0\u00c3\u00e4\u00ef\u00ee\u00f4\u00de\u00f0\u00e1\u00f3\u00f4\u00e1 Gel Mild Mint 7-12 \u00e5\u00f4\u00f1\u00ee\u00a0<\/strong>\u00ed\u00e5\u00f4\u00e1 \u00e1\u00f0\u00de \u00eb\u00c0\u00f5\u00e5 \u00e7\u00e5\u00e0\u00ed\u00e1.<\/p>\n","protected":false},"featured_media":9447,"comment_status":"closed","ping_status":"open","template":"","meta":{"_monsterinsights_skip_tracking":false,"_monsterinsights_sitenote_active":false,"_monsterinsights_sitenote_note":"","_monsterinsights_sitenote_category":0},"product_brand":[368],"product_cat":[1180,321,324,104],"product_tag":[],"class_list":{"0":"post-8883","1":"product","2":"type-product","3":"status-publish","4":"has-post-thumbnail","6":"product_brand-elgydium","7":"product_cat-katalogos","8":"product_cat-321","9":"product_cat-324","10":"product_cat-104","12":"first","13":"outofstock","14":"sale","15":"purchasable","16":"product-type-simple"},"aioseo_notices":[],"jetpack_sharing_enabled":true,"_links":{"self":[{"href":"https:\/\/demo3.bigdigital.gr\/index.php\/wp-json\/wp\/v2\/product\/8883","targetHints":{"allow":["GET"]}}],"collection":[{"href":"https:\/\/demo3.bigdigital.gr\/index.php\/wp-json\/wp\/v2\/product"}],"about":[{"href":"https:\/\/demo3.bigdigital.gr\/index.php\/wp-json\/wp\/v2\/types\/product"}],"replies":[{"embeddable":true,"href":"https:\/\/demo3.bigdigital.gr\/index.php\/wp-json\/wp\/v2\/comments?post=8883"}],"wp:featuredmedia":[{"embeddable":true,"href":"https:\/\/demo3.bigdigital.gr\/index.php\/wp-json\/wp\/v2\/media\/9447"}],"wp:attachment":[{"href":"https:\/\/demo3.bigdigital.gr\/index.php\/wp-json\/wp\/v2\/media?parent=8883"}],"wp:term":[{"taxonomy":"product_brand","embeddable":true,"href":"https:\/\/demo3.bigdigital.gr\/index.php\/wp-json\/wp\/v2\/product_brand?post=8883"},{"taxonomy":"product_cat","embeddable":true,"href":"https:\/\/demo3.bigdigital.gr\/index.php\/wp-json\/wp\/v2\/product_cat?post=8883"},{"taxonomy":"product_tag","embeddable":true,"href":"https:\/\/demo3.bigdigital.gr\/index.php\/wp-json\/wp\/v2\/product_tag?post=8883"}],"curies":[{"name":"wp","href":"https:\/\/api.w.org\/{rel}","templated":true}]}}