{"id":8896,"date":"2025-10-14T08:19:14","date_gmt":"2025-10-14T06:19:14","guid":{"rendered":"https:\/\/demo3.bigdigital.gr\/index.php\/product\/hansaplast-sport-cooling-gel-100ml\/"},"modified":"2025-10-31T13:33:56","modified_gmt":"2025-10-31T11:33:56","slug":"hansaplast-sport-cooling-gel-100ml","status":"publish","type":"product","link":"https:\/\/demo3.bigdigital.gr\/index.php\/product\/hansaplast-sport-cooling-gel-100ml\/","title":{"rendered":"Hansaplast Sport Cooling Gel 100ml"},"content":{"rendered":"","protected":false},"excerpt":{"rendered":"<h4><u><strong>Hansaplast Sport Cooling Gel 100ml<\/strong><\/u><\/h4>\n<p>&nbsp;<\/p>\n<p>&nbsp;<\/p>\n<div>\n<div style=\"background: transparent; border: 0px; padding: 0px;\">\n<div style=\"background: transparent; border: 0px; padding: 0px;\">\n<div style=\"background: transparent; border: 0px; padding: 0px;\">\n<div style=\"background: transparent; border: 0px; padding: 0px;\">\n<div style=\"background: transparent; border: 0px; padding: 0px;\">\n<p>\u00b5\u00ef\u00e8\u00f5\u00c0 \u00f3\u00f4\u00e8 <strong>\u00e4\u00f2\u00ef\u00f3\u00e9\u00c0 <\/strong>\u00f4\u00f6\u00ee \u00eb\u00e1\u00f4\u00e1\u00f0\u00ef\u00ee\u00e8\u00ed\u00db\u00ee\u00f6\u00ee \u00ed\u00f9\u00f1\u00ee \u00ed\u00e5\u00f4\u00c0 \u00e1\u00f0\u00de \u00db\u00ee\u00f4\u00ef\u00ee\u00e8 \u00f3\u00f6\u00ed\u00e1\u00f4\u00e9\u00eb\u00dc \u00e4\u00f2\u00e1\u00f3\u00f4\u00e8\u00f2\u00e9\u00de\u00f4\u00e8\u00f4\u00e1<\/p>\n<ul>\n<li>\u00a2\u00f2\u00ef\u00f3\u00e9\u00f3\u00f4\u00e9\u00eb\u00de gel \u00e7\u00e9\u00e1 \u00f4\u00e8\u00ee \u00c0\u00f5\u00ec\u00e8\u00f3\u00e8<\/li>\n<li>\u00bb\u00e5 \u00ed\u00e5\u00ee\u00f5\u00de\u00ec\u00e8 \u00eb\u00e1\u00e9 \u00eb\u00e1\u00e6\u00e5\u00fd\u00ee\u00e8<\/li>\n<li>\u00b5\u00ef\u00e8\u00f5\u00c0 \u00f3\u00f4\u00e8\u00ee \u00e1\u00ee\u00e1\u00fa\u00f6\u00ef\u00e7\u00de\u00ee\u00e8\u00f3\u00e8 \u00f4\u00f6\u00ee \u00f3\u00e6\u00e9\u00e7\u00ed\u00db\u00ee\u00f6\u00ee \u00ed\u00f9\u00f1\u00ee \u00ed\u00e5\u00f4\u00c0 \u00f4\u00e8\u00ee \u00c0\u00f5\u00ec\u00e8\u00f3\u00e8<\/li>\n<\/ul>\n<p><u>\u00b6\u00e6\u00e1\u00f2\u00ed\u00ef\u00e7\u00dc<\/u>:\u00a0\u00bb\u00e5 \u00e1\u00f0\u00e1\u00ec\u00db\u00f7, \u00eb\u00f9\u00eb\u00ec\u00e9\u00eb\u00db\u00f7 \u00eb\u00e9\u00ee\u00dc\u00f3\u00e5\u00e9\u00f7 \u00f4\u00f2\u00dd\u00e3\u00f4\u00e5 \u00ed\u00e9\u00e1 \u00e7\u00e5\u00ee\u00ee\u00e1\u00e9\u00de\u00e4\u00f6\u00f2\u00e8 \u00f0\u00ef\u00f3\u00de\u00f4\u00e8\u00f4\u00e1 \u00e1\u00f0\u00de \u00f4\u00ef \u00e4\u00f2\u00ef\u00f3\u00e9\u00f3\u00f4\u00e9\u00eb\u00de gel. \u00bb\u00f0\u00ef\u00f2\u00e5\u00dd\u00f4\u00e5 \u00ee\u00e1 \u00e5\u00e6\u00e1\u00f2\u00ed\u00de\u00f3\u00e5\u00f4\u00e5 \u00ea\u00e1\u00ee\u00c0 \u00db\u00f6\u00f7 \u00f4\u00f2\u00e5\u00e9\u00f7 \u00e6\u00ef\u00f2\u00db\u00f7 \u00f4\u00e8\u00ee \u00e8\u00ed\u00db\u00f2\u00e1 \u00e5\u00c0\u00ee \u00e5\u00ea\u00e1\u00eb\u00ef\u00ec\u00ef\u00f9\u00f5\u00e5\u00dd\u00f4\u00e5 \u00ee\u00e1 \u00e1\u00e9\u00f3\u00f5\u00c0\u00ee\u00e5\u00f3\u00f4\u00e5 \u00f4\u00ef\u00f9\u00f7 \u00ed\u00f9\u00f7 \u00f3\u00e1\u00f7 \u00f3\u00e6\u00e9\u00e7\u00ed\u00db\u00ee\u00ef\u00f9\u00f7 \u00dc \u00eb\u00ef\u00f9\u00f2\u00e1\u00f3\u00ed\u00db\u00ee\u00ef\u00f9\u00f7. \u00b5\u00e5\u00e2\u00e1\u00e9\u00f6\u00f5\u00e5\u00dd\u00f4\u00e5 \u00de\u00f4\u00e9 \u00f0\u00ec\u00db\u00ee\u00e5\u00f4\u00e5 \u00f4\u00e1 \u00f8\u00db\u00f2\u00e9\u00e1 \u00f3\u00e1\u00f7 \u00ed\u00e5\u00f4\u00c0 \u00f4\u00e8 \u00f8\u00f2\u00dc\u00f3\u00e8 \u00f4\u00ef\u00f9 \u00e4\u00f2\u00ef\u00f3\u00e9\u00f3\u00f4\u00e9\u00eb\u00ef\u00e0 gel \u00eb\u00e1\u00e9 \u00ee\u00e1 \u00e6\u00f9\u00ec\u00c0\u00f3\u00f3\u00e5\u00f4\u00e5 \u00ed\u00e1\u00eb\u00f2\u00e9\u00c0 \u00e1\u00f0\u00de \u00f0\u00e1\u00e9\u00e4\u00e9\u00c0.\u00a0\u00a6\u00f2\u00e9\u00ee \u00f4\u00e8 \u00f8\u00f2\u00dc\u00f3\u00e8 \u00ed\u00f0\u00ef\u00f2\u00e5\u00dd\u00f4\u00e5 \u00ee\u00e1 \u00f4\u00ef \u00e2\u00c0\u00ec\u00e5\u00f4\u00e5 \u00f3\u00f4\u00ef \u00e3\u00f9\u00e7\u00e5\u00dd\u00ef \u00e7\u00e9\u00e1 \u00ed\u00e5\u00e7\u00e1\u00ec\u00e0\u00f4\u00e5\u00f2\u00e8 \u00e1\u00dd\u00f3\u00f5\u00e8\u00f3\u00e8 \u00e4\u00f2\u00ef\u00f3\u00e9\u00c0\u00f7.<\/p>\n<\/div>\n<\/div>\n<\/div>\n<\/div>\n<\/div>\n<\/div>\n<div><\/div>\n","protected":false},"featured_media":9475,"comment_status":"closed","ping_status":"open","template":"","meta":{"_monsterinsights_skip_tracking":false,"_monsterinsights_sitenote_active":false,"_monsterinsights_sitenote_note":"","_monsterinsights_sitenote_category":0},"product_brand":[372],"product_cat":[1180,279,100,60],"product_tag":[],"class_list":{"0":"post-8896","1":"product","2":"type-product","3":"status-publish","4":"has-post-thumbnail","6":"product_brand-hansaplast","7":"product_cat-katalogos","8":"product_cat-279","9":"product_cat-100","10":"product_cat-60","12":"first","13":"outofstock","14":"sale","15":"purchasable","16":"product-type-simple"},"aioseo_notices":[],"jetpack_sharing_enabled":true,"_links":{"self":[{"href":"https:\/\/demo3.bigdigital.gr\/index.php\/wp-json\/wp\/v2\/product\/8896","targetHints":{"allow":["GET"]}}],"collection":[{"href":"https:\/\/demo3.bigdigital.gr\/index.php\/wp-json\/wp\/v2\/product"}],"about":[{"href":"https:\/\/demo3.bigdigital.gr\/index.php\/wp-json\/wp\/v2\/types\/product"}],"replies":[{"embeddable":true,"href":"https:\/\/demo3.bigdigital.gr\/index.php\/wp-json\/wp\/v2\/comments?post=8896"}],"wp:featuredmedia":[{"embeddable":true,"href":"https:\/\/demo3.bigdigital.gr\/index.php\/wp-json\/wp\/v2\/media\/9475"}],"wp:attachment":[{"href":"https:\/\/demo3.bigdigital.gr\/index.php\/wp-json\/wp\/v2\/media?parent=8896"}],"wp:term":[{"taxonomy":"product_brand","embeddable":true,"href":"https:\/\/demo3.bigdigital.gr\/index.php\/wp-json\/wp\/v2\/product_brand?post=8896"},{"taxonomy":"product_cat","embeddable":true,"href":"https:\/\/demo3.bigdigital.gr\/index.php\/wp-json\/wp\/v2\/product_cat?post=8896"},{"taxonomy":"product_tag","embeddable":true,"href":"https:\/\/demo3.bigdigital.gr\/index.php\/wp-json\/wp\/v2\/product_tag?post=8896"}],"curies":[{"name":"wp","href":"https:\/\/api.w.org\/{rel}","templated":true}]}}