{"id":9038,"date":"2025-10-14T08:19:33","date_gmt":"2025-10-14T06:19:33","guid":{"rendered":"https:\/\/demo3.bigdigital.gr\/index.php\/product\/uriage-xemose-gentle-cleansing-syndet-200ml\/"},"modified":"2025-10-14T13:28:18","modified_gmt":"2025-10-14T11:28:18","slug":"uriage-xemose-gentle-cleansing-syndet-200ml","status":"publish","type":"product","link":"https:\/\/demo3.bigdigital.gr\/index.php\/product\/uriage-xemose-gentle-cleansing-syndet-200ml\/","title":{"rendered":"URIAGE Xemose Gentle Cleansing Syndet 200ml"},"content":{"rendered":"","protected":false},"excerpt":{"rendered":"<h2>\u00c3\u00e6\u00db\u00ec\u00e8<\/h2>\n<p>\u00b6\u00ea\u00e1\u00e9\u00f2\u00e5\u00f4\u00e9\u00eb\u00c0 \u00dc\u00f0\u00e9\u00e1 \u00f4\u00fa\u00e5\u00ec \u00eb\u00f2\u00db\u00ed\u00e1 \u00eb\u00e1\u00f5\u00e1\u00f2\u00e9\u00f3\u00ed\u00ef\u00e0, \u00e5\u00e9\u00e4\u00e9\u00eb\u00c0 \u00f3\u00f8\u00e5\u00e4\u00e9\u00e1\u00f3\u00ed\u00db\u00ee\u00e8 \u00e7\u00e9\u00e1 \u00f4\u00ef\u00ee \u00eb\u00e1\u00f5\u00e8\u00ed\u00e5\u00f2\u00e9\u00ee\u00de \u00eb\u00e1\u00f5\u00e1\u00f2\u00e9\u00f3\u00ed\u00de \u00f4\u00ef\u00f9 \u00f0\u00ef\u00ec\u00e0 \u00ea\u00e8\u00f2\u00ef\u00e0 \u00e4\u00db\u00f2\u00ed\u00e1\u00f4\u00ef\u00f7 \u00eb\u00e1\u00e9 \u00f4\u00ef\u00f9 \u00e4\u00db\u00f2\u00ed\u00e1\u00f4\u00ef\u00f7 \u00ed\u00e5 \u00f4\u00c0\u00f3\u00e8 \u00e1\u00f4\u00ef\u00f0\u00dd\u00e1\u00f7. \u00a2\u00e8\u00ed\u00e9\u00ef\u00f9\u00f2\u00e7\u00e5\u00dd \u00f0\u00ec\u00ef\u00e0\u00f3\u00e9\u00ef, \u00eb\u00f2\u00e5\u00ed\u00f1\u00e4\u00e8 \u00e1\u00e6\u00f2\u00de \u00f0\u00ef\u00f9 \u00eb\u00e1\u00f5\u00e1\u00f2\u00dd\u00fa\u00e5\u00e9 \u00f4\u00ef \u00e4\u00db\u00f2\u00ed\u00e1 \u00e1\u00f0\u00e1\u00ec\u00c0.<\/p>\n<p>\u00ba\u00e1\u00f4\u00e1\u00f0\u00f2\u00e1\u00fe\u00ee\u00e5\u00e9: \u00c6\u00ef \u00b9\u00e1\u00ed\u00e1\u00f4\u00e9\u00eb\u00de \u00c1\u00e5\u00f2\u00de Uriage, \u00e5\u00eb \u00e6\u00e0\u00f3\u00e5\u00f6\u00f7 \u00f0\u00ec\u00ef\u00e0\u00f3\u00e9\u00ef \u00f3\u00e5 \u00ed\u00e5\u00f4\u00e1\u00ec\u00ec\u00e9\u00eb\u00c0 \u00f3\u00f4\u00ef\u00e9\u00f8\u00e5\u00dd\u00e1 \u00eb\u00e1\u00e9 \u00e9\u00f8\u00ee\u00ef\u00f3\u00f4\u00ef\u00e9\u00f8\u00e5\u00dd\u00e1, \u00eb\u00e1\u00f4\u00e1\u00f0\u00f2\u00e1\u00fe\u00ee\u00e5\u00e9 \u00e1\u00eb\u00de\u00ed\u00e1 \u00eb\u00e1\u00e9 \u00f4\u00ef \u00f0\u00e9\u00ef \u00ea\u00e8\u00f2\u00de \u00e4\u00db\u00f2\u00ed\u00e1.<\/p>\n<p>\u00ba\u00e1\u00f5\u00e1\u00f2\u00dd\u00fa\u00e5\u00e9: \u00b8 \u00e5\u00ea\u00e1\u00e9\u00f2\u00e5\u00f4\u00e9\u00eb\u00c0 \u00dc\u00f0\u00e9\u00e1 \u00e2\u00c0\u00f3\u00e8 \u00eb\u00e1\u00f5\u00e1\u00f2\u00e9\u00f3\u00ed\u00ef\u00e0, \u00f8\u00c0\u00f2\u00e8 \u00f3\u00f4\u00ef \u00e6\u00f9\u00f3\u00e9\u00ef\u00ec\u00ef\u00e7\u00e9\u00eb\u00de pH, \u00e1\u00f0\u00ef\u00ed\u00e1\u00eb\u00f2\u00e0\u00ee\u00e5\u00e9 \u00e1\u00f0\u00e1\u00ec\u00c0 \u00f4\u00ef\u00f9\u00f7 \u00f2\u00e0\u00f0\u00ef\u00f9\u00f7.<\/p>\n<p>\u00a6\u00f2\u00ef\u00f3\u00f4\u00e1\u00f4\u00e5\u00e0\u00e5\u00e9: \u00c3\u00e9 \u00e5\u00ea\u00e5\u00e9\u00e4\u00e9\u00eb\u00e5\u00f9\u00ed\u00db\u00ee\u00ef\u00e9 \u00e5\u00ec\u00e1\u00e9\u00f1\u00e4\u00e5\u00e9\u00f7 \u00f0\u00e1\u00f2\u00c0\u00e7\u00ef\u00ee\u00f4\u00e5\u00f7, \u00f3\u00e5 \u00f3\u00f9\u00ee\u00e4\u00f9\u00e1\u00f3\u00ed\u00de \u00ed\u00e5 \u00f4\u00ef \u00f0\u00e1\u00f4\u00e5\u00ee\u00f4\u00e1\u00f2\u00e9\u00f3\u00ed\u00db\u00ee\u00ef \u00f3\u00e0\u00ed\u00f0\u00ec\u00ef\u00eb\u00ef Cerasterol-2F, \u00f0\u00f2\u00ef\u00f3\u00f4\u00e1\u00f4\u00e5\u00e0\u00ef\u00f9\u00ee \u00f4\u00ef \u00e4\u00db\u00f2\u00ed\u00e1 \u00e1\u00f0\u00de \u00f4\u00e8\u00ee \u00ea\u00e8\u00f2\u00de\u00f4\u00e8\u00f4\u00e1 \u00f0\u00ef\u00f9 \u00f0\u00f2\u00ef\u00eb\u00e1\u00ec\u00e5\u00dd \u00f4\u00ef \u00ee\u00e5\u00f2\u00de \u00f0\u00f2\u00ef\u00f3\u00e6\u00db\u00f2\u00ef\u00ee\u00f4\u00c0\u00f7 \u00f4\u00ef\u00f9 \u00e1\u00dd\u00f3\u00f5\u00e8\u00f3\u00e8 \u00c0\u00ee\u00e5\u00f3\u00e8\u00f7.<\/p>\n<p><u>\u00b0\u00f0\u00ef\u00f4\u00e5\u00ec\u00db\u00f3\u00ed\u00e1\u00f4\u00e1:<\/u><\/p>\n<p>30% \u00b9\u00e1\u00ed\u00e1\u00f4\u00e9\u00eb\u00de \u00c1\u00e5\u00f2\u00de Uriage \u00ed\u00e5 \u00e5\u00ee\u00e9\u00f3\u00f8\u00f9\u00ed\u00db\u00ee\u00e5\u00f7 \u00eb\u00e1\u00f4\u00e1\u00f0\u00f2\u00e1\u00fc\u00ee\u00f4\u00e9\u00eb\u00db\u00f7 \u00eb\u00e1\u00e9 \u00f0\u00f2\u00ef\u00f3\u00f4\u00e1\u00f4\u00e5\u00f9\u00f4\u00e9\u00eb\u00db\u00f7 \u00e9\u00e4\u00e9\u00de\u00f4\u00e8\u00f4\u00e5\u00f7.<\/p>\n<p>&nbsp;<\/p>\n<h2>\u00cc\u00f2\u00dc\u00f3\u00e8<\/h2>\n<p>\u00ba\u00c0\u00ee\u00f4\u00e5 \u00e1\u00e6\u00f2\u00de \u00f3\u00e5 \u00e2\u00f2\u00e5\u00e7\u00ed\u00db\u00ee\u00ef \u00e4\u00db\u00f2\u00ed\u00e1, \u00ea\u00e5\u00e2\u00e7\u00c0\u00ec\u00f4\u00e5, \u00eb\u00e1\u00e9 \u00f3\u00eb\u00ef\u00f9\u00f0\u00dd\u00f3\u00f4\u00e5 \u00e1\u00f0\u00e1\u00ec\u00c0.<\/p>\n<p>&nbsp;<\/p>\n<h2>\u00aa\u00f9\u00f3\u00f4\u00e1\u00f4\u00e9\u00eb\u00c0<\/h2>\n<p>AQUA (WATER, EAU) &#8211; MAGNESIUM LAURETH SULFATE &#8211; DECYL GLUCOSIDE &ndash; GLYCERIN &#8211; COCAMIDOPROPYL BETAINE &#8211; SODIUM CHLORIDE &#8211; POLYSORBATE 20 &#8211; STYRENE\/ACRYLATES COPOLYMER &#8211; PEG-120 METHYL GLUCOSE DIOLEATE &#8211; DMDM HYDANTOIN &#8211; CITRIC ACID &#8211; BRASSICA CAMPESTRIS (RAPESEED) STEROLS &#8211; RASPBERRY SEED OIL\/PALM OIL AMINOPROPANEDIOL ESTERS.<\/p>\n","protected":false},"featured_media":9453,"comment_status":"closed","ping_status":"open","template":"","meta":{"_monsterinsights_skip_tracking":false,"_monsterinsights_sitenote_active":false,"_monsterinsights_sitenote_note":"","_monsterinsights_sitenote_category":0},"product_brand":[],"product_cat":[15],"product_tag":[],"class_list":{"0":"post-9038","1":"product","2":"type-product","3":"status-publish","4":"has-post-thumbnail","6":"product_cat-uncategorized","8":"first","9":"outofstock","10":"sale","11":"purchasable","12":"product-type-simple"},"aioseo_notices":[],"jetpack_sharing_enabled":true,"_links":{"self":[{"href":"https:\/\/demo3.bigdigital.gr\/index.php\/wp-json\/wp\/v2\/product\/9038","targetHints":{"allow":["GET"]}}],"collection":[{"href":"https:\/\/demo3.bigdigital.gr\/index.php\/wp-json\/wp\/v2\/product"}],"about":[{"href":"https:\/\/demo3.bigdigital.gr\/index.php\/wp-json\/wp\/v2\/types\/product"}],"replies":[{"embeddable":true,"href":"https:\/\/demo3.bigdigital.gr\/index.php\/wp-json\/wp\/v2\/comments?post=9038"}],"wp:featuredmedia":[{"embeddable":true,"href":"https:\/\/demo3.bigdigital.gr\/index.php\/wp-json\/wp\/v2\/media\/9453"}],"wp:attachment":[{"href":"https:\/\/demo3.bigdigital.gr\/index.php\/wp-json\/wp\/v2\/media?parent=9038"}],"wp:term":[{"taxonomy":"product_brand","embeddable":true,"href":"https:\/\/demo3.bigdigital.gr\/index.php\/wp-json\/wp\/v2\/product_brand?post=9038"},{"taxonomy":"product_cat","embeddable":true,"href":"https:\/\/demo3.bigdigital.gr\/index.php\/wp-json\/wp\/v2\/product_cat?post=9038"},{"taxonomy":"product_tag","embeddable":true,"href":"https:\/\/demo3.bigdigital.gr\/index.php\/wp-json\/wp\/v2\/product_tag?post=9038"}],"curies":[{"name":"wp","href":"https:\/\/api.w.org\/{rel}","templated":true}]}}