{"id":9186,"date":"2025-10-14T08:19:51","date_gmt":"2025-10-14T06:19:51","guid":{"rendered":"https:\/\/demo3.bigdigital.gr\/index.php\/product\/doctors-formulas-nefrolin-100ml\/"},"modified":"2025-10-14T08:19:52","modified_gmt":"2025-10-14T06:19:52","slug":"doctors-formulas-nefrolin-100ml","status":"publish","type":"product","link":"https:\/\/demo3.bigdigital.gr\/index.php\/product\/doctors-formulas-nefrolin-100ml\/","title":{"rendered":"DOCTOR&#8217;S FORMULAS NEFROLIN 100ML"},"content":{"rendered":"","protected":false},"excerpt":{"rendered":"<p>DOCTOR&#39;S FORMULAS NEFROLIN 100ML<\/p>\n<p>\u00bc\u00de\u00f2\u00ed\u00ef\u00f9\u00ec\u00e1 \u00e7\u00e9\u00e1 \u00f4\u00e1 \u00ee\u00e5\u00e6\u00f2\u00c0<\/p>\n<p>\u00aa\u00f9\u00ee\u00e9\u00f3\u00f4\u00c0\u00f4\u00e1\u00e9 \u00f3\u00e5 \u00f0\u00e5\u00f2\u00e9\u00f0\u00f4\u00f1\u00f3\u00e5\u00e9\u00f7: \u00ee\u00e5\u00e6\u00f2\u00ef\u00ec\u00e9\u00f5\u00dd\u00e1\u00f3\u00e8\u00f7, \u00e3\u00e1\u00ed\u00ed\u00dd\u00e1\u00f3\u00e8\u00f7, \u00ee\u00e5\u00e6\u00f2\u00dd\u00f4\u00e9\u00e4\u00e1\u00f7, \u00eb\u00f9\u00f3\u00f4\u00dd\u00f4\u00e9\u00e4\u00e1\u00f7, \u00ef\u00f9\u00f2\u00e8\u00f5\u00f2\u00dd\u00f4\u00e9\u00e4\u00e1\u00f7. \u00b8 \u00e6\u00de\u00f2\u00ed\u00ef\u00f9\u00ec\u00e1 Nefrolin, \u00f8\u00c0\u00f2\u00e8 \u00f3\u00f4\u00e1 \u00e6\u00f9\u00f4\u00e9\u00eb\u00c0 \u00e5\u00eb\u00f8\u00f9\u00ec\u00dd\u00f3\u00ed\u00e1\u00f4\u00e1 \u00f0\u00ef\u00f9 \u00f0\u00e5\u00f2\u00e9\u00db\u00f8\u00e5\u00e9, \u00ed\u00f0\u00ef\u00f2\u00e5\u00dd \u00ee\u00e1 \u00e2\u00ef\u00e8\u00f5\u00dc\u00f3\u00e5\u00e9 \u00f3\u00f4\u00e9\u00f7 \u00ee\u00e5\u00e6\u00f2\u00ef\u00ec\u00e9\u00f5\u00e9\u00c0\u00f3\u00e5\u00e9\u00f7, \u00f3\u00f4\u00e9\u00f7 \u00e3\u00e1\u00ed\u00ed\u00e9\u00c0\u00f3\u00e5\u00e9\u00f7, \u00eb\u00e1\u00f5\u00f1\u00f7 \u00e5\u00f0\u00dd\u00f3\u00e8\u00f7 \u00eb\u00e1\u00e9 \u00f3\u00e5 \u00ee\u00e5\u00e6\u00f2\u00dd\u00f4\u00e9\u00e4\u00e5\u00f7, \u00eb\u00f9\u00f3\u00f4\u00dd\u00f4\u00e9\u00e4\u00e5\u00f7, \u00ef\u00f9\u00f2\u00e8\u00f5\u00f2\u00dd\u00f4\u00e9\u00e4\u00e5\u00f7 \u00eb\u00e1\u00e9 \u00ee\u00e1 \u00e2\u00e5\u00ec\u00f4\u00e9\u00f1\u00f3\u00e5\u00e9 \u00f4\u00e8 \u00ec\u00e5\u00e9\u00f4\u00ef\u00f9\u00f2\u00e7\u00dd\u00e1 \u00f4\u00e8\u00f7 \u00ef\u00f9\u00f2\u00ef\u00f0\u00ef\u00e9\u00e8\u00f4\u00e9\u00eb\u00dc\u00f7 \u00ef\u00e4\u00ef\u00e0 \u00f0\u00f2\u00ef\u00e1\u00f3\u00f0\u00dd\u00fa\u00ef\u00ee\u00f4\u00e1\u00f7 \u00f4\u00e8\u00ee \u00ec\u00e5\u00e9\u00f4\u00ef\u00f9\u00f2\u00e7\u00dd\u00e1 \u00f4\u00f6\u00ee \u00ee\u00e5\u00e6\u00f2\u00f1\u00ee \u00e1\u00f0\u00de \u00f4\u00e8\u00ee \u00f0\u00e1\u00f2\u00ef\u00f9\u00f3\u00dd\u00e1 \u00eb\u00f2\u00f9\u00f3\u00f4\u00c0\u00ec\u00ec\u00f6\u00ee \u00c0\u00ed\u00ed\u00ef\u00f9 \u00dc \u00f0\u00e5\u00f4\u00f2\u00f1\u00ee \u00f0\u00ef\u00f9 \u00e5\u00f0\u00e9\u00e2\u00e1\u00f2\u00e0\u00ee\u00ef\u00f9\u00ee \u00f4\u00e8\u00ee \u00ee\u00e5\u00e6\u00f2\u00e9\u00eb\u00dc \u00ec\u00e5\u00e9\u00f4\u00ef\u00f9\u00f2\u00e7\u00dd\u00e1 \u00eb\u00e1\u00e9 \u00f3\u00f9\u00ee\u00f4\u00e5\u00ec\u00ef\u00e0\u00ee \u00f3\u00f4\u00e8\u00ee \u00e1\u00ee\u00c0\u00f0\u00f4\u00f9\u00ea\u00e8 \u00ed\u00ef\u00ec\u00e0\u00ee\u00f3\u00e5\u00f6\u00ee.<\/p>\n<p>\u00aa\u00f9\u00f3\u00eb\u00e5\u00f9\u00e1\u00f3\u00dd\u00e1 100ml<\/p>\n","protected":false},"featured_media":0,"comment_status":"closed","ping_status":"open","template":"","meta":{"_monsterinsights_skip_tracking":false,"_monsterinsights_sitenote_active":false,"_monsterinsights_sitenote_note":"","_monsterinsights_sitenote_category":0},"product_brand":[],"product_cat":[15],"product_tag":[],"class_list":{"0":"post-9186","1":"product","2":"type-product","3":"status-publish","5":"product_cat-uncategorized","7":"first","8":"outofstock","9":"sale","10":"purchasable","11":"product-type-simple"},"aioseo_notices":[],"jetpack_sharing_enabled":true,"_links":{"self":[{"href":"https:\/\/demo3.bigdigital.gr\/index.php\/wp-json\/wp\/v2\/product\/9186","targetHints":{"allow":["GET"]}}],"collection":[{"href":"https:\/\/demo3.bigdigital.gr\/index.php\/wp-json\/wp\/v2\/product"}],"about":[{"href":"https:\/\/demo3.bigdigital.gr\/index.php\/wp-json\/wp\/v2\/types\/product"}],"replies":[{"embeddable":true,"href":"https:\/\/demo3.bigdigital.gr\/index.php\/wp-json\/wp\/v2\/comments?post=9186"}],"wp:attachment":[{"href":"https:\/\/demo3.bigdigital.gr\/index.php\/wp-json\/wp\/v2\/media?parent=9186"}],"wp:term":[{"taxonomy":"product_brand","embeddable":true,"href":"https:\/\/demo3.bigdigital.gr\/index.php\/wp-json\/wp\/v2\/product_brand?post=9186"},{"taxonomy":"product_cat","embeddable":true,"href":"https:\/\/demo3.bigdigital.gr\/index.php\/wp-json\/wp\/v2\/product_cat?post=9186"},{"taxonomy":"product_tag","embeddable":true,"href":"https:\/\/demo3.bigdigital.gr\/index.php\/wp-json\/wp\/v2\/product_tag?post=9186"}],"curies":[{"name":"wp","href":"https:\/\/api.w.org\/{rel}","templated":true}]}}