{"id":9187,"date":"2025-10-14T08:19:51","date_gmt":"2025-10-14T06:19:51","guid":{"rendered":"https:\/\/demo3.bigdigital.gr\/index.php\/product\/doctors-formulas-enteroactin-30-caps\/"},"modified":"2025-10-14T08:19:52","modified_gmt":"2025-10-14T06:19:52","slug":"doctors-formulas-enteroactin-30-caps","status":"publish","type":"product","link":"https:\/\/demo3.bigdigital.gr\/index.php\/product\/doctors-formulas-enteroactin-30-caps\/","title":{"rendered":"DOCTOR&#8217;S FORMULAS ENTEROACTIN 30 CAPS"},"content":{"rendered":"","protected":false},"excerpt":{"rendered":"<p>DOCTOR&#39;S FORMULAS ENTEROACTIN 30 CAPS.<\/p>\n<p>\u00bc\u00de\u00f2\u00ed\u00ef\u00f9\u00ec\u00e1 \u00a6\u00f2\u00ef\u00e2\u00e9\u00ef\u00f4\u00e9\u00eb\u00f1\u00ee<\/p>\n<p>\u00ba\u00cb\u00c4\u00b9\u00b0 \u00cc\u00b0\u00c4\u00b0\u00ba\u00c6\u00b8\u00c4\u00b9\u00aa\u00c6\u00b9\u00ba\u00b0 &amp; \u00c3\u00bc\u00b6\u00a4\u00b8<\/p>\n<p>\u00b8 \u00e6\u00de\u00f2\u00ed\u00ef\u00f9\u00ec\u00e1&nbsp;ENTEROACTIN&nbsp;\u00f0\u00e5\u00f2\u00e9\u00db\u00f8\u00e5\u00e9 \u00e4\u00e0\u00ef \u00e5\u00dd\u00e4\u00e8 \u00e6\u00e9\u00ec\u00e9\u00eb\u00f1\u00ee \u00ed\u00e9\u00eb\u00f2\u00ef\u00e2\u00dd\u00f6\u00ee \u00f0\u00f2\u00ef\u00f7 \u00e1\u00f0\u00ef\u00e6\u00f9\u00e7\u00dc \u00f9\u00f0\u00e5\u00f2\u00ed\u00ef\u00ec\u00e0\u00ee\u00f3\u00e5\u00f6\u00ee \u00e1\u00eb\u00de\u00ed\u00e8 \u00f0\u00e5\u00f2\u00e9\u00db\u00f8\u00e5\u00e9 &laquo;\u00e5\u00ee\u00e5\u00f2\u00e7\u00ef\u00e0\u00f7 \u00f3\u00f0\u00de\u00f2\u00ef\u00f9\u00f7&raquo; \u00f0\u00ef\u00f9 \u00f0\u00e1\u00f2\u00ef\u00f9\u00f3\u00e9\u00c0\u00fa\u00ef\u00f9\u00ee \u00e1\u00f9\u00ea\u00e8\u00ed\u00db\u00ee\u00e8 \u00e1\u00ee\u00f4\u00ef\u00f8\u00dc \u00f3\u00f4\u00e8\u00ee \u00e7\u00e1\u00f3\u00f4\u00f2\u00e9\u00eb\u00dc \u00ef\u00ea\u00e0\u00f4\u00e8\u00f4\u00e1, \u00db\u00f8\u00ef\u00f9\u00ee \u00f3\u00f4\u00e1\u00f5\u00e5\u00f2\u00dc \u00e4\u00e9\u00c0\u00f2\u00eb\u00e5\u00e9\u00e1, \u00e5\u00dd\u00ee\u00e1\u00e9 \u00f3\u00f4\u00e1\u00f5\u00e5\u00f2\u00ef\u00dd \u00e1\u00eb\u00de\u00ed\u00e1 \u00eb\u00e1\u00e9 \u00f3\u00e5 \u00f9\u00e3\u00e8\u00ec\u00db\u00f7 \u00f5\u00e5\u00f2\u00ed\u00ef\u00eb\u00f2\u00e1\u00f3\u00dd\u00e5\u00f7, \u00e5\u00f0\u00ef\u00e9\u00eb\u00dd\u00fa\u00ef\u00f9\u00ee \u00f4\u00e8\u00ee \u00e5\u00ee\u00f4\u00e5\u00f2\u00e9\u00eb\u00dc \u00f8\u00ec\u00f6\u00f2\u00dd\u00e4\u00e1 \u00eb\u00e1\u00e9 \u00e2\u00ef\u00e8\u00f5\u00ef\u00e0\u00ee \u00f3\u00f4\u00e8\u00ee \u00e5\u00ee\u00f4\u00e5\u00f2\u00e9\u00eb\u00dc \u00e4\u00f9\u00f3\u00e2\u00dd\u00f6\u00f3\u00e8. \u00a6\u00f2\u00ef\u00e2\u00ec\u00dc\u00ed\u00e1\u00f4\u00e1 \u00e4\u00f9\u00f3\u00eb\u00ef\u00e9\u00ec\u00e9\u00de\u00f4\u00e8\u00f4\u00e1\u00f7 \u00dc \u00e4\u00e9\u00c0\u00f2\u00f2\u00ef\u00e9\u00e1\u00f7 \u00e1\u00f0\u00ef\u00eb\u00e1\u00f5\u00dd\u00f3\u00f4\u00e1\u00ee\u00f4\u00e1\u00e9, \u00e5\u00e6\u00de\u00f3\u00ef\u00ee \u00e1\u00f0\u00ef\u00eb\u00e1\u00f5\u00dd\u00f3\u00f4\u00e1\u00f4\u00e1\u00e9 \u00eb\u00e1\u00e9 \u00e8 \u00e5\u00ee\u00f4\u00e5\u00f2\u00e9\u00eb\u00dc \u00f8\u00ec\u00f6\u00f2\u00dd\u00e4\u00e1.<\/p>\n<p>\u00b8 \u00e6\u00de\u00f2\u00ed\u00ef\u00f9\u00ec\u00e1&nbsp;ENTEROACTIN&nbsp;\u00ed\u00f0\u00ef\u00f2\u00e5\u00dd \u00e1\u00eb\u00de\u00ed\u00e1 \u00ee\u00e1 \u00f8\u00f2\u00e8\u00f3\u00e9\u00ed\u00ef\u00f0\u00ef\u00e9\u00e8\u00f5\u00e5\u00dd \u00f3\u00e1\u00ee \u00f4\u00ef\u00f0\u00e9\u00eb\u00dc \u00f5\u00e5\u00f2\u00e1\u00f0\u00e5\u00dd\u00e1 \u00f3\u00f4\u00e8\u00ee \u00eb\u00ef\u00ec\u00f0\u00e9\u00eb\u00dc \u00e4\u00f9\u00f3\u00e2\u00dd\u00f6\u00f3\u00e8 (\u00e5\u00f0\u00e1\u00ee\u00e1\u00ec\u00e1\u00ed\u00e2\u00e1\u00ee\u00de\u00ed\u00e5\u00ee\u00e5\u00f7 \u00ed\u00f9\u00eb\u00e8\u00f4\u00e9\u00c0\u00f3\u00e5\u00e9\u00f7) \u00e1\u00ec\u00ec\u00c0 \u00eb\u00e1\u00e9 \u00f3\u00f4\u00e1 \u00e6\u00ef\u00f9\u00f3\u00eb\u00f1\u00ed\u00e1\u00f4\u00e1 \u00f0\u00ef\u00f9 \u00f0\u00f2\u00ef\u00eb\u00e1\u00ec\u00ef\u00e0\u00ee \u00ef\u00e9 \u00f4\u00f2\u00ef\u00e6\u00e9\u00eb\u00db\u00f7 \u00e4\u00f9\u00f3\u00e1\u00ee\u00e5\u00ea\u00dd\u00e5\u00f7.<\/p>\n<p>&nbsp;<\/p>\n<p>\u00a6\u00c4\u00c3\u00b6\u00b9\u00a2\u00c3\u00a6\u00c3\u00b9\u00b8\u00aa\u00b6\u00b9\u00aa:&nbsp;\u00c6\u00ef \u00f0\u00f2\u00ef\u00fb\u00de\u00ee \u00e1\u00f9\u00f4\u00de \u00e4\u00e5\u00ee \u00f0\u00f2\u00ef\u00ef\u00f2\u00dd\u00fa\u00e5\u00f4\u00e1\u00e9 \u00e7\u00e9\u00e1 \u00f4\u00e8\u00ee \u00f0\u00f2\u00de\u00ec\u00e8\u00e3\u00e8, \u00e1\u00e7\u00f6\u00e7\u00dc \u00dc \u00f5\u00e5\u00f2\u00e1\u00f0\u00e5\u00dd\u00e1 \u00e1\u00ee\u00f5\u00f2\u00f1\u00f0\u00e9\u00ee\u00e8\u00f7 \u00ee\u00de\u00f3\u00ef\u00f9. \u00aa\u00f9\u00ed\u00e2\u00ef\u00f9\u00ec\u00e5\u00f9\u00f4\u00e5\u00dd\u00f4\u00e5 \u00f4\u00ef\u00ee \u00e7\u00e9\u00e1\u00f4\u00f2\u00de \u00f3\u00e1\u00f7 \u00e1\u00ee \u00e5\u00dd\u00f3\u00f4\u00e5 \u00db\u00e7\u00eb\u00f9\u00ef\u00f7, \u00f5\u00e8\u00ec\u00c0\u00fa\u00e5\u00f4\u00e5, \u00e2\u00f2\u00dd\u00f3\u00eb\u00e5\u00f3\u00f4\u00e5 \u00f9\u00f0\u00de \u00e6\u00e1\u00f2\u00ed\u00e1\u00eb\u00e5\u00f9\u00f4\u00e9\u00eb\u00dc \u00e1\u00e7\u00f6\u00e7\u00dc \u00dc \u00e1\u00ee\u00f4\u00e9\u00ed\u00e5\u00f4\u00f6\u00f0\u00dd\u00fa\u00e5\u00f4\u00e5 \u00f0\u00f2\u00ef\u00e2\u00ec\u00dc\u00ed\u00e1\u00f4\u00e1 \u00f9\u00e7\u00e5\u00dd\u00e1\u00f7.<\/p>\n","protected":false},"featured_media":0,"comment_status":"closed","ping_status":"open","template":"","meta":{"_monsterinsights_skip_tracking":false,"_monsterinsights_sitenote_active":false,"_monsterinsights_sitenote_note":"","_monsterinsights_sitenote_category":0},"product_brand":[],"product_cat":[15],"product_tag":[],"class_list":{"0":"post-9187","1":"product","2":"type-product","3":"status-publish","5":"product_cat-uncategorized","7":"first","8":"instock","9":"sale","10":"purchasable","11":"product-type-simple"},"aioseo_notices":[],"jetpack_sharing_enabled":true,"_links":{"self":[{"href":"https:\/\/demo3.bigdigital.gr\/index.php\/wp-json\/wp\/v2\/product\/9187","targetHints":{"allow":["GET"]}}],"collection":[{"href":"https:\/\/demo3.bigdigital.gr\/index.php\/wp-json\/wp\/v2\/product"}],"about":[{"href":"https:\/\/demo3.bigdigital.gr\/index.php\/wp-json\/wp\/v2\/types\/product"}],"replies":[{"embeddable":true,"href":"https:\/\/demo3.bigdigital.gr\/index.php\/wp-json\/wp\/v2\/comments?post=9187"}],"wp:attachment":[{"href":"https:\/\/demo3.bigdigital.gr\/index.php\/wp-json\/wp\/v2\/media?parent=9187"}],"wp:term":[{"taxonomy":"product_brand","embeddable":true,"href":"https:\/\/demo3.bigdigital.gr\/index.php\/wp-json\/wp\/v2\/product_brand?post=9187"},{"taxonomy":"product_cat","embeddable":true,"href":"https:\/\/demo3.bigdigital.gr\/index.php\/wp-json\/wp\/v2\/product_cat?post=9187"},{"taxonomy":"product_tag","embeddable":true,"href":"https:\/\/demo3.bigdigital.gr\/index.php\/wp-json\/wp\/v2\/product_tag?post=9187"}],"curies":[{"name":"wp","href":"https:\/\/api.w.org\/{rel}","templated":true}]}}