{"id":9238,"date":"2025-10-14T08:19:58","date_gmt":"2025-10-14T06:19:58","guid":{"rendered":"https:\/\/demo3.bigdigital.gr\/index.php\/product\/rilastil-daily-care-scrubbing-musk-50ml\/"},"modified":"2025-10-29T11:58:26","modified_gmt":"2025-10-29T09:58:26","slug":"rilastil-daily-care-scrubbing-musk-50ml","status":"publish","type":"product","link":"https:\/\/demo3.bigdigital.gr\/index.php\/product\/rilastil-daily-care-scrubbing-musk-50ml\/","title":{"rendered":"RILASTIL DAILY CARE SCRUBBING MUSK 50ML"},"content":{"rendered":"","protected":false},"excerpt":{"rendered":"<p>RILASTIL DAILY CARE SCRUBBING MUSK 50ML.<\/p>\n<p>\u00b6\u00dd\u00ee\u00e1\u00e9 \u00ed\u00e9\u00e1 \u00ed\u00c0\u00f3\u00eb\u00e1 \u00e1\u00f0\u00ef\u00ec\u00db\u00f0\u00e9\u00f3\u00e8\u00f7 \u00eb\u00e1\u00e9 \u00eb\u00e1\u00f5\u00e1\u00f2\u00e9\u00f3\u00ed\u00ef\u00e0 \u00f0\u00f2\u00ef\u00f3\u00f1\u00f0\u00ef\u00f9, \u00e7\u00e9\u00e1 \u00de\u00ec\u00ef\u00f9\u00f7 \u00f4\u00ef\u00f9\u00f7 \u00f4\u00e0\u00f0\u00ef\u00f9\u00f7 \u00e4\u00db\u00f2\u00ed\u00e1\u00f4\u00ef\u00f7.<\/p>\n<p>\u00bb\u00e5 \u00e1\u00f0\u00ef\u00ec\u00e5\u00f0\u00e9\u00f3\u00f4\u00e9\u00eb\u00ef\u00e0\u00f7 \u00eb\u00de\u00eb\u00eb\u00ef\u00f9\u00f7 \u00e1\u00f0\u00de \u00f0\u00f9\u00f2\u00dc\u00ee\u00e1 \u00e2\u00e5\u00f2\u00dd\u00eb\u00ef\u00eb\u00ef\u00f9, \u00e5\u00f3\u00f4\u00db\u00f2\u00e5\u00f7 jojoba \u00eb\u00e1\u00e9 \u00e7\u00ec\u00f9\u00eb\u00ef\u00ed\u00e1\u00ee\u00ee\u00c0\u00ee\u00e8<\/p>\n<p>\u00b0\u00f0\u00ef\u00ed\u00e1\u00eb\u00f2\u00e0\u00ee\u00e5\u00e9 \u00f4\u00e1 \u00ee\u00e5\u00eb\u00f2\u00c0 \u00eb\u00e0\u00f4\u00f4\u00e1\u00f2\u00e1 \u00f4\u00e8\u00f7 \u00e5\u00f0\u00e9\u00e4\u00e5\u00f2\u00ed\u00dd\u00e4\u00e1\u00f7 \u00eb\u00e1\u00e9 \u00f4\u00ef\u00f9\u00f7 \u00f2\u00e0\u00f0\u00ef\u00f9\u00f7<\/p>\n<p>\u00a2\u00e9\u00e5\u00e7\u00e5\u00dd\u00f2\u00e5\u00e9 \u00f4\u00e8\u00ee \u00e1\u00ee\u00e1\u00e7\u00db\u00ee\u00e8\u00f3\u00e8 \u00f4\u00f6\u00ee \u00eb\u00f9\u00f4\u00f4\u00c0\u00f2\u00f6\u00ee \u00f4\u00ef\u00f9 \u00e4\u00db\u00f2\u00ed\u00e1\u00f4\u00ef\u00f7<\/p>\n<p>\u00b0\u00e6\u00dc\u00ee\u00e5\u00e9 \u00f4\u00e8\u00ee \u00e5\u00f0\u00e9\u00e4\u00e5\u00f2\u00ed\u00dd\u00e4\u00e1 \u00ec\u00e5\u00dd\u00e1, \u00e1\u00f0\u00e1\u00ec\u00dc \u00eb\u00e1\u00e9 \u00e1\u00ee\u00e1\u00fa\u00f6\u00ef\u00e7\u00ef\u00ee\u00e8\u00ed\u00db\u00ee\u00e8<\/p>\n<p>\u00cc\u00f6\u00f2\u00dd\u00f7 SLES, SLS, \u00f8\u00f2\u00f1\u00ed\u00e1\u00f4\u00e1, \u00e1\u00ec\u00eb\u00ef\u00de\u00ec\u00e8. \u00cb\u00f0\u00ef\u00e1\u00ec\u00ec\u00e5\u00f2\u00e7\u00e9\u00eb\u00dc \u00f3\u00e0\u00ee\u00f5\u00e5\u00f3\u00e8 \u00eb\u00ec\u00e9\u00ee\u00e9\u00eb\u00c0 \u00e5\u00ec\u00e5\u00e7\u00ed\u00db\u00ee\u00e8<\/p>\n","protected":false},"featured_media":9817,"comment_status":"closed","ping_status":"closed","template":"","meta":{"_monsterinsights_skip_tracking":false,"_monsterinsights_sitenote_active":false,"_monsterinsights_sitenote_note":"","_monsterinsights_sitenote_category":0},"product_brand":[692],"product_cat":[1180,54,85,64],"product_tag":[],"class_list":{"0":"post-9238","1":"product","2":"type-product","3":"status-publish","4":"has-post-thumbnail","6":"product_brand-rilastil","7":"product_cat-katalogos","8":"product_cat-54","9":"product_cat-85","10":"product_cat-64","12":"first","13":"outofstock","14":"sale","15":"purchasable","16":"product-type-simple"},"aioseo_notices":[],"jetpack_sharing_enabled":true,"_links":{"self":[{"href":"https:\/\/demo3.bigdigital.gr\/index.php\/wp-json\/wp\/v2\/product\/9238","targetHints":{"allow":["GET"]}}],"collection":[{"href":"https:\/\/demo3.bigdigital.gr\/index.php\/wp-json\/wp\/v2\/product"}],"about":[{"href":"https:\/\/demo3.bigdigital.gr\/index.php\/wp-json\/wp\/v2\/types\/product"}],"replies":[{"embeddable":true,"href":"https:\/\/demo3.bigdigital.gr\/index.php\/wp-json\/wp\/v2\/comments?post=9238"}],"wp:featuredmedia":[{"embeddable":true,"href":"https:\/\/demo3.bigdigital.gr\/index.php\/wp-json\/wp\/v2\/media\/9817"}],"wp:attachment":[{"href":"https:\/\/demo3.bigdigital.gr\/index.php\/wp-json\/wp\/v2\/media?parent=9238"}],"wp:term":[{"taxonomy":"product_brand","embeddable":true,"href":"https:\/\/demo3.bigdigital.gr\/index.php\/wp-json\/wp\/v2\/product_brand?post=9238"},{"taxonomy":"product_cat","embeddable":true,"href":"https:\/\/demo3.bigdigital.gr\/index.php\/wp-json\/wp\/v2\/product_cat?post=9238"},{"taxonomy":"product_tag","embeddable":true,"href":"https:\/\/demo3.bigdigital.gr\/index.php\/wp-json\/wp\/v2\/product_tag?post=9238"}],"curies":[{"name":"wp","href":"https:\/\/api.w.org\/{rel}","templated":true}]}}