{"id":9274,"date":"2025-10-14T08:20:05","date_gmt":"2025-10-14T06:20:05","guid":{"rendered":"https:\/\/demo3.bigdigital.gr\/index.php\/product\/doctors-formulas-vitamin-c-1000-mg-150-ml\/"},"modified":"2025-10-27T13:41:05","modified_gmt":"2025-10-27T11:41:05","slug":"doctors-formulas-vitamin-c-1000-mg-150-ml","status":"publish","type":"product","link":"https:\/\/demo3.bigdigital.gr\/index.php\/product\/doctors-formulas-vitamin-c-1000-mg-150-ml\/","title":{"rendered":"DOCTOR&#8217;S FORMULAS VITAMIN C 1000 MG 150 ML"},"content":{"rendered":"","protected":false},"excerpt":{"rendered":"<p>DOCTOR&#39;S FORMULAS VITAMIN C 1000 MG 150 ML<\/p>\n<p>\u00c6\u00e1 \u00ec\u00e9\u00f0\u00ef\u00f3\u00f1\u00ed\u00e1\u00f4\u00e1<\/p>\n<p>\u00c6\u00e1&nbsp;\u00ec\u00e9\u00f0\u00ef\u00f3\u00f1\u00ed\u00e1\u00f4\u00e1&nbsp;\u00e1\u00ee\u00dc\u00eb\u00ef\u00f9\u00ee \u00f3\u00f4\u00e9\u00f7 \u00eb\u00ef\u00ec\u00ec\u00ef\u00e5\u00e9\u00e4\u00e5\u00dd\u00f7 \u00e4\u00e9\u00e1\u00f3\u00f0\u00ef\u00f2\u00db\u00f7 \u00f3\u00f9\u00f3\u00f4\u00e8\u00ed\u00c0\u00f4\u00f6\u00ee \u00ed\u00e5\u00f4\u00e1\u00e6\u00ef\u00f2\u00c0\u00f7 \u00e2\u00e9\u00ef\u00e4\u00f2\u00e1\u00f3\u00f4\u00e9\u00eb\u00f1\u00ee \u00ed\u00ef\u00f2\u00dd\u00f6\u00ee \u00f4\u00e1 \u00ef\u00f0\u00ef\u00dd\u00e1 \u00db\u00f8\u00ef\u00f9\u00ee \u00f4\u00e8\u00ee \u00e9\u00eb\u00e1\u00ee\u00de\u00f4\u00e8\u00f4\u00e1 \u00ed\u00e5\u00f4\u00e1\u00e6\u00ef\u00f2\u00c0\u00f7 \u00f4\u00ef\u00f9\u00f7, \u00e2\u00e5\u00ec\u00f4\u00e9\u00f1\u00ee\u00ef\u00ee\u00f4\u00e1\u00f7 \u00f4\u00e8\u00ee \u00e1\u00f0\u00ef\u00f4\u00e5\u00ec\u00e5\u00f3\u00ed\u00e1\u00f4\u00e9\u00eb\u00de\u00f4\u00e8\u00f4\u00e1 \u00f4\u00ef\u00f9\u00f7. \u00c3\u00e9 \u00e4\u00e9\u00e1\u00f3\u00f4\u00c0\u00f3\u00e5\u00e9\u00f7 \u00f4\u00f6\u00ee \u00ec\u00e9\u00f0\u00ef\u00f3\u00f6\u00ed\u00c0\u00f4\u00f6\u00ee \u00e1\u00ee\u00c0\u00ec\u00ef\u00e7\u00e1 \u00ed\u00e5 \u00f4\u00e8\u00ee \u00ed\u00db\u00f5\u00ef\u00e4\u00ef \u00f0\u00e1\u00f2\u00e1\u00f3\u00eb\u00e5\u00f9\u00dc\u00f7 \u00f4\u00ef\u00f9\u00f7 \u00eb\u00e1\u00e9 \u00f4\u00e1 \u00e6\u00f9\u00f3\u00e9\u00eb\u00ef\u00f8\u00e8\u00ed\u00e9\u00eb\u00c0 \u00f8\u00e1\u00f2\u00e1\u00eb\u00f4\u00e8\u00f2\u00e9\u00f3\u00f4\u00e9\u00eb\u00c0 \u00f4\u00f6\u00ee \u00e4\u00ef\u00ed\u00e9\u00eb\u00f1\u00ee \u00f4\u00ef\u00f9\u00f7 \u00ed\u00ef\u00ee\u00c0\u00e4\u00f6\u00ee \u00e5\u00dd\u00ee\u00e1\u00e9 \u00f4\u00e8\u00f7 \u00f4\u00c0\u00ea\u00e5\u00f6\u00f7 \u00f4\u00f6\u00ee \u00ee\u00e1\u00ee\u00ef\u00ed\u00db\u00f4\u00f2\u00f6\u00ee \u00ed\u00db\u00f8\u00f2\u00e9 \u00f4\u00e8\u00f7 \u00f4\u00c0\u00ea\u00e5\u00f6\u00f7 \u00ed\u00e5\u00f2\u00e9\u00eb\u00f1\u00ee \u00ed\u00e9\u00eb\u00f2\u00ef\u00ed\u00db\u00f4\u00f2\u00f6\u00ee.<\/p>\n<p>\u00b9\u00f3\u00f4\u00ef\u00f2\u00e9\u00eb\u00c0, \u00f3\u00f4\u00e9\u00f7 \u00e1\u00f2\u00f8\u00db\u00f7 \u00f4\u00e8\u00f7 \u00e4\u00e5\u00eb\u00e1\u00e5\u00f4\u00dd\u00e1\u00f7 \u00f4\u00ef\u00f9 1960, \u00f9\u00f0\u00dc\u00f2\u00f8\u00e5 \u00e8 \u00f4\u00c0\u00f3\u00e8 \u00ed\u00e5\u00ec\u00db\u00f4\u00e8\u00f7 \u00f4\u00f6\u00ee \u00e2\u00e9\u00ef\u00e6\u00f9\u00f3\u00e9\u00eb\u00f1\u00ee \u00e9\u00e4\u00e9\u00ef\u00f4\u00dc\u00f4\u00f6\u00ee \u00f4\u00f6\u00ee \u00eb\u00ef\u00ec\u00ec\u00ef\u00e5\u00dd\u00e4\u00f1\u00ee \u00f3\u00f9\u00f3\u00f4\u00e8\u00ed\u00c0\u00f4\u00f6\u00ee \u00f4\u00e1 \u00ef\u00f0\u00ef\u00dd\u00e1 \u00e5\u00dd\u00f8\u00e1\u00ee \u00f3\u00e0\u00f3\u00f4\u00e1\u00f3\u00e8 \u00ec\u00e9\u00f0\u00e9\u00e4\u00e9\u00eb\u00dc \u00eb\u00e1\u00e9 \u00e6\u00f6\u00f3\u00e6\u00ef\u00ec\u00e9\u00f0\u00e9\u00e4\u00e9\u00eb\u00dc, \u00ed\u00e5 \u00f3\u00f4\u00de\u00f8\u00ef \u00f4\u00e8\u00ee \u00eb\u00e1\u00f4\u00e1\u00ee\u00de\u00e8\u00f3\u00e8 \u00f4\u00f6\u00ee \u00e2\u00e9\u00ef\u00e6\u00f9\u00f3\u00e9\u00eb\u00f1\u00ee \u00ec\u00e5\u00e9\u00f4\u00ef\u00f9\u00f2\u00e7\u00e9\u00f1\u00ee \u00f4\u00f6\u00ee \u00eb\u00f9\u00f4\u00f4\u00c0\u00f2\u00f6\u00ee. \u00c3 \u00e2\u00e9\u00ef\u00e6\u00f9\u00f3\u00e9\u00eb\u00de\u00f7&nbsp; A.D. Bangham \u00ed\u00e5\u00ec\u00db\u00f4\u00e8\u00f3\u00e5 \u00ec\u00e9\u00f0\u00e9\u00e4\u00e9\u00eb\u00db\u00f7 \u00eb\u00ef\u00ec\u00ec\u00ef\u00e5\u00e9\u00e4\u00e5\u00dd\u00f7 \u00e4\u00e9\u00e1\u00f3\u00f0\u00ef\u00f2\u00db\u00f7, \u00e7\u00e9\u00e1 \u00ee\u00e1 \u00f0\u00f2\u00ef\u00f3\u00ef\u00ed\u00ef\u00e9\u00c0\u00f3\u00e5\u00e9 \u00f4\u00e9\u00f7 \u00eb\u00f9\u00f4\u00f4\u00e1\u00f2\u00e9\u00eb\u00db\u00f7 \u00ed\u00e5\u00e2\u00f2\u00c0\u00ee\u00e5\u00f7 \u00eb\u00e1\u00e9 \u00ee\u00e1 \u00ed\u00e5\u00ec\u00e5\u00f4\u00dc\u00f3\u00e5\u00e9 \u00f4\u00e8\u00ee \u00ec\u00e5\u00e9\u00f4\u00ef\u00f9\u00f2\u00e7\u00e9\u00eb\u00de\u00f4\u00e8\u00f4\u00e1 \u00f4\u00ef\u00f9\u00f7.<\/p>\n<p>\u00c6\u00e1&nbsp; \u00ec\u00e9\u00f0\u00ef\u00f3\u00f1\u00ed\u00e1\u00f4\u00e1 \u00e5\u00e6\u00de\u00f3\u00ef\u00ee \u00e5\u00dd\u00ee\u00e1\u00e9 \u00f0\u00e1\u00f2\u00e1\u00f3\u00eb\u00e5\u00f9\u00e1\u00f3\u00ed\u00db\u00ee\u00e1 \u00e1\u00f0\u00ef \u00e4\u00ef\u00ed\u00e9\u00eb\u00c0 \u00f9\u00ec\u00e9\u00eb\u00c0 \u00de\u00f0\u00f6\u00f7 \u00e1\u00f9\u00f4\u00c0 \u00f4\u00f6\u00ee \u00eb\u00f9\u00f4\u00f4\u00c0\u00f2\u00f6\u00ee \u00ed\u00e1\u00f7 \u00db\u00f8\u00ef\u00f9\u00ee \u00f0\u00ec\u00e5\u00ef\u00ee\u00e5\u00eb\u00f4\u00dc\u00ed\u00e1\u00f4\u00e1 \u00f4\u00e1 \u00ef\u00f0\u00ef\u00dd\u00e1 \u00f3\u00f8\u00e5\u00f4\u00dd\u00fa\u00ef\u00ee\u00f4\u00e1\u00e9 \u00ed\u00e5 \u00f4\u00e8\u00ee &lsquo;\u00e6\u00e9\u00ec\u00e9\u00eb\u00de\u00f4\u00e8\u00f4\u00e1&rsquo; \u00f6\u00f7 \u00f0\u00f2\u00ef\u00f7 \u00f4\u00ef\u00f9\u00f7 \u00e9\u00f3\u00f4\u00ef\u00e0\u00f7 \u00f4\u00ef\u00f9 \u00e1\u00ee\u00f5\u00f2\u00f1\u00f0\u00ef\u00f9. \u00ce\u00f8\u00ef\u00f9\u00ee \u00f4\u00e8\u00ee \u00e9\u00eb\u00e1\u00ee\u00de\u00f4\u00e8\u00f4\u00e1 \u00ee\u00e1 \u00ed\u00e5\u00f4\u00e1\u00e6\u00db\u00f2\u00ef\u00f9\u00ee \u00ec\u00e9\u00f0\u00de\u00e6\u00e9\u00ec\u00e1 \u00e2\u00e9\u00ef\u00e4\u00f2\u00e1\u00f3\u00f4\u00e9\u00eb\u00c0 \u00ed\u00de\u00f2\u00e9\u00e1 \u00f4\u00e1 \u00ef\u00f0\u00ef\u00dd\u00e1 \u00e4\u00e5\u00ee \u00e4\u00e9\u00e1\u00ec\u00e0\u00ef\u00ee\u00f4\u00e1\u00e9 \u00e5\u00e0\u00eb\u00ef\u00ec\u00e1 \u00f3\u00e5 \u00f9\u00e4\u00e1\u00f4\u00e9\u00eb\u00c0 \u00ed\u00db\u00f3\u00e1 \u00eb\u00e1\u00e9 \u00c0\u00f2\u00e1 \u00db\u00f8\u00ef\u00f9\u00ee \u00f0\u00f2\u00ef\u00e2\u00ec\u00dc\u00ed\u00e1\u00f4\u00e1 \u00e1\u00f0\u00ef\u00f2\u00f2\u00de\u00e6\u00e8\u00f3\u00e8\u00f7 \u00eb\u00e1\u00e9 \u00e2\u00e9\u00ef\u00e4\u00e9\u00e1\u00f5\u00e5\u00f3\u00e9\u00ed\u00de\u00f4\u00e8\u00f4\u00e1\u00f7 \u00f0.\u00f8, \u00e2\u00e9\u00f4\u00e1\u00ed\u00dd\u00ee\u00e5\u00f7 , \u00eb\u00ef\u00f9\u00f2\u00eb\u00ef\u00f9\u00ed\u00dd\u00ee\u00e8 \u00eb.\u00e1 \u00e1\u00ec\u00ec\u00c0 \u00eb\u00e1\u00e9 \u00f9\u00e4\u00e1\u00f4\u00ef\u00e4\u00e9\u00e1\u00ec\u00f9\u00f4\u00c0 \u00e8 \u00e1\u00ed\u00e6\u00dd\u00e6\u00e9\u00ec\u00e1 \u00ed\u00de\u00f2\u00e9\u00e1, \u00e2\u00e5\u00ec\u00f4\u00e9\u00f1\u00ee\u00ef\u00ee\u00f4\u00e1\u00e9 \u00f6\u00f7 \u00f0\u00f2\u00ef\u00f7 \u00f4\u00ef \u00f2\u00f9\u00f5\u00ed\u00de \u00e4\u00e9\u00e1\u00ec\u00e0\u00f3\u00e8\u00f7 \u00eb\u00e1\u00e9 \u00f4\u00e8\u00ee \u00e1\u00f0\u00ef\u00f2\u00f2\u00de\u00e6\u00e8\u00f3\u00e8 \u00f4\u00ef\u00f9\u00f7 \u00ed\u00db\u00f3\u00f6 \u00f4\u00ef\u00f9 \u00e7\u00e1\u00f3\u00f4\u00f2\u00e5\u00ee\u00f4\u00e5\u00f2\u00e9\u00eb\u00ef\u00e0 \u00e1\u00f9\u00ec\u00de.<\/p>\n<p>\u00c6\u00e1 \u00ec\u00e9\u00f0\u00ef\u00f3\u00f6\u00ed\u00e1\u00f4\u00e1 \u00ed\u00f0\u00ef\u00f2\u00ef\u00e0\u00ee \u00eb\u00e1\u00e9 \u00ed\u00e5\u00f4\u00e1\u00e6\u00db\u00f2\u00ef\u00f9\u00ee \u00f4\u00e9\u00f7 \u00e2\u00e9\u00ef\u00e4\u00f2\u00e1\u00f3\u00f4\u00e9\u00eb\u00db\u00f7 \u00ef\u00f9\u00f3\u00dd\u00e5\u00f7 \u00eb\u00e1\u00e9&nbsp; \u00e2\u00e5\u00ec\u00f4\u00e9\u00f1\u00ee\u00ef\u00f9\u00ee \u00f4\u00e8\u00ee \u00e4\u00e9\u00e1\u00f0\u00db\u00f2\u00e1\u00f3\u00e8 \u00f4\u00ef\u00f9\u00f7 \u00e1\u00f0\u00ef \u00f4\u00ef\u00f9\u00f7 \u00e6\u00f2\u00e1\u00e7\u00ed\u00ef\u00e0\u00f7 \u00f4\u00ef\u00f9 \u00e7\u00e1\u00f3\u00f4\u00f2\u00e5\u00ee\u00f4\u00e5\u00f2\u00e9\u00eb\u00ef\u00e0 \u00f3\u00f6\u00ec\u00dc\u00ee\u00e1 \u00eb\u00e1\u00e9 \u00e1\u00f0\u00ef\u00f4\u00e5\u00ec\u00ef\u00e0\u00ee \u00e1\u00f0\u00ef\u00f4\u00e5\u00ec\u00e5\u00f3\u00ed\u00e1\u00f4\u00e9\u00eb\u00c0 &lsquo;\u00ef\u00f8\u00dc\u00ed\u00e1\u00f4\u00e1&rsquo; \u00ed\u00e5\u00f4\u00e1\u00e6\u00ef\u00f2\u00c0\u00f7 \u00e2\u00e9\u00ef\u00e4\u00f2\u00e1\u00f3\u00f4\u00e9\u00eb\u00f1\u00ee \u00ed\u00ef\u00f2\u00dd\u00f6\u00ee.<\/p>\n<p>\u00b8&nbsp;\u00ec\u00e9\u00f0\u00ef\u00f3\u00f6\u00ed\u00e9\u00e1\u00eb\u00dc \u00f4\u00e5\u00f8\u00ee\u00ef\u00ec\u00ef\u00e7\u00dd\u00e1&nbsp;\u00eb\u00e1\u00e9 \u00e5\u00e9\u00e4\u00e9\u00eb\u00c0 \u00e8 \u00eb\u00e1\u00e9\u00ee\u00ef\u00f4\u00de\u00ed\u00ef\u00f7 \u00f4\u00e5\u00f8\u00ee\u00ef\u00ec\u00ef\u00e7\u00dd\u00e1 \u00f4\u00f6\u00ee \u00f9\u00f0\u00e5\u00f2\u00ed\u00ef\u00f2\u00e9\u00e1\u00eb\u00f1\u00ee \u00e6\u00f6\u00f3\u00e6\u00ef\u00ec\u00e9\u00f0\u00e9\u00e4\u00e9\u00eb\u00f1\u00ee \u00f3\u00f9\u00ed\u00f0\u00ec\u00e5\u00e7\u00ed\u00c0\u00f4\u00f6\u00ee \u00ed\u00e5 \u00e4\u00ef\u00ed\u00dc \u00ec\u00e9\u00f0\u00e9\u00e4\u00e9\u00eb\u00f1\u00ee \u00e4\u00e9\u00f0\u00ec\u00ef\u00f3\u00f4\u00ef\u00e9\u00e2\u00c0\u00e4\u00f6\u00ee&nbsp; \u00ed\u00f0\u00ef\u00f2\u00ef\u00e0\u00ee \u00ee\u00e1 \u00e2\u00e5\u00ec\u00f4\u00e9\u00f1\u00f3\u00ef\u00f9\u00ee \u00f4\u00e8\u00ee \u00f5\u00e5\u00f2\u00e1\u00f0\u00e5\u00f9\u00f4\u00e9\u00eb\u00dc \u00e1\u00f0\u00ef\u00f4\u00e5\u00ec\u00e5\u00f3\u00ed\u00e1\u00f4\u00e9\u00eb\u00de\u00f4\u00e8\u00f4\u00e1 \u00f4\u00f6\u00ee \u00f3\u00f9\u00ed\u00f0\u00ec\u00e8\u00f2\u00f6\u00ed\u00c0\u00f4\u00f6\u00ee \u00e4\u00e9\u00e1\u00f4\u00f2\u00ef\u00e6\u00dc\u00f7 \u00eb\u00e1\u00e9 \u00e1\u00f0\u00ef\u00f4\u00e5\u00ec\u00ef\u00e0\u00ee \u00eb\u00e1\u00e9\u00ee\u00ef\u00f4\u00ef\u00ed\u00dd\u00e1 \u00f3\u00f4\u00ef\u00ee \u00f8\u00f1\u00f2\u00ef \u00e1\u00f9\u00f4\u00de , \u00e4\u00dd\u00e4\u00ef\u00ee\u00f4\u00e1\u00f7 \u00f9\u00e3\u00e8\u00ec\u00dc \u00f0\u00f2\u00ef\u00f3\u00f4\u00e9\u00f5\u00db\u00ed\u00e5\u00ee\u00e8 \u00e1\u00ea\u00dd\u00e1 \u00f3\u00f4\u00e8\u00ee \u00f4\u00e5\u00ec\u00e9\u00eb\u00dc \u00e4\u00ef\u00f3\u00ef\u00ec\u00ef\u00e7\u00e9\u00eb\u00dc \u00ed\u00ef\u00f2\u00e6\u00dc.<\/p>\n<p>&nbsp;<\/p>\n<p>To \u00eb\u00e5\u00dd\u00ed\u00e5\u00ee\u00ef \u00e4\u00e8\u00ed\u00e9\u00ef\u00f9\u00f2\u00e7\u00dc\u00f5\u00e8\u00eb\u00e5 \u00ed\u00e5 \u00f4\u00e8\u00ee \u00f3\u00f9\u00ee\u00e5\u00f2\u00e7\u00e1\u00f3\u00dd\u00e1 \u00f4\u00ef\u00f9 \u00e5\u00f2\u00e7\u00e1\u00f3\u00f4\u00e8\u00f2\u00dd\u00ef\u00f9 \u00f4\u00e8\u00f7 \u00bc\u00e1\u00f2\u00ed\u00e1\u00eb\u00e5\u00f9\u00f4\u00e9\u00eb\u00dc\u00f7 \u00c1\u00e1\u00ee\u00ef\u00f4\u00e5\u00f8\u00ee\u00ef\u00ec\u00ef\u00e7\u00dd\u00e1\u00f7 \u00f4\u00ef\u00f9 \u00c6\u00ed\u00dc\u00ed\u00e1\u00f4\u00ef\u00f7 \u00bc\u00e1\u00f2\u00ed\u00e1\u00eb\u00e5\u00f9\u00f4\u00e9\u00eb\u00dc\u00f7 \u00f4\u00ef\u00f9 \u00b6\u00f5\u00ee\u00e9\u00eb\u00ef\u00e0 \u00eb\u00e1\u00e9 \u00ba\u00e1\u00f0\u00ef\u00e4\u00e9\u00f3\u00f4\u00f2\u00e9\u00e1\u00eb\u00ef\u00e0 \u00a6\u00e1\u00ee\u00e5\u00f0\u00e9\u00f3\u00f4\u00e8\u00ed\u00dd\u00ef\u00f9 \u00b0\u00f5\u00e8\u00ee\u00f1\u00ee<\/p>\n<p>\u00b5\u00e9\u00e2\u00ec\u00e9\u00ef\u00e7\u00f2\u00e1\u00e6\u00dd\u00e1:&nbsp;(1)&nbsp;\u00ba. \u00a2\u00e5\u00ed\u00db\u00f4\u00fa\u00ef\u00f7. &lsquo;\u00bc\u00e1\u00f2\u00ed\u00e1\u00eb\u00e5\u00f9\u00f4\u00e9\u00eb\u00dc \u00c1\u00e1\u00ee\u00ef\u00f4\u00e5\u00f8\u00ee\u00ef\u00ec\u00ef\u00e7\u00dd\u00e1. \u00b5\u00e1\u00f3\u00e9\u00eb\u00db\u00f7 \u00b0\u00f2\u00f8\u00db\u00f7 \u00eb\u00e1\u00e9 \u00f0\u00f2\u00e1\u00eb\u00f4\u00e9\u00eb\u00db\u00f7 \u00e5\u00e6\u00e1\u00f2\u00ed\u00ef\u00e7\u00db\u00f7&rsquo;, \u00b6\u00eb\u00e4. \u00a6\u00e1\u00f2\u00e9\u00f3\u00e9\u00c0\u00ee\u00ef\u00f9, 2014 (2)&nbsp;Y. Perrie, T. Rades &lsquo;\u00bc\u00e1\u00f2\u00ed\u00e1\u00eb\u00e5\u00f9\u00f4\u00e9\u00eb\u00dc \u00c6\u00e5\u00f8\u00ee\u00ef\u00ec\u00ef\u00e7\u00dd\u00e1-\u00bb\u00e5\u00f4\u00e1\u00e6\u00ef\u00f2\u00c0 \u00eb\u00e1\u00e9 \u00f3\u00f4\u00ef\u00f8\u00e5\u00f9\u00ed\u00db\u00ee\u00e8 \u00e4\u00f2\u00c0\u00f3\u00e8 \u00e6\u00e1\u00f2\u00ed\u00c0\u00eb\u00f6\u00ee&rsquo;, \u00b6\u00f0\u00e9\u00f3\u00f4\u00e8\u00ed\u00ef\u00ee\u00e9\u00eb\u00dc \u00b6\u00f0\u00e9\u00ed\u00db\u00ec\u00e5\u00e9\u00e1 \u00ba. \u00a2\u00e5\u00ed\u00db\u00f4\u00fa\u00ef\u00f7 , \u00b6\u00eb\u00e4. \u00a6\u00e1\u00f2\u00e9\u00f3\u00e9\u00c0\u00ee\u00ef\u00f9, 2016.<\/p>\n<p>&nbsp;<\/p>\n<p>\u00c6\u00ef&nbsp;VITAMIN C 1000mg&nbsp;\u00e5\u00dd\u00ee\u00e1\u00e9 \u00db\u00ee\u00e1 \u00f3\u00f9\u00ed\u00f0\u00ec\u00dc\u00f2\u00f6\u00ed\u00e1 \u00e4\u00e9\u00e1\u00f4\u00f2\u00ef\u00e6\u00dc\u00f7 \u00f0\u00ef\u00f9&nbsp;\u00f0\u00e5\u00f2\u00e9\u00db\u00f8\u00e5\u00e9 \u00e2\u00e9\u00f4\u00e1\u00ed\u00dd\u00ee\u00e8 C(\u00f6\u00f7 \u00e1\u00f3\u00eb\u00ef\u00f2\u00e2\u00e9\u00eb\u00de \u00ef\u00ea\u00e0 \u00eb\u00e1\u00e9 \u00e1\u00f3\u00eb\u00ef\u00f2\u00e2\u00e9\u00eb\u00de \u00ee\u00c0\u00f4\u00f2\u00e9\u00ef).&nbsp;\u00b8&nbsp;\u00ec\u00e9\u00f0\u00ef\u00f3\u00f6\u00ed\u00e9\u00e1\u00eb\u00dc \u00f4\u00e5\u00f8\u00ee\u00ef\u00ec\u00ef\u00e7\u00dd\u00e1\u00ed\u00ef\u00f2\u00e6\u00ef\u00f0\u00ef\u00dd\u00e8\u00f3\u00e8\u00f7 \u00e5\u00f0\u00e9\u00e6\u00db\u00f2\u00e5\u00e9 \u00ed\u00e5\u00e7\u00e1\u00ec\u00e0\u00f4\u00e5\u00f2\u00e8 \u00e1\u00f0\u00ef\u00f2\u00f2\u00de\u00e6\u00e8\u00f3\u00e8 \u00eb\u00e1\u00e9 \u00e2\u00e9\u00ef\u00e4\u00e9\u00e1\u00f5\u00e5\u00f3\u00e9\u00ed\u00de\u00f4\u00e8\u00f4\u00e1 \u00f4\u00f6\u00ee \u00e4\u00f2\u00e1\u00f3\u00f4\u00e9\u00eb\u00f1\u00ee \u00f3\u00f9\u00f3\u00f4\u00e1\u00f4\u00e9\u00eb\u00f1\u00ee \u00f4\u00ef\u00f9 \u00f3\u00eb\u00e5\u00f9\u00c0\u00f3\u00ed\u00e1\u00f4\u00ef\u00f7.<\/p>\n<p>\u00a6\u00c4\u00c3\u00b6\u00b9\u00a2\u00c3\u00a6\u00c3\u00b9\u00b8\u00aa\u00b6\u00b9\u00aa:&nbsp;&#8211; \u00c1\u00e1 \u00ed\u00e8 \u00e7\u00dd\u00ee\u00e5\u00f4\u00e1\u00e9 \u00f9\u00f0\u00db\u00f2\u00e2\u00e1\u00f3\u00e8 \u00f4\u00e8\u00f7 \u00f3\u00f9\u00ee\u00e9\u00f3\u00f4\u00f1\u00ed\u00e5\u00ee\u00e8\u00f7 \u00e8\u00ed\u00e5\u00f2\u00dc\u00f3\u00e9\u00e1\u00f7 \u00e4\u00de\u00f3\u00e8\u00f7. &#8211; \u00c6\u00e1 \u00aa\/\u00a2 \u00e4\u00e5\u00ee \u00f0\u00f2\u00db\u00f0\u00e5\u00e9 \u00ee\u00e1 \u00f8\u00f2\u00e8\u00f3\u00e9\u00ed\u00ef\u00f0\u00ef\u00e9\u00ef\u00e0\u00ee\u00f4\u00e1\u00e9 \u00f6\u00f7 \u00f9\u00f0\u00ef\u00eb\u00e1\u00f4\u00c0\u00f3\u00f4\u00e1\u00f4\u00ef \u00ed\u00dd\u00e1\u00f7 \u00e9\u00f3\u00ef\u00f2\u00f2\u00ef\u00f0\u00e8\u00ed\u00db\u00ee\u00e8\u00f7 \u00e4\u00dd\u00e1\u00e9\u00f4\u00e1\u00f7. &#8211; \u00c1\u00e1 \u00e6\u00f9\u00ec\u00c0\u00f3\u00f3\u00e5\u00f4\u00e1\u00e9 \u00ed\u00e1\u00eb\u00f2\u00e9\u00c0 \u00e1\u00f0\u00de \u00f4\u00e1 \u00ed\u00e9\u00eb\u00f2\u00c0 \u00f0\u00e1\u00e9\u00e4\u00e9\u00c0. &#8211; \u00c6\u00ef \u00f0\u00f2\u00ef\u00fb\u00de\u00ee \u00e1\u00f9\u00f4\u00de \u00e4\u00e5\u00ee \u00f0\u00f2\u00ef\u00ef\u00f2\u00dd\u00fa\u00e5\u00f4\u00e1\u00e9 \u00e7\u00e9\u00e1 \u00f4\u00e8\u00ee \u00f0\u00f2\u00de\u00ec\u00e8\u00e3\u00e8, \u00e1\u00e7\u00f6\u00e7\u00dc \u00dc \u00f5\u00e5\u00f2\u00e1\u00f0\u00e5\u00dd\u00e1 \u00e1\u00ee\u00f5\u00f2\u00f1\u00f0\u00e9\u00ee\u00e8\u00f7 \u00ee\u00de\u00f3\u00ef\u00f9. &#8211; \u00aa\u00f9\u00ed\u00e2\u00ef\u00f9\u00ec\u00e5\u00f9\u00f4\u00e5\u00dd\u00f4\u00e5 \u00f4\u00ef\u00ee \u00e7\u00e9\u00e1\u00f4\u00f2\u00de \u00f3\u00e1\u00f7 \u00e1\u00ee \u00e5\u00dd\u00f3\u00f4\u00e5 \u00db\u00e7\u00eb\u00f9\u00ef\u00f7, \u00f5\u00e8\u00ec\u00c0\u00fa\u00e5\u00f4\u00e5, \u00e2\u00f2\u00dd\u00f3\u00eb\u00e5\u00f3\u00f4\u00e5 \u00f9\u00f0\u00de \u00e6\u00e1\u00f2\u00ed\u00e1\u00eb\u00e5\u00f9\u00f4\u00e9\u00eb\u00dc \u00e1\u00e7\u00f6\u00e7\u00dc \u00dc \u00e1\u00ee\u00f4\u00e9\u00ed\u00e5\u00f4\u00f6\u00f0\u00dd\u00fa\u00e5\u00f4\u00e5 \u00f0\u00f2\u00ef\u00e2\u00ec\u00dc\u00ed\u00e1\u00f4\u00e1 \u00f9\u00e7\u00e5\u00dd\u00e1\u00f7<\/p>\n","protected":false},"featured_media":9590,"comment_status":"closed","ping_status":"closed","template":"","meta":{"_monsterinsights_skip_tracking":false,"_monsterinsights_sitenote_active":false,"_monsterinsights_sitenote_note":"","_monsterinsights_sitenote_category":0},"product_brand":[1130],"product_cat":[1180,90,182],"product_tag":[],"class_list":{"0":"post-9274","1":"product","2":"type-product","3":"status-publish","4":"has-post-thumbnail","6":"product_brand-doctors-formula","7":"product_cat-katalogos","8":"product_cat-90","9":"product_cat-182","11":"first","12":"outofstock","13":"purchasable","14":"product-type-simple"},"aioseo_notices":[],"jetpack_sharing_enabled":true,"_links":{"self":[{"href":"https:\/\/demo3.bigdigital.gr\/index.php\/wp-json\/wp\/v2\/product\/9274","targetHints":{"allow":["GET"]}}],"collection":[{"href":"https:\/\/demo3.bigdigital.gr\/index.php\/wp-json\/wp\/v2\/product"}],"about":[{"href":"https:\/\/demo3.bigdigital.gr\/index.php\/wp-json\/wp\/v2\/types\/product"}],"replies":[{"embeddable":true,"href":"https:\/\/demo3.bigdigital.gr\/index.php\/wp-json\/wp\/v2\/comments?post=9274"}],"wp:featuredmedia":[{"embeddable":true,"href":"https:\/\/demo3.bigdigital.gr\/index.php\/wp-json\/wp\/v2\/media\/9590"}],"wp:attachment":[{"href":"https:\/\/demo3.bigdigital.gr\/index.php\/wp-json\/wp\/v2\/media?parent=9274"}],"wp:term":[{"taxonomy":"product_brand","embeddable":true,"href":"https:\/\/demo3.bigdigital.gr\/index.php\/wp-json\/wp\/v2\/product_brand?post=9274"},{"taxonomy":"product_cat","embeddable":true,"href":"https:\/\/demo3.bigdigital.gr\/index.php\/wp-json\/wp\/v2\/product_cat?post=9274"},{"taxonomy":"product_tag","embeddable":true,"href":"https:\/\/demo3.bigdigital.gr\/index.php\/wp-json\/wp\/v2\/product_tag?post=9274"}],"curies":[{"name":"wp","href":"https:\/\/api.w.org\/{rel}","templated":true}]}}