{"id":9280,"date":"2025-10-14T08:20:05","date_gmt":"2025-10-14T06:20:05","guid":{"rendered":"https:\/\/demo3.bigdigital.gr\/index.php\/product\/cleria-refreshing-micellar-water-300ml\/"},"modified":"2025-10-14T13:32:01","modified_gmt":"2025-10-14T11:32:01","slug":"cleria-refreshing-micellar-water-300ml","status":"publish","type":"product","link":"https:\/\/demo3.bigdigital.gr\/index.php\/product\/cleria-refreshing-micellar-water-300ml\/","title":{"rendered":"CLERIA REFRESHING MICELLAR WATER 300ML"},"content":{"rendered":"","protected":false},"excerpt":{"rendered":"<p>CLERIA REFRESHING MICELLAR WATER 300ML<\/p>\n<p>\u00c1\u00e5\u00f2\u00de \u00ee\u00f4\u00e5\u00ed\u00e1\u00eb\u00e9\u00e7\u00e9\u00c0\u00fa \u00e7\u00e9\u00e1 \u00f0\u00f2\u00de\u00f3\u00f6\u00f0\u00ef \u00eb\u00e1\u00e9 \u00ed\u00c0\u00f4\u00e9\u00e1 \u00ed\u00e5 \u00e6\u00f9\u00f3\u00e9\u00eb\u00ef\u00e0\u00f7 \u00eb\u00e1\u00f5\u00e1\u00f2\u00e9\u00f3\u00f4\u00e9\u00eb\u00ef\u00e0\u00f7 \u00f0\u00e1\u00f2\u00c0\u00e7\u00ef\u00ee\u00f4\u00e5\u00f7, \u00eb\u00e1\u00f4\u00c0\u00ec\u00ec\u00e8\u00ec\u00ef \u00e7\u00e9\u00e1 \u00eb\u00c0\u00f5\u00e5 \u00f4\u00e0\u00f0\u00ef \u00e5\u00f0\u00e9\u00e4\u00e5\u00f2\u00ed\u00dd\u00e4\u00e1\u00f7 \u00c3\u00a4\u00c3\u00b9 \u00c3\u00b9 \u00c6\u00cb\u00a6\u00c3\u00b9 \u00a2\u00b6\u00c4\u00bb\u00b0\u00c6\u00c3\u00aa \u00b0\u00f0\u00ef\u00ed\u00c0\u00eb\u00f2\u00f9\u00ee\u00f3\u00e8 \u00c4\u00e0\u00f0\u00f6\u00ee &amp; \u00bb\u00e1\u00eb\u00e9\u00e7\u00e9\u00c0\u00fa \u00bc\u00f9\u00f3\u00e9\u00eb\u00ef\u00dd \u00ba\u00e1\u00f5\u00e1\u00f2\u00e9\u00f3\u00f4\u00e9\u00eb\u00ef\u00dd \u00a6\u00e1\u00f2\u00c0\u00e7\u00ef\u00ee\u00f4\u00e5\u00f7 \u00b0\u00f0\u00ef\u00ed\u00e1\u00eb\u00f2\u00e0\u00ee\u00ef\u00f9\u00ee \u00e1\u00f0\u00ef\u00f4\u00e5\u00ec\u00e5\u00f3\u00ed\u00e1\u00f4\u00e9\u00eb\u00c0 \u00f2\u00e0\u00f0\u00ef\u00f9\u00f7 \u00eb\u00e1\u00e9 \u00ed\u00e1\u00eb\u00e9\u00e7\u00e9\u00c0\u00fa \u00f8\u00f6\u00f2\u00dd\u00f7 \u00ee\u00e1 \u00ea\u00e8\u00f2\u00e1\u00dd\u00ee\u00ef\u00f9\u00ee \u00dc \u00ee\u00e1 \u00e5\u00f2\u00e5\u00f5\u00dd\u00fa\u00ef\u00f9\u00ee \u00f4\u00e8\u00ee \u00e5\u00f0\u00e9\u00e4\u00e5\u00f2\u00ed\u00dd\u00e4\u00e1. \u00b5\u00e9\u00ef\u00ed\u00e9\u00ed\u00e8\u00f4\u00e9\u00eb\u00c0 \u00bc\u00f6\u00f3\u00e6\u00ef\u00ec\u00e9\u00f0\u00dd\u00e4\u00e9\u00e1 \u00e1\u00f0\u00de \u00a4\u00c0\u00e4\u00e9 \u00ba\u00e1\u00f2\u00e0\u00e4\u00e1\u00f7 \u00b6\u00ee\u00e9\u00f3\u00f8\u00e0\u00ef\u00f9\u00ee \u00f4\u00ef \u00ec\u00e9\u00f0\u00e9\u00e4\u00e9\u00eb\u00de \u00f0\u00ec\u00db\u00e7\u00ed\u00e1 \u00f4\u00e8\u00f7 \u00e5\u00f0\u00e9\u00e4\u00e5\u00f2\u00ed\u00dd\u00e4\u00e1\u00f7 \u00eb\u00e1\u00e9 \u00f4\u00e8\u00f7 \u00f0\u00e1\u00f2\u00db\u00f8\u00ef\u00f9\u00ee \u00de\u00ec\u00e1 \u00f4\u00e1 \u00e1\u00f0\u00e1\u00f2\u00e1\u00dd\u00f4\u00e8\u00f4\u00e1 \u00ec\u00e9\u00f0\u00e1\u00f2\u00c0 \u00ef\u00ea\u00db\u00e1 \u00f0\u00ef\u00f9 \u00e4\u00e5 \u00ed\u00f0\u00ef\u00f2\u00e5\u00dd \u00ee\u00e1 \u00f3\u00f9\u00ee\u00f5\u00db\u00f3\u00e5\u00e9 \u00ed\u00de\u00ee\u00e8 \u00f4\u00e8\u00f7. \u00a6\u00e1\u00f2\u00c0\u00ec\u00ec\u00e8\u00ec\u00e1, \u00f8\u00c0\u00f2\u00e8 \u00f3\u00f4\u00e8\u00ee \u00e1\u00ee\u00f4\u00e9\u00ed\u00e9\u00eb\u00f2\u00ef\u00e2\u00e9\u00e1\u00eb\u00dc \u00f4\u00ef\u00f9\u00f7 \u00e4\u00f2\u00c0\u00f3\u00e8 \u00e5\u00ed\u00f0\u00ef\u00e4\u00dd\u00fa\u00ef\u00f9\u00ee \u00f4\u00e8\u00ee \u00e1\u00ee\u00c0\u00f0\u00f4\u00f9\u00ea\u00e8 \u00ed\u00e9\u00eb\u00f2\u00ef\u00ef\u00f2\u00e7\u00e1\u00ee\u00e9\u00f3\u00ed\u00f1\u00ee. \u00b6\u00ee\u00f9\u00e4\u00c0\u00f4\u00f6\u00f3\u00e8 Cola Moist \u00b6\u00ee\u00e9\u00f3\u00f8\u00e0\u00e5\u00e9 \u00f4\u00e8\u00ee \u00e5\u00ec\u00e1\u00f3\u00f4\u00e9\u00eb\u00de\u00f4\u00e8\u00f4\u00e1 \u00f4\u00ef\u00f9 \u00e4\u00db\u00f2\u00ed\u00e1\u00f4\u00ef\u00f7 \u00eb\u00e1\u00e9 \u00f0\u00f2\u00ef\u00f3\u00e6\u00db\u00f2\u00e5\u00e9 5% \u00f0\u00e1\u00f2\u00e1\u00f0\u00c0\u00ee\u00f6 \u00e5\u00ee\u00f9\u00e4\u00c0\u00f4\u00f6\u00f3\u00e8 \u00f3\u00e5 \u00f3\u00f8\u00db\u00f3\u00e8 \u00ed\u00e5 \u00f4\u00e1 \u00f3\u00f9\u00ed\u00e2\u00e1\u00f4\u00e9\u00eb\u00c0 \u00e5\u00ee\u00f9\u00e4\u00e1\u00f4\u00e9\u00eb\u00c0 \u00f3\u00f9\u00f3\u00f4\u00e1\u00f4\u00e9\u00eb\u00c0. \u00bc\u00f9\u00f3\u00e9\u00eb\u00dc \u00b5\u00e5\u00f4\u00e1\u00fb\u00ee\u00e8 \u00b6\u00ee\u00f9\u00e4\u00e1\u00f4\u00f1\u00ee\u00e5\u00e9 \u00f4\u00e8\u00ee \u00e5\u00f0\u00e9\u00e4\u00e5\u00f2\u00ed\u00dd\u00e4\u00e1 \u00eb\u00e1\u00e9 \u00f0\u00f2\u00ef\u00f3\u00f4\u00e1\u00f4\u00e5\u00e0\u00e5\u00e9 \u00f4\u00e1 \u00eb\u00e0\u00f4\u00f4\u00e1\u00f2\u00e1 \u00e1\u00f0\u00de \u00f4\u00ef \u00ef\u00ea\u00e5\u00e9\u00e4\u00f6\u00f4\u00e9\u00eb\u00de \u00f3\u00f4\u00f2\u00e5\u00f7 \u00eb\u00e1\u00e9 \u00f4\u00e8\u00ee \u00e1\u00e6\u00f9\u00e4\u00c0\u00f4\u00f6\u00f3\u00e8. \u00ba\u00e1\u00f4\u00e1\u00f0\u00f2\u00e1\u00fc\u00ee\u00f4\u00e9\u00eb\u00dc \u00e4\u00f2\u00c0\u00f3\u00e8 \u00b6\u00eb\u00f8\u00e0\u00ec\u00e9\u00f3\u00ed\u00e1 \u00b0\u00e7\u00e7\u00ef\u00f9\u00f2\u00e9\u00ef\u00e0 \u00bc\u00f9\u00f4\u00e9\u00eb\u00de \u00ed\u00e1\u00ec\u00e1\u00eb\u00f4\u00e9\u00eb\u00de \u00ed\u00e5 \u00f4\u00ef\u00ee\u00f6\u00f4\u00e9\u00eb\u00db\u00f7 \u00eb\u00e1\u00e9 \u00eb\u00e1\u00f4\u00e1\u00f0\u00f2\u00e1\u00fc\u00ee\u00f4\u00e9\u00eb\u00db\u00f7 \u00e9\u00e4\u00e9\u00de\u00f4\u00e8\u00f4\u00e5\u00f7. \u00a6\u00ec\u00ef\u00e0\u00f3\u00e9\u00ef \u00f3\u00e5 \u00e1\u00ed\u00e9\u00ee\u00ef\u00ea\u00db\u00e1, \u00f0\u00f2\u00f6\u00f4\u00e5\u00fd\u00ee\u00e5\u00f7, \u00ec\u00e9\u00f0\u00dd\u00e4\u00e9\u00e1, \u00f0\u00ef\u00ec\u00f9\u00e6\u00e1\u00e9\u00ee\u00de\u00ec\u00e5\u00f7, \u00eb\u00e1\u00e6\u00e5\u00fb\u00eb\u00de \u00ef\u00ea\u00e0 \u00eb\u00e1\u00e9 \u00e2\u00e9\u00f4\u00e1\u00ed\u00dd\u00ee\u00e8 C, \u00e5\u00ee\u00f9\u00e4\u00e1\u00f4\u00f1\u00ee\u00e5\u00e9 \u00eb\u00e1\u00e9 \u00eb\u00e1\u00f4\u00e1\u00f0\u00f2\u00e1\u00fe\u00ee\u00e5\u00e9 \u00f4\u00ef\u00f9\u00f7 \u00e5\u00f2\u00e5\u00f5\u00e9\u00f3\u00ed\u00ef\u00e0\u00f7, \u00eb\u00e1\u00f5\u00e9\u00f3\u00f4\u00f1\u00ee\u00f4\u00e1\u00f7 \u00f4\u00ef \u00e9\u00e4\u00e1\u00ee\u00e9\u00eb\u00de \u00e7\u00e9\u00e1 \u00f4\u00e8\u00ee \u00e1\u00ee\u00e1\u00fa\u00f6\u00ef\u00e7\u00de\u00ee\u00e8\u00f3\u00e8 \u00f4\u00e8\u00f7 \u00e5\u00f0\u00e9\u00e4\u00e5\u00f2\u00ed\u00dd\u00e4\u00e1\u00f7. \u00cb\u00a6\u00c3\u00b0\u00a4\u00a4\u00b6\u00c4\u00a1\u00b9\u00ba\u00c3 \u00a6\u00c4\u00c3\u00b9\u00c3\u00c1 O\u00bc\u00a3\u00b0\u00a4\u00bb\u00c3\u00a4\u00c3\u00a1\u00b9\u00ba\u00b0 \u00b6\u00a4\u00b6\u00a1\u00bb\u00b6\u00c1\u00c3 \u00cc\u00bf\u00c4I\u00aa:&nbsp;PARABENS, SILICONES, SLS\/SLES, ALCOHOL, MINERAL OIL, PHTHALATES, ETHANOLAMINES, COLORANTS \u00cc\u00c4\u00b8\u00aa\u00b8: \u00cc\u00f2\u00e8\u00f3\u00e9\u00ed\u00ef\u00f0\u00ef\u00e9\u00dc\u00f3\u00f4\u00e5 \u00eb\u00e1\u00f5\u00e8\u00ed\u00e5\u00f2\u00e9\u00ee\u00c0 \u00f0\u00f2\u00f6\u00dd \u00dc\/\u00eb\u00e1\u00e9 \u00e2\u00f2\u00c0\u00e4\u00f9 \u00ed\u00e5 \u00e2\u00e1\u00ed\u00e2\u00c0\u00eb\u00e9 \u00e7\u00e9\u00e1 \u00f4\u00ef\u00ee \u00eb\u00e1\u00f5\u00e1\u00f2\u00e9\u00f3\u00ed\u00de \u00f4\u00ef\u00f9 \u00e4\u00db\u00f2\u00ed\u00e1\u00f4\u00ef\u00f7 \u00dc\/\u00eb\u00e1\u00e9 \u00f4\u00ef\u00f9 \u00ed\u00e1\u00eb\u00e9\u00e7\u00e9\u00c0\u00fa. \u00ba\u00e1\u00f4\u00c0\u00ec\u00ec\u00e8\u00ec\u00ef \u00e7\u00e9\u00e1 \u00f0\u00f2\u00de\u00f3\u00f6\u00f0\u00ef \u00eb\u00e1\u00e9 \u00ed\u00c0\u00f4\u00e9\u00e1. \u00a2\u00e5\u00ee \u00f8\u00f2\u00e5\u00e9\u00c0\u00fa\u00e5\u00f4\u00e1\u00e9 \u00ea\u00db\u00e2\u00e7\u00e1\u00ec\u00ed\u00e1.<\/p>\n","protected":false},"featured_media":9685,"comment_status":"closed","ping_status":"open","template":"","meta":{"_monsterinsights_skip_tracking":false,"_monsterinsights_sitenote_active":false,"_monsterinsights_sitenote_note":"","_monsterinsights_sitenote_category":0},"product_brand":[],"product_cat":[15],"product_tag":[],"class_list":{"0":"post-9280","1":"product","2":"type-product","3":"status-publish","4":"has-post-thumbnail","6":"product_cat-uncategorized","8":"first","9":"outofstock","10":"sale","11":"purchasable","12":"product-type-simple"},"aioseo_notices":[],"jetpack_sharing_enabled":true,"_links":{"self":[{"href":"https:\/\/demo3.bigdigital.gr\/index.php\/wp-json\/wp\/v2\/product\/9280","targetHints":{"allow":["GET"]}}],"collection":[{"href":"https:\/\/demo3.bigdigital.gr\/index.php\/wp-json\/wp\/v2\/product"}],"about":[{"href":"https:\/\/demo3.bigdigital.gr\/index.php\/wp-json\/wp\/v2\/types\/product"}],"replies":[{"embeddable":true,"href":"https:\/\/demo3.bigdigital.gr\/index.php\/wp-json\/wp\/v2\/comments?post=9280"}],"wp:featuredmedia":[{"embeddable":true,"href":"https:\/\/demo3.bigdigital.gr\/index.php\/wp-json\/wp\/v2\/media\/9685"}],"wp:attachment":[{"href":"https:\/\/demo3.bigdigital.gr\/index.php\/wp-json\/wp\/v2\/media?parent=9280"}],"wp:term":[{"taxonomy":"product_brand","embeddable":true,"href":"https:\/\/demo3.bigdigital.gr\/index.php\/wp-json\/wp\/v2\/product_brand?post=9280"},{"taxonomy":"product_cat","embeddable":true,"href":"https:\/\/demo3.bigdigital.gr\/index.php\/wp-json\/wp\/v2\/product_cat?post=9280"},{"taxonomy":"product_tag","embeddable":true,"href":"https:\/\/demo3.bigdigital.gr\/index.php\/wp-json\/wp\/v2\/product_tag?post=9280"}],"curies":[{"name":"wp","href":"https:\/\/api.w.org\/{rel}","templated":true}]}}