{"id":9299,"date":"2025-10-14T08:20:08","date_gmt":"2025-10-14T06:20:08","guid":{"rendered":"https:\/\/demo3.bigdigital.gr\/index.php\/product\/iap-pharma-150-ml-no-71\/"},"modified":"2025-10-27T12:33:18","modified_gmt":"2025-10-27T10:33:18","slug":"iap-pharma-150-ml-no-71","status":"publish","type":"product","link":"https:\/\/demo3.bigdigital.gr\/index.php\/product\/iap-pharma-150-ml-no-71\/","title":{"rendered":"IAP PHARMA 150 ML No 71"},"content":{"rendered":"","protected":false},"excerpt":{"rendered":"<p>IAP PHARMA 150 ML No 71<\/p>\n<p>\u00b6\u00ea\u00e1\u00e9\u00f2\u00e5\u00f4\u00e9\u00eb\u00de&nbsp;\u00e1\u00ee\u00e4\u00f2\u00e9\u00eb\u00de \u00c0\u00f2\u00f6\u00ed\u00e1, \u00f0\u00e1\u00f2\u00de\u00ed\u00ef\u00e9\u00ef \u00f4\u00ef\u00f9 Invictus<\/p>\n<p>\u00a6\u00e1\u00f2\u00e1\u00f3\u00eb\u00e5\u00f9\u00c0\u00fa\u00e5\u00f4\u00e1\u00e9 \u00e1\u00f0\u00de \u00f4\u00e8\u00ee IAP Pharma \u00ed\u00e5 \u00f4\u00e1 \u00f0\u00e9\u00ef \u00f0\u00f2\u00ef\u00e8\u00e7\u00ed\u00db\u00ee\u00e1 \u00f3\u00f9\u00f3\u00f4\u00dc\u00ed\u00e1\u00f4\u00e1 \u00f0\u00e1\u00f2\u00e1\u00e7\u00f6\u00e7\u00dc\u00f7 \u00e1\u00f2\u00f6\u00ed\u00c0\u00f4\u00f6\u00ee.<\/p>\n<p>\u00a2\u00e5\u00f2\u00ed\u00e1\u00f4\u00ef\u00ec\u00ef\u00e7\u00e9\u00eb\u00c0 \u00e5\u00ec\u00e5\u00e7\u00ed\u00db\u00ee\u00e1 \u00e1\u00f2\u00f1\u00ed\u00e1\u00f4\u00e1.<\/p>\n<p>\u00bb\u00e5&nbsp;\u00f0\u00e9\u00f3\u00f4\u00ef\u00f0\u00ef\u00e9\u00e8\u00ed\u00db\u00ee\u00ef \u00f3\u00e0\u00f3\u00f4\u00e8\u00ed\u00e1 ISO 9001 \u00f0\u00ef\u00f9 \u00e5\u00e7\u00e7\u00f9\u00c0\u00f4\u00e1\u00e9 \u00f4\u00e8\u00ee \u00e1\u00ee\u00e9\u00f8\u00ee\u00e5\u00f9\u00f3\u00e9\u00ed\u00de\u00f4\u00e8\u00f4\u00e1 \u00f4\u00f6\u00ee \u00f0\u00f2\u00ef\u00fb\u00de\u00ee\u00f4\u00f6\u00ee, \u00e4\u00e9\u00e1\u00e2\u00e5\u00e2\u00e1\u00e9\u00f1\u00ee\u00ef\u00ee\u00f4\u00e1\u00f7 \u00de\u00f4\u00e9 \u00e6\u00f4\u00c0\u00ee\u00ef\u00f9\u00ee \u00f0\u00c0\u00ee\u00f4\u00e1 \u00f3\u00f4\u00e8\u00ee \u00e1\u00e7\u00ef\u00f2\u00c0 \u00f3\u00e5 \u00e9\u00e4\u00e1\u00ee\u00e9\u00eb\u00db\u00f7 \u00f3\u00f9\u00ee\u00f5\u00dc\u00eb\u00e5\u00f7.<\/p>\n","protected":false},"featured_media":9836,"comment_status":"closed","ping_status":"closed","template":"","meta":{"_monsterinsights_skip_tracking":false,"_monsterinsights_sitenote_active":false,"_monsterinsights_sitenote_note":"","_monsterinsights_sitenote_category":0},"product_brand":[],"product_cat":[1180,55,72],"product_tag":[],"class_list":{"0":"post-9299","1":"product","2":"type-product","3":"status-publish","4":"has-post-thumbnail","6":"product_cat-katalogos","7":"product_cat-55","8":"product_cat-72","10":"first","11":"instock","12":"sale","13":"purchasable","14":"product-type-simple"},"aioseo_notices":[],"jetpack_sharing_enabled":true,"_links":{"self":[{"href":"https:\/\/demo3.bigdigital.gr\/index.php\/wp-json\/wp\/v2\/product\/9299","targetHints":{"allow":["GET"]}}],"collection":[{"href":"https:\/\/demo3.bigdigital.gr\/index.php\/wp-json\/wp\/v2\/product"}],"about":[{"href":"https:\/\/demo3.bigdigital.gr\/index.php\/wp-json\/wp\/v2\/types\/product"}],"replies":[{"embeddable":true,"href":"https:\/\/demo3.bigdigital.gr\/index.php\/wp-json\/wp\/v2\/comments?post=9299"}],"wp:featuredmedia":[{"embeddable":true,"href":"https:\/\/demo3.bigdigital.gr\/index.php\/wp-json\/wp\/v2\/media\/9836"}],"wp:attachment":[{"href":"https:\/\/demo3.bigdigital.gr\/index.php\/wp-json\/wp\/v2\/media?parent=9299"}],"wp:term":[{"taxonomy":"product_brand","embeddable":true,"href":"https:\/\/demo3.bigdigital.gr\/index.php\/wp-json\/wp\/v2\/product_brand?post=9299"},{"taxonomy":"product_cat","embeddable":true,"href":"https:\/\/demo3.bigdigital.gr\/index.php\/wp-json\/wp\/v2\/product_cat?post=9299"},{"taxonomy":"product_tag","embeddable":true,"href":"https:\/\/demo3.bigdigital.gr\/index.php\/wp-json\/wp\/v2\/product_tag?post=9299"}],"curies":[{"name":"wp","href":"https:\/\/api.w.org\/{rel}","templated":true}]}}